{"id":5031,"date":"2023-05-12T11:06:04","date_gmt":"2023-05-12T09:06:04","guid":{"rendered":"https:\/\/www.radar-shop.eu\/product\/navty-p1-performance-tracker-radar-detector\/"},"modified":"2026-04-05T05:05:56","modified_gmt":"2026-04-05T03:05:56","slug":"navty-p1-prestanda-tracker-radar-detektor","status":"publish","type":"product","link":"https:\/\/www.radar-shop.eu\/sv\/produkt\/navty-p1-prestanda-tracker-radar-detektor\/","title":{"rendered":"Navty P1 Performance &#8211; Premiumutg\u00e5va"},"content":{"rendered":"<h3 style=\"text-align: center;\">NAVTY P1 &#8211; f\u00f6rb\u00e4ttra din prestanda och s\u00e4kerhet.<br \/>\nF\u00f6rebyggande av b\u00f6ter och k\u00f6rkortsskydd<\/h3>\n<p>&nbsp;<\/p>\n<p><img loading=\"lazy\" decoding=\"async\" class=\"size-full wp-image-4183\" src=\"https:\/\/www.radar-shop.eu\/wp-content\/uploads\/navtyp1-car.png\" alt=\"Navty P1 Performance Radar Detector\" width=\"1920\" height=\"1349\" srcset=\"https:\/\/www.radar-shop.eu\/wp-content\/uploads\/navtyp1-car.png 1600w, https:\/\/www.radar-shop.eu\/wp-content\/uploads\/navtyp1-car-300x211.png 300w, https:\/\/www.radar-shop.eu\/wp-content\/uploads\/navtyp1-car-1024x719.png 1024w, https:\/\/www.radar-shop.eu\/wp-content\/uploads\/navtyp1-car-768x540.png 768w, https:\/\/www.radar-shop.eu\/wp-content\/uploads\/navtyp1-car-1536x1079.png 1536w, https:\/\/www.radar-shop.eu\/wp-content\/uploads\/navtyp1-car-555x390.png 555w\" sizes=\"auto, (max-width: 1920px) 100vw, 1920px\" \/><\/p>\n<h3><\/h3>\n<h3 style=\"text-align: center;\">\/\/\/\/ 0-100 km\/h &#8211; 2.9s<\/h3>\n<p>NAVTY P1 Prestationsm\u00e4tning f\u00e5r din exakta hastighet och k\u00f6rstr\u00e4cka avl\u00e4st via GPS-teknik. Accelerationen m\u00e4ts (0-100 \/ 0-200 \/ 0-300 km\/h) hela tiden, helt automatiskt. Exakta m\u00e4tningar g\u00f6r att du kan j\u00e4mf\u00f6ra dina fordonsdata med fabriksdata eller andra fordon.<\/p>\n<h3 style=\"text-align: center;\">Skydd. Minskad risk f\u00f6r olyckor.<br \/>\nF\u00f6rebyggande av k\u00f6rkort och b\u00f6ter.<\/h3>\n<p>&nbsp;<\/p>\n<h4>S\u00e4kerhet f\u00f6r dig och ditt k\u00f6rkort<\/h4>\n<p><img loading=\"lazy\" decoding=\"async\" class=\"alignright wp-image-3087\" src=\"https:\/\/navty.com\/wp-content\/uploads\/2017\/05\/NAVTY-section-control-1025x1536-1.png\" alt=\"NAVTY-section-control-warning\" width=\"581\" height=\"870\" \/><\/p>\n<p><strong>Farliga omr\u00e5den och trafik\u00f6vervakning i realtid<\/strong> &#8211; med v\u00e5r gratis tillg\u00e4ngliga P1R-firmware kan du aktivera andra varningar som farliga omr\u00e5den, POI-varningar f\u00f6r fartkameror, 3D-multaradarteknik och laserdetektering.<\/p>\n<p><strong>POI-varning och trafik\u00f6vervakning<\/strong> &#8211; V\u00e5r senaste och st\u00e4ndigt uppdaterade databas meddelar dig om farliga omr\u00e5den och trafik\u00f6vervakningspunkter som permanenta fartf\u00e4llor \/ kameror vid trafikljus \/ sektionskontroll &#8211; \u00f6ver hela v\u00e4rlden. Du kan ocks\u00e5 l\u00e4gga till och hantera dina egna farliga platser f\u00f6r individuell s\u00e4kerhet.<\/p>\n<p><strong>Legal \u00f6verallt &#8211; respekterar lagen<\/strong> &#8211; Eftersom vi respekterar de europeiska lagarna skickar vi bara v\u00e5ra enheter med godk\u00e4nd firmware (utan n\u00e5gra radarfunktioner). Du \u00e4r garanterad att inte ha n\u00e5gra problem n\u00e4r du k\u00f6per fr\u00e5n ett land med begr\u00e4nsad radardetektor. Du kan enkelt ladda ner, installera och radera v\u00e5r kostnadsfria firmware f\u00f6r P1R n\u00e4r som helst i l\u00e4nder d\u00e4r radar- och laserdetektering samt POI-varning \u00e4r till\u00e5ten inom 10 sekunder.<\/p>\n<h4><\/h4>\n<h4>H\u00f6gpresterande radardetektering.<\/h4>\n<p><strong>V\u00e5r gratis tillg\u00e4ngliga P1R-firmware m\u00f6jligg\u00f6r ocks\u00e5 en h\u00f6gpresterande radar- och laservarning i realtid<\/strong> &#8211; Tack vare den st\u00f6rsta radarantennen i sin klass kan \u00e4ven de nyaste och inte detekterbara Multaradar-m\u00e4tsystemen med l\u00e5g effekt ge dig en snabb och p\u00e5litlig varning. J\u00e4mf\u00f6rt med andra referensanordningar har NAVTY P1 tidiga varningstider upp till 10 g\u00e5nger \u00f6ver den nuvarande Multaradar-standarden!<\/p>\n<p><strong>Den senaste 3D MultaRadar och 360\u00b0 lasersensorer<\/strong> &#8211; ger tillf\u00f6rlitliga varningar f\u00f6r fartkameror. (segmenterat K-band, segmenterat KA-band, X-band, Multaradar MRCD, Multaradar MRCT, Gatso RT3 Radar, Gatso RT4 Radar, 360\u00b0 Laser).<\/p>\n<p><strong>Nyb\u00f6rjarl\u00e4ge<\/strong> &#8211; Du vet inte hur man anv\u00e4nder en radardetektor? Med v\u00e5ra rekommenderade inst\u00e4llningar kan du k\u00f6ra din P1 inom n\u00e5gra sekunder efter att du aktiverat din P1R-firmware via USB-minnet.<\/p>\n<p><strong>PRO-funktioner<\/strong> &#8211; f\u00f6r experter och entusiaster erbjuder P1 ocks\u00e5 exakt bandfrekvensm\u00e4tning men ocks\u00e5 en multipel radarvarning samtidigt samt segmentering av radarband f\u00f6r optimerad prestanda.<\/p>\n<p><strong>Klassens b\u00e4sta djupfiltreringsteknik f\u00f6r radar<\/strong> &#8211; NAVTY P1 har ett av de b\u00e4sta filtren f\u00f6r att minimera falsklarm. Det inneb\u00e4r att du kan undvika falska varningar fr\u00e5n t.ex. d\u00f6da vinkeln-spegelradar eller andra enheter som anv\u00e4nder liknande frekvenser som en riktig radar. J\u00e4mf\u00f6rt med konkurrenterna kan NAVTY P1 minska antalet falska varningar med upp till 50%.<\/p>\n<h3>RDD Stealth<\/h3>\n<p>RDD (Radar detektor detektorer) S\u00e4kerhet ing\u00e5r. Navty P1 kan inte lokaliseras elektroniskt med en radardetektor (RDD).<\/p>\n<p><img loading=\"lazy\" decoding=\"async\" class=\"alignleft wp-image-3081\" src=\"https:\/\/navty.com\/wp-content\/uploads\/2017\/05\/NAVTY-P1-Graphic-blacklogo.png\" alt=\"NAVTY P1 performance\" width=\"758\" height=\"536\" \/><\/p>\n<h4 style=\"padding-top: 20px;\">Design och kontroll<\/h4>\n<p><strong>Smygande kolsvart design<\/strong> &#8211; NAVTY \u00e4r gjord f\u00f6r anv\u00e4ndning i alla bilar utan distraktion.<\/p>\n<p><strong>Intuitiv anv\u00e4ndning och r\u00f6stmeddelanden<\/strong> &#8211; menyinst\u00e4llningar och styrning av P1 finns tillg\u00e4ngliga p\u00e5 engelska, tyska, franska, spanska eller italienska. P1 \u00e4r f\u00f6r \u00f6vrigt den mest intuitiva enheten: med bara fyra stora kontrollknappar och r\u00f6stmeddelanden \u00e4r den fortfarande l\u00e4tt att anv\u00e4nda utan att beh\u00f6va sl\u00e4ppa blicken fr\u00e5n k\u00f6rningen.<\/p>\n<h4><strong>Framtidss\u00e4ker<\/strong><\/h4>\n<p><strong>Livstidsuppdateringar ing\u00e5r<\/strong> &#8211; NAVTY-databasen och firmware kan enkelt uppdateras p\u00e5 bara n\u00e5gra sekunder via USB-minne. Uppdateringen fungerar med alla Windows-, MacOS- och Linux-system. Med P1 Premium-versionen f\u00e5r du fri tillg\u00e5ng till alla databas- och firmwareuppdateringar och v\u00e5r premiumsupport livet ut.<\/p>\n<h4>NAVTY-garanti<\/h4>\n<p><strong>NAVTY n\u00f6jdhetsgaranti<\/strong> &#8211; vi garanterar att du kommer att \u00e4lska din P1! D\u00e4rf\u00f6r erbjuder vi alla P1-kunder en f\u00f6rl\u00e4ngd \u00e5ngerr\u00e4tt p\u00e5 30 dagar.<\/p>\n<p><strong>4 \u00e5rs NAVTY premiumgaranti<\/strong> &#8211; vi tror p\u00e5 v\u00e5ra produkter. \u00c4ven efter m\u00e5nga \u00e5rs intensiv anv\u00e4ndning garanterar vi full prestanda f\u00f6r din NAVTY P1 Premium. Ditt k\u00f6p inkluderar en 4 \u00e5rs garanti p\u00e5 din enhet. V\u00e5r support finns h\u00e4r f\u00f6r att hj\u00e4lpa dig med problem eller defekter.<\/p>\n<p><img loading=\"lazy\" decoding=\"async\" class=\"alignnone size-full wp-image-3046\" src=\"https:\/\/navty.com\/wp-content\/uploads\/2017\/05\/NAVTY-P1-Bentley-2-scaled.jpg\" alt=\"NAVTY P1 Bentley radar detector\" width=\"2560\" height=\"1691\" \/><\/p>\n","protected":false},"excerpt":{"rendered":"<p>4 i 1: 3D-radar, radar, laser, GPS POI radardetektor<br \/>\n<span class=\"dotted-product-details\"><a href=\"https:\/\/www.radar-shop.eu\/sv\/speed-radar-camera-detector-comparison\/\"><strong>B\u00c4STA RADARVARNARE &#8211; K\u00d6PGUIDE<\/strong><\/a><br \/>\n<\/span><span style=\"color: #000080;\"><strong>RADAR-SHOP.EU REKOMMENDATION!<\/strong><\/span><\/p>\n<p>+ 48 m\u00e5naders garanti<br \/>\n+ Livsl\u00e5nga kostnadsfria uppdateringar<br \/>\n+ Sp\u00e5rning av prestanda:<br \/>\n0-100\/200\/300 km\/h<br \/>\n+ Radaravk\u00e4nning i realtid*<br \/>\nK \/ KA \/ X \/ MRCD \/ MRCT \/ GATSO RT3 \/ GATSO RT4<br \/>\n360\u00b0 laser- och POI-varning \u00f6ver hela v\u00e4rlden* + RDD-immunitet<br \/>\n+ RDD-immunitet<br \/>\n(*aktiverbar via gratis P1R-firmware av anv\u00e4ndaren)<\/p>\n","protected":false},"featured_media":5040,"comment_status":"open","ping_status":"closed","template":"","meta":[],"product_brand":[],"product_cat":[2137,2138,2108,2139],"product_tag":[2140,2141,2142],"class_list":{"0":"post-5031","1":"product","2":"type-product","3":"status-publish","4":"has-post-thumbnail","6":"product_cat-gps-radar-detektor","7":"product_cat-navty-sv","8":"product_cat-radarvarnare-mobil","9":"product_cat-rekommenderas","10":"product_tag-performance-tracker-sv","11":"product_tag-vehicle-acceleration-sv","12":"product_tag-vehicle-speed-sv","14":"first","15":"instock","16":"sale","17":"taxable","18":"shipping-taxable","19":"purchasable","20":"product-type-simple"},"jetpack_sharing_enabled":true,"_links":{"self":[{"href":"https:\/\/www.radar-shop.eu\/sv\/wp-json\/wp\/v2\/product\/5031","targetHints":{"allow":["GET"]}}],"collection":[{"href":"https:\/\/www.radar-shop.eu\/sv\/wp-json\/wp\/v2\/product"}],"about":[{"href":"https:\/\/www.radar-shop.eu\/sv\/wp-json\/wp\/v2\/types\/product"}],"replies":[{"embeddable":true,"href":"https:\/\/www.radar-shop.eu\/sv\/wp-json\/wp\/v2\/comments?post=5031"}],"wp:featuredmedia":[{"embeddable":true,"href":"https:\/\/www.radar-shop.eu\/sv\/wp-json\/wp\/v2\/media\/5040"}],"wp:attachment":[{"href":"https:\/\/www.radar-shop.eu\/sv\/wp-json\/wp\/v2\/media?parent=5031"}],"wp:term":[{"taxonomy":"product_brand","embeddable":true,"href":"https:\/\/www.radar-shop.eu\/sv\/wp-json\/wp\/v2\/product_brand?post=5031"},{"taxonomy":"product_cat","embeddable":true,"href":"https:\/\/www.radar-shop.eu\/sv\/wp-json\/wp\/v2\/product_cat?post=5031"},{"taxonomy":"product_tag","embeddable":true,"href":"https:\/\/www.radar-shop.eu\/sv\/wp-json\/wp\/v2\/product_tag?post=5031"}],"curies":[{"name":"wp","href":"https:\/\/api.w.org\/{rel}","templated":true}]}}