{"id":4700,"date":"2018-03-10T13:10:29","date_gmt":"2018-03-10T13:10:29","guid":{"rendered":"https:\/\/www.radar-shop.eu\/contact-us\/"},"modified":"2020-09-17T12:53:57","modified_gmt":"2020-09-17T10:53:57","slug":"contact-us","status":"publish","type":"page","link":"https:\/\/www.radar-shop.eu\/sv\/contact-us\/","title":{"rendered":"Contact us"},"content":{"rendered":"<h1><span style=\"color: #339966;\">BEH\u00d6VER DU R\u00c5D OM RADARDETEKTORER?<\/span><\/h1>\n<p>Du kan best\u00e4lla din radar detektor h\u00e4r i v\u00e5r butik. Specifika f\u00f6rfr\u00e5gningar kan mailas till <strong><a href=\"mailto:order@radar-shop.eu\">order@radar-shop.eu<\/a><\/strong>.<\/p>\n<p>G\u00e4rna \u00e4r vi ocks\u00e5 glada att f\u00e5 f\u00f6rfr\u00e5gningar fr\u00e5n \u00e5terf\u00f6rs\u00e4ljare om utsikterna f\u00f6r ett varaktigt \u00e5terf\u00f6rs\u00e4ljarsamarbete.<br \/>\nVi s\u00f6ker ocks\u00e5 regionala samarbetspartners som p\u00e5 ett konfidentiellt och kompetent s\u00e4tt kan utf\u00f6ra installationsarbete av radarvarnarna i fordon av v\u00e5ra kunder. V\u00e4nligen se \u00e4ven v\u00e5ra Vanliga fr\u00e5gor p\u00e5 v\u00e5r hemsida.<\/p>\n<h3>Kontakta oss h\u00e4r:<\/h3>\n<div class=\"wpforms-container wpforms-container-full\" id=\"wpforms-7306\"><form id=\"wpforms-form-7306\" class=\"wpforms-validate wpforms-form\" data-formid=\"7306\" method=\"post\" enctype=\"multipart\/form-data\" action=\"\/sv\/wp-json\/wp\/v2\/pages\/4700\" data-token=\"db5b6eab63d94db694cb53c5f36b0a25\" data-token-time=\"1776507944\"><noscript class=\"wpforms-error-noscript\">Aktivera JavaScript i din webbl\u00e4sare f\u00f6r att fylla i formul\u00e4ret.<\/noscript><div class=\"wpforms-field-container\"><div id=\"wpforms-7306-field_0-container\" class=\"wpforms-field wpforms-field-name\" data-field-id=\"0\"><label class=\"wpforms-field-label\" for=\"wpforms-7306-field_0\">Namn <span class=\"wpforms-required-label\">*<\/span><\/label><input type=\"text\" id=\"wpforms-7306-field_0\" class=\"wpforms-field-medium wpforms-field-required\" name=\"wpforms[fields][0]\" required><\/div><div id=\"wpforms-7306-field_1-container\" class=\"wpforms-field wpforms-field-email\" data-field-id=\"1\"><label class=\"wpforms-field-label\" for=\"wpforms-7306-field_1\">E-post <span class=\"wpforms-required-label\">*<\/span><\/label><input type=\"email\" id=\"wpforms-7306-field_1\" class=\"wpforms-field-medium wpforms-field-required\" name=\"wpforms[fields][1]\" spellcheck=\"false\" required><\/div><div id=\"wpforms-7306-field_4-container\" class=\"wpforms-field wpforms-field-number\" data-field-id=\"4\"><label class=\"wpforms-field-label\" for=\"wpforms-7306-field_4\">Order- eller fakturanummer (valfritt)<\/label><input type=\"number\" id=\"wpforms-7306-field_4\" class=\"wpforms-field-medium\" name=\"wpforms[fields][4]\" step=\"any\" ><\/div><div id=\"wpforms-7306-field_2-container\" class=\"wpforms-field wpforms-field-textarea\" data-field-id=\"2\"><label class=\"wpforms-field-label\" for=\"wpforms-7306-field_2\">Ditt meddelande <span class=\"wpforms-required-label\">*<\/span><\/label><textarea id=\"wpforms-7306-field_2\" class=\"wpforms-field-medium wpforms-field-required\" name=\"wpforms[fields][2]\" required><\/textarea><\/div><\/div><!-- .wpforms-field-container --><div class=\"wpforms-recaptcha-container wpforms-is-recaptcha wpforms-is-recaptcha-type-v3\" ><input type=\"hidden\" name=\"wpforms[recaptcha]\" value=\"\"><\/div><div class=\"wpforms-submit-container\" ><input type=\"hidden\" name=\"wpforms[id]\" value=\"7306\"><input type=\"hidden\" name=\"page_title\" value=\"\"><input type=\"hidden\" name=\"page_url\" value=\"https:\/\/www.radar-shop.eu\/sv\/wp-json\/wp\/v2\/pages\/4700\"><input type=\"hidden\" name=\"url_referer\" value=\"\"><button type=\"submit\" name=\"wpforms[submit]\" id=\"wpforms-submit-7306\" class=\"wpforms-submit\" data-alt-text=\"Skicka...\" data-submit-text=\"Skicka\" aria-live=\"assertive\" value=\"wpforms-submit\">Skicka<\/button><\/div><\/form><\/div>  <!-- .wpforms-container -->\n<p>F\u00f6r andra f\u00f6rfr\u00e5gningar av alla slag v\u00e4nligen v\u00e4lj f\u00f6r kontakt med n\u00e5got av f\u00f6ljande alternativ:<\/p>\n<table>\n<tbody>\n<tr>\n<td>Telefon:<\/td>\n<td>+49-3886-714 99 99<\/td>\n<\/tr>\n<tr>\n<td>Fax:<\/td>\n<td>+49 &#8211; 6221 &#8211; 619098<\/td>\n<\/tr>\n<tr>\n<td><\/td>\n<\/tr>\n<tr valign=\"top\">\n<td>E-post:<\/td>\n<td><a href=\"mailto:reseller@radar-shop.eu\">reseller@radar-shop.eu<\/a> (f\u00f6r \u00e5terf\u00f6rs\u00e4ljarf\u00f6rfr\u00e5gningar)<\/td>\n<\/tr>\n<tr>\n<td valign=\"top\">Adress:<\/td>\n<td>RADAR SHOP EU<br \/>\nWaldhofer Str. 102<br \/>\n69123 Heidelberg<br \/>\nGermany<\/td>\n<\/tr>\n<\/tbody>\n<\/table>\n<p>&nbsp;<\/p>\n","protected":false},"excerpt":{"rendered":"<p>BEH\u00d6VER DU R\u00c5D OM RADARDETEKTORER? Du kan best\u00e4lla din radar detektor h\u00e4r i v\u00e5r butik. Specifika f\u00f6rfr\u00e5gningar kan mailas till order@radar-shop.eu. G\u00e4rna \u00e4r vi ocks\u00e5 glada att f\u00e5 f\u00f6rfr\u00e5gningar fr\u00e5n \u00e5terf\u00f6rs\u00e4ljare om utsikterna f\u00f6r ett varaktigt \u00e5terf\u00f6rs\u00e4ljarsamarbete. Vi s\u00f6ker ocks\u00e5 regionala samarbetspartners som p\u00e5 ett konfidentiellt och kompetent s\u00e4tt kan utf\u00f6ra installationsarbete av radarvarnarna i [&hellip;]<\/p>\n","protected":false},"author":1,"featured_media":4702,"parent":0,"menu_order":0,"comment_status":"closed","ping_status":"closed","template":"","meta":{"footnotes":""},"yst_prominent_words":[1424,1564,252],"class_list":["post-4700","page","type-page","status-publish","has-post-thumbnail","hentry"],"jetpack_sharing_enabled":true,"_links":{"self":[{"href":"https:\/\/www.radar-shop.eu\/sv\/wp-json\/wp\/v2\/pages\/4700","targetHints":{"allow":["GET"]}}],"collection":[{"href":"https:\/\/www.radar-shop.eu\/sv\/wp-json\/wp\/v2\/pages"}],"about":[{"href":"https:\/\/www.radar-shop.eu\/sv\/wp-json\/wp\/v2\/types\/page"}],"author":[{"embeddable":true,"href":"https:\/\/www.radar-shop.eu\/sv\/wp-json\/wp\/v2\/users\/1"}],"replies":[{"embeddable":true,"href":"https:\/\/www.radar-shop.eu\/sv\/wp-json\/wp\/v2\/comments?post=4700"}],"version-history":[{"count":0,"href":"https:\/\/www.radar-shop.eu\/sv\/wp-json\/wp\/v2\/pages\/4700\/revisions"}],"wp:featuredmedia":[{"embeddable":true,"href":"https:\/\/www.radar-shop.eu\/sv\/wp-json\/wp\/v2\/media\/4702"}],"wp:attachment":[{"href":"https:\/\/www.radar-shop.eu\/sv\/wp-json\/wp\/v2\/media?parent=4700"}],"wp:term":[{"taxonomy":"yst_prominent_words","embeddable":true,"href":"https:\/\/www.radar-shop.eu\/sv\/wp-json\/wp\/v2\/yst_prominent_words?post=4700"}],"curies":[{"name":"wp","href":"https:\/\/api.w.org\/{rel}","templated":true}]}}