{"id":5370,"date":"2019-01-29T11:47:37","date_gmt":"2019-01-29T09:47:37","guid":{"rendered":"https:\/\/www.radar-shop.eu\/product\/genevo-ff2\/"},"modified":"2022-11-15T16:07:56","modified_gmt":"2022-11-15T14:07:56","slug":"genevo-ff2","status":"publish","type":"product","link":"https:\/\/www.radar-shop.eu\/ro\/produs\/genevo-ff2\/","title":{"rendered":"Genevo FF2"},"content":{"rendered":"<p>LASERST\u00d6RER GENEVO FF2 &#8222;IN-PLATE&#8221;<\/p>\n<p>Das neue Genevo FF bietet zum einen lasergest\u00fctzte Parkassistenz mit den kleinsten, niveauregulierbaren Lasersensoren weltweit. Zum anderen ist die Bauweise der Sensoren f\u00fcr die speziell entwickelte Genevo EU Nummernschild Halterung f\u00fcr den standardm\u00e4\u00dfig unsichtbaren Einbau optimiert. Somit ist erstmalig ein vollst\u00e4ndig unsichtbarer und gleichzeitig einfacher Einbau von Parksensoren inklusive Laserschutz m\u00f6glich. Der Laserschutz ist zudem auf Wunsch per Knopfdruck und gem\u00e4\u00df StVO unwiderruflich abschaltbar. Damit ist ein legaler Betrieb jederzeit gew\u00e4hrleistet. Das wichtigste: Ihr Fahrzeug bleibt vom Bohren von L\u00f6chern f\u00fcr Sensoren verschont. Die Einbauzeit ist um ca. 2 Stunden geringer als bei herk\u00f6mmlichen Parking- oder Lasersystemen und ist somit auch wesentlich g\u00fcnstiger.<\/p>\n<p>Der Laserdiffuser macht alle Tempomessungen mit Hilfe eines Laserstrahls unm\u00f6glich. Entsprechend kann mit Hilfe eines Laserme\u00dfger\u00e4ts, wie sie derzeit in zunehmendem Ma\u00dfe Verbreitung und Anwendung findet, bei Fahrzeugen mit montiertem Genevo FF2 keine Tempomessung erfolgen. Ein Laserger\u00e4t sendet zum Zweck einer Tempomessung einen Infrarot-Strahl in Intervallen aus, der von dem angepeilten Fahrzeug reflektiert wird. Durch die Erkennung dieser Reflexionen auf die einzeln ausgesandten Strahlen wird jetzt die genaue Geschwindigkeit des Fahrzeugs berechnet. Diese Berechnungen basieren also auf der eindeutigen Zuordnung der Lichtreflexionen. Sollten jedoch am angepeilten Ziel zus\u00e4tzliche Lichtimpulse im gleichen Frequenzbereich auftreten, kann keine eindeutige Zuordnung der reflektierten Strahlen und somit keine Berechnung der Geschwindigkeit erfolgen. Der Laser Blinder emittiert f\u00fcr das Auge unsichtbares multifrequentes Infrarot-Licht. Nach dem Auftreffen eines Laserstrahls auf die Fahrzeugfront werden nun neben der eigentlichen Lichtreflexion eine Vielzahl weiterer Lichtimpulse in Richtung Laserger\u00e4t reflektiert, so da\u00df dort keine Messung erfolgen kann. Die beiden Emitter werden unscheinbar am vorderen Teil des Fahrzeugs befestigt. Da zwei Emitter eingesetzt werden, ist die vollst\u00e4ndige Fahrzeugfront, auch die gr\u00f6\u00dferer Fahrzeuge, abgeschirmt. Auch die Au\u00dfenspiegel werden entsprechend von den emittierten Lichtfrequenzen eingeschlossen. Der Genevo FF2 sendet die Lichtfrequenzen beim Betrieb des Fahrzeugs sinnvollerweise kontinuierlich aus, denn ein Emittieren der Frequenzen als Reaktion auf ein empfangenes Lasersignal k\u00f6nnte bereits zu sp\u00e4t sein.<\/p>\n<p>Features:<\/p>\n<p>* Lasergest\u00fctzter Parkassistent<br \/>\n* Laserwarnung &#038; aktive Laserabwehr gegen alle Lasermessungen (abschaltbar)<br \/>\n* Legaler Betrieb als Parkassistent m\u00f6glich:<br \/>\n* Laserwarnung &#038; Laserschutz l\u00e4sst sich bequem und gem. StVO f\u00fcr legalen Betrieb unwiderruflich abschalten<br \/>\n* Sensoren inklusive Halterung mit Niveauregulierung zur optimalen Einstellung<br \/>\n* Kleinste Lasersensoren am Markt<br \/>\n* Einzigartig: Einfachster und unsichtbarer Einbau<br \/>\n* Spezielle Genevo Nummernschildhalterung (ohne Beschriftung \u2013 EU Ma\u00dfe 520mm x 110mm \u2013 (nicht f\u00fcr \u00d6sterreich!)<br \/>\n* Komplettes Montagematerial<\/p>\n","protected":false},"excerpt":{"rendered":"<p>LASERST\u00d6RER GENEVO FF2 &#8222;IN-PLATE&#8221; Das neue Genevo FF bietet zum einen lasergest\u00fctzte Parkassistenz mit den kleinsten, niveauregulierbaren Lasersensoren weltweit. Zum anderen ist die Bauweise der Sensoren f\u00fcr die speziell entwickelte Genevo EU Nummernschild Halterung f\u00fcr den standardm\u00e4\u00dfig unsichtbaren Einbau optimiert. Somit ist erstmalig ein vollst\u00e4ndig unsichtbarer und gleichzeitig einfacher Einbau von Parksensoren inklusive Laserschutz m\u00f6glich. [&hellip;]<\/p>\n","protected":false},"featured_media":5371,"comment_status":"open","ping_status":"closed","template":"","meta":[],"product_brand":[],"product_cat":[2105,2208],"product_tag":[],"class_list":{"0":"post-5370","1":"product","2":"type-product","3":"status-publish","4":"has-post-thumbnail","6":"product_cat-genevo-en-ro","7":"product_cat-laser-jammer","9":"first","10":"onbackorder","11":"taxable","12":"shipping-taxable","13":"purchasable","14":"product-type-simple"},"jetpack_sharing_enabled":true,"_links":{"self":[{"href":"https:\/\/www.radar-shop.eu\/ro\/wp-json\/wp\/v2\/product\/5370","targetHints":{"allow":["GET"]}}],"collection":[{"href":"https:\/\/www.radar-shop.eu\/ro\/wp-json\/wp\/v2\/product"}],"about":[{"href":"https:\/\/www.radar-shop.eu\/ro\/wp-json\/wp\/v2\/types\/product"}],"replies":[{"embeddable":true,"href":"https:\/\/www.radar-shop.eu\/ro\/wp-json\/wp\/v2\/comments?post=5370"}],"wp:featuredmedia":[{"embeddable":true,"href":"https:\/\/www.radar-shop.eu\/ro\/wp-json\/wp\/v2\/media\/5371"}],"wp:attachment":[{"href":"https:\/\/www.radar-shop.eu\/ro\/wp-json\/wp\/v2\/media?parent=5370"}],"wp:term":[{"taxonomy":"product_brand","embeddable":true,"href":"https:\/\/www.radar-shop.eu\/ro\/wp-json\/wp\/v2\/product_brand?post=5370"},{"taxonomy":"product_cat","embeddable":true,"href":"https:\/\/www.radar-shop.eu\/ro\/wp-json\/wp\/v2\/product_cat?post=5370"},{"taxonomy":"product_tag","embeddable":true,"href":"https:\/\/www.radar-shop.eu\/ro\/wp-json\/wp\/v2\/product_tag?post=5370"}],"curies":[{"name":"wp","href":"https:\/\/api.w.org\/{rel}","templated":true}]}}