{"id":5174,"date":"2022-11-12T12:38:58","date_gmt":"2019-05-09T22:38:58","guid":{"rendered":"https:\/\/www.radar-shop.eu\/product\/whistler-gt-468gxi-europa-incl-lifetime-updates\/"},"modified":"2026-03-01T12:52:09","modified_gmt":"2026-03-01T10:52:09","slug":"whistler-gt-468gxi-europa-incl-lifetime-updates","status":"publish","type":"product","link":"https:\/\/www.radar-shop.eu\/ro\/produs\/whistler-gt-468gxi-europa-incl-lifetime-updates\/","title":{"rendered":"Whistler GT-468GXi Europa incl. ACTUALIZ\u0102RI PE VIA\u021a\u0102!"},"content":{"rendered":"<h3>Cea mai nou\u0103 genera\u021bie de detectoare radar GPS ale Whistler Group. Noua versiune Whistler GT468GXi Euro!<\/h3>\n<ul>\n<li>FDSR (Field Disruption Sensor Rejection) combate alertele false cauzate de evitarea coliziunilor \u0219i de sistemele de detectare a punctelor moarte \u00een vehiculele mai noi<\/li>\n<li>TFSR (Trafic Flow Sensor Rejection) ajut\u0103 la eliminarea alertelor de la senzorii de flux de trafic pe radar<\/li>\n<li>DETECTEAZ\u0102 ARME LASER EUROPENE Trafficpatrol XR, Reigl, Jenoptik, Laveg, Truspeed \u0219i multe altele<\/li>\n<li>RED OLED TEXT DISPLAY ofer\u0103 un contrast, luminozitate \u0219i culori mai bune. Afi\u0219eaz\u0103 alertele detectate, modurile angajate \u0219i intensitatea semnalului digital \u00een format text (de exemplu, HIGHWAY sau Ka9).<\/li>\n<li>Ka NARROW MODE caut\u0103 numai urm\u0103toarele frecven\u021be Ka: 34.0 GHz \u0219i 34.3 GHz<\/li>\n<li>MODURILE LASER SELECTABILE permit selectarea mai multor segmente de puls, inclusiv TRAFFIPATROL XR, LISD \u0219i arme laser cu MODURI STEALTH<\/li>\n<li>MODURILE DE FILTRARE X\/K ofer\u0103 mai multe niveluri de procesare a semnalului pentru a reduce alertele false cauzate de unele detectoare radar.<\/li>\n<li>Ka FILTER MODES ofer\u0103 mai multe niveluri de procesare a semnalului pentru a reduce alertele false cauzate de unele detectoare radar<br \/>\nIdentificatorul laser WHISTLER LASER SIGNATURE ID (LSID) indic\u0103 impulsurile pe secund\u0103 (PPS) transmise de Speed Laser sau alte forme de surse laser.<\/li>\n<li>CAPACITATEA avansat\u0103 de detectare a vitezei de detectare a vitezei de detectare a \u2122 POP r\u0103spunde la explozii scurte de radar<\/li>\n<li>ALERT\u0102 PERISCOPES LED-uri pe partea de sus a unit\u0103\u021bii ofer\u0103 alert\u0103 vizual\u0103 suplimentare<\/li>\n<li>ALERTELE DE TON SELECTABILE permit alegerea tonurilor care ofer\u0103 alerte sonore distincte pentru benzile primite<\/li>\n<li>ACOPERIREA MAXX la 360\u00b0 detecteaz\u0103 din fa\u021b\u0103, laterale \u0219i din spate<\/li>\n<li>3 MODURI CITY (Ora\u0219, Ora\u0219 1, Ora\u0219 2) reduc nepl\u0103cerile alertelor false<\/li>\n<li>HIGH GAIN LENS ofer\u0103 un c\u00e2mp vizual sporit, ceea ce \u00eenseamn\u0103 o gam\u0103 mai bun\u0103<\/li>\n<li>STAY ALERT\u2122 caracteristica exclusiv\u0103 a lui Whistler care \u00ee\u021bi testeaz\u0103 vigilen\u021ba \u00een c\u0103l\u0103toriile lungi<\/li>\n<li>MODURILE DIM \/ DARK reduc iluminarea ecranului. C\u00e2nd este \u00een modul \u00eentunecat, ecranul este oprit \u00een timpul unei alerte, apoi r\u0103m\u00e2ne oprit timp de \u00eenc\u0103 20 de secunde \u00eenainte de a reveni la setarea dimmer.<\/li>\n<li>SILEN\u021aIOS \/ AUTO SILEN\u021aIOS MODURI t\u0103cere alerte audio<\/li>\n<li>ALERT PRIORITY afi\u0219eaz\u0103 cel mai important semnal atunci c\u00e2nd sunt detectate mai multe<\/li>\n<li>SETAREA SAVER salveaz\u0103 set\u0103rile personalizate atunci c\u00e2nd unitatea este dezactivat\u0103<\/li>\n<li>SELECTABLE VEHICLE BATTERY SAVER v\u0103 permite s\u0103 personaliza\u021bi caracteristica de \u00eenchidere automat\u0103<\/li>\n<li>DETECTAREA VG-2 atunci c\u00e2nd caracteristica este activat\u0103, unitatea va alerta la VG-2 atunci c\u00e2nd este detectat\u0103<\/li>\n<\/ul>\n","protected":false},"excerpt":{"rendered":"<p><strong><span style=\"color: #339966;\">R<\/span><span style=\"color: #339966;\">ADAR-SHOP.EU RECOMANDARE! <\/span><\/strong><\/p>\n<ul>\n<li>ACOPERIREA MAXX la 360\u00b0 detecteaz\u0103 din fa\u021b\u0103, laterale \u0219i din spate<\/li>\n<li>3 MODURI DE ORA\u0218<\/li>\n<li>OBIECTIV CU C\u00c2\u0218TIG RIDICAT<\/li>\n<li>FI\u021aI \u00ceN ALERT\u0102\u2122<\/li>\n<li>MOD DIM \/ \u00ceNTUNERIC<\/li>\n<li>MODURI SILEN\u021aIOASE \/ SILEN\u021aIOASE AUTOMATE<\/li>\n<li>PRIORITATE A ALERTEI<\/li>\n<li>DETECTAREA VG-2<\/li>\n<\/ul>\n","protected":false},"featured_media":5175,"comment_status":"open","ping_status":"closed","template":"","meta":[],"product_brand":[],"product_cat":[2106,2175,2189],"product_tag":[],"class_list":{"0":"post-5174","1":"product","2":"type-product","3":"status-publish","4":"has-post-thumbnail","6":"product_cat-detectoare-radar-mobil","7":"product_cat-foarte-recomandat","8":"product_cat-whistler-en-ro","9":"product_shipping_class-free-delivery-ro","11":"first","12":"instock","13":"sale","14":"featured","15":"taxable","16":"shipping-taxable","17":"purchasable","18":"product-type-simple"},"jetpack_sharing_enabled":true,"_links":{"self":[{"href":"https:\/\/www.radar-shop.eu\/ro\/wp-json\/wp\/v2\/product\/5174","targetHints":{"allow":["GET"]}}],"collection":[{"href":"https:\/\/www.radar-shop.eu\/ro\/wp-json\/wp\/v2\/product"}],"about":[{"href":"https:\/\/www.radar-shop.eu\/ro\/wp-json\/wp\/v2\/types\/product"}],"replies":[{"embeddable":true,"href":"https:\/\/www.radar-shop.eu\/ro\/wp-json\/wp\/v2\/comments?post=5174"}],"wp:featuredmedia":[{"embeddable":true,"href":"https:\/\/www.radar-shop.eu\/ro\/wp-json\/wp\/v2\/media\/5175"}],"wp:attachment":[{"href":"https:\/\/www.radar-shop.eu\/ro\/wp-json\/wp\/v2\/media?parent=5174"}],"wp:term":[{"taxonomy":"product_brand","embeddable":true,"href":"https:\/\/www.radar-shop.eu\/ro\/wp-json\/wp\/v2\/product_brand?post=5174"},{"taxonomy":"product_cat","embeddable":true,"href":"https:\/\/www.radar-shop.eu\/ro\/wp-json\/wp\/v2\/product_cat?post=5174"},{"taxonomy":"product_tag","embeddable":true,"href":"https:\/\/www.radar-shop.eu\/ro\/wp-json\/wp\/v2\/product_tag?post=5174"}],"curies":[{"name":"wp","href":"https:\/\/api.w.org\/{rel}","templated":true}]}}