{"id":15935,"date":"2020-03-21T16:52:42","date_gmt":"2020-03-21T14:52:42","guid":{"rendered":"https:\/\/www.radar-shop.eu\/product\/antilaser-al-priority-tx-sensor\/"},"modified":"2020-03-21T16:52:42","modified_gmt":"2020-03-21T14:52:42","slug":"antilaser-al-priority-tx-sensor","status":"publish","type":"product","link":"https:\/\/www.radar-shop.eu\/ro\/produs\/antilaser-al-priority-tx-sensor\/","title":{"rendered":"Antilaser AL Priority TX Sensor"},"content":{"rendered":"<p>TX Black a fost dezvoltat pentru a oferi clien\u021bilor mai mult\u0103 protec\u021bie \u0219i are un transmi\u021b\u0103tor triplu orizontal.<br \/>\nPerforman\u021ba este \u00eembun\u0103t\u0103\u021bit\u0103 cu mai mult de 50% \u00een compara\u021bie cu senzorii normali \u0219i, de asemenea, interfereaz\u0103 \u00een mod fiabil cu pistolul laser DragonEye \u0219i Truecam 2.<\/p>\n<p>Domeniul de livrare include:<br \/>\n* Senzor laser TX Black<br \/>\n* Cablu de conectare (4m lungime)<br \/>\n* Accesorii de montare<\/p>\n","protected":false},"excerpt":{"rendered":"<p>TX Black a fost dezvoltat pentru a oferi clien\u021bilor mai mult\u0103 protec\u021bie \u0219i are un transmi\u021b\u0103tor triplu orizontal. Performan\u021ba este \u00eembun\u0103t\u0103\u021bit\u0103 cu mai mult de 50% \u00een compara\u021bie cu senzorii normali \u0219i, de asemenea, interfereaz\u0103 \u00een mod fiabil cu pistolul laser DragonEye \u0219i Truecam 2. Domeniul de livrare include: * Senzor laser TX Black * [&hellip;]<\/p>\n","protected":false},"featured_media":11343,"comment_status":"open","ping_status":"closed","template":"","meta":[],"product_brand":[],"product_cat":[2347,2208],"product_tag":[],"class_list":{"0":"post-15935","1":"product","2":"type-product","3":"status-publish","4":"has-post-thumbnail","6":"product_cat-antilaser-en-ro","7":"product_cat-laser-jammer","9":"first","10":"instock","11":"taxable","12":"shipping-taxable","13":"purchasable","14":"product-type-simple"},"jetpack_sharing_enabled":true,"_links":{"self":[{"href":"https:\/\/www.radar-shop.eu\/ro\/wp-json\/wp\/v2\/product\/15935","targetHints":{"allow":["GET"]}}],"collection":[{"href":"https:\/\/www.radar-shop.eu\/ro\/wp-json\/wp\/v2\/product"}],"about":[{"href":"https:\/\/www.radar-shop.eu\/ro\/wp-json\/wp\/v2\/types\/product"}],"replies":[{"embeddable":true,"href":"https:\/\/www.radar-shop.eu\/ro\/wp-json\/wp\/v2\/comments?post=15935"}],"wp:featuredmedia":[{"embeddable":true,"href":"https:\/\/www.radar-shop.eu\/ro\/wp-json\/wp\/v2\/media\/11343"}],"wp:attachment":[{"href":"https:\/\/www.radar-shop.eu\/ro\/wp-json\/wp\/v2\/media?parent=15935"}],"wp:term":[{"taxonomy":"product_brand","embeddable":true,"href":"https:\/\/www.radar-shop.eu\/ro\/wp-json\/wp\/v2\/product_brand?post=15935"},{"taxonomy":"product_cat","embeddable":true,"href":"https:\/\/www.radar-shop.eu\/ro\/wp-json\/wp\/v2\/product_cat?post=15935"},{"taxonomy":"product_tag","embeddable":true,"href":"https:\/\/www.radar-shop.eu\/ro\/wp-json\/wp\/v2\/product_tag?post=15935"}],"curies":[{"name":"wp","href":"https:\/\/api.w.org\/{rel}","templated":true}]}}