{"id":14934,"date":"2021-11-05T17:43:15","date_gmt":"2021-11-05T15:43:15","guid":{"rendered":"https:\/\/www.radar-shop.eu\/product\/detector-de-radar-cu-raza-lunga-de-actiune-uniden-r4-eu-extreme-long-range\/"},"modified":"2026-04-03T05:20:20","modified_gmt":"2026-04-03T03:20:20","slug":"detector-de-radar-cu-raza-lunga-de-actiune-uniden-r4-eu-extreme-long-range","status":"publish","type":"product","link":"https:\/\/www.radar-shop.eu\/ro\/produs\/detector-de-radar-cu-raza-lunga-de-actiune-uniden-r4-eu-extreme-long-range\/","title":{"rendered":"Detector de radar cu raz\u0103 lung\u0103 de ac\u021biune Uniden R4 EU Extreme Long Range"},"content":{"rendered":"<p>Noul Uniden R4 EU este o platform\u0103 2022 complet nou\u0103, cu o raz\u0103 de ac\u021biune mult mai mare. Dispune de o nou\u0103 func\u021bie de memorare automat\u0103 a mut\u0103rii, care blocheaz\u0103 automat loca\u021biile cu alerte false. R4 are, de asemenea, cel mai bun filtru de band\u0103 K de pe pia\u021b\u0103, oferind cea mai mic\u0103 cantitate de alerte false de la monitoarele de unghi mort \u0219i de la senzorii de band\u0103 K din alte vehicule. Atunci c\u00e2nd ave\u021bi nevoie de cele mai bune informa\u021bii posibile, f\u0103r\u0103 zgomot, R4 Extreme de la Uniden v\u0103 pune cu mult \u00eenainte<\/p>\n<p>&nbsp;<\/p>\n<h3>Prezentare general\u0103 a produsului Uniden R4<\/h3>\n<ul>\n<li>Detec\u021bie radar cu laser cu raz\u0103 de ac\u021biune extrem\u0103<\/li>\n<li>Proiectare cu dou\u0103 LNA (amplificatoare cu zgomot redus)<\/li>\n<li>Procesor de semnal digital<\/li>\n<li>GPS \u00eencorporat pentru localizarea camerelor de supraveghere a luminii ro\u0219ii \u0219i a radarelor de vitez\u0103 (SUA\/CANADA\/Nou, inclusiv Europa!)<\/li>\n<li>Afi\u0219aj OLED ultra-luminos, u\u0219or de citit, multi-colorat<\/li>\n<li>MRCD\/MRCT (prioritate de alert\u0103: Laser, MRCD, Ka, K, X) cu tonuri personalizabile<\/li>\n<li>Alert\u0103 de camer\u0103 cu semafor ro\u0219u<\/li>\n<li>Alert\u0103 de radare de vitez\u0103<\/li>\n<li>Memorie automat\u0103 de dezactivare &#8211; Blocheaz\u0103 automat loca\u021biile cu alerte false<\/li>\n<li>Filtre avansate pentru banda K\/KA<\/li>\n<li>Notific\u0103ri vocale<\/li>\n<li>Detec\u021bie GATSO<\/li>\n<li>Quiet Ride (silen\u021biozitate automat\u0103 \u00een func\u021bie de vitez\u0103)<\/li>\n<li>Diminuare automat\u0103<\/li>\n<li>Bogey Tone, personalizabil, alerte<\/li>\n<li>Afi\u0219aj frecven\u021b\u0103 band\u0103 radar (vitez\u0103 curent\u0103, tensiune baterie, altitudine, ceas)<\/li>\n<li>Identificarea pistolului cu laser<\/li>\n<li>Spectre Elite nedetectabil<\/li>\n<li>Sistem de avertizare a vitezei MAX<\/li>\n<li>Suport de aspira\u021bie inclus (simplu \u0219i dublu)<\/li>\n<li>Geant\u0103 de transport inclus\u0103<\/li>\n<li>Adaptor pentru \u021bigar\u0103 cu tast\u0103 Mute, port USB, cablu de date \u0219i tastatur\u0103 la<\/li>\n<li>distan\u021b\u0103 (accesoriu op\u021bional)<\/li>\n<li>Firmware actualizabil<\/li>\n<\/ul>\n<h3>Uniden R4 Box include<\/h3>\n<ul>\n<li>Detector de radar Uniden R4<\/li>\n<li>Cablu de alimentare de 12 V CC cu conector RJ11 (cheie Mute, tastatur\u0103 la distan\u021b\u0103 op\u021bional\u0103, port USB)<\/li>\n<li>Cablu de date de la USB la Micro-USB<\/li>\n<li>Suport de montare R4 pe parbriz (1 ventuz\u0103)<\/li>\n<li>Suport de montare pe parbriz R4 (2 ventuze)<\/li>\n<li>Band\u0103 de fixare cu c\u00e2rlig \u0219i bucl\u0103<\/li>\n<li>Manual de utilizare Uniden R4 (englez\u0103, spaniol\u0103, francez\u0103)<\/li>\n<li>Hus\u0103 de transport rigid\u0103 cu fermoar<\/li>\n<\/ul>\n<h3>Uniden R4 vs. Valentine One Gen2 &#8211; compara\u021bie de la vortex (englez\u0103)<\/h3>\n<p><iframe loading=\"lazy\" src=\"https:\/\/www.youtube.com\/embed\/TUfTzKGpDbE\" width=\"1266\" height=\"712\" frameborder=\"0\" allowfullscreen=\"allowfullscreen\"><\/iframe><\/p>\n","protected":false},"excerpt":{"rendered":"<p>4 \u00een 1: Radar 3D, radar, radar, laser, detector de radar GPS POI<\/p>\n<p>Uniden R4 EURO &#8211; nr. 1 din SUA \u0219i Canada<\/p>\n<ul>\n<li>Radar de detectare cu laser cu raz\u0103 de ac\u021biune extrem\u0103<\/li>\n<li>Proiectarea a dou\u0103 LNA (amplificatoare cu zgomot redus)<\/li>\n<li>Procesor de semnal digital de 360 de grade<\/li>\n<li>GPS cu alert\u0103 pentru camerele de supraveghere a semaforului ro\u0219u (Europa)<\/li>\n<\/ul>\n","protected":false},"featured_media":10786,"comment_status":"open","ping_status":"closed","template":"","meta":[],"product_brand":[],"product_cat":[2106,2669],"product_tag":[2782],"class_list":{"0":"post-14934","1":"product","2":"type-product","3":"status-publish","4":"has-post-thumbnail","6":"product_cat-detectoare-radar-mobil","7":"product_cat-uniden-ro","8":"product_tag-detector-de-radare-de-viteza","10":"first","11":"onbackorder","12":"sale","13":"taxable","14":"shipping-taxable","15":"purchasable","16":"product-type-simple"},"jetpack_sharing_enabled":true,"_links":{"self":[{"href":"https:\/\/www.radar-shop.eu\/ro\/wp-json\/wp\/v2\/product\/14934","targetHints":{"allow":["GET"]}}],"collection":[{"href":"https:\/\/www.radar-shop.eu\/ro\/wp-json\/wp\/v2\/product"}],"about":[{"href":"https:\/\/www.radar-shop.eu\/ro\/wp-json\/wp\/v2\/types\/product"}],"replies":[{"embeddable":true,"href":"https:\/\/www.radar-shop.eu\/ro\/wp-json\/wp\/v2\/comments?post=14934"}],"wp:featuredmedia":[{"embeddable":true,"href":"https:\/\/www.radar-shop.eu\/ro\/wp-json\/wp\/v2\/media\/10786"}],"wp:attachment":[{"href":"https:\/\/www.radar-shop.eu\/ro\/wp-json\/wp\/v2\/media?parent=14934"}],"wp:term":[{"taxonomy":"product_brand","embeddable":true,"href":"https:\/\/www.radar-shop.eu\/ro\/wp-json\/wp\/v2\/product_brand?post=14934"},{"taxonomy":"product_cat","embeddable":true,"href":"https:\/\/www.radar-shop.eu\/ro\/wp-json\/wp\/v2\/product_cat?post=14934"},{"taxonomy":"product_tag","embeddable":true,"href":"https:\/\/www.radar-shop.eu\/ro\/wp-json\/wp\/v2\/product_tag?post=14934"}],"curies":[{"name":"wp","href":"https:\/\/api.w.org\/{rel}","templated":true}]}}