{"id":11575,"date":"2023-06-12T12:06:21","date_gmt":"2023-06-12T10:06:21","guid":{"rendered":"https:\/\/www.radar-shop.eu\/?post_type=product&#038;p=11575"},"modified":"2023-09-18T10:56:44","modified_gmt":"2023-09-18T08:56:44","slug":"uniden-r8","status":"publish","type":"product","link":"https:\/\/www.radar-shop.eu\/ro\/produs\/uniden-r8\/","title":{"rendered":"Uniden R8"},"content":{"rendered":"<div class=\"list-row\">\n<p class=\"product-description\"><strong>Uniden R8<\/strong> este cea mai nou\u0103 adi\u021bie la cea mai discutat\u0103 familie de detectoare de radar din industrie. Antena sa dubl\u0103 \u00eei permite lui R8 s\u0103 detecteze amenin\u021b\u0103ri din toate cele 4 direc\u021bii, cu alerte vocale pentru direc\u021bia amenin\u021b\u0103rii. Arat\u0103 chiar \u0219i direc\u021bia, banda \u0219i intensitatea semnalului pentru fiecare. Perfectul tocmai a devenit mai bun.<\/p>\n<\/div>\n<h3 class=\"list-row\">Uniden R8 Series Extreme Long Range Radar\/Laser Detector caracteristici<br \/>\n<img loading=\"lazy\" decoding=\"async\" class=\" wp-image-11596 alignright\" src=\"https:\/\/www.radar-shop.eu\/wp-content\/uploads\/Uniden-R8-whatsinside.webp\" alt=\"\" width=\"591\" height=\"455\" srcset=\"https:\/\/www.radar-shop.eu\/wp-content\/uploads\/Uniden-R8-whatsinside.webp 3400w, https:\/\/www.radar-shop.eu\/wp-content\/uploads\/Uniden-R8-whatsinside-300x231.webp 300w, https:\/\/www.radar-shop.eu\/wp-content\/uploads\/Uniden-R8-whatsinside-1024x788.webp 1024w, https:\/\/www.radar-shop.eu\/wp-content\/uploads\/Uniden-R8-whatsinside-768x591.webp 768w, https:\/\/www.radar-shop.eu\/wp-content\/uploads\/Uniden-R8-whatsinside-1536x1183.webp 1536w, https:\/\/www.radar-shop.eu\/wp-content\/uploads\/Uniden-R8-whatsinside-2048x1577.webp 2048w, https:\/\/www.radar-shop.eu\/wp-content\/uploads\/Uniden-R8-whatsinside-555x427.webp 555w\" sizes=\"auto, (max-width: 591px) 100vw, 591px\" \/><\/h3>\n<div class=\"list-row\">\n<ul>\n<li>Detec\u021bie la 360 de grade<\/li>\n<li>Antena dubl\u0103 a R8 permite R8 s\u0103 detecteze amenin\u021b\u0103rile din toate cele 4 direc\u021bii.<\/li>\n<li>MRCD\/MRCT (prioritate de alert\u0103: Laser, MRCD, Ka, K, X) cu tonuri personalizabile<\/li>\n<li>Antenele duble afi\u0219eaz\u0103 direc\u021bia laserului<\/li>\n<li>Notific\u0103ri vocale<\/li>\n<li>Afi\u0219aje de frecven\u021b\u0103 a benzilor radar<\/li>\n<li>GPS pentru localizarea camerelor de supraveghere a semaforului ro\u0219u \u0219i a radarelor de vitez\u0103 (EUROPA, inclusiv actualiz\u0103ri pe via\u021b\u0103)<\/li>\n<li>P\u00e2n\u0103 la 2.000 de bloc\u0103ri GPS<\/li>\n<li>Afi\u0219aj OLED u\u0219or de citit<\/li>\n<li>Set de m\u0103rci de utilizator \u0219i notificare vocal\u0103<\/li>\n<li>Filtre avansate pentru benzile K \u0219i Ka<\/li>\n<li>Spectre I \u0219i IV nedetectabile<\/li>\n<li>Afi\u0219eaz\u0103 puterea semnalului \u0219i tensiunea bateriei vehiculului<\/li>\n<li>Max. Sistem de avertizare a vitezei<\/li>\n<li>Eliminarea punctelor cu camere de luat vederi la ro\u0219u<\/li>\n<li>Tonuri de alert\u0103 selectabile \u00een benzile X, K, MRCD, Ka \u0219i Laser<\/li>\n<li>Tonalitate Bogey (tonuri de alert\u0103 1 &#8211; 5)<\/li>\n<li>Niveluri de sensibilitate definite de utilizator pentru benzile X, K \u0219i Ka<\/li>\n<li>Niveluri de volum de dezactivare automat\u0103 a sunetului (Dezactivat, Activat: 0 &#8211; 5)<\/li>\n<li>Alert\u0103 vocal\u0103 pe frecven\u021ba Ka<\/li>\n<li>Reducere automat\u0103 a intensit\u0103\u021bii luminoase<\/li>\n<li>Alert\u0103 de dep\u0103\u0219ire a vitezei Mute<\/li>\n<li>S\u0103ge\u021bile radarului v\u0103 indic\u0103 direc\u021bia din care vine amenin\u021barea<\/li>\n<li>Detec\u021bie cu laser la 360\u00b0.<\/li>\n<li>Afi\u0219aj OLED mare \u0219i ultra-luminos pentru zi \u0219i noapte<\/li>\n<li>Detec\u021bie GPS cu camer\u0103 cu lumin\u0103 ro\u0219ie<\/li>\n<li>Alerte vocale<\/li>\n<li>Procesor cu 50% mai rapid<\/li>\n<\/ul>\n<\/div>\n<h3>Ce este \u00een cutie<\/h3>\n<div class=\"list-row\">\n<ul>\n<li>Detector de radar R8<\/li>\n<li>Cablu de alimentare de 12V DC cu conector RJ11<\/li>\n<li>Suport de montare pe parbriz (1 cup\u0103)<\/li>\n<li>Suport de montare pe parbriz (2 cupe)<\/li>\n<li>Man\u0219on din neopren<\/li>\n<li>Hus\u0103 de transport<\/li>\n<\/ul>\n<h3>Manual de utilizare Uniden<\/h3>\n<p><a href=\"https:\/\/www.radar-shop.eu\/wp-content\/uploads\/Uniden-R8-User-Manual.pdf\">Uniden R8 User Manual PDF<\/a><\/p>\n<h3>Uniden R8 Introducere de la Vortex<\/h3>\n<\/div>\n<p><iframe loading=\"lazy\" title=\"Uniden R8 Introduction\" width=\"980\" height=\"551\" src=\"https:\/\/www.youtube.com\/embed\/jp8X6YrKgPc?start=1&#038;feature=oembed\" frameborder=\"0\" allow=\"accelerometer; autoplay; clipboard-write; encrypted-media; gyroscope; picture-in-picture\" allowfullscreen><\/iframe><\/p>\n<div class=\"list-row\">\n<h3>Uniden R8 &#8211; Cele mai bune detectoare de radar High End 2022 2023<\/h3>\n<p><iframe loading=\"lazy\" title=\"Best High End Radar Detectors of 2022\" width=\"980\" height=\"551\" src=\"https:\/\/www.youtube.com\/embed\/vqh09dqQ2mM?start=238&#038;feature=oembed\" frameborder=\"0\" allow=\"accelerometer; autoplay; clipboard-write; encrypted-media; gyroscope; picture-in-picture\" allowfullscreen><\/iframe><\/p>\n<h3>Uniden R7 vs. Valentine One Gen2 revizuire<\/h3>\n<p>Vortex (www.vortexradar.com), unul dintre cei mai buni bloggeri youtube pentru chestii legate de radare \u0219i detectoare, a testat \u0219i analizat Uniden R7 vs. noul Valentine One Gen2.<\/p>\n<\/div>\n<div class=\"list-row\">\n<p><iframe loading=\"lazy\" src=\"https:\/\/www.youtube.com\/embed\/tHRxgc1Btfc?list=RDQM1ovYpyYs3f8\" width=\"964\" height=\"542\" frameborder=\"0\" allowfullscreen=\"allowfullscreen\"><\/iframe><\/p>\n<blockquote class=\"wp-embedded-content\" data-secret=\"FAZFqOzC8K\"><p><a href=\"https:\/\/www.radar-shop.eu\/ro\/radar-detector-setup-tutorial\/\">Radar Detector Setup Tutorial<\/a><\/p><\/blockquote>\n<p><iframe loading=\"lazy\" class=\"wp-embedded-content\" sandbox=\"allow-scripts\" security=\"restricted\" style=\"position: absolute; clip: rect(1px, 1px, 1px, 1px);\" title=\"&#8222;Radar Detector Setup Tutorial&#8221; &#8212; RADAR SHOP\" src=\"https:\/\/www.radar-shop.eu\/ro\/radar-detector-setup-tutorial\/embed\/#?secret=FAZFqOzC8K\" data-secret=\"FAZFqOzC8K\" width=\"600\" height=\"338\" frameborder=\"0\" marginwidth=\"0\" marginheight=\"0\" scrolling=\"no\"><\/iframe><\/p>\n<p>https:\/\/www.radar-shop.eu\/best-speed-camera-detector\/<\/p>\n<p>&nbsp;<\/p>\n<\/div>\n<h3>UNIDEN &#8211; \u00centreb\u0103ri frecvente privind detectorul de radar<\/h3>\n<p>Alerte audio\/vizuale &#8211; Cea mai frecvent\u0103 avertizare audio este o serie de &#8222;bipuri&#8221; sau &#8222;brate&#8221; care se accelereaz\u0103 pe m\u0103sur\u0103 ce v\u0103 apropia\u021bi de sursa radarului. Alarmele vizuale pot fi fie un afi\u0219aj digital al intensit\u0103\u021bii semnalului, fie o serie de LED-uri. Multe detectoare ofer\u0103 acum LED-uri alfanumerice care v\u0103 pot ar\u0103ta tipul de band\u0103 detectat\u0103 \u00eempreun\u0103 cu intensitatea acesteia.<\/p>\n<p>Auto-Muting &#8211; \u00cenlocuie\u0219te o alert\u0103 audio continu\u0103 cu o singur\u0103 alert\u0103 urmat\u0103 de un clic. Acest lucru v\u0103 poate p\u0103stra s\u0103n\u0103tatea mintal\u0103 \u00een timpul \u00eent\u00e2lnirilor prelungite cu radarul, continu\u00e2nd \u00een acela\u0219i timp s\u0103 v\u0103 notifice despre prezen\u021ba radarului.<\/p>\n<p>Comutator City\/Highway (modurile City\/Highway) &#8211; Ajut\u0103 la eliminarea alarmelor false de la emisiile \u00een band\u0103 X care nu sunt de poli\u021bie, \u00eent\u00e2lnite \u00een zonele urbane, cauzate de obicei de deschiz\u0103toarele automate de u\u0219i de la magazinele din apropierea drumului. Acest lucru se realizeaz\u0103 de obicei prin reducerea sensibilit\u0103\u021bii detectorului, deoarece capacitatea de a &#8222;vedea&#8221; distan\u021be lungi nu este critic\u0103 pe str\u0103zile din ora\u0219. Unele detectoare dispun de mai multe set\u0103ri de sensibilitate pentru conducerea \u00een ora\u0219.<\/p>\n<p>Mod Dim\/Dark &#8211; Pentru a p\u0103stra detectorul discret \u00een timpul conducerii pe timp de noapte, aceast\u0103 func\u021bie reduce sau elimin\u0103 iluminarea alarmelor \u0219i a comenzilor.<\/p>\n<p>GPS &#8211; Detectoarele de radar cu tehnologie GPS nu ofer\u0103 navigare tur-retur. \u00cen schimb, folosesc sateli\u021bii GPS pentru a urm\u0103ri viteza vehiculului \u0219i pentru a oferi avertismente atunci c\u00e2nd aceasta dep\u0103\u0219e\u0219te o limit\u0103 definit\u0103 de utilizator. De asemenea, acestea permit utilizatorului s\u0103 marcheze loca\u021biile \u00een care exist\u0103 zone cunoscute de aplicare a legii radarului (&#8222;capcane de vitez\u0103&#8221;) sau \u00een care exist\u0103 adesea alerte false, astfel \u00eenc\u00e2t detectorul poate fie s\u0103 trimit\u0103 un avertisment \u00eenainte de a se apropia de acele zone, fie s\u0103 ignore alertele false la vizitele de revenire.<\/p>\n<p>Unele detectoare cu GPS pot accesa, de asemenea, o baz\u0103 de date cu camere de supraveghere a traficului \u0219i a semafoarelor ro\u0219ii, astfel \u00eenc\u00e2t detectorul poate oferi avertismente atunci c\u00e2nd aceste camere sunt iminente.<\/p>\n<p>Banda K &#8211; Cea mai frecvent utilizat\u0103 band\u0103 de frecven\u021b\u0103 radar: 24,05 &#8211; 24,25 GHz. Banda K \u0219i-a f\u0103cut apari\u021bia \u00een 1978. Primele pistoale radar portabile \u00een band\u0103 K puteau fi utilizate doar dintr-o pozi\u021bie sta\u021bionar\u0103. Ulterior, a fost introdus\u0103 o versiune &#8222;pulsat\u0103&#8221; care putea fi utilizat\u0103 dintr-un vehicul sta\u021bionar sau \u00een mi\u0219care.<\/p>\n<p>Undele radar \u00een banda K au o lungime de und\u0103 relativ mic\u0103. La nivelul de putere \u00eent\u00e2lnit \u00een pistoalele radar ale poli\u021biei, banda K are o raz\u0103 efectiv\u0103 de urm\u0103rire de aproximativ 1\/4 de mil\u0103. \u00cen func\u021bie de teren (dup\u0103 un col\u021b, peste un deal etc.), undele din banda K pot fi detectate de la o distan\u021b\u0103 de 1\/4 de mil\u0103 p\u00e2n\u0103 la 2 mile.<\/p>\n<p>Banda Ka &#8211; \u00cen 987, FCC a alocat o frecven\u021b\u0103 pe \u00eenc\u0103 o band\u0103, Ka, pentru utilizarea radarului poli\u021biei. Banda Ka \u00eencorporeaz\u0103 Ka-Band, Ka Wide-Band \u0219i Ka Super Wide-Band. Odat\u0103 cu Ka a venit \u0219i introducerea radarului foto (cunoscut \u0219i sub numele de &#8222;foto-poli\u021bist&#8221;). Sistemul foto-poli\u021bist func\u021bioneaz\u0103 la 34,3 GHz \u0219i combin\u0103 un pistol radar \u00een band\u0103 Ka cu o camer\u0103 automat\u0103 (a se vedea Foto-radarul de mai jos).<\/p>\n<p>Ulterior, FCC a extins utilizarea radarului \u00een banda Ka la o gam\u0103 de 34,2 p\u00e2n\u0103 la 35,2 GHz. Aceasta a devenit cunoscut\u0103 sub numele de Ka Wide-Band.<\/p>\n<p>Introducerea pistolului radar &#8222;stalker&#8221; a ridicat miza \u00een jocul de detectare. Spre deosebire de toate pistoalele anterioare, &#8222;Stalker&#8221; poate fi licen\u021biat de FCC pentru orice frecven\u021b\u0103 din banda Ka \u00eentre 33,4 GHz \u0219i 36,0 GHz \u0219i, prin urmare, nu poate fi detectat de detectoarele concepute doar pentru radarele X, K \u0219i foto. Pistoalele Stalker sunt folosite \u00een mai mult de jum\u0103tate din \u021bar\u0103.<\/p>\n<p>Laser &#8211; Laserul de poli\u021bie utilizeaz\u0103 impulsuri de lumin\u0103 laser mai degrab\u0103 dec\u00e2t unde radio radar pentru detectarea vitezei. Pistolul cu laser pentru detectarea vitezei a ajuns \u00een m\u00e2inile poli\u021biei de stat \u0219i locale \u00een cel pu\u021bin jum\u0103tate din \u021bar\u0103.<\/p>\n<p>Avantajele unui pistol cu laser sunt conving\u0103toare: fasciculul de lumin\u0103 laser este mult mai \u00eengust dec\u00e2t un fascicul radar, permi\u021b\u00e2nd o localizare mai precis\u0103 a unui anumit vehicul; iar timpul necesar pentru a capta o citire a vitezei este mai mic de o jum\u0103tate de secund\u0103, fa\u021b\u0103 de 2 p\u00e2n\u0103 la 3 secunde pentru radar.<\/p>\n","protected":false},"excerpt":{"rendered":"<p>Noul Uniden R8 este cea mai nou\u0103 achizi\u021bie a celei mai discutate linii de detectoare de radar din industrie. Antena sa dubl\u0103 permite Uniden R8 s\u0103 detecteze amenin\u021b\u0103ri din toate cele 4 direc\u021bii, cu alerte vocale pentru direc\u021bia amenin\u021b\u0103rii. Arat\u0103 chiar \u0219i direc\u021bia, banda \u0219i puterea semnalului pentru fiecare. Perfectul tocmai a devenit mai bun!<\/p>\n<ul>\n<li>TEHNOLOGIE GPS &#8211; Cu ajutorul GPS, R8 poate memora \u0219i dezactiva alertele false comune (cum ar fi u\u0219ile automate ale magazinelor de v\u00e2nzare cu am\u0103nuntul) de-a lungul traseelor pe care le parcurge\u021bi \u00een mod regulat, astfel \u00eenc\u00e2t nu trebuie s\u0103 asculta\u021bi niciodat\u0103 aceea\u0219i alert\u0103 fals\u0103 de dou\u0103 ori.<\/li>\n<li>DISPLAY OLED MULTI-CLOR MARE &#8211; este u\u0219or de citit \u0219i permite afi\u0219area mai multor informa\u021bii utile deodat\u0103, inclusiv p\u00e2n\u0103 la 4 semnale simultan. Acest lucru v\u0103 \u00eembun\u0103t\u0103\u021be\u0219te con\u0219tientizarea situa\u021biei generale.<\/li>\n<li>ALERTE VOCIALE &#8211; Avertiz\u0103rile vocale permit operarea cu m\u00e2inile libere \u0219i ofer\u0103 o comunicare clar\u0103. Alertele vocale sunt programabile pentru a se potrivi stilului dvs. de condus, astfel \u00eenc\u00e2t s\u0103 v\u0103 pute\u021bi p\u0103stra ochii pe drum f\u0103r\u0103 a v\u0103 distrage aten\u021bia.<\/li>\n<\/ul>\n","protected":false},"featured_media":11643,"comment_status":"open","ping_status":"closed","template":"","meta":[],"product_brand":[],"product_cat":[2106,2669],"product_tag":[],"class_list":{"0":"post-11575","1":"product","2":"type-product","3":"status-publish","4":"has-post-thumbnail","6":"product_cat-detectoare-radar-mobil","7":"product_cat-uniden-ro","9":"first","10":"onbackorder","11":"sale","12":"taxable","13":"shipping-taxable","14":"purchasable","15":"product-type-simple"},"jetpack_sharing_enabled":true,"_links":{"self":[{"href":"https:\/\/www.radar-shop.eu\/ro\/wp-json\/wp\/v2\/product\/11575","targetHints":{"allow":["GET"]}}],"collection":[{"href":"https:\/\/www.radar-shop.eu\/ro\/wp-json\/wp\/v2\/product"}],"about":[{"href":"https:\/\/www.radar-shop.eu\/ro\/wp-json\/wp\/v2\/types\/product"}],"replies":[{"embeddable":true,"href":"https:\/\/www.radar-shop.eu\/ro\/wp-json\/wp\/v2\/comments?post=11575"}],"wp:featuredmedia":[{"embeddable":true,"href":"https:\/\/www.radar-shop.eu\/ro\/wp-json\/wp\/v2\/media\/11643"}],"wp:attachment":[{"href":"https:\/\/www.radar-shop.eu\/ro\/wp-json\/wp\/v2\/media?parent=11575"}],"wp:term":[{"taxonomy":"product_brand","embeddable":true,"href":"https:\/\/www.radar-shop.eu\/ro\/wp-json\/wp\/v2\/product_brand?post=11575"},{"taxonomy":"product_cat","embeddable":true,"href":"https:\/\/www.radar-shop.eu\/ro\/wp-json\/wp\/v2\/product_cat?post=11575"},{"taxonomy":"product_tag","embeddable":true,"href":"https:\/\/www.radar-shop.eu\/ro\/wp-json\/wp\/v2\/product_tag?post=11575"}],"curies":[{"name":"wp","href":"https:\/\/api.w.org\/{rel}","templated":true}]}}