{"id":8929,"date":"2016-03-16T22:24:47","date_gmt":"2020-10-06T12:24:03","guid":{"rendered":"https:\/\/www.radar-shop.eu\/product\/mr-handsfree-spy\/"},"modified":"2025-11-11T14:15:41","modified_gmt":"2025-11-11T12:15:41","slug":"mr-handsfree-spy","status":"publish","type":"product","link":"https:\/\/www.radar-shop.eu\/pt-pt\/produto\/mr-handsfree-spy\/","title":{"rendered":"Mr Handsfree Spy+"},"content":{"rendered":"<p><strong>El detector de radar de tr\u00e1fico inal\u00e1mbrico GPS Mr Handsfree Spy+<\/strong> es un dispositivo peque\u00f1o, impulsado por energ\u00eda solar, y proporciona una base de datos integrada de radares GPS para su uso contra radares fijos en Europa<\/p>\n<ul style=\"font-weight: 400;\">\n<li>GPS Inal\u00e1mbrico\u00a0detector de\u00a0la c\u00e1mara\u00a0funciona con\u00a0paneles solares<\/li>\n<li>Continua\u00a0la recarga\u00a0de la\u00a0bater\u00eda<\/li>\n<li>El software de Windows\u00a0PC, iMAC, MACbook&#8230;\u00a0para\u00a0actualizaci\u00f3n de la localizaci\u00f3n\u00a0y el cable\u00a0USB<\/li>\n<li>Europea\u00a0ubicaciones de las c\u00e1maras\u00a0fijas pueden\u00a0ser\u00a0descargadas regularmente\u00a0y\u00a0actualizada\u00a0en Internet<\/li>\n<li>Hasta\u00a0100.000\u00a0ubicaciones de almacenamiento<\/li>\n<li>Advertencia\u00a0distancia\u00a0alarma de radares fijos (c\u00e1maras) 300-600m (100m,\u00a0300m,\u00a0500m)<\/li>\n<li>F\u00e1cil\u00a0de instalar\u00a0(uso de\u00a0ventosas\u00a0para\u00a0fijar en\u00a0el parabrisas)<\/li>\n<li>Sistema basado en GPS que advierte de radares fijos y al mismo tiempo es un aparato detector de radares y de l\u00e1ser para radares m\u00f3viles, para ser aplicado en el\u00a0\u00a0salpicadero<\/li>\n<li>Sistema de alarma por GPS orientado en la velocidad con mensajes de alarma adicionales<\/li>\n<li>La \u00faltima generaci\u00f3n de receptores GPS (SiRF III)<\/li>\n<li>Base de datos GPS para numerosos pa\u00edses europeos<\/li>\n<li>Posibilidad de guardar lugares personales de modo individual<\/li>\n<li>Actualizaci\u00f3n de la base de datos mediante el software Windows para PC y cable USB<\/li>\n<li>Actualizaci\u00f3n de la base de datos mediante internet con los \u00faltimos puntos de medici\u00f3n<\/li>\n<li>Alemania Francia Benelux Espa\u00f1a Portugal Andorra Austria Suiza Liechtenstein Italia Grecia Chipre Polonia Noruega Suecia Finlandia Ruman\u00eda Eslovenia Rep\u00fablica Checa<\/li>\n<li>Aparato dise\u00f1ado especialmente para el sistema de radares europeo<\/li>\n<li>Regulador de volumen<\/li>\n<li>Autotest autom\u00e1tico<\/li>\n<li>\u00a1No interceptable electr\u00f3nicamente!<\/li>\n<li>Dimensiones\u00a09,5\u00a0cm\u00a0x\u00a06,0\u00a0cm\u00a0x\u00a02,2\u00a0cm<\/li>\n<li>Peso\u00a097g<\/li>\n<\/ul>\n<p><strong>MANUAL DE INSTRUCCIONES\u00a0<\/strong><\/p>\n<p><a href=\"https:\/\/www.radar-shop.eu\/wp-content\/uploads\/Mr-Handsfree_Spy_espanol.pdf\">Mr Handsfree_Spy+_espanol<\/a><\/p>\n","protected":false},"excerpt":{"rendered":"<p>El detector de radar de tr\u00e1fico inal\u00e1mbrico GPS Mr Handsfree Spy es un dispositivo peque\u00f1o, impulsado por energ\u00eda solar, y proporciona una base de datos integrada de radares GPS para su uso contra radares fijos en Europa<\/p>\n","protected":false},"featured_media":8904,"comment_status":"open","ping_status":"closed","template":"","meta":[],"product_brand":[],"product_cat":[2521,2687,2582],"product_tag":[],"class_list":{"0":"post-8929","1":"product","2":"type-product","3":"status-publish","4":"has-post-thumbnail","6":"product_cat-gps-radar-detector","7":"product_cat-mr-handsfree-es-pt-pt","8":"product_cat-quintezz-pt-pt","10":"first","11":"outofstock","12":"sale","13":"taxable","14":"shipping-taxable","15":"purchasable","16":"product-type-simple"},"jetpack_sharing_enabled":true,"_links":{"self":[{"href":"https:\/\/www.radar-shop.eu\/pt-pt\/wp-json\/wp\/v2\/product\/8929","targetHints":{"allow":["GET"]}}],"collection":[{"href":"https:\/\/www.radar-shop.eu\/pt-pt\/wp-json\/wp\/v2\/product"}],"about":[{"href":"https:\/\/www.radar-shop.eu\/pt-pt\/wp-json\/wp\/v2\/types\/product"}],"replies":[{"embeddable":true,"href":"https:\/\/www.radar-shop.eu\/pt-pt\/wp-json\/wp\/v2\/comments?post=8929"}],"wp:featuredmedia":[{"embeddable":true,"href":"https:\/\/www.radar-shop.eu\/pt-pt\/wp-json\/wp\/v2\/media\/8904"}],"wp:attachment":[{"href":"https:\/\/www.radar-shop.eu\/pt-pt\/wp-json\/wp\/v2\/media?parent=8929"}],"wp:term":[{"taxonomy":"product_brand","embeddable":true,"href":"https:\/\/www.radar-shop.eu\/pt-pt\/wp-json\/wp\/v2\/product_brand?post=8929"},{"taxonomy":"product_cat","embeddable":true,"href":"https:\/\/www.radar-shop.eu\/pt-pt\/wp-json\/wp\/v2\/product_cat?post=8929"},{"taxonomy":"product_tag","embeddable":true,"href":"https:\/\/www.radar-shop.eu\/pt-pt\/wp-json\/wp\/v2\/product_tag?post=8929"}],"curies":[{"name":"wp","href":"https:\/\/api.w.org\/{rel}","templated":true}]}}