{"id":6783,"date":"2017-02-25T14:51:14","date_gmt":"2017-02-25T14:51:14","guid":{"rendered":"https:\/\/www.radar-shop.eu\/product\/cable-de-instalacion-para-navty-p1-genevo_max_escort\/"},"modified":"2017-02-25T14:51:14","modified_gmt":"2017-02-25T14:51:14","slug":"cable-de-instalacion-para-navty-p1-genevo_max_escort","status":"publish","type":"product","link":"https:\/\/www.radar-shop.eu\/pt-pt\/produto\/cable-de-instalacion-para-navty-p1-genevo_max_escort\/","title":{"rendered":"Cable de instalaci\u00f3n para NAVTY P1"},"content":{"rendered":"<p>Cable de instalaci\u00f3n fija para NAVTY P1 &#8211; este cable de instalaci\u00f3n es especialmente adecuado para la instalaci\u00f3n invisible de la fuente de alimentaci\u00f3n de su NAVTY P1. El cable se conecta directamente a la fuente de alimentaci\u00f3n de 12V del veh\u00edculo. El cable est\u00e1 equipado con un fusible separado y cambiable contra los cortocircuitos.<\/p>\n","protected":false},"excerpt":{"rendered":"<ul>\n<li>Cable de instalaci\u00f3n fija para NAVTY P1<\/li>\n<li>Tambi\u00e9n compatible con<\/li>\n<li>GENEVO MAX,<\/li>\n<li>ESCORT MAX,<\/li>\n<li>ESCORT REDLINE,<\/li>\n<li>VALENTINE ONE V1 GEN1 &amp; GEN2<\/li>\n<\/ul>\n","protected":false},"featured_media":6784,"comment_status":"open","ping_status":"closed","template":"","meta":[],"product_brand":[],"product_cat":[2546,2522],"product_tag":[2548,2549],"class_list":{"0":"post-6783","1":"product","2":"type-product","3":"status-publish","4":"has-post-thumbnail","6":"product_cat-acessorios-radar","7":"product_cat-navty-pt-pt","8":"product_tag-einbaukabel-pt-pt","9":"product_tag-radarwarner-einbau-pt-pt","11":"first","12":"instock","13":"taxable","14":"shipping-taxable","15":"purchasable","16":"product-type-simple"},"jetpack_sharing_enabled":true,"_links":{"self":[{"href":"https:\/\/www.radar-shop.eu\/pt-pt\/wp-json\/wp\/v2\/product\/6783","targetHints":{"allow":["GET"]}}],"collection":[{"href":"https:\/\/www.radar-shop.eu\/pt-pt\/wp-json\/wp\/v2\/product"}],"about":[{"href":"https:\/\/www.radar-shop.eu\/pt-pt\/wp-json\/wp\/v2\/types\/product"}],"replies":[{"embeddable":true,"href":"https:\/\/www.radar-shop.eu\/pt-pt\/wp-json\/wp\/v2\/comments?post=6783"}],"wp:featuredmedia":[{"embeddable":true,"href":"https:\/\/www.radar-shop.eu\/pt-pt\/wp-json\/wp\/v2\/media\/6784"}],"wp:attachment":[{"href":"https:\/\/www.radar-shop.eu\/pt-pt\/wp-json\/wp\/v2\/media?parent=6783"}],"wp:term":[{"taxonomy":"product_brand","embeddable":true,"href":"https:\/\/www.radar-shop.eu\/pt-pt\/wp-json\/wp\/v2\/product_brand?post=6783"},{"taxonomy":"product_cat","embeddable":true,"href":"https:\/\/www.radar-shop.eu\/pt-pt\/wp-json\/wp\/v2\/product_cat?post=6783"},{"taxonomy":"product_tag","embeddable":true,"href":"https:\/\/www.radar-shop.eu\/pt-pt\/wp-json\/wp\/v2\/product_tag?post=6783"}],"curies":[{"name":"wp","href":"https:\/\/api.w.org\/{rel}","templated":true}]}}