{"id":6762,"date":"2018-02-18T09:18:22","date_gmt":"2018-02-18T09:18:22","guid":{"rendered":"https:\/\/www.radar-shop.eu\/product\/kaza-dt-390-live-mtr\/"},"modified":"2018-02-18T09:18:22","modified_gmt":"2018-02-18T09:18:22","slug":"kaza-dt-390-live-mtr","status":"publish","type":"product","link":"https:\/\/www.radar-shop.eu\/pt-pt\/produto\/kaza-dt-390-live-mtr\/","title":{"rendered":"Kaza DT 390 LIVE MTR"},"content":{"rendered":"<p>El nuevo\u00a0<b>KAZA 390 Live MTR<\/b>\u00a0es un detector de radares de \u00faltima generaci\u00f3n al que se le ha dotado de una nueva antena especialmente dise\u00f1ada para detectar los nuevos radares\u00a0MTR\u00a0(MULTARADAR) a gran distancia sin producir falsas alertas. Esta potente antena que incrementa su sensibilidad m\u00e1s de 20% con respecto a la versi\u00f3n precedente se apoya sobre un\u00a0<b>nuevo procesador<\/b>\u00a0que multiplica por 100 la capacidad de filtraci\u00f3n y detecci\u00f3n de las emisiones de radiofrecuencia optimizando las detecciones en banda K-MTR y Ka y silenciando falsas alertas.<\/p>\n<p>Los nuevos radares de tecnolog\u00eda banda K pulsante denominados MTR con control inteligente\u00a0<i>multi-rail<\/i>\u00a0est\u00e1n siendo implantados fuertemente en toda Europa, y ya cubren m\u00e1s del 30% de los radares de Espa\u00f1a y m\u00e1s del 80% en Portugal convirti\u00e9ndose en la primera elecci\u00f3n de modelo por parte de las autoridades. Este tipo de radares que est\u00e1n reemplazando a los veteranos\u00a0<i>Multanova<\/i>\u00a0(34,3) est\u00e1n capacitados para actuar tanto en est\u00e1tico como en movimiento controlando varias v\u00eda\/veh\u00edculos al mismo tiempo.<\/p>\n<p>El detector y Avisador de radares\u00a0Kaza\u00a0DT390\u00a0<strong>MTR<\/strong>\u00a0LIVE es el \u00fanico dispositivo del mercado que ofrece un\u00a0<strong>TRIPLE ESCUDO DE PROTECCI\u00d3N<\/strong>:<\/p>\n<ul>\n<li>Avisador de radares GPS.<\/li>\n<li>Exclusiva Antena detectora\u00a0<strong>con tecnolog\u00eda MTR<\/strong>.<\/li>\n<li>Conectividad a la Comunidad LIVE con actualizaciones autom\u00e1ticas.<\/li>\n<\/ul>\n<p>Adem\u00e1s, incluye\u00a0<strong>suscripci\u00f3n gratuita\u00a0<\/strong>durante 6 meses ampliable al<strong>\u00a0servicio de protecci\u00f3n\/recurso de multas<\/strong>\u00a0por el uso de su Kaza, con garant\u00eda de reembolso en caso de sanci\u00f3n gestionado por Multalia.<\/p>\n","protected":false},"excerpt":{"rendered":"<p><strong>TRIPLE ESCUDO DE PROTECCI\u00d3N<\/strong>:<\/p>\n<ul>\n<li>Avisador de radares GPS.<\/li>\n<li>Exclusiva Antena detectora\u00a0<strong>con tecnolog\u00eda MTR<\/strong>.<\/li>\n<li>Conectividad a la Comunidad LIVE con actualizaciones autom\u00e1ticas.<\/li>\n<\/ul>\n<p>Adem\u00e1s, incluye\u00a0<strong>suscripci\u00f3n gratuita\u00a0<\/strong>durante 6 meses ampliable al<strong>\u00a0servicio de protecci\u00f3n\/recurso de multas<\/strong>\u00a0por el uso de su Kaza, con garant\u00eda de reembolso en caso de sanci\u00f3n gestionado por Multalia.<\/p>\n","protected":false},"featured_media":6763,"comment_status":"open","ping_status":"closed","template":"","meta":[],"product_brand":[],"product_cat":[2520,2547],"product_tag":[],"class_list":{"0":"post-6762","1":"product","2":"type-product","3":"status-publish","4":"has-post-thumbnail","6":"product_cat-detetores-de-radar-mobil","7":"product_cat-kaza-en-pt-pt","9":"first","10":"instock","11":"taxable","12":"shipping-taxable","13":"purchasable","14":"product-type-simple"},"jetpack_sharing_enabled":true,"_links":{"self":[{"href":"https:\/\/www.radar-shop.eu\/pt-pt\/wp-json\/wp\/v2\/product\/6762","targetHints":{"allow":["GET"]}}],"collection":[{"href":"https:\/\/www.radar-shop.eu\/pt-pt\/wp-json\/wp\/v2\/product"}],"about":[{"href":"https:\/\/www.radar-shop.eu\/pt-pt\/wp-json\/wp\/v2\/types\/product"}],"replies":[{"embeddable":true,"href":"https:\/\/www.radar-shop.eu\/pt-pt\/wp-json\/wp\/v2\/comments?post=6762"}],"wp:featuredmedia":[{"embeddable":true,"href":"https:\/\/www.radar-shop.eu\/pt-pt\/wp-json\/wp\/v2\/media\/6763"}],"wp:attachment":[{"href":"https:\/\/www.radar-shop.eu\/pt-pt\/wp-json\/wp\/v2\/media?parent=6762"}],"wp:term":[{"taxonomy":"product_brand","embeddable":true,"href":"https:\/\/www.radar-shop.eu\/pt-pt\/wp-json\/wp\/v2\/product_brand?post=6762"},{"taxonomy":"product_cat","embeddable":true,"href":"https:\/\/www.radar-shop.eu\/pt-pt\/wp-json\/wp\/v2\/product_cat?post=6762"},{"taxonomy":"product_tag","embeddable":true,"href":"https:\/\/www.radar-shop.eu\/pt-pt\/wp-json\/wp\/v2\/product_tag?post=6762"}],"curies":[{"name":"wp","href":"https:\/\/api.w.org\/{rel}","templated":true}]}}