{"id":6737,"date":"2018-03-15T10:04:36","date_gmt":"2018-03-15T10:04:36","guid":{"rendered":"https:\/\/www.radar-shop.eu\/product\/escort-max-360c-internacional\/"},"modified":"2025-11-05T06:06:55","modified_gmt":"2025-11-05T04:06:55","slug":"escort-max-360c-internacional","status":"publish","type":"product","link":"https:\/\/www.radar-shop.eu\/pt-pt\/produto\/escort-max-360c-internacional\/","title":{"rendered":"Escort Max 360C internacional"},"content":{"rendered":"<p><strong>El nuevo Escort Max 360C<\/strong> es la primera ADVERTENCIA de radar dise\u00f1ada para el coche conectado. Gracias a la conexi\u00f3n Wi-Fi incorporada, el MAX 360C se actualiza de forma inal\u00e1mbrica. El conductor es advertido en tiempo real para las \u00faltimas amenazas.<\/p>\n<p>Con\u00e9ctese directamente a Wi-Fi y con\u00e9ctese a la aplicaci\u00f3n ESCORT Live de su coche conectado sin que su smartphone tenga que conectarse al dispositivo de advertencia de radar en s\u00ed. ESCORT Live informa a los conductores de los pr\u00f3ximos puntos de peligro recibidos y reportados por otros usuarios en el \u00e1rea y le proporciona acceso instant\u00e1neo a los datos sobre alertas de velocidad.<\/p>\n<p>Si no tienes Wi-Fi con tu dispositivo m\u00f3vil y no tienes acceso a un hotspot, los usuarios todav\u00eda pueden emparejar su smartphone con el MAX 360C a trav\u00e9s de Bluetooth para aprovechar todas las funciones de ESCORT Live. Si se va a casa o parque cerca de un HotSpot Wi-Fi, la advertencia de radar se actualiza autom\u00e1ticamente al \u00faltimo software y firmware sin tener que quitar el dispositivo del veh\u00edculo.<\/p>\n<p>Las nuevas flechas direccionales para las alertas indican en qu\u00e9 direcci\u00f3n proviene la alarma, mientras que el procesamiento de se\u00f1ales digitales proporciona un alcance extremo y una respuesta r\u00e1pida. La advertencia de radar viene con la \u00faltima montura magn\u00e9tica EZ MAG, el cable de alimentaci\u00f3n Smartcord y una funda de viaje con una cremallera suave.<\/p>\n<h2>Escort Max 360C internacional<\/h2>\n<p>Gracias al procesamiento de radares ultrarr\u00e1pidos, la escolta MAX 360C tambi\u00e9n se queda en la carretera. El filtrado de primera clase garantiza que las advertencias de su RW sean precisas y precisas, evitando as\u00ed falsas alarmas no deseadas. Patentado por ESCORT, la tecnolog\u00eda autom\u00e1tica AutoLearn utiliza el GPS GPS 360C incorporado para aprender y rechazar autom\u00e1ticamente las falsas alarmas no deseadas. No se requiere intervenci\u00f3n manual del conductor.<\/p>\n<p>La pantalla OLED MAX 360C de Escort se puede adaptar a tus experiencias de conducci\u00f3n con m\u00faltiples esquemas de color. Las flechas multidireccionales que rodean el punto de visualizaci\u00f3n a la fuente de la amenaza.<\/p>\n<p>La escolta MAX 360C le informa sobre los puntos de POI m\u00e1s recientes a trav\u00e9s de la propia base de datos DEFENDER de ESCORT.<\/p>\n<h3>Pantalla OLED:<\/h3>\n<p>La advertencia de radar Escort Max 360C cuenta con una nueva pantalla OLED multicolora (diodo emisor de luz org\u00e1nico) con s\u00edmbolos intuitivos que detectan la naturaleza de la amenaza a primera vista. Puede ajustar la pantalla a azul, verde, rojo o \u00e1mbar para que coincida con el interior de su veh\u00edculo o sus preferencias personales. El brillo de la pantalla se puede ajustar a oscuro, m\u00ednimo, medio, m\u00e1ximo o autom\u00e1ticamente.<\/p>\n<h3>Detecci\u00f3n de radar mejorada:<\/h3>\n<p>El Max 360C tiene un receptor de radar extendido que asegura una advertencia de larga distancia para todas las mediciones de la c\u00e1mara de velocidad. El procesamiento de se\u00f1ales digitales proporciona un alcance m\u00e1ximo y alarmas falsas m\u00ednimas. El dispositivo ofrece cuatro ajustes de sensibilidad de la antena de radar:<\/p>\n<p><strong>Autopista<\/strong>: el modo autopista proporciona la m\u00e1xima sensibilidad para todas las bandas.<br \/>\n<strong>Auto<\/strong>: en modo autom\u00e1tico, el dispositivo analiza continuamente todas las se\u00f1ales entrantes y ajusta inteligentemente los circuitos de sensibilidad. Esto muestra alertas con un rango largo y alarmas falsas m\u00ednimas.<br \/>\n<strong>Auto no x<\/strong>: el modo auto no x deshabilita la detecci\u00f3n de banda x mientras mantiene la sensibilidad total a todas las dem\u00e1s bandas.<br \/>\n<strong>Auto lo x<\/strong>: modo auto lo x reduce la sensibilidad de la detecci\u00f3n de banda x, dejando la sensibilidad total a todas las otras bandas sin modificaci\u00f3n.<br \/>\n<strong>Tonos de voz y se\u00f1al<\/strong>: Si esta opci\u00f3n est\u00e1 activada, todas las notificaciones e instrucciones se enviar\u00e1n a trav\u00e9s de una declaraci\u00f3n de voz.<\/p>\n<h3>Entrega:<\/h3>\n<ul>\n<li>Radar Warner Escort MAX 360C<\/li>\n<li>Cable de alimentaci\u00f3n USB Smartcord<\/li>\n<li>Manga madura<\/li>\n<li>Dispara el nuevo soporte magn\u00e9tico EZ MAG<\/li>\n<\/ul>\n","protected":false},"excerpt":{"rendered":"<p><strong>El nuevo Escort Max 360C International-<\/strong> ADVERTENCIA de radar de Europa dise\u00f1ada para el coche conectado. Gracias a la conexi\u00f3n Wi-Fi incorporada, el MAX 360C se actualiza de forma inal\u00e1mbrica. El conductor es advertido en tiempo real.<\/p>\n<ul>\n<li>Wifi<\/li>\n<li>Bluetooth<\/li>\n<li>Base de datos de &amp; GPS<\/li>\n<li>ADVERTENCIA radar Europa<\/li>\n<li>Laser Warning Europa<\/li>\n<\/ul>\n","protected":false},"featured_media":6743,"comment_status":"open","ping_status":"closed","template":"","meta":[],"product_brand":[],"product_cat":[2520,2538],"product_tag":[2540,2541,2539],"class_list":{"0":"post-6737","1":"product","2":"type-product","3":"status-publish","4":"has-post-thumbnail","6":"product_cat-detetores-de-radar-mobil","7":"product_cat-escort-radar-en-pt-pt","8":"product_tag-escort-2-pt-pt","9":"product_tag-escort-360c-pt-pt","10":"product_tag-radar-detector-pt-pt","12":"first","13":"onbackorder","14":"sale","15":"taxable","16":"shipping-taxable","17":"purchasable","18":"product-type-simple"},"jetpack_sharing_enabled":true,"_links":{"self":[{"href":"https:\/\/www.radar-shop.eu\/pt-pt\/wp-json\/wp\/v2\/product\/6737","targetHints":{"allow":["GET"]}}],"collection":[{"href":"https:\/\/www.radar-shop.eu\/pt-pt\/wp-json\/wp\/v2\/product"}],"about":[{"href":"https:\/\/www.radar-shop.eu\/pt-pt\/wp-json\/wp\/v2\/types\/product"}],"replies":[{"embeddable":true,"href":"https:\/\/www.radar-shop.eu\/pt-pt\/wp-json\/wp\/v2\/comments?post=6737"}],"wp:featuredmedia":[{"embeddable":true,"href":"https:\/\/www.radar-shop.eu\/pt-pt\/wp-json\/wp\/v2\/media\/6743"}],"wp:attachment":[{"href":"https:\/\/www.radar-shop.eu\/pt-pt\/wp-json\/wp\/v2\/media?parent=6737"}],"wp:term":[{"taxonomy":"product_brand","embeddable":true,"href":"https:\/\/www.radar-shop.eu\/pt-pt\/wp-json\/wp\/v2\/product_brand?post=6737"},{"taxonomy":"product_cat","embeddable":true,"href":"https:\/\/www.radar-shop.eu\/pt-pt\/wp-json\/wp\/v2\/product_cat?post=6737"},{"taxonomy":"product_tag","embeddable":true,"href":"https:\/\/www.radar-shop.eu\/pt-pt\/wp-json\/wp\/v2\/product_tag?post=6737"}],"curies":[{"name":"wp","href":"https:\/\/api.w.org\/{rel}","templated":true}]}}