{"id":6705,"date":"2023-02-12T11:32:07","date_gmt":"2023-02-12T09:32:07","guid":{"rendered":"https:\/\/www.radar-shop.eu\/product\/nuevo-genevo-max-detector-de-radar-portatil-antiradar\/"},"modified":"2020-09-04T21:55:51","modified_gmt":"2020-09-04T19:55:51","slug":"nuevo-genevo-max-detector-de-radar-portatil-antiradar","status":"publish","type":"product","link":"https:\/\/www.radar-shop.eu\/pt-pt\/produto\/nuevo-genevo-max-detector-de-radar-portatil-antiradar\/","title":{"rendered":"GENEVO MAX (Espa\u00f1a)"},"content":{"rendered":"<h2 style=\"font-weight: 400;\"><strong>Genevo MAX (ESP)<\/strong><\/h2>\n<p><strong><img loading=\"lazy\" decoding=\"async\" class=\"alignright size-shop_isle_category_thumbnail wp-image-3630\" src=\"https:\/\/www.radar-shop.eu\/wp-content\/uploads\/\/Genevo-MAX_7-500x500.jpg\" alt=\"Genevo Max Detector de radar port\u00e1til\" width=\"500\" height=\"500\" \/><\/strong><\/p>\n<p><strong>Detetor de radar anti-linha port\u00e1til Genevo MAX.<\/strong>\u00a0Fabricado e projetado na Europa, a Genevo MAX apresenta uma antena redesenhada para aumentar a sensibilidade aos radares de banda K modulados de baixas emiss\u00f5es (CD Multaradar, Mutaradar CT, Gatso RT3 e Gatso RT4). Isto procura ser capaz de capturar o primeiro ressalto dispon\u00edvel maximizando dist\u00e2ncias de dete\u00e7\u00e3o.<\/p>\n<p>Este detetor de radar port\u00e1til oferece fabulosas dist\u00e2ncias de dete\u00e7\u00e3o na dete\u00e7\u00e3o de radares de tr\u00e1fego sem erros. Esta dete\u00e7\u00e3o \u00e9 complementada por um dispositivo de alerta GPS de alta precis\u00e3o para os radares indetet\u00e1veis (radares de alongamento, radares de indu\u00e7\u00e3o, sem\u00e1foros&#8230;).<\/p>\n<p>O detetor de radar Genevo MAX \u00e9 facilmente instal\u00e1vel e dissimu\u00edvel gra\u00e7as ao seu pequeno tamanho. \u00c9 muito leve, mas ao mesmo tempo robusto e com um acabamento de alta qualidade.<\/p>\n<p>Lentes de fresnel piramidais que amplifica e canaliza a rece\u00e7\u00e3o de micro-ondas a partir de radares (fixos e camuflados) em bordos e valas (maiores dist\u00e2ncias de dete\u00e7\u00e3o).<\/p>\n<p>Inclui sa\u00edda de minijack. Ideal para utiliza\u00e7\u00e3o em motociclos atrav\u00e9s da liga\u00e7\u00e3o de auscultadores ou de um emissor Bluetooth.<\/p>\n<p><strong>\u00a0<\/strong><\/p>\n<h3>GENEVO MAX &amp; MULTARADAR MRCD<\/h3>\n<p><strong>Com a GENEVO MAX<\/strong>, voc\u00ea estar\u00e1 protegido de todos os radares da pol\u00edcia, incluindo os modernos radares GATSO RT3\/RT4 e MultaRadars normalmente usados em Espanha. A dete\u00e7\u00e3o de radares fotoel\u00e9tricos de luz vermelha e radares de tr\u00e1fego de sec\u00e7\u00e3o \u00e9 evidente. Como b\u00f3nus, as atualiza\u00e7\u00f5es da base de dados de GPS s\u00e3o gratuitas, vital\u00edcias.<\/p>\n<p>O suporte magn\u00e9tico da Genevo MAX garante que pode ser facilmente montado, tanto vertical como horizontalmente. Uma novidade \u00e9 o ecr\u00e3 OLED multicolor, com ajuste de luminosidade autom\u00e1tico e uma entrada integrada de auscultadores.<\/p>\n<p>A for\u00e7a do sinal \u00e9 indicada por um sinal sonoro para ilustrar a dist\u00e2ncia at\u00e9 \u00e0 fonte de sinaliza\u00e7\u00e3o. Tamb\u00e9m pode guardar as suas pr\u00f3prias localiza\u00e7\u00f5es de GPS, conhecidas como POIs ou bloquear uma fonte de sinal de alerta falso, para que da pr\u00f3xima vez que chegar a este local n\u00e3o haja aviso ac\u00fastico e, portanto, a taxa de alarme falsa possa ser efetivamente reduzida.<\/p>\n<h3><img loading=\"lazy\" decoding=\"async\" class=\"size-shop_isle_category_thumbnail wp-image-4487 alignleft\" src=\"https:\/\/www.radar-shop.eu\/wp-content\/uploads\/\/genevo_max_hand-500x500.jpg\" alt=\"genevo_max_detector\" width=\"500\" height=\"500\" srcset=\"https:\/\/www.radar-shop.eu\/wp-content\/uploads\/genevo_max_hand-500x500.jpg 500w, https:\/\/www.radar-shop.eu\/wp-content\/uploads\/genevo_max_hand-300x300.jpg 300w, https:\/\/www.radar-shop.eu\/wp-content\/uploads\/genevo_max_hand-262x262.jpg 262w, https:\/\/www.radar-shop.eu\/wp-content\/uploads\/genevo_max_hand-160x160.jpg 160w\" sizes=\"auto, (max-width: 500px) 100vw, 500px\" \/><\/h3>\n<p><strong>AMIG\u00c1VEL PARA O UTILIZADOR<\/strong><\/p>\n<p>N\u00e3o \u00e9s um fan\u00e1tico por tecnologia? N\u00e3o se preocupe, genevo MAX \u00e9 muito f\u00e1cil de usar sem a dor de emparelhar smartphones e outros auss\u00eddos modernos, basta ligar e voc\u00ea est\u00e1 feito!<\/p>\n<p>ATUALIZA\u00c7\u00d5ES GRATUITAS<\/p>\n<p>As atualiza\u00e7\u00f5es de bases de dados de sistema e GPS s\u00e3o gratuitas para toda a vida e f\u00e1ceis de fazer, agora atrav\u00e9s do WIN PC e do MacOS. Tudo feito em menos de 1 minuto.<\/p>\n<p>TELA OLED<\/p>\n<p>O visor de cores apresenta agora o dobro da informa\u00e7\u00e3o anterior, claramente vis\u00edvel de todos os \u00e2ngulos.<\/p>\n<p>CONTROLO DE MOVIMENTOS<\/p>\n<p>Sensor de movimento para opera\u00e7\u00e3o sem contacto. Mude o alarme sem procurar o bot\u00e3o certo. Aperte a m\u00e3o em vez disso.<\/p>\n<p>SENSOR DE LUZ<\/p>\n<p>Sensor de luz inteligente para ajuste autom\u00e1tico de luminosidade. O visor ajusta automaticamente o brilho de acordo com a quantidade de luz na cabina.<\/p>\n<p>SENSOR DE RU\u00cdDO<\/p>\n<p>Sensor de ru\u00eddo na cabine. O detetor ajusta automaticamente o volume de alarme com base no n\u00edvel de ru\u00eddo no interior do ve\u00edculo.<\/p>\n<p>LASER SENSOR<\/p>\n<p>A lente laser foi completamente redesenhada e a sua sensibilidade multiplicou-se.<br \/>\nTecnologia laser semelhante \u00e9 usada em refletores militares.<\/p>\n<h3><img loading=\"lazy\" decoding=\"async\" class=\"size-shop_isle_category_thumbnail wp-image-3650 alignright\" src=\"https:\/\/www.radar-shop.eu\/wp-content\/uploads\/\/Genevo-MAX_1-500x500.jpg\" alt=\"Genevo MAX_Detector de radar port\u00e1til\" width=\"500\" height=\"500\" srcset=\"https:\/\/www.radar-shop.eu\/wp-content\/uploads\/Genevo-MAX_1-500x500.jpg 500w, https:\/\/www.radar-shop.eu\/wp-content\/uploads\/Genevo-MAX_1-300x300.jpg 300w, https:\/\/www.radar-shop.eu\/wp-content\/uploads\/Genevo-MAX_1-262x262.jpg 262w, https:\/\/www.radar-shop.eu\/wp-content\/uploads\/Genevo-MAX_1-160x160.jpg 160w\" sizes=\"auto, (max-width: 500px) 100vw, 500px\" \/><\/h3>\n<p>100% A\u00c7O<\/p>\n<p>Completamente furtivo contra a pol\u00edcia RDD&#8217;s (detetores de detetores de radar)<\/p>\n<p>GPS R\u00c1PIDO<\/p>\n<p>O m\u00f3dulo GPS GENEVO MAX, alimentado pela AlwaysLocate \u2122 e pela easy \u2122, que integra GPS, GLONASS, Galileu e QZSS e proporciona uma melhor rece\u00e7\u00e3o em \u00e1reas remotas e uma start-up mais r\u00e1pida.<\/p>\n<p>M\u00cdNIMO DE ALERTAS FALSOS<\/p>\n<p>Sistema de filtragem de alarmes falsos totalmente inovador que \u00e9 o melhor da competi\u00e7\u00e3o.<\/p>\n<p>Conectividade<\/p>\n<p>Equipado com o mais recente padr\u00e3o USB-C para upgrades e uma tomada cl\u00e1ssica de auscultadores de 3,5 mm para utiliza\u00e7\u00e3o em motos.<\/p>\n<p>GENEVO MAX ESP FREQU\u00caNCIAS OPERACIONAIS<\/p>\n<p>GPS: GPS, GLONASS, Galileo, QZSS<br \/>\nKa estrecho: 34,0 GHz, 34,3 GHz, 34,7 GHz, 35,5 GHz (\u00b1120 MHz)<br \/>\nKa de ancho: 33,4 GHz ~ 36,0 GHz<br \/>\nK estrecha: 24,125 GHz (\u00b170 MHz)<br \/>\nAncho K: 24,125 GHz (\u00b1150 MHz)<br \/>\nBanda X: 10,525 GHz (\u00b150 MHz)<br \/>\nMultaRadar: MRCD\/MRCT<br \/>\nGatso: Gatso RT3\/Gatso RT4<br \/>\nL\u00e1ser: 904nm<\/p>\n<p>GENEVO MAX PAR\u00c1METROS T\u00c9CNICOS<\/p>\n<p>Temperatura de funcionamiento: -20 \u00b0C a +85 \u00b0C<br \/>\nTemperatura de almacenamiento: -20 \u00b0C a +85 \u00b0C<br \/>\nTensi\u00f3n de funcionamiento: 11 V &#8211; 16 V<br \/>\nConsumo de energ\u00eda: 250 mA normal, 330 mA m\u00e1x. (12V)<br \/>\nDimensiones: 101 mm \u00d7 68 mm \u00d7 33 mm<\/p>\n<h3><\/h3>\n<p>&nbsp;<\/p>\n","protected":false},"excerpt":{"rendered":"<p><span style=\"color: #000080;\"><strong>RADAR-SHOP.EU altamente recomendado!<\/strong><\/span><\/p>\n<ul>\n<li>Moradia exterior de design moderno e alta qualidade<\/li>\n<li>Ecr\u00e3 OLED de cor com visibilidade de qualquer \u00e2ngulo<\/li>\n<li>Aumento da sensibilidade do mercado aos radares MultaradarCD, MultaradarCT e Gatso RT3 e RT4<\/li>\n<li>Menus muito simples, intuitivos e f\u00e1ceis de usar<\/li>\n<li>Excelente filtragem e controlo de falsos alarmes<\/li>\n<li>Sensor de movimento, sensor de ru\u00eddo e sensor de ilumina\u00e7\u00e3o<\/li>\n<li>A base de dados de GPS mais precisa em toda a Europa totalmente livre<\/li>\n<li>Atualiza\u00e7\u00f5es de firmware e base de dados pela Internet sem custos.<\/li>\n<li>Atualiza\u00e7\u00e3o dos sistemas operativos Windows e Mac<\/li>\n<li>Suporte magn\u00e9tico de alta resist\u00eancia que permite que o equipamento seja colocado horizontal ou verticalmente (inclu\u00eddo na embalagem).<\/li>\n<li>Cabo de alimenta\u00e7\u00e3o SmartCord com sa\u00edda USB para carregar o telem\u00f3vel.<\/li>\n<li>Silencia, liga e desliga o detetor a partir do pr\u00f3prio conector (inclu\u00eddo na embalagem)<\/li>\n<li>Indetet\u00e1vel em frente ao Scanner da Pol\u00edcia (DDR Spectre)<\/li>\n<\/ul>\n","protected":false},"featured_media":6709,"comment_status":"open","ping_status":"closed","template":"","meta":[],"product_brand":[],"product_cat":[2523,2520,2527],"product_tag":[2528],"class_list":{"0":"post-6705","1":"product","2":"type-product","3":"status-publish","4":"has-post-thumbnail","6":"product_cat-altamente-recomendado","7":"product_cat-detetores-de-radar-mobil","8":"product_cat-genevo-en-pt-pt","9":"product_tag-genevo-max-es-pt-pt","11":"first","12":"instock","13":"sale","14":"taxable","15":"shipping-taxable","16":"purchasable","17":"product-type-simple"},"jetpack_sharing_enabled":true,"_links":{"self":[{"href":"https:\/\/www.radar-shop.eu\/pt-pt\/wp-json\/wp\/v2\/product\/6705","targetHints":{"allow":["GET"]}}],"collection":[{"href":"https:\/\/www.radar-shop.eu\/pt-pt\/wp-json\/wp\/v2\/product"}],"about":[{"href":"https:\/\/www.radar-shop.eu\/pt-pt\/wp-json\/wp\/v2\/types\/product"}],"replies":[{"embeddable":true,"href":"https:\/\/www.radar-shop.eu\/pt-pt\/wp-json\/wp\/v2\/comments?post=6705"}],"wp:featuredmedia":[{"embeddable":true,"href":"https:\/\/www.radar-shop.eu\/pt-pt\/wp-json\/wp\/v2\/media\/6709"}],"wp:attachment":[{"href":"https:\/\/www.radar-shop.eu\/pt-pt\/wp-json\/wp\/v2\/media?parent=6705"}],"wp:term":[{"taxonomy":"product_brand","embeddable":true,"href":"https:\/\/www.radar-shop.eu\/pt-pt\/wp-json\/wp\/v2\/product_brand?post=6705"},{"taxonomy":"product_cat","embeddable":true,"href":"https:\/\/www.radar-shop.eu\/pt-pt\/wp-json\/wp\/v2\/product_cat?post=6705"},{"taxonomy":"product_tag","embeddable":true,"href":"https:\/\/www.radar-shop.eu\/pt-pt\/wp-json\/wp\/v2\/product_tag?post=6705"}],"curies":[{"name":"wp","href":"https:\/\/api.w.org\/{rel}","templated":true}]}}