{"id":14939,"date":"2021-11-05T17:43:15","date_gmt":"2021-11-05T15:43:15","guid":{"rendered":"https:\/\/www.radar-shop.eu\/product\/detetor-de-radar-de-longo-alcance-uniden-r4-eu-extreme\/"},"modified":"2025-08-01T03:18:56","modified_gmt":"2025-08-01T01:18:56","slug":"detetor-de-radar-de-longo-alcance-uniden-r4-eu-extreme","status":"publish","type":"product","link":"https:\/\/www.radar-shop.eu\/pt-pt\/produto\/detetor-de-radar-de-longo-alcance-uniden-r4-eu-extreme\/","title":{"rendered":"Detetor de Radar de Longo Alcance Uniden R4 EU Extreme"},"content":{"rendered":"<p><strong>O novo Uniden R4 EU<\/strong> \u00e9 uma plataforma 2022 totalmente nova com um alcance muito maior. Tem uma nova funcionalidade de Mem\u00f3ria Auto Mute, que bloqueia automaticamente as localiza\u00e7\u00f5es de falsos alertas. O R4 tamb\u00e9m tem o melhor filtro de Banda K do mercado, oferecendo a menor quantidade de falsos alertas de monitores de \u00e2ngulo morto e sensores de Banda K noutros ve\u00edculos. Quando precisa da melhor informa\u00e7\u00e3o poss\u00edvel, e nada de ru\u00eddo, o R4 Extreme da Uniden coloca-o milhas \u00e0 frente.<\/p>\n<h3>Vis\u00e3o Geral do Produto Uniden R4<\/h3>\n<ul>\n<li>Dete\u00e7\u00e3o de Radar Laser de Alcance Extremo<\/li>\n<li>Design de dois LNA (amplificadores de baixo ru\u00eddo)<\/li>\n<li>Processador de sinal digital<\/li>\n<li>GPS integrado para localiza\u00e7\u00e3o de radares de tr\u00e2nsito e de luzes vermelhas<\/li>\n<li>(EUA\/CANAD\u00c1\/NOVA incluindo Europa!)<\/li>\n<li>Ecr\u00e3 OLED ultra-brilhante, f\u00e1cil de ler e multicolorido<\/li>\n<li>MRCD\/MRCT (prioridade de alerta: Laser, MRCD, Ka, K, X) com tons<\/li>\n<li>personaliz\u00e1veis<\/li>\n<li>Alerta de c\u00e2mara de sem\u00e1foro vermelho<\/li>\n<li>Alerta de radares de tr\u00e2nsito<\/li>\n<li>Mem\u00f3ria de silenciamento autom\u00e1tico &#8211; Bloqueia automaticamente as<\/li>\n<li>localiza\u00e7\u00f5es de alertas falsos<\/li>\n<li>Filtros avan\u00e7ados de banda K\/KA<\/li>\n<li>Notifica\u00e7\u00f5es de voz<\/li>\n<li>Dete\u00e7\u00e3o de GATSO<\/li>\n<li>Viagem silenciosa (silenciamento autom\u00e1tico baseado na velocidade)<\/li>\n<li>Escurecimento autom\u00e1tico<\/li>\n<li>Tom de alerta, personaliz\u00e1vel, alertas<\/li>\n<li>Ecr\u00e3 de frequ\u00eancia de banda de radar (velocidade atual, tens\u00e3o da bateria, altitude, rel\u00f3gio)<\/li>\n<li>Identifica\u00e7\u00e3o de armas laser<\/li>\n<li>Spectre Elite Indetet\u00e1vel<\/li>\n<li>Sistema de aviso de velocidade MAX<\/li>\n<li>Suporte de suc\u00e7\u00e3o inclu\u00eddo (simples e duplo)<\/li>\n<li>Estojo de transporte inclu\u00eddo<\/li>\n<li>Adaptador para cigarros com tecla Mute, porta USB, cabo de dados e teclado<\/li>\n<li>remoto (acess\u00f3rio opcional)<\/li>\n<li>Firmware atualiz\u00e1vel<\/li>\n<\/ul>\n<h3>A caixa do Uniden R4 inclui<\/h3>\n<ul>\n<li>Detetor de Radar Uniden R4<\/li>\n<li>Cabo de alimenta\u00e7\u00e3o de 12V DC com conetor RJ11 (Tecla Mute, Teclado<\/li>\n<li>Remoto Opcional, Porta USB)<\/li>\n<li>Cabo de dados USB para Micro-USB<\/li>\n<li>Suporte de montagem no para-brisas do R4 (1 ventosa)<\/li>\n<li>Suporte de montagem no para-brisas R4 (2 ventosas)<\/li>\n<li>Fita de fixa\u00e7\u00e3o de gancho e la\u00e7o<\/li>\n<li>Manual do propriet\u00e1rio do Uniden R4 (Ingl\u00eas, Espanhol, Franc\u00eas)<\/li>\n<li>Mala de transporte r\u00edgida com fecho de correr<\/li>\n<\/ul>\n<h3>Uniden R4 vs. Valentine One Gen2 &#8211; an\u00e1lise comparativa do vortex<\/h3>\n<p><iframe loading=\"lazy\" src=\"https:\/\/www.youtube.com\/embed\/TUfTzKGpDbE\" width=\"1266\" height=\"712\" frameborder=\"0\" allowfullscreen=\"allowfullscreen\"><\/iframe><\/p>\n","protected":false},"excerpt":{"rendered":"<p>4 em 1: Radar 3D, Radar, Laser, Detetor de Radar GPS POI<br \/>\nGUIA DE COMPRA DO MELHOR DETECTOR DE RADAR<\/p>\n<p>Uniden R4 EURO &#8211; o n\u00ba 1 dos EUA e Canad\u00e1<\/p>\n<ul>\n<li>Dete\u00e7\u00e3o de radares a laser de alcance extremo<\/li>\n<li>Design com dois LNA (amplificadores de baixo ru\u00eddo)<\/li>\n<li>Processador de sinal digital de 360 graus<\/li>\n<li>GPS com alertas de c\u00e2maras de sem\u00e1foros vermelhos (Europa)<\/li>\n<\/ul>\n","protected":false},"featured_media":10785,"comment_status":"open","ping_status":"closed","template":"","meta":[],"product_brand":[],"product_cat":[2520,2668],"product_tag":[2787],"class_list":{"0":"post-14939","1":"product","2":"type-product","3":"status-publish","4":"has-post-thumbnail","6":"product_cat-detetores-de-radar-mobil","7":"product_cat-uniden-pt-pt","8":"product_tag-detetor-de-camaras-de-radar-de-velocidade","10":"first","11":"onbackorder","12":"sale","13":"taxable","14":"shipping-taxable","15":"purchasable","16":"product-type-simple"},"jetpack_sharing_enabled":true,"_links":{"self":[{"href":"https:\/\/www.radar-shop.eu\/pt-pt\/wp-json\/wp\/v2\/product\/14939","targetHints":{"allow":["GET"]}}],"collection":[{"href":"https:\/\/www.radar-shop.eu\/pt-pt\/wp-json\/wp\/v2\/product"}],"about":[{"href":"https:\/\/www.radar-shop.eu\/pt-pt\/wp-json\/wp\/v2\/types\/product"}],"replies":[{"embeddable":true,"href":"https:\/\/www.radar-shop.eu\/pt-pt\/wp-json\/wp\/v2\/comments?post=14939"}],"wp:featuredmedia":[{"embeddable":true,"href":"https:\/\/www.radar-shop.eu\/pt-pt\/wp-json\/wp\/v2\/media\/10785"}],"wp:attachment":[{"href":"https:\/\/www.radar-shop.eu\/pt-pt\/wp-json\/wp\/v2\/media?parent=14939"}],"wp:term":[{"taxonomy":"product_brand","embeddable":true,"href":"https:\/\/www.radar-shop.eu\/pt-pt\/wp-json\/wp\/v2\/product_brand?post=14939"},{"taxonomy":"product_cat","embeddable":true,"href":"https:\/\/www.radar-shop.eu\/pt-pt\/wp-json\/wp\/v2\/product_cat?post=14939"},{"taxonomy":"product_tag","embeddable":true,"href":"https:\/\/www.radar-shop.eu\/pt-pt\/wp-json\/wp\/v2\/product_tag?post=14939"}],"curies":[{"name":"wp","href":"https:\/\/api.w.org\/{rel}","templated":true}]}}