{"id":14493,"date":"2018-02-26T13:21:50","date_gmt":"2018-02-26T13:21:50","guid":{"rendered":"https:\/\/www.radar-shop.eu\/product\/valentine-one-detector-de-radar-europa\/"},"modified":"2026-03-13T06:06:28","modified_gmt":"2026-03-13T04:06:28","slug":"valentine-one-detector-de-radar-europa","status":"publish","type":"product","link":"https:\/\/www.radar-shop.eu\/pt-pt\/produto\/valentine-one-detector-de-radar-europa\/","title":{"rendered":"Valentine One &#8211; Detector de radar Europa"},"content":{"rendered":"<p><strong>O detector de radar Valentine One<\/strong> &#8211; O V1 \u00e9 o detector de radar cl\u00e1ssico e oferece radar m\u00f3vel e alerta laser com o maior alcance para utiliza\u00e7\u00e3o contra radares de velocidade e multas na Alemanha, \u00c1ustria e Su\u00ed\u00e7a. O Valentine One da Valentine Research ajuda contra radares de velocidade m\u00f3veis, armadilhas de radar e lasers.<\/p>\n<p><strong>Vantagens do Valentine One<\/strong><br \/>\ndetector de radar topo de gama com aviso laser para utiliza\u00e7\u00e3o em toda a Europa<br \/>\nMuitas op\u00e7\u00f5es de expans\u00e3o<br \/>\nDetector de radar de refer\u00eancia h\u00e1 muitos anos<br \/>\nVencedor do teste repetido nos \u00faltimos anos<br \/>\nO maior alcance (at\u00e9 1000 m em condi\u00e7\u00f5es ideais)<br \/>\nO maior desempenho poss\u00edvel em toda a Europa<br \/>\nRadar dianteiro e traseiro e antena laser<br \/>\nSa\u00edda de som brilhante<br \/>\nCaixa met\u00e1lica de alta qualidade<br \/>\nIndica\u00e7\u00e3o direccional dos sinais recebidos por meio de setas LED<br \/>\nFun\u00e7\u00e3o de autoteste no arranque<br \/>\nGr\u00e1fico LED (mostra a banda de frequ\u00eancia e a for\u00e7a do sinal)<br \/>\nModo de filtro cidade\/estrada (reduz a interfer\u00eancia de falsos alarmes)<br \/>\nControlo de volume<br \/>\nAcess\u00f3rios completos para montagem em p\u00e1ra-brisas (ventosas)<br \/>\nLocaliza\u00e7\u00e3o segura &#8211; n\u00e3o pode ser localizada electronicamente!<br \/>\nLiga\u00e7\u00e3o: basta ligar ao isqueiro e montar no p\u00e1ra-brisas (12 V)<\/p>\n<h3>Valentine One disadvantages &#8211; avalia\u00e7\u00e3o actual na compara\u00e7\u00e3o do detector de radar<\/h3>\n<ul>\n<li>As defini\u00e7\u00f5es n\u00e3o s\u00e3o intuitivas (nada funciona sem instru\u00e7\u00f5es)<\/li>\n<li>Sem visualiza\u00e7\u00e3o de matriz e texto<\/li>\n<li>Sem GPS a bordo<\/li>\n<li>sem fun\u00e7\u00e3o de base de dados do detector de radar POI<\/li>\n<li>n\u00e3o h\u00e1 protec\u00e7\u00e3o suficiente para c\u00e2maras de velocidade fixa<\/li>\n<li>sem sa\u00edda de voz<\/li>\n<li>n\u00e3o h\u00e1 detec\u00e7\u00e3o MRCD\/CT Multaradar suficiente<\/li>\n<li>relativamente grande na compara\u00e7\u00e3o de hoje<\/li>\n<li>Actualiza\u00e7\u00f5es apenas poss\u00edveis atrav\u00e9s da Valentine Research USA<\/li>\n<\/ul>\n<h3>As nossas recomenda\u00e7\u00f5es actuais de detector de radar<\/h3>\n<ul>\n<li><strong><a href=\"https:\/\/www.radar-shop.eu\/de\/produkt\/radarwarner-mobil\/navty-p1-performance-tracker\/\">NAVTY P1 Premium Edition<\/a>\u00a0<\/strong>&#8211; incl. detec\u00e7\u00e3o GPS e Multaradar (MRCD\/MRCT\/GATSO)<\/li>\n<li><a href=\"https:\/\/www.radar-shop.eu\/de\/produkt\/radarwarner-mobil\/genevo-one-m-edition\/\"><strong>Genevo One M<\/strong><\/a> &#8211; incl. detec\u00e7\u00e3o GPS e Multaradar (MRCD\/MRCT\/GATSO)<\/li>\n<\/ul>\n<p>Ambas as alternativas de detector de radar oferecem uma opera\u00e7\u00e3o mais simples atrav\u00e9s de menu de texto e sa\u00edda de voz em alem\u00e3o, bem como uma excelente detec\u00e7\u00e3o multaradar.<\/p>\n<p><iframe loading=\"lazy\" src=\"https:\/\/www.youtube.com\/embed\/klGZHmUdIPg\" width=\"640\" height=\"480\" frameborder=\"0\" allowfullscreen=\"allowfullscreen\"><\/iframe><\/p>\n","protected":false},"excerpt":{"rendered":"<p><strong>O detector de radar Valentine One<\/strong> &#8211; O V1 \u00e9 o detector de radar cl\u00e1ssico e oferece radar m\u00f3vel e alerta laser com o maior alcance para utiliza\u00e7\u00e3o contra radares de velocidade na Alemanha, \u00c1ustria e Su\u00ed\u00e7a. O Valentine One da Valentine Research ajuda contra os radares de velocidade m\u00f3veis, armadilhas de radar e lasers.<\/p>\n","protected":false},"featured_media":13802,"comment_status":"open","ping_status":"closed","template":"","meta":[],"product_brand":[],"product_cat":[2520,2566],"product_tag":[2770,2771],"class_list":{"0":"post-14493","1":"product","2":"type-product","3":"status-publish","4":"has-post-thumbnail","6":"product_cat-detetores-de-radar-mobil","7":"product_cat-valentine1-pt","8":"product_tag-detector-de-radar-v1","9":"product_tag-valentine-one-pt-pt","11":"first","12":"onbackorder","13":"sale","14":"taxable","15":"shipping-taxable","16":"purchasable","17":"product-type-simple"},"jetpack_sharing_enabled":true,"_links":{"self":[{"href":"https:\/\/www.radar-shop.eu\/pt-pt\/wp-json\/wp\/v2\/product\/14493","targetHints":{"allow":["GET"]}}],"collection":[{"href":"https:\/\/www.radar-shop.eu\/pt-pt\/wp-json\/wp\/v2\/product"}],"about":[{"href":"https:\/\/www.radar-shop.eu\/pt-pt\/wp-json\/wp\/v2\/types\/product"}],"replies":[{"embeddable":true,"href":"https:\/\/www.radar-shop.eu\/pt-pt\/wp-json\/wp\/v2\/comments?post=14493"}],"wp:featuredmedia":[{"embeddable":true,"href":"https:\/\/www.radar-shop.eu\/pt-pt\/wp-json\/wp\/v2\/media\/13802"}],"wp:attachment":[{"href":"https:\/\/www.radar-shop.eu\/pt-pt\/wp-json\/wp\/v2\/media?parent=14493"}],"wp:term":[{"taxonomy":"product_brand","embeddable":true,"href":"https:\/\/www.radar-shop.eu\/pt-pt\/wp-json\/wp\/v2\/product_brand?post=14493"},{"taxonomy":"product_cat","embeddable":true,"href":"https:\/\/www.radar-shop.eu\/pt-pt\/wp-json\/wp\/v2\/product_cat?post=14493"},{"taxonomy":"product_tag","embeddable":true,"href":"https:\/\/www.radar-shop.eu\/pt-pt\/wp-json\/wp\/v2\/product_tag?post=14493"}],"curies":[{"name":"wp","href":"https:\/\/api.w.org\/{rel}","templated":true}]}}