{"id":14491,"date":"2018-03-13T15:34:04","date_gmt":"2018-03-13T13:34:04","guid":{"rendered":"https:\/\/www.radar-shop.eu\/product\/stinger-vip-gps-freedom-laser-eso-autovelox\/"},"modified":"2026-02-13T06:06:32","modified_gmt":"2026-02-13T04:06:32","slug":"stinger-vip-gps-freedom-laser-eso-autovelox","status":"publish","type":"product","link":"https:\/\/www.radar-shop.eu\/pt-pt\/produto\/stinger-vip-gps-freedom-laser-eso-autovelox\/","title":{"rendered":"PACOTE PROFISSIONAL (STINGER VIP)"},"content":{"rendered":"<h2><span style=\"color: #000080;\">PACOTE PROFISSIONAL (STINGER VIP B\u00c1SICO)<\/span><br \/>\nSTINGER VIP RADAR +LASER +ESO\/AUTOVELOX PROTEC\u00c7\u00c3O COMPLETA<\/h2>\n<p style=\"font-weight: 400;\"><strong>O detector de radares Stinger VIP:<\/strong> A instala\u00e7\u00e3o fixa \u00e9 a \u00fanica op\u00e7\u00e3o para si? D\u00e1 grande import\u00e2ncia ao elevado profissionalismo, desempenho de topo absoluto combinado com elevado conforto operacional para o seu ve\u00edculo de alta qualidade e potente? Aprecia sempre a alta qualidade e gostaria de ter apenas um dispositivo de topo da classe premium absoluta instalado no seu ve\u00edculo? Ent\u00e3o deve escolher uma unidade de marca Stinger!<\/p>\n<p><strong>Encontrar\u00e1 uma resposta \u00e0 pergunta sobre o que torna os detectores de radar Stinger t\u00e3o especiais se clicar no pr\u00f3ximo separador &#8220;Porqu\u00ea Stinger?&#8221; acima.<\/strong><\/p>\n<p>O sistema Stinger VIP +GPS +Laser +eso \u00e9 composto pelos seguintes produtos:<br \/>\nDetector de radar Stinger VIP +GPS<br \/>\nBloqueador laser Stinger Analisador laser +2 m\u00f3dulo com a mais recente solu\u00e7\u00e3o de fibra \u00f3ptica invis\u00edvel<br \/>\n2x Stinger eso 3.0 \/ bloqueador de optospeed (para esquerda e direita &#8211; oculto integrado num titular de matr\u00edcula)<\/p>\n<p><strong>N\u00e3o tem a certeza de como vai ser uma instala\u00e7\u00e3o oculta no seu ve\u00edculo?<\/strong><br \/>\n<strong>Veja os v\u00eddeos!<\/strong><\/p>\n<p><iframe loading=\"lazy\" src=\"https:\/\/www.youtube.com\/embed\/0U3DSBzId6c?ecver=1\" width=\"780\" height=\"439\" frameborder=\"0\" allowfullscreen=\"allowfullscreen\"><\/iframe><\/p>\n<p style=\"font-weight: 400;\"><strong>A instala\u00e7\u00e3o do detector de radar<\/strong> pelos nossos mec\u00e2nicos\/electricos profissionais experientes, por exemplo em Heidelberg, pode ser feita de forma muito flex\u00edvel e discreta em termos de tempo (geralmente sexta-feira \u00e0 tarde, fim-de-semana). O tempo de instala\u00e7\u00e3o \u00e9 normalmente de 2-5 horas, dependendo do sistema desejado, tamb\u00e9m pode ser um pouco mais longo para carros ex\u00f3ticos. Os t\u00e9cnicos discutir\u00e3o consigo pessoalmente as op\u00e7\u00f5es de instala\u00e7\u00e3o com anteced\u00eancia, para que possa ter uma ideia de como ser\u00e1 a solu\u00e7\u00e3o a seguir. Durante a instala\u00e7\u00e3o, poder\u00e1 utilizar o tempo para uma visita tur\u00edstica \u00e0 cidade. Muitos clientes est\u00e3o muito satisfeitos com esta possibilidade. As dificuldades s\u00f3 podem surgir em casos raros, por exemplo, se n\u00e3o houver espa\u00e7o suficiente na parte da frente do ve\u00edculo ou se o desmantelamento das partes da carro\u00e7aria, por si s\u00f3, demorar horas e forem necess\u00e1rias ferramentas especiais. Por favor, adicione este item ao seu carrinho de compras se estiver interessado em providenciar a instala\u00e7\u00e3o do equipamento que encomendou.<\/p>\n","protected":false},"excerpt":{"rendered":"<p><strong><span style=\"color: #000080;\">PACOTE PROFISSIONAL (STINGER VIP)<\/span><\/strong><\/p>\n<p><strong>O detector de radar Stinger VIP<\/strong> com laser e eso Freedom \u00e9 o topo absoluto da unidade de alcance com visor LCD a cores. Este pacote fixo de detector de radar oferece aviso\/interfer\u00eancia de radar e laser, protec\u00e7\u00e3o fotoel\u00e9ctrica\/eso 3.0. Al\u00e9m do detector de radar, oferece tamb\u00e9m uma base de dados gratuita integrada de c\u00e2maras de velocidade GPS contra c\u00e2maras de velocidade fixa, c\u00e2maras de velocidade e lasers para toda a Europa.<\/p>\n","protected":false},"featured_media":12731,"comment_status":"open","ping_status":"closed","template":"","meta":[],"product_brand":[],"product_cat":[2564,2544],"product_tag":[],"class_list":{"0":"post-14491","1":"product","2":"type-product","3":"status-publish","4":"has-post-thumbnail","6":"product_cat-stinger-radar-pt","7":"product_cat-tudo-em-um-pacote","9":"first","10":"instock","11":"sale","12":"taxable","13":"shipping-taxable","14":"purchasable","15":"product-type-simple"},"jetpack_sharing_enabled":true,"_links":{"self":[{"href":"https:\/\/www.radar-shop.eu\/pt-pt\/wp-json\/wp\/v2\/product\/14491","targetHints":{"allow":["GET"]}}],"collection":[{"href":"https:\/\/www.radar-shop.eu\/pt-pt\/wp-json\/wp\/v2\/product"}],"about":[{"href":"https:\/\/www.radar-shop.eu\/pt-pt\/wp-json\/wp\/v2\/types\/product"}],"replies":[{"embeddable":true,"href":"https:\/\/www.radar-shop.eu\/pt-pt\/wp-json\/wp\/v2\/comments?post=14491"}],"wp:featuredmedia":[{"embeddable":true,"href":"https:\/\/www.radar-shop.eu\/pt-pt\/wp-json\/wp\/v2\/media\/12731"}],"wp:attachment":[{"href":"https:\/\/www.radar-shop.eu\/pt-pt\/wp-json\/wp\/v2\/media?parent=14491"}],"wp:term":[{"taxonomy":"product_brand","embeddable":true,"href":"https:\/\/www.radar-shop.eu\/pt-pt\/wp-json\/wp\/v2\/product_brand?post=14491"},{"taxonomy":"product_cat","embeddable":true,"href":"https:\/\/www.radar-shop.eu\/pt-pt\/wp-json\/wp\/v2\/product_cat?post=14491"},{"taxonomy":"product_tag","embeddable":true,"href":"https:\/\/www.radar-shop.eu\/pt-pt\/wp-json\/wp\/v2\/product_tag?post=14491"}],"curies":[{"name":"wp","href":"https:\/\/api.w.org\/{rel}","templated":true}]}}