{"id":14937,"date":"2021-11-05T17:43:15","date_gmt":"2021-11-05T15:43:15","guid":{"rendered":"https:\/\/www.radar-shop.eu\/product\/detektor-radarowy-dalekiego-zasiegu-uniden-r4-eu-extreme\/"},"modified":"2025-09-28T21:47:00","modified_gmt":"2025-09-28T19:47:00","slug":"detektor-radarowy-dalekiego-zasiegu-uniden-r4-eu-extreme","status":"publish","type":"product","link":"https:\/\/www.radar-shop.eu\/pl\/produkt\/detektor-radarowy-dalekiego-zasiegu-uniden-r4-eu-extreme\/","title":{"rendered":"Detektor radarowy dalekiego zasi\u0119gu Uniden R4 EU Extreme"},"content":{"rendered":"<p>Nowy Uniden R4 EU to ca\u0142kowicie nowa platforma 2022 o znacznie wi\u0119kszym zasi\u0119gu. Posiada now\u0105 funkcj\u0119 Auto Mute Memory, kt\u00f3ra automatycznie blokuje lokalizacje fa\u0142szywych alarm\u00f3w. R4 ma r\u00f3wnie\u017c najlepszy filtr pasma K na rynku, oferuj\u0105c najmniejsz\u0105 liczb\u0119 fa\u0142szywych alarm\u00f3w z monitor\u00f3w martwego pola i czujnik\u00f3w pasma K w innych pojazdach. Kiedy potrzebujesz najlepszych mo\u017cliwych informacji i \u017cadnego szumu, Uniden R4 Extreme daje Ci mil\u0119 przewagi.<\/p>\n<h3>Przegl\u0105d produkt\u00f3w Uniden R4<\/h3>\n<ul>\n<li>Laserowa detekcja radarowa o ekstremalnym zasi\u0119gu<\/li>\n<li>Konstrukcja z dwoma LNA (wzmacniaczami o niskim poziomie szum\u00f3w)<\/li>\n<li>Cyfrowy procesor sygna\u0142u<\/li>\n<li>Wbudowany GPS do lokalizacji czerwonego \u015bwiat\u0142a i fotoradar\u00f3w<\/li>\n<li>(USA\/KANADA\/NEW, w tym Europa!)<\/li>\n<li>Bardzo jasny, czytelny, wielokolorowy wy\u015bwietlacz OLED<\/li>\n<li>MRCD\/MRCT (priorytet alarmu: Laser, MRCD, Ka, K, X) z konfigurowalnymi d\u017awi\u0119kami<\/li>\n<li>Alert o fotoradarach na czerwonym \u015bwietle<\/li>\n<li>Ostrze\u017cenie o fotoradarach<\/li>\n<li>Pami\u0119\u0107 automatycznego wyciszenia &#8211; automatycznie blokuje lokalizacje<\/li>\n<li>fa\u0142szywych alarm\u00f3w<\/li>\n<li>Zaawansowane filtry pasma K\/KA<\/li>\n<li>Powiadomienia g\u0142osowe<\/li>\n<li>Wykrywanie GATSO<\/li>\n<li>Cicha jazda (automatyczne wyciszenie na podstawie pr\u0119dko\u015bci)<\/li>\n<li>Automatyczne przyciemnianie<\/li>\n<li>Bogey Tone, mo\u017cliwo\u015b\u0107 dostosowania, alerty<\/li>\n<li>Wy\u015bwietlanie cz\u0119stotliwo\u015bci pasma radaru (aktualna pr\u0119dko\u015b\u0107, napi\u0119cie<\/li>\n<li>akumulatora, wysoko\u015b\u0107, zegar)<\/li>\n<li>Identyfikacja pistoletu laserowego<\/li>\n<li>Spectre Elite niewykrywalny<\/li>\n<li>System ostrzegania o pr\u0119dko\u015bci MAX<\/li>\n<li>W zestawie uchwyt ss\u0105cy (pojedynczy i podw\u00f3jny)<\/li>\n<li>W zestawie futera\u0142<\/li>\n<li>Adapter do papieros\u00f3w z przyciskiem wyciszenia, portem USB, kablem do<\/li>\n<li>transmisji danych i zdaln\u0105 klawiatur\u0105 (akcesorium opcjonalne)<\/li>\n<li>Mo\u017cliwo\u015b\u0107 aktualizacji oprogramowania<\/li>\n<\/ul>\n<h3>Uniden R4 Box zawiera<\/h3>\n<ul>\n<li>Detektor radaru Uniden R4<\/li>\n<li>Przew\u00f3d zasilaj\u0105cy 12V DC ze z\u0142\u0105czem RJ11 (przycisk wyciszenia, opcjonalna<\/li>\n<li>klawiatura zdalna, port USB)<\/li>\n<li>Kabel USB do Micro-USB do transmisji danych<\/li>\n<li>Uchwyt monta\u017cowy R4 na przedni\u0105 szyb\u0119 (1 przyssawka)<\/li>\n<li>R4 Uchwyt monta\u017cowy na przedni\u0105 szyb\u0119 (2 przyssawki)<\/li>\n<li>Ta\u015bma mocuj\u0105ca z rzepem<\/li>\n<li>Instrukcja obs\u0142ugi Uniden R4 (angielski, hiszpa\u0144ski, francuski)<\/li>\n<li>Twardy futera\u0142 zapinany na zamek b\u0142yskawiczny<\/li>\n<\/ul>\n<h3>Uniden R4 vs. Valentine One Gen2 &#8211; recenzja por\u00f3wnawcza z vortex (angielski)<\/h3>\n<h3>\n<iframe loading=\"lazy\" src=\"https:\/\/www.youtube.com\/embed\/TUfTzKGpDbE\" width=\"1266\" height=\"712\" frameborder=\"0\" allowfullscreen=\"allowfullscreen\"><\/iframe><\/h3>\n","protected":false},"excerpt":{"rendered":"<p>4 w 1: radar 3D, radar, laser, wykrywacz radar\u00f3w GPS POI<br \/>\nPRZEWODNIK ZAKUPU NAJLEPSZEGO WYKRYWACZA RADAR\u00d3W<\/p>\n<p>Uniden R4 EURO &#8211; numer 1 w USA i Kanadzie<\/p>\n<ul>\n<li>Laserowe wykrywanie radaru o ekstremalnym zasi\u0119gu<\/li>\n<li>Konstrukcja z dwoma LNA (wzmacniaczami o niskim poziomie szum\u00f3w)<\/li>\n<li>Cyfrowy procesor sygna\u0142u 360 stopni<\/li>\n<li>GPS z ostrze\u017ceniami o fotoradarach (Europa)<\/li>\n<\/ul>\n","protected":false},"featured_media":10784,"comment_status":"open","ping_status":"closed","template":"","meta":[],"product_brand":[],"product_cat":[2104,2667],"product_tag":[2785],"class_list":{"0":"post-14937","1":"product","2":"type-product","3":"status-publish","4":"has-post-thumbnail","6":"product_cat-czujniki-radarowe-mobil","7":"product_cat-uniden-pl","8":"product_tag-detektor-radarowy-predkosci","10":"first","11":"onbackorder","12":"sale","13":"taxable","14":"shipping-taxable","15":"purchasable","16":"product-type-simple"},"jetpack_sharing_enabled":true,"_links":{"self":[{"href":"https:\/\/www.radar-shop.eu\/pl\/wp-json\/wp\/v2\/product\/14937","targetHints":{"allow":["GET"]}}],"collection":[{"href":"https:\/\/www.radar-shop.eu\/pl\/wp-json\/wp\/v2\/product"}],"about":[{"href":"https:\/\/www.radar-shop.eu\/pl\/wp-json\/wp\/v2\/types\/product"}],"replies":[{"embeddable":true,"href":"https:\/\/www.radar-shop.eu\/pl\/wp-json\/wp\/v2\/comments?post=14937"}],"wp:featuredmedia":[{"embeddable":true,"href":"https:\/\/www.radar-shop.eu\/pl\/wp-json\/wp\/v2\/media\/10784"}],"wp:attachment":[{"href":"https:\/\/www.radar-shop.eu\/pl\/wp-json\/wp\/v2\/media?parent=14937"}],"wp:term":[{"taxonomy":"product_brand","embeddable":true,"href":"https:\/\/www.radar-shop.eu\/pl\/wp-json\/wp\/v2\/product_brand?post=14937"},{"taxonomy":"product_cat","embeddable":true,"href":"https:\/\/www.radar-shop.eu\/pl\/wp-json\/wp\/v2\/product_cat?post=14937"},{"taxonomy":"product_tag","embeddable":true,"href":"https:\/\/www.radar-shop.eu\/pl\/wp-json\/wp\/v2\/product_tag?post=14937"}],"curies":[{"name":"wp","href":"https:\/\/api.w.org\/{rel}","templated":true}]}}