{"id":6352,"date":"2025-11-14T00:00:00","date_gmt":"2025-11-13T22:00:00","guid":{"rendered":"https:\/\/www.radar-shop.eu\/product\/valentine-one-v1-gen2-radar-detector\/"},"modified":"2025-11-14T11:31:54","modified_gmt":"2025-11-14T09:31:54","slug":"valentine-one-v1-gen2-radaru-detektors","status":"publish","type":"product","link":"https:\/\/www.radar-shop.eu\/lv\/produkts\/valentine-one-v1-gen2-radaru-detektors\/","title":{"rendered":"Valentine One V1 Gen2 Radaru detektors"},"content":{"rendered":"<p><strong>Valentine One V1 Gen2<\/strong> ir piln\u012bgi jauns dro\u0161\u012bbas instruments, kas p\u0101rsp\u0113j skaidru rezervi pat vist\u012br\u0101k att\u012bst\u012bto versiju V1. Inside visu jauno magnija gad\u012bjum\u0101 ir visu jaunu, un patent\u0113tu, radara mekl\u0113 motoru piel\u0101gots no koncepcijas, ko izmanto milit\u0101ro CHIRP radariem, lai atrastu fainter m\u0113r\u0137us t\u0101l\u0101k ar augst\u0101ku precizit\u0101ti. Ka-band diapazons ir iespaid\u012bgi lab\u0101k Valentine One V1 Gen2. K-band diapazons ir ar\u012b uzlabota. Jaun\u0101s SAW-D2L un LNA tehnolo\u0123ijas nodro\u0161ina \u0161o iev\u0113rojamo diapazonu pieaugumu tradicion\u0101laj\u0101 V1, vienlaikus nodro\u0161inot izr\u0101vienu Mask\u0113\u0161an\u0101s.<\/p>\n<p><img loading=\"lazy\" decoding=\"async\" class=\"aligncenter size-full wp-image-6353\" src=\"https:\/\/www.radar-shop.eu\/wp-content\/uploads\/Valentine-One-V1-Gen2.jpg\" alt=\"Valentine One V1 Gen2\" width=\"1000\" height=\"668\" srcset=\"https:\/\/www.radar-shop.eu\/wp-content\/uploads\/Valentine-One-V1-Gen2.jpg 1000w, https:\/\/www.radar-shop.eu\/wp-content\/uploads\/Valentine-One-V1-Gen2-300x200.jpg 300w, https:\/\/www.radar-shop.eu\/wp-content\/uploads\/Valentine-One-V1-Gen2-768x513.jpg 768w, https:\/\/www.radar-shop.eu\/wp-content\/uploads\/Valentine-One-V1-Gen2-750x500.jpg 750w, https:\/\/www.radar-shop.eu\/wp-content\/uploads\/Valentine-One-V1-Gen2-555x371.jpg 555w\" sizes=\"auto, (max-width: 1000px) 100vw, 1000px\" \/><\/p>\n<div>\n<h2>Valentine One V1 Gen2 &#8211; Kas included<\/h2>\n<ul>\n<li>Valentine One Gen2 radaru detektors<\/li>\n<li>\u012as\u0101 lieto\u0161anas pam\u0101c\u012bba<\/li>\n<li>V\u0113jstikla stiprin\u0101jums<\/li>\n<li>Sejsegs Stiprin\u0101jums<\/li>\n<li>Str\u0101vas vads, spoles \u2013 2 p\u0113das stiepjas l\u012bdz 8 p\u0113d\u0101m<\/li>\n<li>Str\u0101vas vads, taisns<\/li>\n<li>\u0160\u0137iltavas adapteris<\/li>\n<li>Tie\u0161\u0101 vada adapteris<\/li>\n<li>Elektroinstal\u0101cijas iej\u016bgs<\/li>\n<li>Rezerves dro\u0161in\u0101t\u0101js<\/li>\n<li>Rezerves pies\u016bcek\u0146i<\/li>\n<\/ul>\n<\/div>\n<div>\n<p><strong>Valentine One V1 Gen2 ievie\u0161 K-verific\u0113t\u0101ja tehnolo\u0123iju<\/strong>, lai uzlabotu iztur\u012bbu pret Blind Spot noteik\u0161anas sist\u0113m\u0101m jaun\u0101s automa\u0161\u012bn\u0101s un samazin\u0101tu viltus trauksmes sign\u0101lus no autom\u0101tiskajiem veikala durvju atv\u0113r\u0113jiem. Ieb\u016bv\u0113tais Bluetooth 5.0 nodro\u0161ina bezvadu savienojumu ar Apple vai Android viedt\u0101lru\u0146iem un plan\u0161etdatoriem. Bezmaksas app V1Connection, app- darbosies j\u016bsu ier\u012bc\u0113, sniedzot jums revolucion\u0101rs jauns veids, k\u0101 analiz\u0113t tie\u0161raides pl\u016bsmu draudu inform\u0101ciju, kas izriet no V1 Gen2. Jums b\u016bs pieejami ar\u012b turpm\u0101kie programmaparat\u016bras jaunin\u0101jumi.<\/p>\n<p><strong><img loading=\"lazy\" decoding=\"async\" class=\"alignright size-full wp-image-6356\" src=\"https:\/\/www.radar-shop.eu\/wp-content\/uploads\/V1-GEN2-app.png\" alt=\"V1 GEN2 app\" width=\"635\" height=\"690\" srcset=\"https:\/\/www.radar-shop.eu\/wp-content\/uploads\/V1-GEN2-app.png 635w, https:\/\/www.radar-shop.eu\/wp-content\/uploads\/V1-GEN2-app-276x300.png 276w, https:\/\/www.radar-shop.eu\/wp-content\/uploads\/V1-GEN2-app-555x603.png 555w\" sizes=\"auto, (max-width: 635px) 100vw, 635px\" \/><\/strong><\/p>\n<p><strong>Jaun\u0101 LNA tehnolo\u0123ija:<\/strong> Vien\u012bgais veids, k\u0101 papla\u0161in\u0101t diapazonu, ir atkl\u0101t arvien v\u0101j\u0101kus sign\u0101lus. Dom\u0101jiet par LNA k\u0101 sign\u0101la palielin\u0101t\u0101ju.<\/p>\n<p>LNA ir v\u0113l viens ieguvums, tas darbojas k\u0101 vienvirziena v\u0101rsts, slazdo\u0161anas LO izejas pirms t\u0101 aizb\u0113g V1 Gen2&#8217;s magnija gad\u012bjum\u0101. T\u0101 ir atsl\u0113ga, lai mask\u0113\u0161anos. V1 Gen2 ir praktiski nenosak\u0101ms.<\/p>\n<p>Jauns un patent\u0113ts, SAWD2L atkl\u0101t vair\u0101k radaru pievieno eksponenci\u0101li datu pl\u016bsmu. SAWD2L lec apstr\u0101des \u0101trumu vair\u0101k nek\u0101 simts reizes, kas \u013cauj V1 Gen2 \u0101tri k\u0101rtot \u0101truma slazdam radara sign\u0101lus no \u0161odienas lipek\u013ca joslu mai\u0146as un av\u0101rijas nov\u0113r\u0161anas radariem.<\/p>\n<p><strong>Diapazona p\u0101r\u0101kums<\/strong><\/p>\n<p>LNA v\u0101ju sign\u0101lu ieg\u016b\u0161anas baro\u0161ana high-rate anal\u012bze SAWD2L piebilst l\u012bdz izr\u0101vienu radara agr\u012bn\u0101 br\u012bdin\u0101juma. Diapazons pieaugums Ka josl\u0101 ir \u012bpa\u0161i dramatisks. M\u016bsu jaunie K-verific\u0113t\u0101js nes\u0113\u017e nev\u0113lamus K br\u012bdin\u0101jumus.<\/p>\n<p>M\u016bsu bezmaksas lietotnes \u013cauj uzlaboto draudu anal\u012bzi, vieglu programm\u0113\u0161anu un t\u016bl\u012bt\u0113jus V1 Gen2 uzlabojumus. Viedt\u0101lru\u0146a savienojums, izmantojot Bluetooth, ir ieb\u016bv\u0113ts.<\/p>\n<p>Izm\u0113rs: 12cm x 11cm x 3,5cm<\/p>\n<\/div>\n","protected":false},"excerpt":{"rendered":"<ul>\n<li>Valentine One V1 Gen2 radaru detektors ievie\u0161 K-verific\u0113t\u0101ja tehnolo\u0123iju, lai uzlabotu iztur\u012bbu pret Blind Spot noteik\u0161anas sist\u0113m\u0101m jaun\u0101s automa\u0161\u012bn\u0101s un samazin\u0101tu viltus trauksmes no autom\u0101tiskajiem veikala durvju atv\u0113r\u0113jiem.<\/li>\n<li>Ieb\u016bv\u0113tais Bluetooth 5.0 nodro\u0161ina bezvadu savienojumu ar Apple vai Android viedt\u0101lru\u0146iem un plan\u0161etdatoriem.<\/li>\n<li>Valentine V1Connection app darbosies uz j\u016bsu ier\u012bci, sniedzot jums revolucion\u0101rs jauns veids, k\u0101 analiz\u0113t tie\u0161raides pl\u016bsmu draudu inform\u0101ciju, kas pl\u016bst no V1 Gen2. Jums b\u016bs pieejami ar\u012b turpm\u0101kie programmaparat\u016bras jaunin\u0101jumi.<\/li>\n<\/ul>\n","protected":false},"featured_media":6357,"comment_status":"closed","ping_status":"closed","template":"","meta":[],"product_brand":[],"product_cat":[2681],"product_tag":[],"class_list":{"0":"post-6352","1":"product","2":"type-product","3":"status-publish","4":"has-post-thumbnail","6":"product_cat-uncategorized-lv","8":"first","9":"onbackorder","10":"sale","11":"taxable","12":"shipping-taxable","13":"purchasable","14":"product-type-simple"},"jetpack_sharing_enabled":true,"_links":{"self":[{"href":"https:\/\/www.radar-shop.eu\/lv\/wp-json\/wp\/v2\/product\/6352","targetHints":{"allow":["GET"]}}],"collection":[{"href":"https:\/\/www.radar-shop.eu\/lv\/wp-json\/wp\/v2\/product"}],"about":[{"href":"https:\/\/www.radar-shop.eu\/lv\/wp-json\/wp\/v2\/types\/product"}],"replies":[{"embeddable":true,"href":"https:\/\/www.radar-shop.eu\/lv\/wp-json\/wp\/v2\/comments?post=6352"}],"wp:featuredmedia":[{"embeddable":true,"href":"https:\/\/www.radar-shop.eu\/lv\/wp-json\/wp\/v2\/media\/6357"}],"wp:attachment":[{"href":"https:\/\/www.radar-shop.eu\/lv\/wp-json\/wp\/v2\/media?parent=6352"}],"wp:term":[{"taxonomy":"product_brand","embeddable":true,"href":"https:\/\/www.radar-shop.eu\/lv\/wp-json\/wp\/v2\/product_brand?post=6352"},{"taxonomy":"product_cat","embeddable":true,"href":"https:\/\/www.radar-shop.eu\/lv\/wp-json\/wp\/v2\/product_cat?post=6352"},{"taxonomy":"product_tag","embeddable":true,"href":"https:\/\/www.radar-shop.eu\/lv\/wp-json\/wp\/v2\/product_tag?post=6352"}],"curies":[{"name":"wp","href":"https:\/\/api.w.org\/{rel}","templated":true}]}}