{"id":14935,"date":"2021-11-05T17:43:15","date_gmt":"2021-11-05T15:43:15","guid":{"rendered":"https:\/\/www.radar-shop.eu\/product\/uniden-r4-eu-extreme-liela-darbibas-radiusa-radaru-detektors\/"},"modified":"2024-07-20T11:37:22","modified_gmt":"2024-07-20T09:37:22","slug":"uniden-r4-eu-extreme-liela-darbibas-radiusa-radaru-detektors","status":"publish","type":"product","link":"https:\/\/www.radar-shop.eu\/lv\/produkts\/uniden-r4-eu-extreme-liela-darbibas-radiusa-radaru-detektors\/","title":{"rendered":"Uniden R4 EU Extreme liela darb\u012bbas r\u0101diusa radaru detektors"},"content":{"rendered":"<p><strong>Jaunais Uniden R4 EU<\/strong> ir piln\u012bgi jauna 2022 platforma ar daudz liel\u0101ku darb\u012bbas diapazonu. Tai ir jauna autom\u0101tisk\u0101s izsl\u0113g\u0161anas atmi\u0146as funkcija, kas autom\u0101tiski blo\u0137\u0113 viltus trauksmes vietas. R4 ir ar\u012b lab\u0101kais K joslas filtrs tirg\u016b, kas nodro\u0161ina vismaz\u0101k viltus br\u012bdin\u0101jumu no neredzamo zonu monitoriem un K joslas sensoriem citos transportl\u012bdzek\u013cos. Ja jums nepiecie\u0161ama vislab\u0101k\u0101 iesp\u0113jam\u0101 inform\u0101cija un nek\u0101da trok\u0161\u0146a, Uniden R4 Extreme j\u016bs izvirza daudzu j\u016bd\u017eu priek\u0161\u0101.<\/p>\n<h3>Uniden R4 produkta p\u0101rskats<\/h3>\n<ul>\n<li>Ekstrem\u0101la diapazona l\u0101zera radara noteik\u0161ana<\/li>\n<li>Divu LNA (zema trok\u0161\u0146a pastiprin\u0101t\u0101ju) konstrukcija<\/li>\n<li>Digit\u0101lais sign\u0101la procesors<\/li>\n<li>Ieb\u016bv\u0113ts GPS sarkano gaismu un \u0101truma kameru atra\u0161an\u0101s vietu noteik\u0161anai (ASV\/KAN\u0100DA\/jaunums, ieskaitot Eiropu!)<\/li>\n<li>\u012apa\u0161i spilgts, viegli salas\u0101ms, daudzkr\u0101sains OLED displejs<\/li>\n<li>MRCD\/MRCT (br\u012bdin\u0101juma priorit\u0101te: l\u0101zers, MRCD, Ka, K, X) ar<\/li>\n<li>piel\u0101gojamiem sign\u0101liem<\/li>\n<li>Sarkano gaismu kameras br\u012bdin\u0101jums<\/li>\n<li>\u0100truma fotoradaru br\u012bdin\u0101jums<\/li>\n<li>Autom\u0101tiska izsl\u0113g\u0161anas atmi\u0146a &#8211; autom\u0101tiski blo\u0137\u0113 viltus br\u012bdin\u0101juma vietas<\/li>\n<li>Uzlabotie K\/KA joslas filtri<\/li>\n<li>Balss pazi\u0146ojumi<\/li>\n<li>GATSO noteik\u0161ana<\/li>\n<li>Klusa brauk\u0161ana (autom\u0101tisk\u0101 izsl\u0113g\u0161ana, pamatojoties uz \u0101trumu)<\/li>\n<li>Autom\u0101tiska aptum\u0161o\u0161ana<\/li>\n<li>Piel\u0101gojams br\u012bdin\u0101juma sign\u0101ls, piel\u0101gojams, br\u012bdin\u0101jumi<\/li>\n<li>Radara joslas frekven\u010du displejs (pa\u0161reiz\u0113jais \u0101trums, akumulatora spriegums, augstums, pulkstenis)<\/li>\n<li>L\u0101zera pistoles identifik\u0101cija<\/li>\n<li>Spectre Elite nenosak\u0101ms<\/li>\n<li>MAX \u0101truma br\u012bdin\u0101juma sist\u0113ma<\/li>\n<li>Komplekt\u0101 iek\u013cauts pies\u016bces stiprin\u0101jums (vienviet\u012bgs un divviet\u012bgs)<\/li>\n<li>Komplekt\u0101 iek\u013cauts p\u0101rn\u0113s\u0101\u0161anas futr\u0101lis<\/li>\n<li>Cigare\u0161u adapteris ar izsl\u0113g\u0161anas tausti\u0146u, USB ports, datu kabelis un<\/li>\n<li>t\u0101lvad\u012bbas tastat\u016bra (papildu piederums)<\/li>\n<li>Atjaunin\u0101ma programmaparat\u016bra<\/li>\n<\/ul>\n<h3>Uniden R4 kast\u0113 ietilpst<\/h3>\n<p>Uniden R4 radaru detektors<br \/>\n12V l\u012bdzstr\u0101vas baro\u0161anas vads ar RJ11 savienot\u0101ju (izsl\u0113g\u0161anas tausti\u0146\u0161, izv\u0113les t\u0101lvad\u012bbas tastat\u016bra, USB ports)<br \/>\nUSB-uz Micro-USB datu kabelis<br \/>\nR4 v\u0113jstikla stiprin\u0101juma kron\u0161teins (1 pies\u016bceknis)<br \/>\nR4 V\u0113jstikla stiprin\u0101juma kron\u0161teins (2 pies\u016bcek\u0146i)<br \/>\n\u0100\u0137a un cilpas stiprin\u0101juma lente<br \/>\nUniden R4 lietot\u0101ja rokasgr\u0101mata (ang\u013cu, sp\u0101\u0146u, fran\u010du valod\u0101)<br \/>\nCiets r\u0101v\u0113jsl\u0113dz\u0113ja aizdares somi\u0146a ar r\u0101v\u0113jsl\u0113dz\u0113ju<\/p>\n<h3>Uniden R4 vs Valentine One Gen2 &#8211; sal\u012bdzino\u0161s p\u0101rskats no vortex<\/h3>\n<p><iframe loading=\"lazy\" src=\"https:\/\/www.youtube.com\/embed\/TUfTzKGpDbE\" width=\"1266\" height=\"712\" frameborder=\"0\" allowfullscreen=\"allowfullscreen\"><\/iframe><\/p>\n","protected":false},"excerpt":{"rendered":"<p>4 in 1: 3D radars, radars, l\u0101zers, GPS POI radaru detektors<\/p>\n<p>Uniden R4 EURO &#8211; Nr. 1 no ASV un Kan\u0101das<\/p>\n<ul>\n<li>Ekstrem\u0101la diapazona l\u0101zera radara detektors<\/li>\n<li>Divu LNA (zema trok\u0161\u0146a l\u012bme\u0146a pastiprin\u0101t\u0101ju) konstrukcija<\/li>\n<li>360 gr\u0101du digit\u0101lais sign\u0101la procesors<\/li>\n<li>GPS ar sarkano gaismu kameru br\u012bdin\u0101jumiem (Eiropa)<\/li>\n<\/ul>\n","protected":false},"featured_media":10781,"comment_status":"open","ping_status":"closed","template":"","meta":[],"product_brand":[],"product_cat":[2429,2665],"product_tag":[2783],"class_list":{"0":"post-14935","1":"product","2":"type-product","3":"status-publish","4":"has-post-thumbnail","6":"product_cat-radaru-detektori-mobil","7":"product_cat-uniden-lv","8":"product_tag-atruma-radaru-kameru-detektors","10":"first","11":"onbackorder","12":"sale","13":"taxable","14":"shipping-taxable","15":"purchasable","16":"product-type-simple"},"jetpack_sharing_enabled":true,"_links":{"self":[{"href":"https:\/\/www.radar-shop.eu\/lv\/wp-json\/wp\/v2\/product\/14935","targetHints":{"allow":["GET"]}}],"collection":[{"href":"https:\/\/www.radar-shop.eu\/lv\/wp-json\/wp\/v2\/product"}],"about":[{"href":"https:\/\/www.radar-shop.eu\/lv\/wp-json\/wp\/v2\/types\/product"}],"replies":[{"embeddable":true,"href":"https:\/\/www.radar-shop.eu\/lv\/wp-json\/wp\/v2\/comments?post=14935"}],"wp:featuredmedia":[{"embeddable":true,"href":"https:\/\/www.radar-shop.eu\/lv\/wp-json\/wp\/v2\/media\/10781"}],"wp:attachment":[{"href":"https:\/\/www.radar-shop.eu\/lv\/wp-json\/wp\/v2\/media?parent=14935"}],"wp:term":[{"taxonomy":"product_brand","embeddable":true,"href":"https:\/\/www.radar-shop.eu\/lv\/wp-json\/wp\/v2\/product_brand?post=14935"},{"taxonomy":"product_cat","embeddable":true,"href":"https:\/\/www.radar-shop.eu\/lv\/wp-json\/wp\/v2\/product_cat?post=14935"},{"taxonomy":"product_tag","embeddable":true,"href":"https:\/\/www.radar-shop.eu\/lv\/wp-json\/wp\/v2\/product_tag?post=14935"}],"curies":[{"name":"wp","href":"https:\/\/api.w.org\/{rel}","templated":true}]}}