{"id":8962,"date":"2020-10-06T23:16:36","date_gmt":"2020-10-06T21:16:36","guid":{"rendered":"https:\/\/www.radar-shop.eu\/?post_type=product&#038;p=8962"},"modified":"2020-10-06T23:22:23","modified_gmt":"2020-10-06T21:22:23","slug":"genevo-pro-duo","status":"publish","type":"product","link":"https:\/\/www.radar-shop.eu\/lt\/produktas\/genevo-pro-duo\/","title":{"rendered":"GENEVO PRO DUO"},"content":{"rendered":"<p><strong>Genevo PRO DUO (anteriormente Genevo VIP) es el nuevo detector de instalaci\u00f3n<\/strong> de la familia Genevo. Con su display extra\u00edble y su 2 x antena Genevo HDM+ de \u00faltima generaci\u00f3n aspira a convertirse en el mejor detector de instalaci\u00f3n del mercado. Excelentes distancias de detecci\u00f3n y un avisador GPS muy preciso.<\/p>\n<p>Durante su desarrollo se ha puesto especial \u00e9nfasis en conseguir el\u00a0mejor rendimiento de antena\u00a0y\u00a0GPS,\u00a0f\u00e1cil de usar\u00a0y con una\u00a0instalaci\u00f3n r\u00e1pida y sencilla. Est\u00e1 compuesto por una unidad de control, antena detectora, antena GPS, altavoz autoamplificado y display extraible.<\/p>\n<p>Lente fresnel piramidal\u00a0que amplifica y canaliza la\u00a0recepci\u00f3n de microondas\u00a0procedentes de los\u00a0radares\u00a0(fijos y camuflados)\u00a0en los arcenes y cunetas\u00a0(mayores distancias de detecci\u00f3n).<\/p>\n<h2>La base de datos m\u00e1s precisa de Europa<\/h2>\n<p><strong>Base de datos de toda Europa<\/strong>. En Espa\u00f1a incluye la base de datos de\u00a0<strong>Robser<\/strong>. Incluye radares fijos, radares de sem\u00e1foro (fotorrojo), radares de tramo y posibles radares camuflados.<\/p>\n<h2>Actualizar y configurar nunca hab\u00eda sido tan f\u00e1cil<\/h2>\n<p>Sin necesidad de ordenador port\u00e1til ni Internet.\u00a0<strong>Genevo PRO DUO se puede actualizar y configurar f\u00e1cilmente desde una memoria USB<\/strong>. Todo lo que tienes que hacer es acceder a\u00a0www.genevoupdate.com, configurar los par\u00e1metros, descargar el archivo de actualizaci\u00f3n\/configuraci\u00f3n en una memoria USB y conectarlo a la entrada USB del Genevo PRO.\u00a0<strong>La actualizaci\u00f3n y configuraci\u00f3n se har\u00e1n autom\u00e1ticamente<\/strong>.<\/p>\n<h2>\u00bfNecesitas desactivar tu Genevo PRO DUO r\u00e1pidamente? Quita el display<\/h2>\n<p>Mientras que en algunos pa\u00edses de Europa el uso de Genevo PRO DUO es legal, en otro pa\u00edses no lo es. Por este motivo, Genevo PRO tiene un <strong>display extraible con el que poder desactivar el dispositivo en cualquier momento con tan s\u00f3lo quitarlo de su base<\/strong>. Para reactivar el sistema, vuelve a conectar el display. Adem\u00e1s esta acci\u00f3n es muy f\u00e1cil y sencilla ya que ambas partes est\u00e1n imantadas. Si quieres desconectar por completo el display, tampoco es problema: desconecta la base y el display y quedar\u00e1 el cable MicroUSB con el que podr\u00e1s recargar tu tel\u00e9fono m\u00f3vil.<\/p>\n<h2>Principales ventajas del Genevo PRO DUO<\/h2>\n<ul>\n<li>Precio sin rival<\/li>\n<li>Detecci\u00f3n radares MultaradarCD, MultaradarCT y Gatso.<\/li>\n<li>Display extraible.<\/li>\n<li>Indetectable<\/li>\n<li>Actualizaci\u00f3n y configuraci\u00f3n desde una\u00a0memoria USB.<\/li>\n<li>Los\u00a0men\u00fas m\u00e1s f\u00e1ciles de usar\u00a0del mercado.<\/li>\n<li>Antena detectora ultra sensible.<\/li>\n<li>Excelente\u00a0filtrado\u00a0de las\u00a0falsas alarmas.<\/li>\n<li>La base de datos m\u00e1s precisa de toda Europa.<\/li>\n<li>Base de datos GRATUITA<\/li>\n<li>Adaptado para Europa.<\/li>\n<li>Instalaci\u00f3n muy sencilla.<\/li>\n<\/ul>\n<p><strong>Informaci\u00f3n adicional<\/strong><\/p>\n<ul>\n<li>Banda K MTR\n<ul>\n<li>Multaradar CD<\/li>\n<li>Multaradar CT<\/li>\n<li>Gatso<\/li>\n<\/ul>\n<\/li>\n<\/ul>\n<ul>\n<li>Banda Ka ancha (33.4 GHz ~ 36.0 GHz) o acotada seg\u00fan configuraci\u00f3n: 4\u00a0tramos\n<ul>\n<li>Ka1 (34,0GHz \u00b1 120MHz)<\/li>\n<li>Ka2 (34,3GHz \u00b1 120MHz)<\/li>\n<li>Ka3 (34,7GHz \u00b1 120MHz)<\/li>\n<li>Ka4 (35,5GHz \u00b1 120MHz)<\/li>\n<\/ul>\n<\/li>\n<\/ul>\n<p>Con la configuraci\u00f3n por defecto (Ka2 y Ka4) se incluyen las frecuencias de los posibles descalibrados.<\/p>\n<ul>\n<li>\u00a0Banda K ancha o acotada\n<ul>\n<li>K1 (24.125GHz \u00b1 150MHz)<\/li>\n<\/ul>\n<\/li>\n<\/ul>\n","protected":false},"excerpt":{"rendered":"<p><strong>Detector de radar instalaci\u00f3n\u00a0Genevo PRO.<\/strong> \u00a0Detector de radar de instalaci\u00f3n de\u00a0alta gama\u00a0con\u00a0avisador GPS\u00a0incluido\u00a0que detecta los nuevos radares\u00a0MultaradarCD,\u00a0MultaradarCT\u00a0y\u00a0Gatso.\u00a0Probablemente, el mejor detector de radar del mercado.<\/p>\n<ul>\n<li><strong>Excelentes distancias de detecci\u00f3n\u00a0tanto en\u00a0los nuevos radares 3D<\/strong> de \u00faltima generaci\u00f3n como en los cl\u00e1sicos radares en banda KA.<\/li>\n<li>Display extraible imantado<\/li>\n<li><strong>Avisador GPS incluido<\/strong>\u00a0con base\u00a0de datos de toda Europa.<\/li>\n<li>En Espa\u00f1a base de datos Robser.<\/li>\n<\/ul>\n","protected":false},"featured_media":8980,"comment_status":"open","ping_status":"closed","template":"","meta":[],"product_brand":[],"product_cat":[2442,2481,2456],"product_tag":[2693],"class_list":{"0":"post-8962","1":"product","2":"type-product","3":"status-publish","4":"has-post-thumbnail","6":"product_cat-genevo-en-lt","7":"product_cat-pasirinktiniai-diegimo-detektoriai","8":"product_cat-viskas-viename-pakete","9":"product_tag-genevo-pro-lt","11":"first","12":"instock","13":"sale","14":"taxable","15":"shipping-taxable","16":"purchasable","17":"product-type-simple"},"jetpack_sharing_enabled":true,"_links":{"self":[{"href":"https:\/\/www.radar-shop.eu\/lt\/wp-json\/wp\/v2\/product\/8962","targetHints":{"allow":["GET"]}}],"collection":[{"href":"https:\/\/www.radar-shop.eu\/lt\/wp-json\/wp\/v2\/product"}],"about":[{"href":"https:\/\/www.radar-shop.eu\/lt\/wp-json\/wp\/v2\/types\/product"}],"replies":[{"embeddable":true,"href":"https:\/\/www.radar-shop.eu\/lt\/wp-json\/wp\/v2\/comments?post=8962"}],"wp:featuredmedia":[{"embeddable":true,"href":"https:\/\/www.radar-shop.eu\/lt\/wp-json\/wp\/v2\/media\/8980"}],"wp:attachment":[{"href":"https:\/\/www.radar-shop.eu\/lt\/wp-json\/wp\/v2\/media?parent=8962"}],"wp:term":[{"taxonomy":"product_brand","embeddable":true,"href":"https:\/\/www.radar-shop.eu\/lt\/wp-json\/wp\/v2\/product_brand?post=8962"},{"taxonomy":"product_cat","embeddable":true,"href":"https:\/\/www.radar-shop.eu\/lt\/wp-json\/wp\/v2\/product_cat?post=8962"},{"taxonomy":"product_tag","embeddable":true,"href":"https:\/\/www.radar-shop.eu\/lt\/wp-json\/wp\/v2\/product_tag?post=8962"}],"curies":[{"name":"wp","href":"https:\/\/api.w.org\/{rel}","templated":true}]}}