{"id":7695,"date":"2020-09-11T09:44:25","date_gmt":"2020-09-11T07:44:25","guid":{"rendered":"https:\/\/www.radar-shop.eu\/?post_type=product&#038;p=7695"},"modified":"2020-09-11T09:44:26","modified_gmt":"2020-09-11T07:44:26","slug":"neoline-x-cop-8700s-lt","status":"publish","type":"product","link":"https:\/\/www.radar-shop.eu\/lt\/produktas\/neoline-x-cop-8700s-lt\/","title":{"rendered":"NEOLINE X-COP 8700S LT"},"content":{"rendered":"<h2 class=\"productFullDetail-productName-1Ms\">Radar\u0173 detektorius NEOLINE X-COP 8700S<\/h2>\n<div class=\"productFullDetail-productReviewStars-8SO\">\n<div data-bv-show=\"rating_summary\" data-bv-product-id=\"36098\" data-bv-ready=\"true\">\n<div class=\"bv_main_container\">\n<div class=\"bv_numReviews_component_container\"><\/div>\n<div class=\"bv_main_container_row_flex\">\n<div class=\"bv_main_container_row_flex\">\n<div class=\"bv_button_component_container\"><b><strong>Judesio kontrol\u0117 &#8211; <\/strong><\/b>Neoliine X-COP 870S \u201eMotion Control\u201c technologija leid\u017eia i\u0161jungti garso ir balso signalus vienu rankos gestu. Tiesiog laikykite rank\u0105 prie\u0161 GPS informatoriaus ekran\u0105 ir aliarmo garsas bus i\u0161jungtas.<\/div>\n<\/div>\n<\/div>\n<\/div>\n<\/div>\n<\/div>\n<p style=\"font-weight: 400;\">\n<p style=\"font-weight: 400;\"><b><strong>\u0160viesos diod\u0173 ap\u0161vietimo re\u017eimai &#8211; <\/strong><\/b>Naudojant \u0161i\u0105 funkcij\u0105 ant diodo juosteli\u0173 galima parodyti gauto signalo stiprum\u0105 arba persp\u0117jim\u0105 apie art\u0117jim\u0105 prie GPS ta\u0161ko.<br \/>\n<b><\/b><\/p>\n<p style=\"font-weight: 400;\"><b><strong>Kalb\u0173 pasirinkimas &#8211; <\/strong><\/b>\u201eNeoline X-COP 8700s\u201c si\u016blo daugyb\u0119 kalb\u0173. \u0160iuo metu yra: angl\u0173, ispan\u0173, vokie\u010di\u0173, lietuvi\u0173, rus\u0173, \u010dek\u0173. Kalbos paketas bus nuolat atnaujinamas su nauju kalbos meniu.<br \/>\n<b><\/b><\/p>\n<p style=\"font-weight: 400;\"><b><strong>Daugiaspalvis OLED ekranas &#8211; <\/strong><\/b>Ry\u0161kus ir didelio kontrastingumo OLED ekranas, leid\u017eiantis lengvai skaityti net ry\u0161kioje aplinkoje. Automatinis jutiklis reguliuoja ekrano ry\u0161kum\u0105<br \/>\n<b><\/b><\/p>\n<p style=\"font-weight: 400;\"><b><strong>Aptinkamumas &#8211; <\/strong><\/b>Integruotas itin jautrus \u201eK&amp;Ka EXD Plus\u201c modulis \u201eMulta Radar CD\/CT\u201c ir visiems \u017eemo da\u017enio Europos policijos radarams aptikti. \u012ediegta pasaulin\u0117 radar\u0173 duomen\u0173 baz\u0117 GPS.<\/p>\n<p style=\"font-weight: 400;\">D\u0117mesio: d\u0117l skirting\u0173 i\u0161orini\u0173 aplinkybi\u0173, kurios daro \u012ftak\u0105 prietaiso veikimui (pvz. pa\u0161alini\u0173 prietais\u0173 spinduliavimo, \u0161ildomo priekinio automobilio stiklo, kra\u0161tovaizd\u017eio ypatum\u0173 ir kt.) tikslaus prietaiso veikimo atstumo n\u0117ra \u012fmanoma nustatyti. D\u0117l \u0161ios prie\u017easties, Gamintojas ir Pardav\u0117jas negarantuoja, kad prietaisas suveiks visais atvejais<\/p>\n<h4 class=\"productFullDetail-productName-1Ms\">NEOLINE X-COP 8700S<\/h4>\n<p style=\"font-weight: 400;\">\n<b><strong>Montavimo tipai &#8211; <\/strong><\/b>3 montavimo galimyb\u0117s: standartinis ant priekinio stiklo; apverstas \u201eauk\u0161tyn kojomis\u201c, montavimas prie galinio vaizdo veidrod\u017eio<br \/>\n<b><strong>Unikali technologija \u201eSignature\u201c &#8211; <\/strong><\/b>Integruotas specialus filtras, kuris suma\u017eina klaiding\u0173 signal\u0173 skai\u010di\u0173, laiku aptinka ir blokuoja suklastotus signalus.<\/p>\n","protected":false},"excerpt":{"rendered":"<p>3 in 1: Radaras, lazeris, GPS radaro detektorius<\/p>\n<ul>\n<li>\u012evairi\u0173 da\u017eni\u0173 signal\u0173 aptikimas (\u041a, \u041cTR, \u041a\u0430, Laser)<\/li>\n<li>Multa Radar CD, CT ir CD juda aptikimas (\u041c juosta)<\/li>\n<li>Itin jautrus &#8222;EXD Plus&#8221; modulis Tolimas itin jautrus<\/li>\n<li>GPS radaro duomen\u0173 baz\u0117 su nemokamais atnaujinimais<\/li>\n<\/ul>\n","protected":false},"featured_media":7451,"comment_status":"open","ping_status":"closed","template":"","meta":[],"product_brand":[],"product_cat":[2434,2465,2436],"product_tag":[],"class_list":{"0":"post-7695","1":"product","2":"type-product","3":"status-publish","4":"has-post-thumbnail","6":"product_cat-gps-radaro-detektorius","7":"product_cat-neoline-lt","8":"product_cat-radaro-detektoriai-mobil","10":"first","11":"instock","12":"sale","13":"taxable","14":"shipping-taxable","15":"purchasable","16":"product-type-simple"},"jetpack_sharing_enabled":true,"_links":{"self":[{"href":"https:\/\/www.radar-shop.eu\/lt\/wp-json\/wp\/v2\/product\/7695","targetHints":{"allow":["GET"]}}],"collection":[{"href":"https:\/\/www.radar-shop.eu\/lt\/wp-json\/wp\/v2\/product"}],"about":[{"href":"https:\/\/www.radar-shop.eu\/lt\/wp-json\/wp\/v2\/types\/product"}],"replies":[{"embeddable":true,"href":"https:\/\/www.radar-shop.eu\/lt\/wp-json\/wp\/v2\/comments?post=7695"}],"wp:featuredmedia":[{"embeddable":true,"href":"https:\/\/www.radar-shop.eu\/lt\/wp-json\/wp\/v2\/media\/7451"}],"wp:attachment":[{"href":"https:\/\/www.radar-shop.eu\/lt\/wp-json\/wp\/v2\/media?parent=7695"}],"wp:term":[{"taxonomy":"product_brand","embeddable":true,"href":"https:\/\/www.radar-shop.eu\/lt\/wp-json\/wp\/v2\/product_brand?post=7695"},{"taxonomy":"product_cat","embeddable":true,"href":"https:\/\/www.radar-shop.eu\/lt\/wp-json\/wp\/v2\/product_cat?post=7695"},{"taxonomy":"product_tag","embeddable":true,"href":"https:\/\/www.radar-shop.eu\/lt\/wp-json\/wp\/v2\/product_tag?post=7695"}],"curies":[{"name":"wp","href":"https:\/\/api.w.org\/{rel}","templated":true}]}}