{"id":14938,"date":"2021-11-05T17:43:15","date_gmt":"2021-11-05T15:43:15","guid":{"rendered":"https:\/\/www.radar-shop.eu\/product\/rivelatore-radar-a-lunga-portata-uniden-r4-eu-extreme\/"},"modified":"2024-02-18T22:53:32","modified_gmt":"2024-02-18T20:53:32","slug":"rivelatore-radar-a-lunga-portata-uniden-r4-eu-extreme","status":"publish","type":"product","link":"https:\/\/www.radar-shop.eu\/it\/prodotto\/rivelatore-radar-a-lunga-portata-uniden-r4-eu-extreme\/","title":{"rendered":"Rivelatore radar a lunga portata Uniden R4 EU Extreme"},"content":{"rendered":"<p><strong>Il nuovo Uniden R4 EU<\/strong> \u00e8 una piattaforma 2022 completamente nuova con una portata molto pi\u00f9 ampia. \u00c8 dotato di una nuova funzione di memoria di silenziamento automatico, che blocca automaticamente le posizioni di falso allarme. L&#8217;R4 dispone inoltre del miglior filtro a banda K sul mercato, in grado di offrire il minor numero di falsi allarmi dai monitor degli angoli ciechi e dai sensori a banda K di altri veicoli. Quando avete bisogno delle migliori informazioni possibili, senza alcun rumore, l&#8217;R4 Extreme di Uniden vi mette davanti a tutto.<\/p>\n<h3>Panoramica del prodotto Uniden R4<\/h3>\n<ul>\n<li>Rilevamento radar laser a distanza estrema<\/li>\n<li>Progettazione di due LNA (amplificatori a basso rumore)<\/li>\n<li>Processore di segnale digitale<\/li>\n<li>GPS incorporato per la localizzazione di autovelox e semafori rossi<\/li>\n<li>(USA\/CANADA\/NUOVO anche in Europa!)<\/li>\n<li>Display OLED multicolore ultra-luminoso e di facile lettura<\/li>\n<li>MRCD\/MRCT (priorit\u00e0 di allarme: Laser, MRCD, Ka, K, X) con toni<\/li>\n<li>personalizzabili<\/li>\n<li>Allarme telecamera a semaforo rosso<\/li>\n<li>Allarme autovelox<\/li>\n<li>Memoria di silenziamento automatico &#8211; Blocca automaticamente le posizioni<\/li>\n<li>di falso allarme<\/li>\n<li>Filtri avanzati per le bande K\/KA<\/li>\n<li>Notifiche vocali<\/li>\n<li>Rilevamento GATSO<\/li>\n<li>Guida silenziosa (silenziamento automatico basato sulla velocit\u00e0)<\/li>\n<li>Attenuazione automatica<\/li>\n<li>Tono di disturbo, personalizzabile, avvisi<\/li>\n<li>Visualizzazione della frequenza della banda radar (velocit\u00e0 corrente, tensione<\/li>\n<li>della batteria, altitudine, orologio)<\/li>\n<li>Identificazione delle pistole laser<\/li>\n<li>Spectre Elite non rilevabile<\/li>\n<li>Sistema di avviso della velocit\u00e0 MAX<\/li>\n<li>Supporto a ventosa incluso (singolo e doppio)<\/li>\n<li>Custodia per il trasporto inclusa<\/li>\n<li>Adattatore per sigarette con tasto Mute, porta USB, cavo dati e tastierino<\/li>\n<li>remoto (accessorio opzionale)<\/li>\n<li>Firmware aggiornabile<\/li>\n<\/ul>\n<h3>Uniden R4 Box include<\/h3>\n<ul>\n<li>Rivelatore radar Uniden R4<\/li>\n<li>Cavo di alimentazione a 12 V CC con connettore RJ11 (tasto Mute, tastierino<\/li>\n<li>remoto opzionale, porta USB)<\/li>\n<li>Cavo dati da USB a Micro-USB<\/li>\n<li>Staffa di montaggio del parabrezza R4 (1 ventosa)<\/li>\n<li>R4 Staffa di montaggio sul parabrezza (2 ventose)<\/li>\n<li>Nastro di fissaggio con gancio e anello<\/li>\n<li>Manuale d&#8217;uso Uniden R4 (inglese, spagnolo, francese)<\/li>\n<li>Custodia rigida con cerniera per il trasporto<\/li>\n<\/ul>\n<h3>Uniden R4 vs. Valentine One Gen2 &#8211; recensione comparativa da vortex<\/h3>\n<p><iframe loading=\"lazy\" src=\"https:\/\/www.youtube.com\/embed\/TUfTzKGpDbE\" width=\"1266\" height=\"712\" frameborder=\"0\" allowfullscreen=\"allowfullscreen\"><\/iframe><\/p>\n","protected":false},"excerpt":{"rendered":"<p>4 in 1: Rivelatore radar 3D, radar, laser, GPS POI Radar<br \/>\nGUIDA ALL&#8217;ACQUISTO DEL MIGLIOR RILEVATORE RADAR<\/p>\n<p>Uniden R4 EURO &#8211; il n. 1 di USA e Canada<\/p>\n<ul>\n<li>Rilevamento radar laser a distanza estrema<\/li>\n<li>Design a due LNA (amplificatori a basso rumore)<\/li>\n<li>Processore di segnale digitale a 360 gradi<\/li>\n<li>GPS con avvisi di telecamere a luci rosse (Europa)<\/li>\n<\/ul>\n","protected":false},"featured_media":10780,"comment_status":"open","ping_status":"closed","template":"","meta":[],"product_brand":[],"product_cat":[173,2664],"product_tag":[2786],"class_list":{"0":"post-14938","1":"product","2":"type-product","3":"status-publish","4":"has-post-thumbnail","6":"product_cat-rivelatore-radar-cruscotto","7":"product_cat-uniden-it","8":"product_tag-rilevatore-di-autovelox","10":"first","11":"onbackorder","12":"sale","13":"taxable","14":"shipping-taxable","15":"purchasable","16":"product-type-simple"},"jetpack_sharing_enabled":true,"_links":{"self":[{"href":"https:\/\/www.radar-shop.eu\/it\/wp-json\/wp\/v2\/product\/14938","targetHints":{"allow":["GET"]}}],"collection":[{"href":"https:\/\/www.radar-shop.eu\/it\/wp-json\/wp\/v2\/product"}],"about":[{"href":"https:\/\/www.radar-shop.eu\/it\/wp-json\/wp\/v2\/types\/product"}],"replies":[{"embeddable":true,"href":"https:\/\/www.radar-shop.eu\/it\/wp-json\/wp\/v2\/comments?post=14938"}],"wp:featuredmedia":[{"embeddable":true,"href":"https:\/\/www.radar-shop.eu\/it\/wp-json\/wp\/v2\/media\/10780"}],"wp:attachment":[{"href":"https:\/\/www.radar-shop.eu\/it\/wp-json\/wp\/v2\/media?parent=14938"}],"wp:term":[{"taxonomy":"product_brand","embeddable":true,"href":"https:\/\/www.radar-shop.eu\/it\/wp-json\/wp\/v2\/product_brand?post=14938"},{"taxonomy":"product_cat","embeddable":true,"href":"https:\/\/www.radar-shop.eu\/it\/wp-json\/wp\/v2\/product_cat?post=14938"},{"taxonomy":"product_tag","embeddable":true,"href":"https:\/\/www.radar-shop.eu\/it\/wp-json\/wp\/v2\/product_tag?post=14938"}],"curies":[{"name":"wp","href":"https:\/\/api.w.org\/{rel}","templated":true}]}}