{"id":14643,"date":"2018-06-05T09:58:20","date_gmt":"2018-06-05T07:58:20","guid":{"rendered":"https:\/\/www.radar-shop.eu\/product\/esoguard-pro-dual-eso3-autovelox\/"},"modified":"2025-01-21T06:05:38","modified_gmt":"2025-01-21T04:05:38","slug":"esoguard-pro-dual-eso3-autovelox","status":"publish","type":"product","link":"https:\/\/www.radar-shop.eu\/it\/prodotto\/esoguard-pro-dual-eso3-autovelox\/","title":{"rendered":"ESOGUARD PRO DUAL &#8211; ESO3 Autovelox Protezione"},"content":{"rendered":"<h2>WAS IST DIE FUNCTION DIESES PRODUCTS Autovelox ESO 3.0 BLOCKER?<\/h2>\n<p>Dopo che per molto tempo sono stati sufficienti i rilevatori radar, i laser e gli autovelox GPS, di recente si \u00e8 diffuso in Italia un nuovo dispositivo di misurazione, il cosiddetto sensore unilaterale eso es 3.0. Riconoscerete sicuramente il dispositivo di misurazione dalle foto presenti su Internet. Qui i collaudati rilevatori radar e i sistemi laser rimangono inefficaci. La nuova generazione di Esoguard PRO ha ora sensori ancora pi\u00f9 piccoli, che rendono l&#8217;installazione ancora pi\u00f9 semplice e invisibile. Anche la compatibilit\u00e0 con le protezioni laser anti-laser \u00e8 stata presa in considerazione e ottimizzata.<\/p>\n<p>L&#8217;interferitore per barriere fotoelettriche Autovelox ESO GUARD Pro \u00e8 stato sviluppato appositamente per i veicoli che non hanno il frontale dritto! Funziona con tutti i sensori unilaterali, sia ESO 1.0, Eso 3.0 o (anche ESO 3.0 Matrix), anche su pi\u00f9 corsie. Anche in galleria le prestazioni sono garantite al 100%, poich\u00e9 il sistema si disattiva solo dopo aver spento il veicolo (a seconda del tipo di connessione).<\/p>\n<p>I sensori di nuova concezione offrono ora opzioni di installazione completamente nuove. Come in passato, grazie alla migliorata tecnologia a doppia testa, ora \u00e8 ancora pi\u00f9 facile respingere in modo affidabile e interferire con le misure ESO su entrambi i lati.<\/p>\n<p>Durante lo sviluppo, si \u00e8 prestata particolare attenzione a rendere l&#8217;installazione ancora pi\u00f9 semplice rispetto al modello precedente, il che significa che anche veicoli come Porsche, Ferrari, Mercedes AMG, Lamborghini, McLaren e tutte le altre auto supersportive possono ora installare ESO GUARD Pro senza problemi.<\/p>\n<p>Se possedete un&#8217;auto che non ha il frontale dritto, vi consigliamo vivamente di installare ESO GUARD Pro. Se possedete un&#8217;auto che non ha il frontale dritto, vi consigliamo vivamente di installare l&#8217;ESO GUARD Pro, poich\u00e9 i normali sensori ESO GUARD hanno uno spazio di manovra molto ridotto durante l&#8217;installazione e quindi i sensori non possono essere allineati al 100% lateralmente (90 gradi). Con ESO GUARD Pro, questi problemi non esistono pi\u00f9, poich\u00e9 i sensori di nuova concezione sono assolutamente flessibili e quindi \u00e8 possibile ottenere quasi tutte le posizioni di installazione desiderate.<\/p>\n<p><iframe loading=\"lazy\" title=\"BMW M Power mit ESO GUARD\" width=\"980\" height=\"551\" src=\"https:\/\/www.youtube.com\/embed\/5_EUQ_ZRzWc?feature=oembed\" frameborder=\"0\" allow=\"accelerometer; autoplay; clipboard-write; encrypted-media; gyroscope; picture-in-picture; web-share\" allowfullscreen><\/iframe><\/p>\n<p>Non sapete che aspetto avr\u00e0 la protezione nascosta Autovelox nel vostro veicolo?<br \/>\nGuardate i video:<\/p>\n<p><img loading=\"lazy\" decoding=\"async\" class=\"aligncenter size-full wp-image-139\" src=\"https:\/\/www.radar-shop.eu\/wp-content\/uploads\/2017\/03\/Video_Radarwarner.jpg\" alt=\"\" width=\"500\" height=\"80\" srcset=\"https:\/\/www.radar-shop.eu\/wp-content\/uploads\/2017\/03\/Video_Radarwarner.jpg 500w, https:\/\/www.radar-shop.eu\/wp-content\/uploads\/2017\/03\/Video_Radarwarner-300x48.jpg 300w\" sizes=\"auto, (max-width: 500px) 100vw, 500px\" \/><\/p>\n<p>Se siete interessati, l&#8217;installazione di questi dispositivi da parte di meccanici\/elettricisti professionisti esperti, ad esempio a Salisburgo, Heidelberg o Amburgo, \u00e8 possibile in modo molto flessibile e discreto in termini di tempo (di solito il venerd\u00ec pomeriggio, nel fine settimana). Il tempo di installazione \u00e8 solitamente di 2-5 ore a seconda del sistema, pu\u00f2 anche essere un po&#8217; pi\u00f9 lungo per le auto esotiche. Naturalmente i tecnici discuteranno personalmente con voi le opzioni di installazione in anticipo, in modo che possiate farvi un&#8217;idea di come sar\u00e0 la soluzione dopo. Durante l&#8217;installazione, potreste approfittare del tempo per fare un giro in citt\u00e0. Molti clienti sono molto soddisfatti di questa possibilit\u00e0. Le difficolt\u00e0 possono sorgere solo in rari casi, ad esempio se non c&#8217;\u00e8 abbastanza spazio nella parte anteriore del veicolo o se lo smontaggio delle sole parti della carrozzeria richiederebbe ore e sono necessari strumenti speciali. Aggiungete questo articolo al vostro carrello se siete interessati a organizzare l&#8217;installazione dell&#8217;attrezzatura ordinata.<\/p>\n","protected":false},"excerpt":{"rendered":"<p>Finalmente disponibile e importante per i clienti italiani: Esoguard PRO Dual offre un&#8217;interferenza completa per le misure dei sensori ESO come protezione Autovelox per installazioni fisse con due sensori &#8211; ordinate qui ora.<\/p>\n<ul>\n<li>Appositamente progettato per tutti i veicoli con frontale curvo<\/li>\n<li>Nessun errore quando si utilizzano i disturbatori laser<\/li>\n<li>Compatibile con i pi\u00f9 noti disturbatori laser<\/li>\n<li>Interferisce con ESO 1.0, ESO 3.0, ESO 3.0 Matrix<\/li>\n<li>Interferisce con Autovelox in Italia\/Spagna<\/li>\n<li>I sensori pi\u00f9 piccoli per l&#8217;installazione<\/li>\n<li>Cavo di alimentazione da 2 metri<\/li>\n<li>Prodotto in Germania<\/li>\n<li>Sviluppato appositamente per tutte le auto supersportive<\/li>\n<li>L&#8217;angolo di apertura \u00e8 stato enormemente aumentato<\/li>\n<li>Sensori ultra flessibili per l&#8217;installazione<\/li>\n<li>Un&#8217;unica unit\u00e0 di controllo molto piccola<\/li>\n<li>Sensori completamente nuovi<\/li>\n<li>Possibilit\u00e0 di installazione rapida in auto<\/li>\n<li>Aggiornabile per il futuro<\/li>\n<li>2 anni di garanzia<\/li>\n<\/ul>\n","protected":false},"featured_media":287,"comment_status":"open","ping_status":"closed","template":"","meta":[],"product_brand":[],"product_cat":[94,169],"product_tag":[],"class_list":{"0":"post-14643","1":"product","2":"type-product","3":"status-publish","4":"has-post-thumbnail","6":"product_cat-esoguard-it","7":"product_cat-interferenza-laser-autovelox","9":"first","10":"instock","11":"sale","12":"taxable","13":"shipping-taxable","14":"purchasable","15":"product-type-simple"},"jetpack_sharing_enabled":true,"_links":{"self":[{"href":"https:\/\/www.radar-shop.eu\/it\/wp-json\/wp\/v2\/product\/14643","targetHints":{"allow":["GET"]}}],"collection":[{"href":"https:\/\/www.radar-shop.eu\/it\/wp-json\/wp\/v2\/product"}],"about":[{"href":"https:\/\/www.radar-shop.eu\/it\/wp-json\/wp\/v2\/types\/product"}],"replies":[{"embeddable":true,"href":"https:\/\/www.radar-shop.eu\/it\/wp-json\/wp\/v2\/comments?post=14643"}],"wp:featuredmedia":[{"embeddable":true,"href":"https:\/\/www.radar-shop.eu\/it\/wp-json\/wp\/v2\/media\/287"}],"wp:attachment":[{"href":"https:\/\/www.radar-shop.eu\/it\/wp-json\/wp\/v2\/media?parent=14643"}],"wp:term":[{"taxonomy":"product_brand","embeddable":true,"href":"https:\/\/www.radar-shop.eu\/it\/wp-json\/wp\/v2\/product_brand?post=14643"},{"taxonomy":"product_cat","embeddable":true,"href":"https:\/\/www.radar-shop.eu\/it\/wp-json\/wp\/v2\/product_cat?post=14643"},{"taxonomy":"product_tag","embeddable":true,"href":"https:\/\/www.radar-shop.eu\/it\/wp-json\/wp\/v2\/product_tag?post=14643"}],"curies":[{"name":"wp","href":"https:\/\/api.w.org\/{rel}","templated":true}]}}