{"id":14490,"date":"2018-03-13T15:34:04","date_gmt":"2018-03-13T13:34:04","guid":{"rendered":"https:\/\/www.radar-shop.eu\/product\/stinger-vip-gps-freedom-laser-eso-autovelox\/"},"modified":"2026-02-13T06:06:32","modified_gmt":"2026-02-13T04:06:32","slug":"stinger-vip-gps-freedom-laser-eso-autovelox","status":"publish","type":"product","link":"https:\/\/www.radar-shop.eu\/it\/prodotto\/stinger-vip-gps-freedom-laser-eso-autovelox\/","title":{"rendered":"PACCHETTO PROFESSIONALE (STINGER VIP)"},"content":{"rendered":"<h2><span style=\"color: #000080;\">PACCHETTO PROFESSIONALE (STINGER VIP BASE)<\/span><br \/>\nSTINGER VIP RADAR +LASER +ESO\/AUTOVELOX PROTEZIONE COMPLETA<\/h2>\n<p style=\"font-weight: 400;\"><strong>Il rilevatore radar Stinger VIP :<\/strong> L&#8217;installazione fissa \u00e8 l&#8217;unica opzione per voi? Attribuite grande importanza all&#8217;alta professionalit\u00e0, alle massime prestazioni e all&#8217;elevato comfort di utilizzo del vostro veicolo di alta qualit\u00e0 e potenza? Apprezzate sempre l&#8217;alta qualit\u00e0 e desiderate che sul vostro veicolo sia installato solo un dispositivo di classe superiore? Allora dovreste scegliere un&#8217;unit\u00e0 del marchio Stinger!<\/p>\n<p><strong>Troverete una risposta alla domanda su cosa rende i rilevatori radar Stinger cos\u00ec speciali se cliccate sulla scheda successiva &#8220;Perch\u00e9 Stinger?&#8221;.<\/strong><\/p>\n<p>Il sistema Stinger VIP +GPS +Laser +eso \u00e8 composto dai seguenti prodotti:<br \/>\nRivelatore radar Stinger VIP +GPS<br \/>\nDisturbatore laser Stinger Laser Analyser +2 modulo con soluzione a fibre ottiche di ultima generazione invisibile<br \/>\n2x Stinger eso 3.0 \/ optospeed jammer (per destra e sinistra &#8211; integrato in modo nascosto in un portatarga)<\/p>\n<p><strong>Non siete sicuri di come sar\u00e0 l&#8217;installazione nascosta nel vostro veicolo?<\/strong><br \/>\n<strong>Guardate i video!<\/strong><\/p>\n<p><iframe loading=\"lazy\" src=\"https:\/\/www.youtube.com\/embed\/0U3DSBzId6c?ecver=1\" width=\"780\" height=\"439\" frameborder=\"0\" allowfullscreen=\"allowfullscreen\"><\/iframe><\/p>\n<p style=\"font-weight: 400;\">L&#8217;installazione del rilevatore radar da parte dei nostri esperti meccanici\/elettricisti professionisti, ad esempio a Heidelberg, pu\u00f2 essere effettuata in modo molto flessibile e discreto in termini di tempo (di solito il venerd\u00ec pomeriggio, nel fine settimana). Il tempo di installazione \u00e8 solitamente di 2-5 ore a seconda del sistema desiderato, pu\u00f2 anche essere un po&#8217; pi\u00f9 lungo per le auto esotiche. Naturalmente, i tecnici discuteranno personalmente con voi le opzioni di installazione in anticipo, in modo che possiate farvi un&#8217;idea di come apparir\u00e0 la soluzione dopo. Durante l&#8217;installazione, potreste utilizzare il tempo per un tour della citt\u00e0. Molti clienti sono molto soddisfatti di questa possibilit\u00e0. Le difficolt\u00e0 possono sorgere solo in rari casi, ad esempio se non c&#8217;\u00e8 abbastanza spazio nella parte anteriore del veicolo o se lo smontaggio delle sole parti della carrozzeria richiede ore e attrezzi speciali. Aggiungete questo articolo al vostro carrello se siete interessati a organizzare l&#8217;installazione dell&#8217;attrezzatura ordinata.<\/p>\n","protected":false},"excerpt":{"rendered":"<p><strong><span style=\"color: #000080;\">PACCHETTO PROFESSIONALE (STINGER VIP)<br \/>\n<\/span><\/strong><\/p>\n<p><strong>Il rilevatore radar Stinger VIP<\/strong> con Freedom Laser ed eso \u00e8 l&#8217;unit\u00e0 top di gamma assoluta con display LCD a colori. Questo pacchetto di rilevatori radar a montaggio fisso offre avviso\/interferenza radar e laser, protezione fotoelettrica\/ESO 3.0. Oltre al rilevatore radar, offre anche un database autovelox GPS integrato e gratuito contro gli autovelox fissi, gli autovelox e i laser di tutta Europa.<\/p>\n","protected":false},"featured_media":1009,"comment_status":"open","ping_status":"closed","template":"","meta":[],"product_brand":[],"product_cat":[171,116],"product_tag":[],"class_list":{"0":"post-14490","1":"product","2":"type-product","3":"status-publish","4":"has-post-thumbnail","6":"product_cat-sistemi-di-fascia-alta","7":"product_cat-stinger-radar-it","9":"first","10":"instock","11":"sale","12":"taxable","13":"shipping-taxable","14":"purchasable","15":"product-type-simple"},"jetpack_sharing_enabled":true,"_links":{"self":[{"href":"https:\/\/www.radar-shop.eu\/it\/wp-json\/wp\/v2\/product\/14490","targetHints":{"allow":["GET"]}}],"collection":[{"href":"https:\/\/www.radar-shop.eu\/it\/wp-json\/wp\/v2\/product"}],"about":[{"href":"https:\/\/www.radar-shop.eu\/it\/wp-json\/wp\/v2\/types\/product"}],"replies":[{"embeddable":true,"href":"https:\/\/www.radar-shop.eu\/it\/wp-json\/wp\/v2\/comments?post=14490"}],"wp:featuredmedia":[{"embeddable":true,"href":"https:\/\/www.radar-shop.eu\/it\/wp-json\/wp\/v2\/media\/1009"}],"wp:attachment":[{"href":"https:\/\/www.radar-shop.eu\/it\/wp-json\/wp\/v2\/media?parent=14490"}],"wp:term":[{"taxonomy":"product_brand","embeddable":true,"href":"https:\/\/www.radar-shop.eu\/it\/wp-json\/wp\/v2\/product_brand?post=14490"},{"taxonomy":"product_cat","embeddable":true,"href":"https:\/\/www.radar-shop.eu\/it\/wp-json\/wp\/v2\/product_cat?post=14490"},{"taxonomy":"product_tag","embeddable":true,"href":"https:\/\/www.radar-shop.eu\/it\/wp-json\/wp\/v2\/product_tag?post=14490"}],"curies":[{"name":"wp","href":"https:\/\/api.w.org\/{rel}","templated":true}]}}