{"id":14488,"date":"2017-03-30T20:21:28","date_gmt":"2017-03-30T18:21:28","guid":{"rendered":"https:\/\/www.radar-shop.eu\/product\/stinger-vip\/"},"modified":"2017-03-30T20:21:28","modified_gmt":"2017-03-30T18:21:28","slug":"stinger-vip","status":"publish","type":"product","link":"https:\/\/www.radar-shop.eu\/it\/prodotto\/stinger-vip\/","title":{"rendered":"STINGER VIP"},"content":{"rendered":"<h2>RIVELATORE RADAR STINGER VIP &#8211; IL DISPOSITIVO DI PUNTA DELLA FAMIGLIA STINGER<\/h2>\n<p><span style=\"color: #003399;\"><span style=\"color: #000000;\"><strong>Un rilevatore radar fisso invisibile \u00e8 l&#8217;unica opzione per voi?<\/strong> Attribuite grande importanza all&#8217;alta professionalit\u00e0, alle massime prestazioni e a un elevato comfort di utilizzo per il vostro veicolo di alta qualit\u00e0 e ad alte prestazioni? Apprezzate sempre l&#8217;alta qualit\u00e0 e desiderate installare sul vostro veicolo solo un dispositivo di classe superiore? Allora dovreste scegliere un dispositivo del marchio Stinger!<br \/>\n<\/span><\/span><\/p>\n<p><span style=\"color: #000080;\">Per una risposta alla domanda su cosa rende i rilevatori radar Stinger cos\u00ec speciali, vedere &#8220;Perch\u00e9 Stinger&#8221; di seguito.<\/span><\/p>\n<p align=\"justify\">Basato sulle eccezionali caratteristiche tecniche di tutti i dispositivi Stinger, lo Stinger VIP \u00e8 stato sviluppato con particolare attenzione alla facilit\u00e0 d&#8217;uso, alla chiarezza delle indicazioni per l&#8217;utente e all&#8217;integrazione visiva del display ad alta risoluzione, ora colorato, nell&#8217;abitacolo del veicolo. Inoltre, lo Stinger VIP \u00e8 dotato di un&#8217;antenna di ricezione radar migliorata (Multipolarity HD), che migliora ulteriormente la portata di ricezione del radar e ottimizza la reiezione dei falsi allarmi di disturbo. Tutti i componenti sono stati ulteriormente ridotti nelle dimensioni per consentire un&#8217;installazione nascosta ancora pi\u00f9 discreta.<\/p>\n<p align=\"justify\"><strong>Stinger \u00e8 composto dall&#8217;antenna ricevitore radar<\/strong> multipolare da installare nella parte anteriore del veicolo, dal computer centrale con ricevitore GPS, da un display a colori con supporto magnetico, da un&#8217;antenna GPS, dalla scatola di estensione e da una chiavetta USB per il trasferimento dei dati. Naturalmente sono inclusi il software, i cavi, il materiale di installazione e tutte le istruzioni.<\/p>\n<p>&#8211; Uso legale<br \/>\n&#8211; Display LCD a colori, regolabile in luminosit\u00e0 e rimovibile con una sola mano (123x66x22 mm)<br \/>\n&#8211; Antenna radar ricevente multipolare<br \/>\n&#8211; Segnalazione di radar e scatole flash fisse in tutta Europa<br \/>\n&#8211; Avviso di controllo di sezione \/ Tutor con visualizzazione della posizione di marcia, calcolo e visualizzazione della propria velocit\u00e0 media<br \/>\n&#8211; Scansione di tutte le frequenze radar e laser europee<br \/>\n&#8211; Database autovelox GPS integrato, aggiornabile via Internet e connessione USB<br \/>\n&#8211; Le funzioni non consentite possono essere cancellate con la semplice pressione di un tasto (possono essere riattivate solo sul PC)<br \/>\n&#8211; Tasso minimo di falsi allarmi &#8211; SpeedSense per la soppressione degli allarmi al di sotto di una velocit\u00e0 selezionabile<br \/>\n&#8211; Elenco dei falsi allarmi per la memorizzazione e la futura eliminazione automatica delle fonti di falsi allarmi<br \/>\n&#8211; Soppressione manuale dei falsi allarmi tramite pulsante mute<br \/>\n&#8211; Disattivazione della banda K possibile tramite menu<br \/>\n&#8211; Protezione al 100% contro il rilevamento elettronico (VG2, Spectre)<br \/>\n&#8211; Emissione vocale e segnalazione acustica tramite toni di avviso<br \/>\n&#8211; Spotlist per il salvataggio delle proprie posizioni &#8211; aggiornabile gratuitamente tramite PC \/ Mac<br \/>\n&#8211; Diario elettronico per la registrazione dei percorsi e la successiva valutazione su PC, impostando &#8220;privato&#8221; o &#8220;affari&#8221; prima di iniziare il viaggio, ideale per le note spese di viaggio (non riconosciuto dall&#8217;ufficio delle imposte tedesco, deve essere fatto manualmente)<br \/>\n&#8211; Police Check per la documentazione delle misurazioni della velocit\u00e0 da parte della polizia (memorizzazione di velocit\u00e0, luogo, ora, frequenza per i controlli successivi)<br \/>\n&#8211; Safety Signal Display (trasmissione di segnali da parte degli utenti Stinger che si trovano davanti in caso di situazioni pericolose, ad esempio una frenata di emergenza)<\/p>\n<p><strong>Opzioni di espansione opzionali:<br \/>\n<\/strong>&#8211; Laser Analyser Box con fino a 4 moduli (quadrati o rotondi) per il rilevamento e l&#8217;interferenza dei laser da parte di LaserShield.<br \/>\n&#8211; 2 laser laterali a fibra ottica per interferire con i sensori laterali singoli (da collegare al Laser Analyser Box) integrati in modo invisibile in un portatarga per targhe fino a 520&#215;110 mm.<\/p>\n<p align=\"justify\"><strong>Non siete sicuri di come sar\u00e0 l&#8217;installazione nascosta nel vostro veicolo?<\/strong><br \/>\n<strong>Guardate i video:<\/strong><\/p>\n<p align=\"justify\"><img loading=\"lazy\" decoding=\"async\" class=\"aligncenter size-full wp-image-139\" src=\"https:\/\/www.radar-shop.eu\/wp-content\/uploads\/2017\/03\/Video_Radarwarner.jpg\" alt=\"\" width=\"500\" height=\"80\" srcset=\"https:\/\/www.radar-shop.eu\/wp-content\/uploads\/2017\/03\/Video_Radarwarner.jpg 500w, https:\/\/www.radar-shop.eu\/wp-content\/uploads\/2017\/03\/Video_Radarwarner-300x48.jpg 300w\" sizes=\"auto, (max-width: 500px) 100vw, 500px\" \/><\/p>\n<p align=\"justify\">Se siete interessati, l&#8217;installazione di questi dispositivi da parte di meccanici\/elettricisti esperti, ad esempio a Heidelberg, pu\u00f2 avvenire in modo molto flessibile e discreto in termini di tempo (di solito il venerd\u00ec pomeriggio, nel fine settimana). Il tempo di installazione \u00e8 solitamente di 2-5 ore a seconda del sistema, pu\u00f2 anche essere un po&#8217; pi\u00f9 lungo per le auto esotiche. Naturalmente, i tecnici discuteranno personalmente con voi le opzioni di installazione in anticipo, in modo che possiate farvi un&#8217;idea di come sar\u00e0 la soluzione dopo. Durante l&#8217;installazione, potreste approfittare del tempo per fare un giro in citt\u00e0. Molti clienti sono molto soddisfatti di questa possibilit\u00e0. Le difficolt\u00e0 possono sorgere solo in rari casi, ad esempio se non c&#8217;\u00e8 spazio sufficiente nella parte anteriore del veicolo o se lo smontaggio delle sole parti della carrozzeria richiede ore e strumenti speciali. Aggiungete questo articolo al vostro carrello se siete interessati a organizzare l&#8217;installazione dell&#8217;attrezzatura ordinata.<\/p>\n<h2 align=\"justify\">Perch\u00e9 Stinger?<\/h2>\n<h3>RIVELATORE RADAR STINGER VIP &#8211; IL NUOVO DISPOSITIVO DI PUNTA DELLA FAMIGLIA STINGER<\/h3>\n<p>Stinger offre funzionalit\u00e0 aggiuntive anche rispetto agli altri dispositivi, anch&#8217;essi molto validi, della classe premium e rappresenta il top di tutti i sistemi offerti nella gamma; inoltre, i dispositivi possono essere utilizzati legalmente in tutta Europa &#8211; quindi cosa rende i rilevatori radar del marchio Stinger cos\u00ec speciali?<\/p>\n<p>I rilevatori radar Stinger sono sviluppati e prodotti nei Paesi Bassi esclusivamente per le condizioni stradali europee; sono disponibili solo per l&#8217;installazione fissa a scomparsa nel veicolo. I dispositivi sono modulari e perfettamente integrati tra loro per proteggere da quasi tutti i sistemi di misurazione conosciuti. Pertanto, con un sistema di allarme radar Stinger \u00e8 possibile essere avvisati contro i radar, gli autovelox fissi e le misurazioni del percorso (Section Control \/ Tutor). Grazie a moduli aggiuntivi opzionali e facili da collegare, potrete proteggervi attivamente da misurazioni laser di ogni tipo (pistole laser, binocoli, Vitronic, Poliscan&#8230;) e da sensori fotoelettrici a sensore singolo (Optospeed, eso 3.0, autovelox). Grazie alla pi\u00f9 recente tecnologia protetta da brevetto, radar e laser vengono rilevati con la massima precisione e la massima portata, mentre il sistema GPS integrato con il database degli autovelox di tutta Europa offre molte funzioni aggiuntive. Solo le registrazioni video dei veicoli della polizia che seguono e le barriere luminose triple, quasi mai incontrate, non possono essere avvertite. Anche il noto problema dei falsi allarmi, che si verificano frequentemente, \u00e8 stato ridotto al minimo assoluto. Naturalmente, tutti i rilevatori radar Stinger sono completamente protetti contro il tracciamento elettronico.<\/p>\n<p>\u00c8 possibile aggiornare regolarmente e gratuitamente il dispositivo utilizzando il software &#8220;Stinger Desktop&#8221; in dotazione per PC Windows e Apple, in modo da avere sempre la versione pi\u00f9 recente del software per gli anni a venire. Anche le nuove localit\u00e0 con autovelox installati in modo permanente vengono aggiornate in questo modo. Tutti i rilevatori radar Stinger con i relativi moduli aggiuntivi possono essere installati in modo molto discreto e praticamente invisibile su qualsiasi veicolo.<\/p>\n<p>Nell&#8217;abitacolo \u00e8 presente solo un piccolo display o la &#8220;Stinger Card&#8221; a forma di carta bancaria per la visualizzazione degli allarmi e l&#8217;impostazione della configurazione desiderata. \u00c8 possibile posizionarlo nel veicolo secondo i propri desideri, in modo del tutto individuale e visivamente accattivante. Sia il display che la compatta &#8220;Stinger Card&#8221; possono essere rimossi con un semplice gesto del polso. Qualsiasi officina specializzata pu\u00f2 eseguire l&#8217;installazione e posare i cavi con le connessioni a spina in modo ordinato e professionalmente nascosto; le istruzioni per l&#8217;installazione e l&#8217;uso sono ovviamente incluse.<\/p>\n<p>Unico nel suo genere dal punto di vista legale: grazie alla possibilit\u00e0 del software di cancellare manualmente le singole funzioni di avviso, i dispositivi Stinger possono essere distribuiti in tutta Europa e utilizzati a seconda della situazione legale locale. \u00c8 quindi necessario assicurarsi di utilizzare solo le funzioni dello Stinger consentite a livello locale (ad esempio, i segnali di sicurezza o il registro elettronico nei modelli Stinger VIP e Stinger DSI). Solo utilizzando attivamente funzioni non consentite si possono avere problemi in caso di controllo. Dopo aver cancellato le funzioni in modo semplice e rapido premendo un pulsante, queste possono essere riattivate solo sul PC. Ci\u00f2 significa che, dopo aver cancellato le funzioni non autorizzate, il dispositivo pu\u00f2 essere utilizzato legalmente in modo permanente e non pu\u00f2 essere reso operativo a breve termine come &#8220;rilevatore radar non autorizzato&#8221;.<\/p>\n<p><strong>\u00a0Note per gli interessati in Svizzera:<\/strong><br \/>\nCome \u00e8 noto, in Svizzera l&#8217;uso, il possesso e l&#8217;importazione di rilevatori radar sono vietati ai sensi della SVG. Pertanto, forniamo i dispositivi Stinger in Svizzera, ma con funzioni di segnalazione radar disattivate. L&#8217;importazione e l&#8217;utilizzo dei dispositivi in Svizzera sono quindi consentiti. Naturalmente, se si attivano funzioni non consentite in Svizzera, si commette un&#8217;infrazione alla SVG. Gli utenti stranieri dei dispositivi Stinger devono ovviamente cancellare le funzioni non autorizzate premendo un pulsante sul dispositivo al momento dell&#8217;ingresso in Svizzera. L&#8217;acquisto e l&#8217;importazione sono quindi legali, non dovete pagare l&#8217;IVA tedesca e i dazi doganali, ma solo l&#8217;IVA svizzera del 7,5% sul nostro prezzo netto locale.<\/p>\n","protected":false},"excerpt":{"rendered":"<p>RIVELATORE RADAR STINGER VIP &#8211; IL DISPOSITIVO DI PUNTA DELLA FAMIGLIA STINGER Un rilevatore radar fisso invisibile \u00e8 l&#8217;unica opzione per voi? Attribuite grande importanza all&#8217;alta professionalit\u00e0, alle massime prestazioni e a un elevato comfort di utilizzo per il vostro veicolo di alta qualit\u00e0 e ad alte prestazioni? Apprezzate sempre l&#8217;alta qualit\u00e0 e desiderate installare [&hellip;]<\/p>\n","protected":false},"featured_media":14971,"comment_status":"open","ping_status":"closed","template":"","meta":[],"product_brand":[],"product_cat":[162,116],"product_tag":[],"class_list":{"0":"post-14488","1":"product","2":"type-product","3":"status-publish","4":"has-post-thumbnail","6":"product_cat-rivelatore-radar-nascosto","7":"product_cat-stinger-radar-it","9":"first","10":"instock","11":"sale","12":"taxable","13":"shipping-taxable","14":"purchasable","15":"product-type-simple"},"jetpack_sharing_enabled":true,"_links":{"self":[{"href":"https:\/\/www.radar-shop.eu\/it\/wp-json\/wp\/v2\/product\/14488","targetHints":{"allow":["GET"]}}],"collection":[{"href":"https:\/\/www.radar-shop.eu\/it\/wp-json\/wp\/v2\/product"}],"about":[{"href":"https:\/\/www.radar-shop.eu\/it\/wp-json\/wp\/v2\/types\/product"}],"replies":[{"embeddable":true,"href":"https:\/\/www.radar-shop.eu\/it\/wp-json\/wp\/v2\/comments?post=14488"}],"wp:featuredmedia":[{"embeddable":true,"href":"https:\/\/www.radar-shop.eu\/it\/wp-json\/wp\/v2\/media\/14971"}],"wp:attachment":[{"href":"https:\/\/www.radar-shop.eu\/it\/wp-json\/wp\/v2\/media?parent=14488"}],"wp:term":[{"taxonomy":"product_brand","embeddable":true,"href":"https:\/\/www.radar-shop.eu\/it\/wp-json\/wp\/v2\/product_brand?post=14488"},{"taxonomy":"product_cat","embeddable":true,"href":"https:\/\/www.radar-shop.eu\/it\/wp-json\/wp\/v2\/product_cat?post=14488"},{"taxonomy":"product_tag","embeddable":true,"href":"https:\/\/www.radar-shop.eu\/it\/wp-json\/wp\/v2\/product_tag?post=14488"}],"curies":[{"name":"wp","href":"https:\/\/api.w.org\/{rel}","templated":true}]}}