{"id":469,"date":"2017-03-22T15:03:56","date_gmt":"2017-03-22T15:03:56","guid":{"rendered":"https:\/\/www.radar-shop.eu\/agb\/"},"modified":"2023-08-01T13:47:02","modified_gmt":"2023-08-01T11:47:02","slug":"agb","status":"publish","type":"page","link":"https:\/\/www.radar-shop.eu\/it\/agb\/","title":{"rendered":"AGB"},"content":{"rendered":"<h3><span style=\"color: #000080;\"><b><strong>Allgemeine Gesch\u00e4ftsbedingungen<br \/>\nWiderrufsrecht und Datenschutz<\/strong><\/b><\/span><\/h3>\n<p><b><strong> 1 Geltungsbereich<\/strong><\/b><\/p>\n<p>F\u00fcr die Gesch\u00e4ftsbeziehung zwischen RADAR-SHOP.EU und dem Besteller gelten ausschlie\u00dflich die nachfolgenden Allgemeinen Gesch\u00e4ftsbedingungen in ihrer zum Zeitpunkt der Bestellung g\u00fcltigen Fassung. Abweichende Bedingungen des Bestellers erkennt radar-shop.com nicht an, es sei denn, radar-shop h\u00e4tte ausdr\u00fccklich schriftlich ihrer Geltung zugestimmt.<\/p>\n<p><b><strong> 2 Vertragsschluss<\/strong><\/b><\/p>\n<p>Ihre Bestellung stellt ein Angebot an uns zum Abschluss eines Kaufvertrages dar. Wenn Sie eine Bestellung bei radar-shop aufgeben, schicken wir Ihnen eine E-Mail, die den Eingang Ihrer Bestellung bei uns best\u00e4tigt und deren Einzelheiten auff\u00fchrt (Bestellbest\u00e4tigung). Diese Bestellbest\u00e4tigung stellt keine Annahme Ihres Angebotes dar, sondern soll Sie nur dar\u00fcber informieren, dass Ihre Bestellung bei uns eingegangen ist. Ein Kaufvertrag kommt erst dann zustande, wenn wir das bestellte Produkt an Sie versenden. Vertragspartner ist RADAR-SHOP.EU. Bei Schreib-, Druck- und Rechenfehlern auf der Website ist radar-shop.com zum R\u00fccktritt berechtigt.<\/p>\n<p><b><strong> 3 Widerrufsrecht\u00a0<\/strong><\/b><\/p>\n<p><b><strong>Widerrufsbelehrung<br \/>\nWiderrufsrecht<br \/>\n<\/strong><\/b><\/p>\n<p>Sie haben das Recht, binnen vierzehn Tagen ohne Angabe von Gr\u00fcnden diesen Vertrag zu widerrufen. Die Widerrufsfrist betr\u00e4gt vierzehn Tage ab dem Tag, an dem Sie oder ein von Ihnen benannter Dritter, der nicht der Bef\u00f6rderer ist, die Waren in Besitz genommen haben bzw. hat. Um Ihr Widerrufsrecht auszu\u00fcben, m\u00fcssen Sie uns (RADAR-SHOP.EU, Waldhofer Strasse 102, D-69123 Heidelberg, Deutschland \/ Germany, Email: <a href=\"mailto:service@radar-shop.com\">service@radar-shop.com<\/a>) mittels einer eindeutigen Erkl\u00e4rung (z.B. ein mit der Post versandter Brief, Telefax oder E-Mail) \u00fcber Ihren Entschluss, diesen Vertrag zu widerrufen, informieren. Sie k\u00f6nnen daf\u00fcr das beigef\u00fcgte\u00a0<a href=\"https:\/\/www.radar-shop.eu\/wp-content\/uploads\/Radarshop-widerrufsformular.pdf\">Muster-Widerrufsformular<\/a>\u00a0verwenden, das jedoch nicht vorgeschrieben ist. Zur Wahrung der Widerrufsfrist reicht es aus, dass Sie die Mitteilung \u00fcber die Aus\u00fcbung des Widerrufsrechts vor Ablauf der Widerrufsfrist absenden.<\/p>\n<p><b><strong>Folgen des Widerrufs<br \/>\n<\/strong><\/b><\/p>\n<p>Wenn Sie diesen Vertrag widerrufen, haben wir Ihnen alle Zahlungen, die wir von Ihnen erhalten haben, einschlie\u00dflich der Lieferkosten (mit Ausnahme der zus\u00e4tzlichen Kosten, die sich daraus ergeben, dass Sie eine andere Art der Lieferung als die von uns angebotene, g\u00fcnstigste Standardlieferung gew\u00e4hlt haben), unverz\u00fcglich und sp\u00e4testens binnen vierzehn Tagen ab dem Tag zur\u00fcckzuzahlen, an dem die Mitteilung \u00fcber Ihren Widerruf dieses Vertrags bei uns eingegangen ist. F\u00fcr diese R\u00fcckzahlung verwenden wir dasselbe Zahlungsmittel, das Sie bei der urspr\u00fcnglichen Transaktion eingesetzt haben, es sei denn, mit Ihnen wurde ausdr\u00fccklich etwas anderes vereinbart; in keinem Fall werden Ihnen wegen dieser R\u00fcckzahlung Entgelte berechnet. Wir k\u00f6nnen die R\u00fcckzahlung verweigern,bis wir die Waren wieder zur\u00fcckerhalten haben oder bis Sie den Nachweis erbracht haben, dass Sie die Waren zur\u00fcckgesandt haben, je nachdem, welches der fr\u00fchere Zeitpunkt ist.<\/p>\n<p>Sie haben die Waren unverz\u00fcglich und in jedem Fall sp\u00e4testens binnen vierzehn Tagen ab dem Tag, an dem Sie uns \u00fcber den Widerruf dieses Vertrags unterrichten, an RADAR-SHOP.EU, Waldhofer Strasse 102, D-69123 Heidelberg, Deutschland \/ Germany, zur\u00fcckzusenden oder zu \u00fcbergeben. Die Frist ist gewahrt, wenn Sie die Waren vor Ablauf der Frist von vierzehn Tagen absenden. Sie tragen die unmittelbaren Kosten der R\u00fccksendung der Waren. Sie m\u00fcssen f\u00fcr einen etwaigen Wertverlust der Waren aufkommen, wenn dieser Wertverlust auf einen zur Pr\u00fcfung der Beschaffenheit, Eigenschaften und Funktionsweise der Waren nicht notwendigen Umgang mit ihnen zur\u00fcckzuf\u00fchren ist.<\/p>\n<p><b><strong> 4 Lieferung<\/strong><\/b><\/p>\n<p>Sofern nicht anders vereinbart, erfolgt die Lieferung ab dem Lager von radar-shop an die vom Besteller angegebene Lieferadresse. Auf der Website finden Sie Hinweise zur Verf\u00fcgbarkeit von Produkten, die von radar-shop direkt verkauft werden (z.B. auf der jeweiligen Produktdetailseite). Wir weisen darauf hin, dass s\u00e4mtliche Angaben zu Verf\u00fcgbarkeit, Versand oder Zustellung eines Produktes lediglich voraussichtliche Angaben und ungef\u00e4hre Richtwerte sind. Sie stellen keine verbindlichen bzw. garantierten Versand- oder Liefertermine dar, au\u00dfer wenn dies bei den Versandoptionen des jeweiligen Produktes ausdr\u00fccklich als verbindlicher Termin bezeichnet ist. Sofern radar-shop w\u00e4hrend der Bearbeitung Ihrer Bestellung feststellt, dass von Ihnen bestellte Produkte nicht verf\u00fcgbar sind, werden Sie dar\u00fcber gesondert per E-mail informiert. Falls radar-shop.com ohne eigenes Verschulden zur Lieferung der bestellten Ware nicht in der Lage ist, weil der Lieferant von radar-shop.com seine vertraglichen Verpflichtungen nicht erf\u00fcllt, ist radar-shop.com dem Besteller gegen\u00fcber zum R\u00fccktritt berechtigt. In diesem Fall wird der Besteller unverz\u00fcglich dar\u00fcber informiert, dass das bestellte Produkt nicht zur Verf\u00fcgung steht. Die gesetzlichen Anspr\u00fcche des Bestellers bleiben unber\u00fchrt.<\/p>\n<p>Soweit eine Lieferung an den Besteller nicht m\u00f6glich ist, weil der Besteller nicht unter der von ihm angegebenen Lieferadresse angetroffen wird, obwohl der Lieferzeitpunkt dem Besteller mit angemessener Frist angek\u00fcndigt wurde, tr\u00e4gt der Besteller die Kosten f\u00fcr die erfolglose Anlieferung.<\/p>\n<p><b><strong> 5 F\u00e4lligkeit und Zahlung, Verzug<\/strong><\/b><\/p>\n<p>Der Besteller kann den Kaufpreis per Nachnahme, Vorauskasse, Kreditkarte, Giropay, Sofort\u00fcberweisung.de zahlen. Kommt der Besteller in Zahlungsverzug, so ist radar-shop berechtigt, Verzugszinsen in H\u00f6he von 5 % \u00fcber dem von der Europ\u00e4ischen Zentralbank bekannt gegebenen Basiszinssatz p.a. zu fordern. Falls radar-shop.com ein h\u00f6herer Verzugsschaden nachweisbar entstanden ist, ist radar-shop.com berechtigt, diesen geltend zu machen.<\/p>\n<p><b><strong> 6 Aufrechnung, Zur\u00fcckbehaltung<\/strong><\/b><\/p>\n<p>Ein Recht zur Aufrechnung steht dem Besteller nur zu, wenn seine Gegenanspr\u00fcche rechtskr\u00e4ftig festgestellt oder von radar-shop.com unbestritten sind. Au\u00dferdem ist er zur Aus\u00fcbung eines Zur\u00fcckbehaltungsrechts nur insoweit befugt, als sein Gegenanspruch auf dem gleichen Vertragsverh\u00e4ltnis beruht.<\/p>\n<p><b><strong> 7 Preis<\/strong><\/b><\/p>\n<p>Alle Preise beinhalten die jeweilige anwendbare Mehrwertsteuer.<\/p>\n<p><b><strong> 8 Eigentumsvorbehalt<\/strong><\/b><\/p>\n<p>Die gelieferte Ware bleibt bis zur vollst\u00e4ndigen Bezahlung im Eigentum von radar-shop.<\/p>\n<p><b><strong> 9 M\u00e4ngelhaftung<\/strong><\/b><\/p>\n<p>Liegt ein Mangel der Kaufsache vor, gelten die gesetzlichen Vorschriften. Die Abtretung dieser Anspr\u00fcche des Bestellers ist ausgeschlossen.<\/p>\n<p>Ist die Nacherf\u00fcllung im Wege der Ersatzlieferung erfolgt, ist der Besteller dazu verpflichtet, die zuerst gelieferte Ware innerhalb von 30 Tagen an radar-shop auf Kosten von radar-shop zur\u00fcckzusenden. Die R\u00fccksendung der mangelhaften Ware hat nach den gesetzlichen Vorschriften zu erfolgen. Radar-shop beh\u00e4lt sich vor, unter den gesetzlich geregelten Voraussetzungen Schadensersatz geltend zu machen.<\/p>\n<p>Die Verj\u00e4hrungsfrist betr\u00e4gt vierundzwanzig Monate, gerechnet ab Lieferung.<\/p>\n<p>Radar-shop haftet unbeschr\u00e4nkt, soweit die Schadensursache auf Vorsatz oder grober Fahrl\u00e4ssigkeit beruht.<\/p>\n<p>Ferner haftet radar-shop f\u00fcr die leicht fahrl\u00e4ssige Verletzung von wesentlichen Pflichten, deren Verletzung die Erreichung des Vertragszwecks gef\u00e4hrdet, oder f\u00fcr die Verletzung von Pflichten, deren Erf\u00fcllung die ordnungsgem\u00e4\u00dfe Durchf\u00fchrung des Vertrages \u00fcberhaupt erst erm\u00f6glicht und auf deren Einhaltung Sie regelm\u00e4\u00dfig vertrauen. In diesem Fall haftet radar-shop jedoch nur f\u00fcr den vorhersehbaren, vertragstypischen Schaden. radar-shop.com haftet nicht f\u00fcr die leicht fahrl\u00e4ssige Verletzung anderer als der in den vorstehenden S\u00e4tzen genannten Pflichten.<\/p>\n<p>Die vorstehenden Haftungsbeschr\u00e4nkungen gelten nicht bei Verletzung von Leben, K\u00f6rper und Gesundheit, f\u00fcr einen Mangel nach \u00dcbernahme einer Garantie f\u00fcr die Beschaffenheit des Produktes und bei arglistig verschwiegenen M\u00e4ngeln. Die Haftung nach dem Produkthaftungsgesetz bleibt unber\u00fchrt.<\/p>\n<p>Soweit die Haftung von radar-shop ausgeschlossen oder beschr\u00e4nkt ist, gilt dies auch f\u00fcr die pers\u00f6nliche Haftung von Arbeitnehmern, Vertretern und Erf\u00fcllungsgehilfen.<\/p>\n<p><b><strong> 10 Datenschutz, Erhebung, Verarbeitung und Nutzung von pers\u00f6nlichen Informationen unserer Kunden<\/strong><\/b><\/p>\n<p>Der Besteller ist \u00fcber Art, Umfang, Ort und Zweck der Erhebung, Verarbeitung und Nutzung der f\u00fcr die Ausf\u00fchrung von Bestellungen erforderlichen personenbezogenen Daten durch radar-shop unterrichtet worden. Der Besteller stimmt dieser Erhebung, Verarbeitung und Nutzung personenbezogener Daten ausdr\u00fccklich zu.<\/p>\n<p>Wir weisen darauf hin, dass die Daten\u00fcbertragung im Internet (z.B. bei der Kommunikation per E-Mail) Sicherheitsl\u00fccken aufweisen kann. Ein l\u00fcckenloser Schutz der Daten vor dem Zugriff durch Dritte ist nicht m\u00f6glich. Eine Vertraulichkeit im Hinblick auf die Datenschutzbestimmungen wird unter der hier abgegebenen\u00a0<a title=\"\" href=\"http:\/\/www.radar-shop.com\/out\/pictures\/wysiwigpro\/Datenschutzerklaerung-DGSVO-RSAutomotiveVertriebsGmbHCoKG.pdf\">Datenschutzerkl\u00e4rung gem\u00e4\u00df DGSVO<\/a>\u00a0(EU Directive 2016\/679) abgeben.<\/p>\n<p>Weitere Informationen \u00fcber Art, Umfang, Ort und Zweck der Erhebung, Verarbeitung und Nutzung der f\u00fcr die Ausf\u00fchrung von Bestellungen erforderlichen personenbezogenen Daten durch radar-shop.eu befindet sich in der Datenschutzerkl\u00e4rung.<\/p>\n<p style=\"text-align: center;\"><a title=\"\" href=\"http:\/\/www.radar-shop.com\/out\/pictures\/wysiwigpro\/Datenschutzerklaerung-DGSVO-RSAutomotiveVertriebsGmbHCoKG.pdf\">Link zu unserer Datenschutzerkl\u00e4rung gem\u00e4\u00df DSGVO<\/a><\/p>\n<p>Eine Vertraulichkeit im Hinblick auf die Datenschutzbestimmungen wird nur unter der vorstehenden Einschr\u00e4nkung gew\u00e4hrleistet. Insbesondere sollen alle Mitteilungen von personenbezogenen Daten \u00fcber das Internet nur erfolgen, soweit nicht Rechte Dritter ber\u00fchrt werden. Es sei denn der Dritte hat in Kenntnis der vorstehenden Sicherheitsl\u00fccken ebenfalls seine Zustimmung erkl\u00e4rt. Eine Haftung des Seitenbetreibers wird f\u00fcr die durch solche Sicherheitsl\u00fccken entstehenden Sch\u00e4den oder Unterlassungsanspr\u00fcche ausgeschlossen.<\/p>\n<p><b><strong> 11 Anwendbares Recht<\/strong><\/b><\/p>\n<p>Es gilt deutsches Recht unter Ausschluss des UN-Kaufrechts (CISG).<\/p>\n<p><b><strong>12 Haftung f\u00fcr Inhalte<\/strong><\/b><\/p>\n<p>Wir bem\u00fchen uns die Inhalte unserer Seite aktuell zu halten. Trotz sorgf\u00e4ltiger Bearbeitung bleibt eine Haftung ausgeschlossen.<\/p>\n<p>Als Diensteanbieter sind wir gem\u00e4\u00df \u00a7 7 Abs.1 TMG f\u00fcr eigene Inhalte auf diesen Seiten nach den allgemeinen Gesetzen verantwortlich.<\/p>\n<p>Nach \u00a7\u00a7 8 bis 10 TMG sind wir als Diensteanbieter jedoch nicht verpflichtet, \u00fcbermittelte oder gespeicherte fremde Informationen zu \u00fcberwachen. Bei bekannt werden von Rechtsverletzungen, werden wir diese Inhalte umgehend entfernen. Eine diesbez\u00fcgliche Haftung \u00fcbernehmen wir erst ab dem Zeitpunkt der Kenntnis einer m\u00f6glichen Rechtsverletzung.<\/p>\n<p><b><strong>13 Haftung f\u00fcr Links<\/strong><\/b><\/p>\n<p>Unser Angebot enth\u00e4lt Links zu externen Webseiten Dritter, auf deren Inhalte wir keinen Einfluss haben. F\u00fcr die Inhalte der verlinkten Seiten ist stets der jeweilige Anbieter oder Betreiber der Seiten verantwortlich. F\u00fcr die Inhalte und die Richtigkeit der Informationen verlinkter Websites fremder Informationsanbieter wird keine Gew\u00e4hr \u00fcbernommen.<\/p>\n<p>Die verlinkten Seiten wurden zum Zeitpunkt der Verlinkung auf m\u00f6gliche Rechtsverst\u00f6\u00dfe OHNE BEANSTANDUNG \u00fcberpr\u00fcft. Bei bekannt werden von Rechtsverletzungen werden wir derartige Links umgehend entfernen.<\/p>\n<p><b><strong>14 Urheberrecht<\/strong><\/b><\/p>\n<p>Die durch die Seitenbetreiber erstellten Inhalte und Werke auf diesen Seiten unterliegen dem deutschen Urheberrecht. Die Vervielf\u00e4ltigung, Bearbeitung, Verbreitung und jede Art der Verwertung au\u00dferhalb der Grenzen des Urheberrechtes bed\u00fcrfen der schriftlichen Zustimmung des jeweiligen Autors bzw. Erstellers.<\/p>\n<p>&nbsp;<\/p>\n","protected":false},"excerpt":{"rendered":"<p>Allgemeine Gesch\u00e4ftsbedingungen Widerrufsrecht und Datenschutz 1 Geltungsbereich F\u00fcr die Gesch\u00e4ftsbeziehung zwischen RADAR-SHOP.EU und dem Besteller gelten ausschlie\u00dflich die nachfolgenden Allgemeinen Gesch\u00e4ftsbedingungen in ihrer zum Zeitpunkt der Bestellung g\u00fcltigen Fassung. Abweichende Bedingungen des Bestellers erkennt radar-shop.com nicht an, es sei denn, radar-shop h\u00e4tte ausdr\u00fccklich schriftlich ihrer Geltung zugestimmt. 2 Vertragsschluss Ihre Bestellung stellt ein Angebot an [&hellip;]<\/p>\n","protected":false},"author":1,"featured_media":0,"parent":0,"menu_order":0,"comment_status":"closed","ping_status":"closed","template":"","meta":{"footnotes":""},"yst_prominent_words":[498,506],"class_list":["post-469","page","type-page","status-publish","hentry"],"jetpack_sharing_enabled":true,"_links":{"self":[{"href":"https:\/\/www.radar-shop.eu\/it\/wp-json\/wp\/v2\/pages\/469","targetHints":{"allow":["GET"]}}],"collection":[{"href":"https:\/\/www.radar-shop.eu\/it\/wp-json\/wp\/v2\/pages"}],"about":[{"href":"https:\/\/www.radar-shop.eu\/it\/wp-json\/wp\/v2\/types\/page"}],"author":[{"embeddable":true,"href":"https:\/\/www.radar-shop.eu\/it\/wp-json\/wp\/v2\/users\/1"}],"replies":[{"embeddable":true,"href":"https:\/\/www.radar-shop.eu\/it\/wp-json\/wp\/v2\/comments?post=469"}],"version-history":[{"count":1,"href":"https:\/\/www.radar-shop.eu\/it\/wp-json\/wp\/v2\/pages\/469\/revisions"}],"predecessor-version":[{"id":14784,"href":"https:\/\/www.radar-shop.eu\/it\/wp-json\/wp\/v2\/pages\/469\/revisions\/14784"}],"wp:attachment":[{"href":"https:\/\/www.radar-shop.eu\/it\/wp-json\/wp\/v2\/media?parent=469"}],"wp:term":[{"taxonomy":"yst_prominent_words","embeddable":true,"href":"https:\/\/www.radar-shop.eu\/it\/wp-json\/wp\/v2\/yst_prominent_words?post=469"}],"curies":[{"name":"wp","href":"https:\/\/api.w.org\/{rel}","templated":true}]}}