{"id":8824,"date":"2019-06-05T15:27:55","date_gmt":"2020-10-05T13:32:06","guid":{"rendered":"https:\/\/www.radar-shop.eu\/?post_type=product&#038;p=8824"},"modified":"2020-10-05T15:34:44","modified_gmt":"2020-10-05T13:34:44","slug":"uniden-r3","status":"publish","type":"product","link":"https:\/\/www.radar-shop.eu\/fr\/produit\/uniden-r3\/","title":{"rendered":"Uniden R3"},"content":{"rendered":"<p><strong>Le R3 d\u2019Uniden est un d\u00e9tecteur de radar haut de gamme dot\u00e9 d\u2019un r\u00e9cepteur GPS int\u00e9gr\u00e9.<\/strong> Avec le d\u00e9tecteur Uniden R3, vous pouvez inscrire en m\u00e9moire des points g\u00e9ographiques o\u00f9 vous rencontrez fr\u00e9quemment des transmissions radars. Ces inscriptions peuvent \u00eatre des zones scolaires, des cam\u00e9ras de feux rouges et des endroits o\u00f9 la police surveille r\u00e9guli\u00e8rement la circulation. Vous pouvez inscrire en m\u00e9moire ces points de fa\u00e7on \u00e0 ce que le d\u00e9tecteur vous avertisse de leur approche en annon\u00e7ant : \u201cRep\u00e8re de l\u2019utilisateur en avant\u201d lorsque vous vous approchez de ces inscriptions. Vous trouverez, parmi les autres annonces, la notification vocale, qui vous permet de savoir quand vous vous approchez d\u2019un radar et du type de radar (feu rouge, vitesse, etc.).<\/p>\n<h3>UNIDEN R3<\/h3>\n<ul>\n<li>D\u00e9tection radar \u00e0 laser de tr\u00e8s grande port\u00e9e<\/li>\n<li>MRCD\/MRCT (Alert priority: Laser, MRCD, Ka, K, X) avec tontalit\u00e9s personnalisables<\/li>\n<li>Alerte vocale<\/li>\n<li>Affichage de la bande de fr\u00e9quences radars<\/li>\n<li>GPS pour les radars aux feux rouges et les cam\u00e9ras de contr\u00f4le de la vitesse (US\/CA\/NZ)<\/li>\n<li>Jusqu\u2019\u00e0 500 verrouillages GPS<\/li>\n<li>Affichage OLED facile \u00e0 lire<\/li>\n<li>R\u00e9glage des inscriptions de l\u2019utilisateur et notification vocale<\/li>\n<li>Filtres de bandes K et Ka avanc\u00e9s<\/li>\n<li>Ind\u00e9tectable aux technologies Spectre I et IV<\/li>\n<li>Indicateur de puissance du signal et la tension de la batterie du v\u00e9hicule<\/li>\n<li>Syst\u00e8me d\u2019avertissement de vitesse maximum<\/li>\n<li>Suppression des points de cam\u00e9ra de feux rouges<\/li>\n<li>Tonalit\u00e9s d\u2019alerte des bandes X, K, MRCD et Ka et bandes laser s\u00e9lectionnables par l\u2019utilisateur<\/li>\n<li>Tonalit\u00e9 de bogey (tonalit\u00e9s d\u2019alerte 1 \u00e0 5)<\/li>\n<li>Niveaux de sensibilit\u00e9 des bandes X, K, et Ka \u00e0 d\u00e9finir par l\u2019utilisateur<\/li>\n<li>Niveaux de volume de la mise en sourdine automatique (Off, On: 0 &#8211; 5)<\/li>\n<li>Alerte vocale de la fr\u00e9quence Ka<\/li>\n<li>Att\u00e9nuation automatique<\/li>\n<li>Mise en sourdine des alertes de survitesse<\/li>\n<\/ul>\n<p><a href=\"https:\/\/www.radar-shop.eu\/wp-content\/uploads\/Uniden_R3_Manual_FR.pdf\">Uniden_R3_Manual_FR<\/a> (PDF)<\/p>\n","protected":false},"excerpt":{"rendered":"<p><strong>UNIDEN R3: <\/strong>Avec le d\u00e9tecteur de radar Uniden R3, vous pouvez inscrire en m\u00e9moire des points g\u00e9ographiques o\u00f9 vous rencontrez fr\u00e9quemment des transmissions radars. Ces inscriptions peuvent \u00eatre des zones scolaires, des cam\u00e9ras de feux rouges et des endroits o\u00f9 la police surveille r\u00e9guli\u00e8rement la circulation. Vous pouvez inscrire en m\u00e9moire ces points de fa\u00e7on \u00e0 ce que le d\u00e9tecteur vous avertisse de leur approche en annon\u00e7ant: \u201cRep\u00e8re de l\u2019utilisateur en avant\u201d lorsque vous vous approchez de ces inscriptions. Vous trouverez, parmi les autres annonces, la notification vocale, qui vous permet de savoir quand vous vous approchez d\u2019un radar et du type de radar (feu rouge, vitesse, etc.).<\/p>\n","protected":false},"featured_media":8536,"comment_status":"open","ping_status":"closed","template":"","meta":[],"product_brand":[],"product_cat":[72,2662],"product_tag":[],"class_list":{"0":"post-8824","1":"product","2":"type-product","3":"status-publish","4":"has-post-thumbnail","6":"product_cat-detecteurs-de-radar-portable","7":"product_cat-uniden-fr","9":"first","10":"instock","11":"sale","12":"taxable","13":"shipping-taxable","14":"purchasable","15":"product-type-simple"},"jetpack_sharing_enabled":true,"_links":{"self":[{"href":"https:\/\/www.radar-shop.eu\/fr\/wp-json\/wp\/v2\/product\/8824","targetHints":{"allow":["GET"]}}],"collection":[{"href":"https:\/\/www.radar-shop.eu\/fr\/wp-json\/wp\/v2\/product"}],"about":[{"href":"https:\/\/www.radar-shop.eu\/fr\/wp-json\/wp\/v2\/types\/product"}],"replies":[{"embeddable":true,"href":"https:\/\/www.radar-shop.eu\/fr\/wp-json\/wp\/v2\/comments?post=8824"}],"wp:featuredmedia":[{"embeddable":true,"href":"https:\/\/www.radar-shop.eu\/fr\/wp-json\/wp\/v2\/media\/8536"}],"wp:attachment":[{"href":"https:\/\/www.radar-shop.eu\/fr\/wp-json\/wp\/v2\/media?parent=8824"}],"wp:term":[{"taxonomy":"product_brand","embeddable":true,"href":"https:\/\/www.radar-shop.eu\/fr\/wp-json\/wp\/v2\/product_brand?post=8824"},{"taxonomy":"product_cat","embeddable":true,"href":"https:\/\/www.radar-shop.eu\/fr\/wp-json\/wp\/v2\/product_cat?post=8824"},{"taxonomy":"product_tag","embeddable":true,"href":"https:\/\/www.radar-shop.eu\/fr\/wp-json\/wp\/v2\/product_tag?post=8824"}],"curies":[{"name":"wp","href":"https:\/\/api.w.org\/{rel}","templated":true}]}}