{"id":826,"date":"2018-03-12T09:59:46","date_gmt":"2018-03-12T09:59:46","guid":{"rendered":"https:\/\/www.radar-shop.eu\/produkt\/unkategorisiert\/826\/"},"modified":"2025-09-07T03:40:09","modified_gmt":"2025-09-07T01:40:09","slug":"escort-redline-ex-international-2","status":"publish","type":"product","link":"https:\/\/www.radar-shop.eu\/fr\/produit\/escort-redline-ex-international-2\/","title":{"rendered":"Escort Redline EX (International)"},"content":{"rendered":"<ul>\n<li>Redline\u00a0EX international\u00a0est un mod\u00e8le\u00a0nouvelle g\u00e9n\u00e9ration de\u00a0Escort\u00a0Redline, mais avec\u00a0une port\u00e9e plus longue\u00a0et des performances\u00a0beaucoup mieux<\/li>\n<li>Redline\u00a0est invisible\u00a0\u00e0 tous les\u00a0RDD\u00a0connue\u00a0(D\u00e9tecteurs de\u00a0Radar Detector)<\/li>\n<li>Il\u00a0est s\u00e9curitaire d&rsquo;utiliser\u00a0Redline\u00a0dans des pays comme\u00a0la Finlande,\u00a0la Belgique,\u00a0l&rsquo;Estonie\u00a0et d&rsquo;autres.<\/li>\n<li>Avertisseur et detecteur radar laser Digital High-end pour toute l\u2019Europe<\/li>\n<li>Protection foudroyant toutes les bandes<\/li>\n<li>Sensitivit\u00e9 radar variable en fonction de la vitesse du v\u00e9hicule<\/li>\n<li>Fonctions programmables et d\u00e9pendantes de l\u2019utilisateur<\/li>\n<li>Excellent rendu digital sonore et vocal<\/li>\n<li>Affichage du texte \u00e0 haute r\u00e9solution<\/li>\n<li>Graphique en barres, ExpertMeter, affichage sp\u00e9cial, alerte de vitesse (indique la bande de fr\u00e9quence et la force du signal)<\/li>\n<li>Mode filtre ville\/autoroute (r\u00e9duit le d\u00e9rangement par des alarmes incorrectes)<\/li>\n<li>Fonction Mute et AutoMute (r\u00e9duit l\u2019alarme acoustique pendant que l\u2019alarme optique reste active)<\/li>\n<li>R\u00e9glage de la luminosit\u00e9 de l\u2019affichage avec un mode totalement sombre<\/li>\n<li>R\u00e9glage intelligent du volume sonore<\/li>\n<li>S\u00e9quence de d\u00e9marrage automatique<\/li>\n<li>Branchement: des connaissances sp\u00e9cialis\u00e9es ne sont pas n\u00e9cessaires \u2013 brancher le cable \u00e0 l\u2019allume cigare (12V), allumer, d\u00e9marrer.<\/li>\n<\/ul>\n","protected":false},"excerpt":{"rendered":"<p><strong>Detecteur de radar Escort Redline EX<\/strong><\/p>\n<ul>\n<li>detecteur de radar dans l&rsquo;habitacle<\/li>\n<li>ind\u00e9tectable (RDD)<\/li>\n<li>avertit avant les radars mobiles<\/li>\n<li>avertit avant les radars fixes<\/li>\n<li>avertit avant les controleur au laser<\/li>\n<li>installation: habitacle<\/li>\n<\/ul>\n","protected":false},"featured_media":657,"comment_status":"open","ping_status":"closed","template":"","meta":[],"product_brand":[],"product_cat":[72,83],"product_tag":[],"class_list":{"0":"post-826","1":"product","2":"type-product","3":"status-publish","4":"has-post-thumbnail","6":"product_cat-detecteurs-de-radar-portable","7":"product_cat-escort-radar-fr","9":"first","10":"onbackorder","11":"sale","12":"taxable","13":"shipping-taxable","14":"purchasable","15":"product-type-simple"},"jetpack_sharing_enabled":true,"_links":{"self":[{"href":"https:\/\/www.radar-shop.eu\/fr\/wp-json\/wp\/v2\/product\/826","targetHints":{"allow":["GET"]}}],"collection":[{"href":"https:\/\/www.radar-shop.eu\/fr\/wp-json\/wp\/v2\/product"}],"about":[{"href":"https:\/\/www.radar-shop.eu\/fr\/wp-json\/wp\/v2\/types\/product"}],"replies":[{"embeddable":true,"href":"https:\/\/www.radar-shop.eu\/fr\/wp-json\/wp\/v2\/comments?post=826"}],"wp:featuredmedia":[{"embeddable":true,"href":"https:\/\/www.radar-shop.eu\/fr\/wp-json\/wp\/v2\/media\/657"}],"wp:attachment":[{"href":"https:\/\/www.radar-shop.eu\/fr\/wp-json\/wp\/v2\/media?parent=826"}],"wp:term":[{"taxonomy":"product_brand","embeddable":true,"href":"https:\/\/www.radar-shop.eu\/fr\/wp-json\/wp\/v2\/product_brand?post=826"},{"taxonomy":"product_cat","embeddable":true,"href":"https:\/\/www.radar-shop.eu\/fr\/wp-json\/wp\/v2\/product_cat?post=826"},{"taxonomy":"product_tag","embeddable":true,"href":"https:\/\/www.radar-shop.eu\/fr\/wp-json\/wp\/v2\/product_tag?post=826"}],"curies":[{"name":"wp","href":"https:\/\/api.w.org\/{rel}","templated":true}]}}