{"id":810,"date":"2017-03-29T23:26:50","date_gmt":"2017-03-29T23:26:50","guid":{"rendered":"https:\/\/www.radar-shop.eu\/produkt\/unkategorisiert\/genevo-one-s-black-edition\/"},"modified":"2023-01-18T16:34:23","modified_gmt":"2023-01-18T14:34:23","slug":"genevo-one-s-black-edition","status":"publish","type":"product","link":"https:\/\/www.radar-shop.eu\/fr\/produit\/genevo-one-s-black-edition\/","title":{"rendered":"GENEVO ONE S BLACK EDITION"},"content":{"rendered":"<p style=\"font-weight: 400;\">L\u2019avertisseur radar Genevo One, avec base de donn\u00e9es de cam\u00e9ras de surveillance \u00e0 technologie GPS, a \u00e9t\u00e9 sp\u00e9cialement con\u00e7u et d\u00e9velopp\u00e9 pour l\u2019utilisation dans les pays francophones et germanophones. Sa taille compacte en fait le choix parfait pour une utilisation discr\u00e8te. Outre les endroits de mesure stationnaires et les \u00e9quipements de contr\u00f4le de franchissement de feux rouges, Genevo One saisit \u00e9galement des informations de haute qualit\u00e9 sur toutes les fr\u00e9quences radar pertinentes en France, en Suisse, en Allemagne et en Autriche. La notice d\u2019utilisation et la fonction vocale en allemand\/anglaise offrent en outre un confort in\u00e9gal\u00e9. En cas de d\u00e9tection d\u2019une source radar, Genevo One en avertit le conducteur en affichant un message correspondant sur l\u2019\u00e9cran et en indiquant vocalement la source exacte de l\u2019alarme (bande radar sp\u00e9cifique, type de POI ou source laser).<\/p>\n<p style=\"font-weight: 400;\">Dans le cas des radars, le syst\u00e8me indique \u00e9galement la puissance du signal \u00e0 l\u2019aide d\u2019un bip sonore, afin de communiquer au conducteur la distance par rapport \u00e0 la source du signal.<\/p>\n<p style=\"font-weight: 400;\">Vous pouvez aussi enregistrer vos propres emplacements GPS (appel\u00e9s \u00e9galement POI) ou bloquer une source d\u2019erreur ou un signal erron\u00e9, de mani\u00e8re \u00e0 ce qu\u2019aucun avertissement sonore ne soit \u00e9mis ult\u00e9rieurement \u00e0 cet endroit, ce qui permet de r\u00e9duire efficacement le taux d\u2019alarmes erron\u00e9es.<\/p>\n<p style=\"font-weight: 400;\">\n<ul>\n<li>Noveaux\u00a0model detecteur de radar\u00a02016!<\/li>\n<li>2 in 1: avertisseur alerte des cam\u00e9ras fixes avec GPS + detecteur alerte de laser &amp; radar incluse<\/li>\n<li>Syst\u00e8me d\u2019alerte GPS de vitesse et de s\u00e9curit\u00e9: signaux d\u2019avertissements en cas de pr\u00e9sence de radars, de vitesse excessive, &#8230;<\/li>\n<li>R\u00e9cepteur GPS de derni\u00e8re g\u00e9n\u00e9ration (SIRF IV) avec antenne GPS int\u00e9gr\u00e9e<\/li>\n<li>Adapt\u00e9 \u00e0 tous les types de pare-brises, y compris les pare-brises dot\u00e9s d\u2019un film m\u00e9tallique<\/li>\n<li>Sites de cam\u00e9ras fixes peuvent \u00eatre t\u00e9l\u00e9charg\u00e9s sur le site web<\/li>\n<li>France\u00a0Allemagne Autriche Suisse Italie\u00a0Pologne R\u00e9publique tch\u00e8que, Slovakia<\/li>\n<li>Base de donn\u00e9es pour plusieurs pays europ\u00e9ens<\/li>\n<li>Possibilit\u00e9 d\u2019ajouter soi-m\u00eame des sites<\/li>\n<li>D\u00e9velopp\u00e9 sp\u00e9cialement pour les syst\u00e8mes radars europ\u00e9ens<\/li>\n<li>Sensibilit\u00e9 de d\u00e9tection optimale<\/li>\n<li>D\u00e9tection laser par avant et par arri\u00e8re<\/li>\n<li>Il n&rsquo;y a aucun probl\u00e8me avec des pare-brise en m\u00e9tal (athermique)<\/li>\n<li>VG-2 vous prot\u00e8ge contre les moyens d&rsquo;identification \u00e9lectronique<\/li>\n<li>le produit mettent en bo\u00eete l&rsquo;aucun soit trouv\u00e9 \u00e9lectroniquement par la police<\/li>\n<\/ul>\n<p>&nbsp;<\/p>\n","protected":false},"excerpt":{"rendered":"<ul>\n<li>detecteur de radar &amp; GPS dans l&rsquo;habitacle<\/li>\n<li>excellent rapport prix performances<\/li>\n<li>avertit avant les radars mobiles<\/li>\n<li>avertit avant les radars fixes<\/li>\n<li>avertit avant les controleur au laser<\/li>\n<li>installation: habitacle<\/li>\n<li>mises\u00a0\u00e1 jour pour les base de donn\u00e9es<\/li>\n<li><a title=\"Acheter detecteur radar\" href=\"http:\/\/www.radar-shop.com\/fr\/QUESTIONS-FREQUENTES\/\">Acheter un d\u00e9tecteur de radar,\u00a0mais comment?<\/a><\/li>\n<\/ul>\n","protected":false},"featured_media":254,"comment_status":"open","ping_status":"closed","template":"","meta":[],"product_brand":[],"product_cat":[72,85,196],"product_tag":[],"class_list":{"0":"post-810","1":"product","2":"type-product","3":"status-publish","4":"has-post-thumbnail","6":"product_cat-detecteurs-de-radar-portable","7":"product_cat-genevo-fr","8":"product_cat-recommandes-anti-radar","10":"first","11":"instock","12":"sale","13":"featured","14":"taxable","15":"shipping-taxable","16":"purchasable","17":"product-type-simple"},"jetpack_sharing_enabled":true,"_links":{"self":[{"href":"https:\/\/www.radar-shop.eu\/fr\/wp-json\/wp\/v2\/product\/810","targetHints":{"allow":["GET"]}}],"collection":[{"href":"https:\/\/www.radar-shop.eu\/fr\/wp-json\/wp\/v2\/product"}],"about":[{"href":"https:\/\/www.radar-shop.eu\/fr\/wp-json\/wp\/v2\/types\/product"}],"replies":[{"embeddable":true,"href":"https:\/\/www.radar-shop.eu\/fr\/wp-json\/wp\/v2\/comments?post=810"}],"wp:featuredmedia":[{"embeddable":true,"href":"https:\/\/www.radar-shop.eu\/fr\/wp-json\/wp\/v2\/media\/254"}],"wp:attachment":[{"href":"https:\/\/www.radar-shop.eu\/fr\/wp-json\/wp\/v2\/media?parent=810"}],"wp:term":[{"taxonomy":"product_brand","embeddable":true,"href":"https:\/\/www.radar-shop.eu\/fr\/wp-json\/wp\/v2\/product_brand?post=810"},{"taxonomy":"product_cat","embeddable":true,"href":"https:\/\/www.radar-shop.eu\/fr\/wp-json\/wp\/v2\/product_cat?post=810"},{"taxonomy":"product_tag","embeddable":true,"href":"https:\/\/www.radar-shop.eu\/fr\/wp-json\/wp\/v2\/product_tag?post=810"}],"curies":[{"name":"wp","href":"https:\/\/api.w.org\/{rel}","templated":true}]}}