{"id":586,"date":"2017-03-30T20:21:28","date_gmt":"2017-03-30T20:21:28","guid":{"rendered":"https:\/\/www.radar-shop.eu\/produkt\/unkategorisiert\/stinger-vip-detecteur\/"},"modified":"2017-03-30T20:21:28","modified_gmt":"2017-03-30T20:21:28","slug":"stinger-vip-detecteur","status":"publish","type":"product","link":"https:\/\/www.radar-shop.eu\/fr\/produit\/stinger-vip-detecteur\/","title":{"rendered":"STINGER VIP"},"content":{"rendered":"<p><b><strong>D\u00c9TECTEUR DE RADAR STINGER VIP +GPS &#8211; LE DERNIER-N\u00c9 DES RADARS DE POINTE DE LA FAMILLE STINGER<\/strong><\/b><\/p>\n<p>Pour vous, seule une installation fixe doit \u00eatre prise en consid\u00e9ration ? Vous accordez beaucoup d&rsquo;importance au professionnalisme de haut niveau, \u00e0 l&rsquo;excellence absolue combin\u00e9e \u00e0 un grand confort d&rsquo;utilisation pour votre v\u00e9hicule pr\u00e9cieux et performant ? Vous appr\u00e9ciez toujours la haute qualit\u00e9 et vous ne souhaitez installer dans votre v\u00e9hicule qu&rsquo;un appareil de pointe \u00e0 la classe absolue ? Alors vous devez choisir un appareil de la marque Stinger!\u00a0Les nouvelles voitures de radars mobiles en France seront \u00e9galement d\u00e9tect\u00e9s.\u00a0<a href=\"http:\/\/basse-normandie.france3.fr\/2013\/10\/18\/manche-mise-en-place-lundi-d-un-radar-embarque-nouvelle-generation-341067.html\">Details&#8230;<\/a><\/p>\n<p><b><strong>Vous trouverez la r\u00e9ponse \u00e0 la question sur ce qui fait que les d\u00e9tecteurs de radar Stinger sont si particuliers, en cliquant sur l&rsquo;onglet suivant \u00ab\u00a0Pourquoi choisir Stinger ?\u00a0\u00bb<br \/>\n<\/strong><\/b><br \/>\nLors de la conception du Stinger VIP, en partant du principe des propri\u00e9t\u00e9s techniques excellentes de tous les appareils Stinger, une grande attention a \u00e9t\u00e9 port\u00e9e \u00e0 la simplicit\u00e9 d&rsquo;utilisation, au guidage des utilisateurs et \u00e0 une int\u00e9gration attrayante de l&rsquo;\u00e9cran haute r\u00e9solution, d\u00e9sormais en couleur, dans le tableau de bord. En outre, le Stinger VIP poss\u00e8de une meilleure antenne de r\u00e9ception radar (Multipolarity HD), ce qui permet d&rsquo;am\u00e9liorer encore la port\u00e9e de la r\u00e9ception des radars et d&rsquo;optimiser la suppression des fausses alertes perturbantes. Les dimensions de tous les composants ont \u00e9t\u00e9 r\u00e9duites afin de permettre une installation cach\u00e9e encore plus discr\u00e8te.<\/p>\n<p>L&rsquo;appareil est compos\u00e9 de l&rsquo;antenne-radar compacte avec analyseur multipolarity (HD), \u00e0 installer \u00e0 l&rsquo;avant du v\u00e9hicule, de l&rsquo;ordinateur central avec r\u00e9cepteur GPS, d&rsquo;un \u00e9cran couleur avec support magn\u00e9tique, d&rsquo;une antenne GPS, du Bo\u00eetier d&rsquo;Extension et d&rsquo;une connexion USB pour le transfert de donn\u00e9es. Bien s\u00fbr, sont \u00e9galement inclus les logiciels ainsi que les c\u00e2bles, le mat\u00e9riel d&rsquo;installation et toutes les instructions.<\/p>\n<p>&#8211; Utilisation l\u00e9gale<br \/>\n&#8211;\u00a0\u00c9cran LCD couleur, \u00e9pur\u00e9, \u00e0 luminosit\u00e9 r\u00e9glable et amovible (123x66x22 mm)<br \/>\n&#8211; Antenne radar avec Multipolarity (HD)<br \/>\n&#8211; D\u00e9tection de radars mobiles et de radars fixes partout en Europe<br \/>\n&#8211; D\u00e9tection de zone de radars tron\u00e7ons (Tutor) avec affichage de la position, calcul et affichage de sa propre vitesse moyenne<br \/>\n&#8211; Balayage de toutes les fr\u00e9quences radar et laser europ\u00e9ennes<br \/>\n&#8211; Base de donn\u00e9es GPS avec POI int\u00e9gr\u00e9s, \u00e0 actualiser gratuitement via internet sur PC\/Mac (mises \u00e0 jour directes du v\u00e9hicule via l&rsquo;ordinateur portable)<br \/>\n&#8211; Fonctions non autoris\u00e9es effa\u00e7ables d&rsquo;une seule pression du doigt (ne peuvent \u00eatre r\u00e9activ\u00e9es que sur PC)<br \/>\n&#8211; Taux minimal de fausses alertes- Syst\u00e8me SpeedSense pour la suppression d&rsquo;alerte en-dessous d&rsquo;une vitesse configurable<br \/>\n&#8211; liste des fausses alertes pour sauvegarde et pour une s\u00e9lection future automatique des sources de fausses alertes<br \/>\n&#8211; Suppression manuelle d&rsquo;alerte avec la touche Mute<br \/>\n&#8211; Arr\u00eat possible de la bande K via le menu- 100% de protection contre une localisation \u00e9lectronique (VG2, Spectre)<br \/>\n&#8211; Liste d&rsquo;alertes pour sauvegarde de ses propres emplacements- Mise \u00e0 jour gratuite sur PC \/ MAC<br \/>\n&#8211; Liste de contr\u00f4le de la police reprenant les mesures de vitesse effectu\u00e9es par la police (sauvegarde de la vitesse, lieu, heure, fr\u00e9quence de contr\u00f4le utilis\u00e9e)<br \/>\n&#8211; Affichage de signaux de S\u00e9curit\u00e9 (transmission de signaux provenant d&rsquo;utilisateurs Singer qui vous pr\u00e9c\u00e8dent sur la route, en cas de situation dangereuse par ex., freinage d&rsquo;urgence)<\/p>\n<p><b><strong>Possibilit\u00e9s d&rsquo;extension en option (contenues dans le\u00a0<a href=\"http:\/\/www.radar-shop.com\/fr\/de-luxe-solution-radar-compl-tes\/detecteur-de-radar-Stinger-VIP-GPS-Laser.html\">Stinger VIP +GPS +Laser systeme<\/a>\u00a0que vous pouvez commander) :<br \/>\n<\/strong><\/b>&#8211; Bo\u00eetier Analyseur Laser avec un maximum de 4 modules (carr\u00e9s ou ronds) de d\u00e9tection de laser et de brouillage par LaserShield<\/p>\n<p><b><strong>Vous voulez \u00eatre certains que l&rsquo;installation dissimul\u00e9e de votre d\u00e9tecteur de radars passe bien inaper\u00e7ue?<br \/>\nFaites-vous une id\u00e9e de nos d\u00e9tecteurs de radars \u00e0 travers nos vid\u00e9os de d\u00e9monstration!<\/strong><\/b><\/p>\n<p>Afin de garantir une installation professionnelle des syst\u00e8mes haut de gamme Stinger, nous proposons que les appareils Stinger soient install\u00e9s par nos sp\u00e9cialistes, sur place. Nous nous tenons \u00e0 votre disposition pour r\u00e9pondre \u00e0 d\u2019\u00e9ventuelles questions \u00e0 ce sujet. Si cela vous int\u00e9resse, l\u2019installation de cet appareil par des m\u00e9caniciens automobiles professionnels et exp\u00e9riment\u00e9s est possible ici dans un atelier \u00e0 Heidelberg, discr\u00e8tement, et tr\u00e8s flexible au niveau des horaires (en g\u00e9n\u00e9ral le vendredi apr\u00e8s-midi, les weekends). Le temps habituel d\u2019installation est d\u2019environ 3-4 heures mais aussi \u00eatre un peu plus long pour les voitures exotiques. Le technicien se met d\u2019accord avec vous au pr\u00e9alable sur les possibilit\u00e9s d\u2019installation de sorte que vous ayez une id\u00e9e de ce que sera le r\u00e9sultat. L\u2019atelier est \u00e0 Heidelberg et vous pouvez profiter de ce moment pour une visite de la ville. De nombreux clients se r\u00e9jouissent de cette possibilit\u00e9. Des difficult\u00e9s peuvent arriver dans les rares cas o\u00f9 par exemple il n\u2019y a pas assez de place \u00e0 l\u2019avant du v\u00e9hicule pour le\u00a0Stinger VIP\u00a0ou le seul d\u00e9montage de pi\u00e8ces de carrosserie prendrait des heures et un outillage sp\u00e9cial est n\u00e9cessaire.<\/p>\n<p>Veuillez ajouter ce point dans votre panier d\u2019achats pour une offre individuelle d\u2019installation de l\u2019appareil demand\u00e9.<\/p>\n","protected":false},"excerpt":{"rendered":"<p><strong>Le Stinger VIP d\u00e9tecteur de radar<\/strong> avec un \u00e9cran LCD tactile brillant est des performances haut de gamme le plus avanc\u00e9 d\u00e9tecteur de radar fixe mont\u00e9 et offre avertissement de radar mobile contre les radars radars fixes et mobiles dans toute l&rsquo;Europe &#8211; commandez maintenant et \u00e9viter la vitesse des billets.<\/p>\n<p>Radars d\u00e9tecteurs de mesure install\u00e9 de Stinger.\u00a0<img loading=\"lazy\" decoding=\"async\" title=\"Detecteur radar et antiradar ideal pour France\" src=\"http:\/\/www.radar-shop.com\/out\/pictures\/wysiwigpro\/detecteur%20de%20radar%20pour%20France.jpg\" alt=\"Detecteur radar et antiradar ideal pour France\" width=\"19\" height=\"13\" \/>\u00a0<img loading=\"lazy\" decoding=\"async\" title=\"Detecteur radar et antiradar ideal pour Belgique\" src=\"http:\/\/www.radar-shop.com\/out\/pictures\/wysiwigpro\/detecteur%20de%20radar%20pour%20Belgique.jpg\" alt=\"Detecteur radar et antiradar ideal pour Belgique\" width=\"21\" height=\"13\" \/>\u00a0<img loading=\"lazy\" decoding=\"async\" title=\"Detecteur radar et antiradar ideal pour Suisse\" src=\"http:\/\/www.radar-shop.com\/out\/pictures\/wysiwigpro\/detecteur%20de%20radar%20pour%20Suisse.jpg\" alt=\"Detecteur radar et antiradar ideal pour Suisse\" width=\"13\" height=\"13\" \/>\u00a0<img loading=\"lazy\" decoding=\"async\" title=\"Detecteur radar et antiradar ideal pour Luxembourg\" src=\"http:\/\/www.radar-shop.com\/out\/pictures\/wysiwigpro\/detecteur%20de%20radar%20pour%20Luxembourg.jpg\" alt=\"Detecteur radar et antiradar ideal pour Luxembourg\" width=\"20\" height=\"13\" \/>\u00a0<img loading=\"lazy\" decoding=\"async\" title=\"Detecteur de radar ideal pour l Europe\" src=\"http:\/\/www.radar-shop.com\/out\/pictures\/wysiwigpro\/detecteur_de_radar_pour%20Europe_EU.JPG\" alt=\"Detecteur de radar ideal pour l Europe\" width=\"20\" height=\"13\" \/><\/p>\n<p>&nbsp;<\/p>\n","protected":false},"featured_media":14970,"comment_status":"open","ping_status":"closed","template":"","meta":[],"product_brand":[],"product_cat":[158,105],"product_tag":[],"class_list":{"0":"post-586","1":"product","2":"type-product","3":"status-publish","4":"has-post-thumbnail","6":"product_cat-detecteur-de-radar-installation-invisible","7":"product_cat-stinger-radar-fr","9":"first","10":"instock","11":"sale","12":"taxable","13":"shipping-taxable","14":"purchasable","15":"product-type-simple"},"jetpack_sharing_enabled":true,"_links":{"self":[{"href":"https:\/\/www.radar-shop.eu\/fr\/wp-json\/wp\/v2\/product\/586","targetHints":{"allow":["GET"]}}],"collection":[{"href":"https:\/\/www.radar-shop.eu\/fr\/wp-json\/wp\/v2\/product"}],"about":[{"href":"https:\/\/www.radar-shop.eu\/fr\/wp-json\/wp\/v2\/types\/product"}],"replies":[{"embeddable":true,"href":"https:\/\/www.radar-shop.eu\/fr\/wp-json\/wp\/v2\/comments?post=586"}],"wp:featuredmedia":[{"embeddable":true,"href":"https:\/\/www.radar-shop.eu\/fr\/wp-json\/wp\/v2\/media\/14970"}],"wp:attachment":[{"href":"https:\/\/www.radar-shop.eu\/fr\/wp-json\/wp\/v2\/media?parent=586"}],"wp:term":[{"taxonomy":"product_brand","embeddable":true,"href":"https:\/\/www.radar-shop.eu\/fr\/wp-json\/wp\/v2\/product_brand?post=586"},{"taxonomy":"product_cat","embeddable":true,"href":"https:\/\/www.radar-shop.eu\/fr\/wp-json\/wp\/v2\/product_cat?post=586"},{"taxonomy":"product_tag","embeddable":true,"href":"https:\/\/www.radar-shop.eu\/fr\/wp-json\/wp\/v2\/product_tag?post=586"}],"curies":[{"name":"wp","href":"https:\/\/api.w.org\/{rel}","templated":true}]}}