{"id":4618,"date":"2019-07-01T17:28:52","date_gmt":"2020-08-20T10:09:22","guid":{"rendered":"https:\/\/www.radar-shop.eu\/?post_type=product&#038;p=4618"},"modified":"2026-01-06T06:05:28","modified_gmt":"2026-01-06T04:05:28","slug":"lasertrack-flare-brouilleur-de-laser","status":"publish","type":"product","link":"https:\/\/www.radar-shop.eu\/fr\/produit\/lasertrack-flare-brouilleur-de-laser\/","title":{"rendered":"Lasertrack Flare Brouilleur de laser"},"content":{"rendered":"<h2><strong>LaserTrack Flare : l&rsquo;arme ultime contre les pistolets laser<\/strong><\/h2>\n<p><img loading=\"lazy\" decoding=\"async\" class=\"alignright size-medium wp-image-4130\" src=\"https:\/\/www.radar-shop.eu\/wp-content\/uploads\/\/Lasertrack-flare-jammer-300x197.jpg\" alt=\"\" width=\"300\" height=\"197\" srcset=\"https:\/\/www.radar-shop.eu\/wp-content\/uploads\/Lasertrack-flare-jammer-300x197.jpg 300w, https:\/\/www.radar-shop.eu\/wp-content\/uploads\/Lasertrack-flare-jammer-360x235.jpg 360w, https:\/\/www.radar-shop.eu\/wp-content\/uploads\/Lasertrack-flare-jammer.jpg 479w\" sizes=\"auto, (max-width: 300px) 100vw, 300px\" \/>LaserTrack Flare est une t\u00e9l\u00e9commande multifonctionnelle innovante combin\u00e9e \u00e0 la technologie de protection contre les radars laser la plus avanc\u00e9e, qui vous offre, en tant qu&rsquo;utilisateur, de nombreux avantages. En tant que t\u00e9l\u00e9commande, le LaserTrack Flare peut \u00eatre utilis\u00e9 partout dans le monde, tandis que dans les pays o\u00f9 la protection contre les radars laser n&rsquo;est pas autoris\u00e9e, vous pouvez facilement l&rsquo;\u00e9teindre via notre application web. De cette fa\u00e7on, il ne peut y avoir aucun malentendu sur la fa\u00e7on dont vous utilisez votre LaserTrack Flare.<\/p>\n<ul>\n<li><span style=\"color: #339966;\"><strong>En tant que t\u00e9l\u00e9commande uniquement : l\u00e9gal dans le monde entier<\/strong><\/span><\/li>\n<li><span style=\"color: #808080;\"><strong>En tant que t\u00e9l\u00e9commande combin\u00e9e \u00e0 la d\u00e9tection laser : consultez votre l\u00e9gislation nationale*<\/strong><\/span><\/li>\n<li><span style=\"color: #808080;\"><strong>En tant que t\u00e9l\u00e9commande combin\u00e9e \u00e0 une protection laser : consultez votre l\u00e9gislation nationale*<\/strong><\/span><\/li>\n<\/ul>\n<h3><strong>LES CARACT\u00c9RISTIQUES UNIQUES DE L&rsquo;\u00c9VASEMENT PAR PISTE LASER EN UN COUP D&rsquo;\u0152IL :<\/strong><\/h3>\n<h3>CONTR\u00d4LE \u00c0 DISTANCE SI N\u00c9CESSAIRE<\/h3>\n<ul>\n<li>Une t\u00e9l\u00e9commande enti\u00e8rement automatique pour toutes les marques de portails \u00e9lectriques, de portes de garage et d&rsquo;\u00e9clairages ext\u00e9rieurs.<\/li>\n<li>Jusqu&rsquo;\u00e0 50 v\u00e9hicules ont acc\u00e8s \u00e0 chaque portail ou porte. Tous ont leur propre code de s\u00e9curit\u00e9 unique.<\/li>\n<li>Port\u00e9e moyenne en situation de vision claire : &gt; 100 m\u00e8tres.<\/li>\n<\/ul>\n<h3>LA PROTECTION LASER L\u00c0 O\u00d9 ELLE EST AUTORIS\u00c9E<\/h3>\n<ul>\n<li>S&rsquo;il est autoris\u00e9 dans votre pays, le LaserTrack Flare peut \u00eatre programm\u00e9 en ligne pour offrir une protection compl\u00e8te et invisible (furtive) contre tous les pistolets laser de police utilis\u00e9s en Europe.<\/li>\n<\/ul>\n<h3>APR : LA NOUVELLE NORME EN MATI\u00c8RE DE FURTIVIT\u00c9<\/h3>\n<ul>\n<li>Avec LaserTrack Flare, nous introduisons une nouveaut\u00e9 de classe mondiale dans le domaine de la protection invisible contre les pistolets laser :\u00a0Retour d&rsquo;impulsion pr\u00e9cis. Brouillage furtif, sans code brouill\u00e9 dans l&rsquo;\u00e9cran du pistolet laser, ce que font d\u00e9j\u00e0 la plupart des fabricants.\u00a0Avec APR, nous allons encore plus loin.\u00a0Les pistolets laser modernes ne pr\u00e9sentent plus d\u00e9sormais de diagramme sonore d\u00e9viant lors des tentatives de mesure des v\u00e9hicules \u00e9quip\u00e9s de LaserTrack Flare.<br \/>\nFurtif comme il se doit !<\/li>\n<\/ul>\n<h3>UTILISATION ET POSSESSION L\u00c9GALES<\/h3>\n<ul>\n<li>Aucun probl\u00e8me juridique. En tant que t\u00e9l\u00e9commande, le LaserTrack Flare est enti\u00e8rement l\u00e9gal dans le monde entier.<\/li>\n<li>En appuyant et en maintenant enfonc\u00e9 un bouton individuel sur l&rsquo;\u00e9cran, les r\u00e9glages d&rsquo;usine seront r\u00e9tablis et seule la fonction de t\u00e9l\u00e9commande restera active.<\/li>\n<\/ul>\n<h3>PROGRAMMATION ET MISE \u00c0 JOUR<\/h3>\n<ul>\n<li>Enti\u00e8rement programmable et actualisable sur notre interface web.<\/li>\n<\/ul>\n<h3>INSTALLATION INVISIBLE, RAPIDE ET EXTR\u00caMEMENT AVANC\u00c9E<\/h3>\n<ul>\n<li>Int\u00e9gration totalement invisible des transpondeurs dans le cadre de la plaque d&rsquo;immatriculation (disponible \u00e0 partir de mars 2018).<\/li>\n<li>Les transpondeurs extr\u00eamement petits et robustes ont chacun leur propre processeur 32 bits 180MHz pour des performances exceptionnelles et une fiabilit\u00e9 maximale dans les circonstances les plus difficiles.<\/li>\n<li>Les syst\u00e8mes de lentilles avanc\u00e9s avec filtres IR pour les transpondeurs sont d\u00e9velopp\u00e9s en coop\u00e9ration avec les principaux sp\u00e9cialistes de l&rsquo;optique. Les lentilles garantissent une amplification maximale de la lumi\u00e8re entrante et un grand angle d&rsquo;ouverture. Ceci, combin\u00e9 \u00e0 la plus haute amplification \u00e9lectronique de l&rsquo;industrie, conduit \u00e0 un nouveau standard de sensibilit\u00e9.<\/li>\n<li>L&rsquo;affichage minimal du LaserTrack Flare, encore une fois le plus petit de son genre et de loin, garantit des alertes sonores et visuelles opportunes dans votre voiture et est con\u00e7u de mani\u00e8re neutre, mais \u00e9l\u00e9gante. En option, l&rsquo;\u00e9cran peut \u00eatre plac\u00e9 compl\u00e8tement hors de vue dans un espace existant du tableau de bord.<\/li>\n<\/ul>\n<h3>UNE INSTALLATION SIMPLE ET FIABLE PAR NOS REVENDEURS : LE TESTEUR DE CAM\u00c9RA IR<\/h3>\n<ul>\n<li>L&rsquo;alignement correct des transpondeurs laser est d\u00e9cisif pour leur fonctionnement fiable. Par d\u00e9faut, l&rsquo;alignement dans l&rsquo;industrie du laser se fait avec un niveau \u00e0 bulle. L&rsquo;exp\u00e9rience montre qu&rsquo;aucune garantie ne peut en \u00eatre tir\u00e9e.\u00a0C&rsquo;est pourquoi nous avons d\u00e9velopp\u00e9 le testeur de cam\u00e9ra infrarouge. Celui-ci rend l&rsquo;image de la lumi\u00e8re infrarouge du transpondeur visible sur l&rsquo;\u00e9cran d&rsquo;un ordinateur portable pour un alignement correct. Tant verticalement qu&rsquo;horizontalement. Dor\u00e9navant, conduisez toujours avec des transpondeurs parfaitement align\u00e9s : une sensation de d\u00e9tente.<\/li>\n<li>Les transpondeurs LaserTrack Flare utilisent un protocole de r\u00e9seau et sont interconnect\u00e9s. Ils sont donc tr\u00e8s faciles \u00e0 installer car, pour chaque groupe de transpondeurs, un seul c\u00e2ble doit \u00eatre achemin\u00e9 \u00e0 travers le pare-feu du v\u00e9hicule. Cela permet d&rsquo;\u00e9conomiser beaucoup de temps et d&rsquo;argent.<\/li>\n<\/ul>\n<h3>GARANTIE \u00c0 VIE<\/h3>\n<ul>\n<li>Les bo\u00eetiers des transpondeurs LaserTrack sont fabriqu\u00e9s selon un proc\u00e9d\u00e9 de moulage automobile thermique pour une fiabilit\u00e9 maximale dans des conditions extr\u00eames. En tant que seul fabricant de lasers au monde, nous garantissons nos transpondeurs \u00e0 vie contre les infiltrations d&rsquo;eau*.<br \/>\n<sup>* Les transpondeurs qui ont \u00e9t\u00e9 modifi\u00e9s ou les transpondeurs qui pr\u00e9sentent des dommages physiques importants sont exclus de cette garantie.<\/sup><\/li>\n<\/ul>\n<h3>Comparaison des lasers<\/h3>\n<figure id=\"attachment_4145\" aria-describedby=\"caption-attachment-4145\" style=\"width: 980px\" class=\"wp-caption aligncenter\"><img loading=\"lazy\" decoding=\"async\" class=\"wp-image-4145 size-large\" src=\"https:\/\/www.radar-shop.eu\/wp-content\/uploads\/\/Laserjammer-Vergleich-1024x372.png\" alt=\"\" width=\"980\" height=\"356\" srcset=\"https:\/\/www.radar-shop.eu\/wp-content\/uploads\/Laserjammer-Vergleich-1024x372.png 1024w, https:\/\/www.radar-shop.eu\/wp-content\/uploads\/Laserjammer-Vergleich-300x109.png 300w, https:\/\/www.radar-shop.eu\/wp-content\/uploads\/Laserjammer-Vergleich-768x279.png 768w, https:\/\/www.radar-shop.eu\/wp-content\/uploads\/Laserjammer-Vergleich-1536x558.png 1536w, https:\/\/www.radar-shop.eu\/wp-content\/uploads\/Laserjammer-Vergleich-555x202.png 555w, https:\/\/www.radar-shop.eu\/wp-content\/uploads\/Laserjammer-Vergleich.png 1600w\" sizes=\"auto, (max-width: 980px) 100vw, 980px\" \/><figcaption id=\"caption-attachment-4145\" class=\"wp-caption-text\">Comparaison des brouilleurs de laser : Priorit\u00e9 aux anti-laser &#8211; Laser Stinger &#8211; Lasertrack Flare<\/figcaption><\/figure>\n<p>LaserTrack Flare est la t\u00e9l\u00e9commande la plus innovante et la protection laser la plus puissante jamais r\u00e9alis\u00e9e. De plus, LaserTrack Flare est sensiblement plus petit que tous les syst\u00e8mes existants et peut \u00eatre install\u00e9 de mani\u00e8re simple, fiable et pratiquement invisible dans chaque voiture.<\/p>\n","protected":false},"excerpt":{"rendered":"<p><strong>Ensemble de base, compos\u00e9 de<\/strong><\/p>\n<ul>\n<li>unit\u00e9 principale<\/li>\n<li>affichage de fonctionnement pour les alertes visuelles et sonores<\/li>\n<li>c\u00e2blage complet<\/li>\n<li>1x transpondeur \u00e0 capteur standard<\/li>\n<\/ul>\n","protected":false},"featured_media":4153,"comment_status":"open","ping_status":"closed","template":"","meta":[],"product_brand":[],"product_cat":[168,196,122],"product_tag":[],"class_list":{"0":"post-4618","1":"product","2":"type-product","3":"status-publish","4":"has-post-thumbnail","6":"product_cat-brouilleur-laser-eso","7":"product_cat-recommandes-anti-radar","8":"product_cat-track-technologies-target-fr","10":"first","11":"instock","12":"sale","13":"taxable","14":"shipping-taxable","15":"purchasable","16":"product-type-simple"},"jetpack_sharing_enabled":true,"_links":{"self":[{"href":"https:\/\/www.radar-shop.eu\/fr\/wp-json\/wp\/v2\/product\/4618","targetHints":{"allow":["GET"]}}],"collection":[{"href":"https:\/\/www.radar-shop.eu\/fr\/wp-json\/wp\/v2\/product"}],"about":[{"href":"https:\/\/www.radar-shop.eu\/fr\/wp-json\/wp\/v2\/types\/product"}],"replies":[{"embeddable":true,"href":"https:\/\/www.radar-shop.eu\/fr\/wp-json\/wp\/v2\/comments?post=4618"}],"wp:featuredmedia":[{"embeddable":true,"href":"https:\/\/www.radar-shop.eu\/fr\/wp-json\/wp\/v2\/media\/4153"}],"wp:attachment":[{"href":"https:\/\/www.radar-shop.eu\/fr\/wp-json\/wp\/v2\/media?parent=4618"}],"wp:term":[{"taxonomy":"product_brand","embeddable":true,"href":"https:\/\/www.radar-shop.eu\/fr\/wp-json\/wp\/v2\/product_brand?post=4618"},{"taxonomy":"product_cat","embeddable":true,"href":"https:\/\/www.radar-shop.eu\/fr\/wp-json\/wp\/v2\/product_cat?post=4618"},{"taxonomy":"product_tag","embeddable":true,"href":"https:\/\/www.radar-shop.eu\/fr\/wp-json\/wp\/v2\/product_tag?post=4618"}],"curies":[{"name":"wp","href":"https:\/\/api.w.org\/{rel}","templated":true}]}}