{"id":343,"date":"2017-06-06T21:13:35","date_gmt":"2017-06-06T21:13:35","guid":{"rendered":"https:\/\/www.radar-shop.eu\/produkt\/unkategorisiert\/343\/"},"modified":"2026-03-20T06:06:03","modified_gmt":"2026-03-20T04:06:03","slug":"whistler-gt-130-xi-euro","status":"publish","type":"product","link":"https:\/\/www.radar-shop.eu\/fr\/produit\/whistler-gt-130-xi-euro\/","title":{"rendered":"WHISTLER GT-130 XI EURO"},"content":{"rendered":"<h2><strong>DETECTEUR ET AVERTISSEUR DE RADAR WHISTLER GT130XI<\/strong><\/h2>\n<ul>\n<li>Mod\u00e8le am\u00e9lior\u00e9 du Whistler qui avait connu un grand succ\u00e8s 948 euros<\/li>\n<li>Avertisseur radar \/ laser con\u00e7u et d\u00e9velopp\u00e9 pour toute l\u2019Europe<\/li>\n<li>D\u00e9tection de toutes les fr\u00e9quences de radar connues<\/li>\n<li>Excellent rapport qualit\u00e9\/prix<\/li>\n<li>Affichage ic\u00f4nes montre diff\u00e9rents symboles, en fonction de la bande capt\u00e9e<\/li>\n<li>Diff\u00e9rents signaux acoustiques en fonction de la bande capt\u00e9e<\/li>\n<li>Protection p\u00e9rim\u00e8tre 360\u00b0 (d\u00e9tecte devant, sur le c\u00f4t\u00e9 et derri\u00e8re)<\/li>\n<li>Quiet \/AutoQuiet Modes (r\u00e9duit l\u2019alarme acoustique tandis que l\u2019alarme optique reste active)<\/li>\n<li>Mode ville (r\u00e9duit les perturbations provenant de fausses alertes)<\/li>\n<li>R\u00e9glage du volume<\/li>\n<li>S\u00e9quence Auto start-up<\/li>\n<li>Pas rep\u00e9rable\/localisable par syst\u00e8me \u00e9lectronique&nbsp;!<\/li>\n<li>Raccordement&nbsp;: tout simplement \u00e0 l\u2019allume-cigares (12 V)<\/li>\n<\/ul>\n","protected":false},"excerpt":{"rendered":"<p>Le d\u00e9tecteur de radar Whistler GT-130 Xi Euro est un \u00e9conomique et offre un radar mobile et alerte laser avec une bonne plage de d\u00e9tection pour une utilisation contre les radars de radar en France et Belgique &#8211; commandez maintenant et \u00e9viter les amendes et les contraventions. D\u00e9tecteurs de radar de Whistler contre Radar et Laser.<\/p>\n","protected":false},"featured_media":335,"comment_status":"open","ping_status":"closed","template":"","meta":[],"product_brand":[],"product_cat":[72,196,73],"product_tag":[74],"class_list":{"0":"post-343","1":"product","2":"type-product","3":"status-publish","4":"has-post-thumbnail","6":"product_cat-detecteurs-de-radar-portable","7":"product_cat-recommandes-anti-radar","8":"product_cat-whistler-fr","9":"product_tag-whistler-fr","11":"first","12":"instock","13":"sale","14":"taxable","15":"shipping-taxable","16":"purchasable","17":"product-type-simple"},"jetpack_sharing_enabled":true,"_links":{"self":[{"href":"https:\/\/www.radar-shop.eu\/fr\/wp-json\/wp\/v2\/product\/343","targetHints":{"allow":["GET"]}}],"collection":[{"href":"https:\/\/www.radar-shop.eu\/fr\/wp-json\/wp\/v2\/product"}],"about":[{"href":"https:\/\/www.radar-shop.eu\/fr\/wp-json\/wp\/v2\/types\/product"}],"replies":[{"embeddable":true,"href":"https:\/\/www.radar-shop.eu\/fr\/wp-json\/wp\/v2\/comments?post=343"}],"wp:featuredmedia":[{"embeddable":true,"href":"https:\/\/www.radar-shop.eu\/fr\/wp-json\/wp\/v2\/media\/335"}],"wp:attachment":[{"href":"https:\/\/www.radar-shop.eu\/fr\/wp-json\/wp\/v2\/media?parent=343"}],"wp:term":[{"taxonomy":"product_brand","embeddable":true,"href":"https:\/\/www.radar-shop.eu\/fr\/wp-json\/wp\/v2\/product_brand?post=343"},{"taxonomy":"product_cat","embeddable":true,"href":"https:\/\/www.radar-shop.eu\/fr\/wp-json\/wp\/v2\/product_cat?post=343"},{"taxonomy":"product_tag","embeddable":true,"href":"https:\/\/www.radar-shop.eu\/fr\/wp-json\/wp\/v2\/product_tag?post=343"}],"curies":[{"name":"wp","href":"https:\/\/api.w.org\/{rel}","templated":true}]}}