{"id":2560,"date":"2017-02-25T14:59:14","date_gmt":"2017-02-25T14:59:14","guid":{"rendered":"https:\/\/www.radar-shop.eu\/produkt\/unkategorisiert\/cable-dinstallation-adapte-au-detecteur-de-radar-genevo-one\/"},"modified":"2019-02-25T18:56:39","modified_gmt":"2019-02-25T18:56:39","slug":"cable-dinstallation-adapte-au-detecteur-de-radar-genevo-one","status":"publish","type":"product","link":"https:\/\/www.radar-shop.eu\/fr\/produit\/cable-dinstallation-adapte-au-detecteur-de-radar-genevo-one\/","title":{"rendered":"C\u00e2ble d&rsquo;installation pour Genevo"},"content":{"rendered":"<p><strong>C\u00e2ble d&rsquo;installation adapt\u00e9 au d\u00e9tecteur de radar Genevo One<\/strong> Installation pour installation encastr\u00e9e de l&rsquo;alimentation, y compris la protection contre les courts-circuits<\/p>\n","protected":false},"excerpt":{"rendered":"<p><strong>C\u00e2ble d&rsquo;installation adapt\u00e9 au d\u00e9tecteur de radar Genevo One<\/strong><\/p>\n","protected":false},"featured_media":2547,"comment_status":"open","ping_status":"closed","template":"","meta":[],"product_brand":[],"product_cat":[159],"product_tag":[],"class_list":{"0":"post-2560","1":"product","2":"type-product","3":"status-publish","4":"has-post-thumbnail","6":"product_cat-radar-accessoires","8":"first","9":"instock","10":"taxable","11":"shipping-taxable","12":"purchasable","13":"product-type-simple"},"jetpack_sharing_enabled":true,"_links":{"self":[{"href":"https:\/\/www.radar-shop.eu\/fr\/wp-json\/wp\/v2\/product\/2560","targetHints":{"allow":["GET"]}}],"collection":[{"href":"https:\/\/www.radar-shop.eu\/fr\/wp-json\/wp\/v2\/product"}],"about":[{"href":"https:\/\/www.radar-shop.eu\/fr\/wp-json\/wp\/v2\/types\/product"}],"replies":[{"embeddable":true,"href":"https:\/\/www.radar-shop.eu\/fr\/wp-json\/wp\/v2\/comments?post=2560"}],"wp:featuredmedia":[{"embeddable":true,"href":"https:\/\/www.radar-shop.eu\/fr\/wp-json\/wp\/v2\/media\/2547"}],"wp:attachment":[{"href":"https:\/\/www.radar-shop.eu\/fr\/wp-json\/wp\/v2\/media?parent=2560"}],"wp:term":[{"taxonomy":"product_brand","embeddable":true,"href":"https:\/\/www.radar-shop.eu\/fr\/wp-json\/wp\/v2\/product_brand?post=2560"},{"taxonomy":"product_cat","embeddable":true,"href":"https:\/\/www.radar-shop.eu\/fr\/wp-json\/wp\/v2\/product_cat?post=2560"},{"taxonomy":"product_tag","embeddable":true,"href":"https:\/\/www.radar-shop.eu\/fr\/wp-json\/wp\/v2\/product_tag?post=2560"}],"curies":[{"name":"wp","href":"https:\/\/api.w.org\/{rel}","templated":true}]}}