{"id":2490,"date":"2018-02-25T10:14:11","date_gmt":"2019-02-25T10:14:11","guid":{"rendered":"https:\/\/www.radar-shop.eu\/produkt\/unkategorisiert\/2490\/"},"modified":"2019-02-25T10:18:23","modified_gmt":"2019-02-25T10:18:23","slug":"cable-pour-escort","status":"publish","type":"product","link":"https:\/\/www.radar-shop.eu\/fr\/produit\/cable-pour-escort\/","title":{"rendered":"C\u00c2BLE POUR ESCORT"},"content":{"rendered":"<p>C\u00e2ble de remplacement avec switch int\u00e9gr\u00e9 et indicateur de puissance pour l&rsquo;escorte de d\u00e9tecteur de radar pour le raccordement \u00e0 l&rsquo;allume-cigare et kit de montage.<\/p>\n<p>compatible avec:<\/p>\n<ul>\n<li>Escort X 8500 (X50)<\/li>\n<li>Escort 9500iX<\/li>\n<li>Escort Redline<\/li>\n<li>Escort Redline EX<\/li>\n<li>Escort EX 360<\/li>\n<li>Escort EX 360C<\/li>\n<li>Escort MAX<\/li>\n<li>Escort MAX2<\/li>\n<\/ul>\n","protected":false},"excerpt":{"rendered":"<p>C\u00e2ble de remplacement avec switch int\u00e9gr\u00e9 et indicateur de puissance pour l&rsquo;escorte de d\u00e9tecteur de radar pour le raccordement \u00e0 l&rsquo;allume-cigare et kit de montage.<\/p>\n<p>compatible avec:<\/p>\n<ul>\n<li>Escort X 8500 (X50)<\/li>\n<li>Escort 9500iX<\/li>\n<li>Escort Redline<\/li>\n<li>Escort Redline EX<\/li>\n<li>Escort EX 360<\/li>\n<li>Escort EX 360C<\/li>\n<li>Escort MAX<\/li>\n<li>Escort MAX2<\/li>\n<\/ul>\n","protected":false},"featured_media":4257,"comment_status":"open","ping_status":"closed","template":"","meta":[],"product_brand":[],"product_cat":[83,159],"product_tag":[],"class_list":{"0":"post-2490","1":"product","2":"type-product","3":"status-publish","4":"has-post-thumbnail","6":"product_cat-escort-radar-fr","7":"product_cat-radar-accessoires","9":"first","10":"instock","11":"taxable","12":"shipping-taxable","13":"purchasable","14":"product-type-simple"},"jetpack_sharing_enabled":true,"_links":{"self":[{"href":"https:\/\/www.radar-shop.eu\/fr\/wp-json\/wp\/v2\/product\/2490","targetHints":{"allow":["GET"]}}],"collection":[{"href":"https:\/\/www.radar-shop.eu\/fr\/wp-json\/wp\/v2\/product"}],"about":[{"href":"https:\/\/www.radar-shop.eu\/fr\/wp-json\/wp\/v2\/types\/product"}],"replies":[{"embeddable":true,"href":"https:\/\/www.radar-shop.eu\/fr\/wp-json\/wp\/v2\/comments?post=2490"}],"wp:featuredmedia":[{"embeddable":true,"href":"https:\/\/www.radar-shop.eu\/fr\/wp-json\/wp\/v2\/media\/4257"}],"wp:attachment":[{"href":"https:\/\/www.radar-shop.eu\/fr\/wp-json\/wp\/v2\/media?parent=2490"}],"wp:term":[{"taxonomy":"product_brand","embeddable":true,"href":"https:\/\/www.radar-shop.eu\/fr\/wp-json\/wp\/v2\/product_brand?post=2490"},{"taxonomy":"product_cat","embeddable":true,"href":"https:\/\/www.radar-shop.eu\/fr\/wp-json\/wp\/v2\/product_cat?post=2490"},{"taxonomy":"product_tag","embeddable":true,"href":"https:\/\/www.radar-shop.eu\/fr\/wp-json\/wp\/v2\/product_tag?post=2490"}],"curies":[{"name":"wp","href":"https:\/\/api.w.org\/{rel}","templated":true}]}}