{"id":2475,"date":"2018-03-15T10:04:36","date_gmt":"2018-03-15T10:04:36","guid":{"rendered":"https:\/\/www.radar-shop.eu\/produkt\/unkategorisiert\/escort-max-360c-international\/"},"modified":"2025-11-05T06:06:54","modified_gmt":"2025-11-05T04:06:54","slug":"escort-max-360c-international","status":"publish","type":"product","link":"https:\/\/www.radar-shop.eu\/fr\/produit\/escort-max-360c-international\/","title":{"rendered":"Escort Max 360C International"},"content":{"rendered":"<ul>\n<li>PROTECTION DES BILLETS EN TEMPS R\u00c9EL AVEC LA TECHNOLOGIE VOITURE CONNECT\u00c9E &#8211; Bluetooth et Wi-fi int\u00e9gr\u00e9s utilisent le syst\u00e8me embarqu\u00e9 de votre voiture avec iPhone \/ Android. Recevez des avertissements des scanners de police autour de vous signal\u00e9s par d&rsquo;autres d\u00e9tecteurs de radar et adapt\u00e9s \u00e0 votre vitesse et \u00e0 vos param\u00e8tres.<\/li>\n<\/ul>\n<p>&nbsp;<\/p>\n<ul>\n<li>TEMPS DE R\u00c9PONSE LE PLUS RAPIDE AVEC LES MEILLEURS AVERTISSEMENTS &#8211; La technologie de balayage rapide et de traitement du signal num\u00e9rique (DSP) permet au MAX 360C de d\u00e9tecter et d\u2019identifier les menaces plus rapidement et plus pr\u00e9cis\u00e9ment gr\u00e2ce aux antennes avant \/ arri\u00e8re afin que vous soyez inform\u00e9 et prot\u00e9g\u00e9 pour l&rsquo;avenir.<\/li>\n<\/ul>\n<p>&nbsp;<\/p>\n<ul>\n<li>Moins de fausses alertes et protection \u00e0 360 \u00b0 &#8211; La protection automatique et la technologie anti-falsification brevet\u00e9e utilisent le GPS et la fr\u00e9quence exacte du signal pour apprendre et m\u00e9moriser les fausses alertes \u00e9mises par des sources de la technologie embarqu\u00e9e afin que vous n&rsquo;entendiez que ce qui est important!<\/li>\n<\/ul>\n","protected":false},"excerpt":{"rendered":"<p><strong>L\u2019ESCORT MAX 360c<\/strong> est le premier syst\u00e8me d\u2019alerte conducteur con\u00e7u pour la voiture connect\u00e9e. Lorsqu&rsquo;il est associ\u00e9 directement au WiFi de la voiture (2,4 GHz uniquement), le MAX 360c se connecte automatiquement \u00e0 ESCORT Live\u00ae sans avoir besoin d&rsquo;un smartphone.<\/p>\n<p><strong>En plus de la communaut\u00e9 ESCORT Live<\/strong>, le MAX 360c peut \u00eatre mis \u00e0 jour via les logiciels et les microprogrammes les plus r\u00e9cents lorsqu&rsquo;il est connect\u00e9 \u00e0 un r\u00e9seau WiFi.<\/p>\n<p><strong>Le ESCORT MAX 360c<\/strong> offre une v\u00e9ritable protection \u00e0 360 degr\u00e9s contre toutes les menaces li\u00e9es aux billets. Ses antennes doubles avant et arri\u00e8re offrent une pr\u00e9cision extr\u00eame. Des fl\u00e8ches multidirectionnelles indiquent la direction de la menace. La technologie brevet\u00e9e AutoLearn bas\u00e9e sur GPS de ESCORT, associ\u00e9e au filtrage IVT, r\u00e9duit les fausses alertes.<\/p>\n","protected":false},"featured_media":2412,"comment_status":"open","ping_status":"closed","template":"","meta":[],"product_brand":[],"product_cat":[72,83],"product_tag":[187],"class_list":{"0":"post-2475","1":"product","2":"type-product","3":"status-publish","4":"has-post-thumbnail","6":"product_cat-detecteurs-de-radar-portable","7":"product_cat-escort-radar-fr","8":"product_tag-detecteur-radar","10":"first","11":"onbackorder","12":"sale","13":"taxable","14":"shipping-taxable","15":"purchasable","16":"product-type-simple"},"jetpack_sharing_enabled":true,"_links":{"self":[{"href":"https:\/\/www.radar-shop.eu\/fr\/wp-json\/wp\/v2\/product\/2475","targetHints":{"allow":["GET"]}}],"collection":[{"href":"https:\/\/www.radar-shop.eu\/fr\/wp-json\/wp\/v2\/product"}],"about":[{"href":"https:\/\/www.radar-shop.eu\/fr\/wp-json\/wp\/v2\/types\/product"}],"replies":[{"embeddable":true,"href":"https:\/\/www.radar-shop.eu\/fr\/wp-json\/wp\/v2\/comments?post=2475"}],"wp:featuredmedia":[{"embeddable":true,"href":"https:\/\/www.radar-shop.eu\/fr\/wp-json\/wp\/v2\/media\/2412"}],"wp:attachment":[{"href":"https:\/\/www.radar-shop.eu\/fr\/wp-json\/wp\/v2\/media?parent=2475"}],"wp:term":[{"taxonomy":"product_brand","embeddable":true,"href":"https:\/\/www.radar-shop.eu\/fr\/wp-json\/wp\/v2\/product_brand?post=2475"},{"taxonomy":"product_cat","embeddable":true,"href":"https:\/\/www.radar-shop.eu\/fr\/wp-json\/wp\/v2\/product_cat?post=2475"},{"taxonomy":"product_tag","embeddable":true,"href":"https:\/\/www.radar-shop.eu\/fr\/wp-json\/wp\/v2\/product_tag?post=2475"}],"curies":[{"name":"wp","href":"https:\/\/api.w.org\/{rel}","templated":true}]}}