{"id":2453,"date":"2018-02-18T09:18:22","date_gmt":"2018-02-18T09:18:22","guid":{"rendered":"https:\/\/www.radar-shop.eu\/produkt\/unkategorisiert\/kaza-dt-390-live-mtr\/"},"modified":"2018-02-18T09:18:22","modified_gmt":"2018-02-18T09:18:22","slug":"kaza-dt-390-live-mtr","status":"publish","type":"product","link":"https:\/\/www.radar-shop.eu\/fr\/produit\/kaza-dt-390-live-mtr\/","title":{"rendered":"Kaza DT 390 LIVE MTR"},"content":{"rendered":"<p><strong>Le nouveau KAZA DT 390 Live MTR<\/strong> est un d\u00e9tecteur de radar ultramoderne dot\u00e9 d&rsquo;une nouvelle antenne sp\u00e9cialement con\u00e7ue pour d\u00e9tecter les nouveaux radars MTR (MULTARADAR) \u00e0 grande distance sans g\u00e9n\u00e9rer de fausses alertes. Cette antenne puissante augmente la sensibilit\u00e9 de plus de 20% par rapport \u00e0 la version pr\u00e9c\u00e9dente. Il fonctionne avec un nouveau processeur qui multiplie par 100 la capacit\u00e9 de filtration et de d\u00e9tection des \u00e9missions de radiofr\u00e9quences, optimisant les d\u00e9tections dans les bandes K-MTR et Ka et supprimant les fausses alertes.<\/p>\n<p><strong>Les nouveaux radars \u00e0 technologie de bande K puls\u00e9s, \u00e9galement appel\u00e9s MTR ou radar 3D<\/strong>, avec contr\u00f4le intelligent multi-rails sont fortement impl\u00e9ment\u00e9s en Europe. Ils concernent plus de 30% des radars en Espagne et plus de 80% de ceux au Portugal, devenant ainsi le premier choix type des autorit\u00e9s. Ce type de radar remplace l\u2019ancien Multanova (34.3) et il est \u00e9quip\u00e9 pour agir \u00e0 la fois en statique et en mouvement, contr\u00f4lant plusieurs routes \/ v\u00e9hicules en m\u00eame temps.<\/p>\n","protected":false},"excerpt":{"rendered":"<p><strong>L&rsquo;unit\u00e9 de d\u00e9tection et d&rsquo;alerte radar Kaza DT390 MTR LIVE<\/strong> est le seul appareil sur le march\u00e9 \u00e0 offrir un \u00e9cran TRIPLE PROTECTIONS SHIELD:<\/p>\n<ul>\n<li>Unit\u00e9 d&rsquo;alerte radar GPS.<\/li>\n<li>Antenne de d\u00e9tecteur exclusive avec technologie MTR.<\/li>\n<li>Connectivit\u00e9 \u00e0 la communaut\u00e9 LIVE avec mises \u00e0 jour automatiques.<\/li>\n<li>Il comprend \u00e9galement un abonnement gratuit de 6 mois, extensible \u00e0 un service de protection \/ recours en cas d\u2019utilisation du Kaza, avec garantie de remboursement en cas d\u2019amende, g\u00e9r\u00e9 par Multalia.<\/li>\n<\/ul>\n","protected":false},"featured_media":2436,"comment_status":"open","ping_status":"closed","template":"","meta":[],"product_brand":[],"product_cat":[72,99],"product_tag":[],"class_list":{"0":"post-2453","1":"product","2":"type-product","3":"status-publish","4":"has-post-thumbnail","6":"product_cat-detecteurs-de-radar-portable","7":"product_cat-kaza-fr","9":"first","10":"instock","11":"taxable","12":"shipping-taxable","13":"purchasable","14":"product-type-simple"},"jetpack_sharing_enabled":true,"_links":{"self":[{"href":"https:\/\/www.radar-shop.eu\/fr\/wp-json\/wp\/v2\/product\/2453","targetHints":{"allow":["GET"]}}],"collection":[{"href":"https:\/\/www.radar-shop.eu\/fr\/wp-json\/wp\/v2\/product"}],"about":[{"href":"https:\/\/www.radar-shop.eu\/fr\/wp-json\/wp\/v2\/types\/product"}],"replies":[{"embeddable":true,"href":"https:\/\/www.radar-shop.eu\/fr\/wp-json\/wp\/v2\/comments?post=2453"}],"wp:featuredmedia":[{"embeddable":true,"href":"https:\/\/www.radar-shop.eu\/fr\/wp-json\/wp\/v2\/media\/2436"}],"wp:attachment":[{"href":"https:\/\/www.radar-shop.eu\/fr\/wp-json\/wp\/v2\/media?parent=2453"}],"wp:term":[{"taxonomy":"product_brand","embeddable":true,"href":"https:\/\/www.radar-shop.eu\/fr\/wp-json\/wp\/v2\/product_brand?post=2453"},{"taxonomy":"product_cat","embeddable":true,"href":"https:\/\/www.radar-shop.eu\/fr\/wp-json\/wp\/v2\/product_cat?post=2453"},{"taxonomy":"product_tag","embeddable":true,"href":"https:\/\/www.radar-shop.eu\/fr\/wp-json\/wp\/v2\/product_tag?post=2453"}],"curies":[{"name":"wp","href":"https:\/\/api.w.org\/{rel}","templated":true}]}}