{"id":2199,"date":"2018-03-10T23:25:49","date_gmt":"2018-03-10T23:25:49","guid":{"rendered":"https:\/\/www.radar-shop.eu\/produkt\/unkategorisiert\/genevo-pro-hdm\/"},"modified":"2023-01-24T06:08:49","modified_gmt":"2023-01-24T04:08:49","slug":"genevo-pro-hdm","status":"publish","type":"product","link":"https:\/\/www.radar-shop.eu\/fr\/produit\/genevo-pro-hdm\/","title":{"rendered":"GENEVO ASSIST HDM (GENEVO PRO)"},"content":{"rendered":"<p style=\"font-weight: 400;\"><strong>GENEVO PRO HDM<\/strong> Multipliez\u00a0\u00a0vos possibilit\u00e9 d\u2019alerte en installant d\u00e8s maintenant un avertisseur de radars fixes\u00a0\u00a0et de radars aux feux de signalisation, au moyen d\u2019un syst\u00e8me d\u2019alarmes sur GPS, d\u2019avertisseurs de radars et de lasers. Le Genevo Assist HD est un d\u00e9tecteur de radars fixes et avertisseurs de radars install\u00e9s aux feux de signalisation, qui vous avertit de tous les syst\u00e8mes de mesure, entre lesquels se trouvent les Redflex, ATS, Nestor, Lasercraft, Gatso, Redspeed, Traffipax, TruVelo, SPECS Average Speed Cameras, Watchman, Speedcurb et beaucoup d\u2019autres.<\/p>\n<p style=\"font-weight: 400;\"><b><strong>Nouveau<\/strong><\/b>: De m\u00eame, il peut d\u00e9tecter des appareils de mesure de vitesse sur certains tron\u00e7ons \u00ab Section Control \u00bb (par exemple en Autriche). Vous pouvez donc \u00e9viter les amendes, et votre s\u00e9curit\u00e9 g\u00e9n\u00e9rale au volant s\u2019en b\u00e9n\u00e9ficie, \u00e9tant donn\u00e9 que les radars de vitesse et ceux install\u00e9s aux feux de signalisation sont g\u00e9n\u00e9ralement plac\u00e9s sur des tron\u00e7ons de route dangereux et sur des points noirs.<\/p>\n<p style=\"font-weight: 400;\"><b><strong>Mises \u00e0 jour \u00e0 vie de toutes les cam\u00e9ras \u00e0 vitesse fixe!<\/strong><\/b><\/p>\n<p style=\"font-weight: 400;\">\n<p style=\"font-weight: 400;\"><b><strong>Autres fonctionnalit\u00e9s:<\/strong><\/b><\/p>\n<ul>\n<li style=\"font-weight: 400;\">D\u00e9tecteur externe avec antenne frontale et GPS : d\u00e9tection de radars, de lasers et de cam\u00e9ras de surveillance routi\u00e8re !<br \/>\n\u2022 Possibilit\u00e9 de r\u00e9gler l\u2019avertisseur radar en quelques secondes sur les fr\u00e9quences souhait\u00e9es afin de l\u2019adapter aux sp\u00e9cificit\u00e9s des diff\u00e9rents pays !<br \/>\n\u2022 Fonctionnalit\u00e9 Best remote pour la d\u00e9tection des \u00ab Instant-On \u00bb et des bandes Ka des radars de police. Port\u00e9e de d\u00e9tection allant jusqu\u2019\u00e0 1 kilom\u00e8tre !<br \/>\n\u2022 Montage simple ; bo\u00eetier compact et \u00e9tanche<br \/>\n\u2022 Possibilit\u00e9 de s\u00e9lectionner jusqu\u2019\u00e0 20 fonctions gr\u00e2ce \u00e0 l\u2019option de programmation rapide<br \/>\n\u2022 Compl\u00e8tement invisible pour les d\u00e9tecteurs de police<br \/>\n\u2022 Mode simulation : pour \u00e9viter que l\u2019on trouve l\u2019appareil en \u00e9tat op\u00e9rationnel dans les pays o\u00f9 l\u2019utilisation des avertisseurs radar est interdite, il est possible de supprimer la fonction d\u2019avertissement par simple pression de bouton et de la r\u00e9activer ensuite via USB<\/li>\n<\/ul>\n<p style=\"font-weight: 400;\">\n<b><strong>Vous voulez \u00eatre certains que l&rsquo;installation dissimul\u00e9e de votre d\u00e9tecteur de radars passe bien inaper\u00e7ue?\u00a0<\/strong><\/b><br \/>\n<b><strong>Faites-vous une id\u00e9e de nos d\u00e9tecteurs de radars \u00e0 travers nos vid\u00e9os de d\u00e9monstration!<\/strong><\/b><\/p>\n","protected":false},"excerpt":{"rendered":"<p>&nbsp;<\/p>\n<ul>\n<li><span style=\"font-family: Verdana;\">avertisseur radar de GPS pour l&rsquo;habitacle<\/span><\/li>\n<li><span style=\"font-family: Verdana;\">avertit avant les radars fixes<\/span><\/li>\n<li><span style=\"font-family: Verdana;\">avec la d\u00e9tection K \/ KA \/ Multa bande &amp; Laser!<\/span><\/li>\n<li><span style=\"font-family: Verdana;\">installation: habitacle<\/span><\/li>\n<li><span style=\"font-family: Verdana;\">mises\u00a0\u00e1 jour gratuites pour les base de donn\u00e9es<\/span><\/li>\n<\/ul>\n<p>&nbsp;<\/p>\n","protected":false},"featured_media":727,"comment_status":"open","ping_status":"closed","template":"","meta":[],"product_brand":[],"product_cat":[158,85],"product_tag":[],"class_list":{"0":"post-2199","1":"product","2":"type-product","3":"status-publish","4":"has-post-thumbnail","6":"product_cat-detecteur-de-radar-installation-invisible","7":"product_cat-genevo-fr","9":"first","10":"instock","11":"sale","12":"taxable","13":"shipping-taxable","14":"purchasable","15":"product-type-simple"},"jetpack_sharing_enabled":true,"_links":{"self":[{"href":"https:\/\/www.radar-shop.eu\/fr\/wp-json\/wp\/v2\/product\/2199","targetHints":{"allow":["GET"]}}],"collection":[{"href":"https:\/\/www.radar-shop.eu\/fr\/wp-json\/wp\/v2\/product"}],"about":[{"href":"https:\/\/www.radar-shop.eu\/fr\/wp-json\/wp\/v2\/types\/product"}],"replies":[{"embeddable":true,"href":"https:\/\/www.radar-shop.eu\/fr\/wp-json\/wp\/v2\/comments?post=2199"}],"wp:featuredmedia":[{"embeddable":true,"href":"https:\/\/www.radar-shop.eu\/fr\/wp-json\/wp\/v2\/media\/727"}],"wp:attachment":[{"href":"https:\/\/www.radar-shop.eu\/fr\/wp-json\/wp\/v2\/media?parent=2199"}],"wp:term":[{"taxonomy":"product_brand","embeddable":true,"href":"https:\/\/www.radar-shop.eu\/fr\/wp-json\/wp\/v2\/product_brand?post=2199"},{"taxonomy":"product_cat","embeddable":true,"href":"https:\/\/www.radar-shop.eu\/fr\/wp-json\/wp\/v2\/product_cat?post=2199"},{"taxonomy":"product_tag","embeddable":true,"href":"https:\/\/www.radar-shop.eu\/fr\/wp-json\/wp\/v2\/product_tag?post=2199"}],"curies":[{"name":"wp","href":"https:\/\/api.w.org\/{rel}","templated":true}]}}