{"id":2055,"date":"2022-10-12T12:02:32","date_gmt":"2016-06-05T08:02:32","guid":{"rendered":"https:\/\/www.radar-shop.eu\/produkt\/unkategorisiert\/antilaser-priority\/"},"modified":"2026-02-01T06:06:54","modified_gmt":"2026-02-01T04:06:54","slug":"antilaser-priority","status":"publish","type":"product","link":"https:\/\/www.radar-shop.eu\/fr\/produit\/antilaser-priority\/","title":{"rendered":"ANTILASER PRIORITY"},"content":{"rendered":"<p><b><strong>Brouilleur laser AntiLaser Priority \u2013 Description du produit<\/strong><\/b><\/p>\n<p><strong>Le brouilleur laser Antilaser Priority<\/strong>\u00a0(successeur am\u00e9lior\u00e9 du\u00a0AL G9 RX) se compose de deux \u00e9l\u00e9ments \u2013 1 capteurs externes et une unit\u00e9 de contr\u00f4le. Les capteurs sont pourvus de lentilles sp\u00e9ciales infrarouges qui d\u00e9tectent les mesures avec pistolet laser et y r\u00e9agissent en utilisant la m\u00eame fr\u00e9quence d\u2019impulsions selon le mod\u00e8le identifi\u00e9. Cette action emp\u00eache le pistolet laser d\u2019afficher des valeurs de mesure, \u00e9tant donn\u00e9 que l\u2019analyse du propre rayonnement refl\u00e9t\u00e9 se confond avec celle du rayonnement \u00e9mis par la diode du Laserguard. L\u2019unit\u00e9 de commande et d\u2019affichage comprend un \u00e9cran et un haut-parleur. Les deux voyants LED (vert et rouge) indiquent si le syst\u00e8me est op\u00e9rationnel. Install\u00e9s sur la partie avant du v\u00e9hicule, les capteurs prot\u00e8gent le v\u00e9hicule des mesures laser. Selon le type de v\u00e9hicule utilis\u00e9, il faudra utiliser ou plusieurs capteurs. Pour les v\u00e9hicules normaux, il suffit d\u2019utiliser 2 capteurs. Les v\u00e9hicules \u00e0 grande surface frontale tels que les SUV ou les combis Volkswagen utilisent 2 \u00e0 3 capteurs tandis que les camions ont besoin de 4 capteurs. Lorsque le pistolet laser est dirig\u00e9 vers le v\u00e9hicule, le syst\u00e8me reconna\u00eet le type des mesures laser et y r\u00e9agit de mani\u00e8re \u00e0 ce que le dispositif de mesure ne puisse pas \u00e9valuer les rayons laser refl\u00e9t\u00e9s. L\u2019appareil de mesure affiche alors un message d\u2019erreur, ce qui pousse l\u2019utilisateur \u00e0 r\u00e9essayer puisqu\u2019il croit qu\u2019il n\u2019a pas bien vis\u00e9 ou que le v\u00e9hicule ne refl\u00e8te pas assez bien. Ceci vous laisse suffisamment de temps pour adapter la vitesse. Une fois cette action effectu\u00e9e, il faudra \u00e9teindre le syst\u00e8me. Pour s\u2019assurer qu\u2019il en soit ainsi, le syst\u00e8me s\u2019\u00e9teint automatiquement apr\u00e8s 4 secondes, au cas o\u00f9 l\u2019utilisateur aurait oubli\u00e9 de mettre l\u2019appareil hors service. Afin d\u2019assurer un fonctionnement optimal, il convient d\u2019installer le r\u00e9cepteur pr\u00e8s de la plaque d\u2019immatriculation, car le pistolet sera souvent dirig\u00e9 vers la plaque d\u2019immatriculation verticale. L\u2019emplacement id\u00e9al serait dans la grille de calandre ou derri\u00e8re elle. Les capteurs doivent \u00eatre dispos\u00e9s horizontalement et nettoy\u00e9s de temps en temps.<\/p>\n<p>Lors de l\u2019installation de l\u2019affichage dans l\u2019habitacle, il faut veiller \u00e0 ce que les avertissements sonores du haut-parleur soient bien audibles. Le voyant LED doit \u00eatre plac\u00e9 dans un endroit visible. L\u2019interrupteur, quant \u00e0 lui, doit \u00eatre mont\u00e9 de mani\u00e8re \u00e0 ce qu\u2019on puisse d\u00e9sactiver facilement et manuellement le syst\u00e8me lors du freinage.<\/p>\n<p><b><strong>Le brouilleur laser a \u00e9t\u00e9 test\u00e9 avec les appareils de mesure laser suivants:<\/strong><\/b><\/p>\n<p>LTI \u2013 Marksman 20.20, Multalaser<br \/>\nLTI \u2013 UltraLyte, LR, 100, 100LR, 200, 200LR, Compact, LRB<br \/>\nRedflex \u2013 Lasercam, Lasercam NT<br \/>\nJenoptik \u2013 LaserPatrol<br \/>\nJenoptik \u2013 Laveg, Video-Laveg<br \/>\nMultanova \u2013 StarLaser<br \/>\nRobot \u2013 TraffiPatrol, V<br \/>\nSagem \u2013 MestaLaser<br \/>\nSagem \u2013 EUROLaser<br \/>\nTruvelo \u2013 Lidar, D-Cam<br \/>\nKustom \u2013 ProLaser I<br \/>\nKustom \u2013 ProLaser II<br \/>\nKustom \u2013 ProLaser III<br \/>\nKustom \u2013 Pro-Lite<br \/>\nKustom \u2013 LaserCam II<br \/>\nRiegl \u2013 LR90-235<br \/>\nStalker \u2013 LZ-1<br \/>\nLaser Atlanta \u2013 SpeedLaser, S, R, Stealth Mode<br \/>\nCleartone \u2013 Stealth SpeedLaser<br \/>\nFama \u2013 famaLaser II<br \/>\nFama \u2013 famaShot III<br \/>\nTraffic Observer \u2013 LMS 291\/221\/04\/05<br \/>\nNJL Kft \u2013 SCS-101\/SCS-102<br \/>\nRobot \u2013 TraffiPatrol XR<br \/>\nRiegl \u2013 FG21-P<br \/>\nLTI \u2013 TruSpeed<br \/>\nLTI \u2013 TruSpeed 2<br \/>\nLTI \u2013 TruCam<br \/>\nVitronic \u2013 PoliscanSpeed<br \/>\nCamea \u2013 Unicam section control<br \/>\nUnipar \u2013 SL700<br \/>\nRedSpeed \u2013 SpeedGuard<\/p>\n<p><b><strong>Vous voulez \u00eatre certains que l\u2019installation dissimul\u00e9e de votre d\u00e9tecteur de radars passe bien inaper\u00e7ue?<br \/>\nFaites-vous une id\u00e9e de nos d\u00e9tecteurs de radars \u00e0 travers nos vid\u00e9os de d\u00e9monstration!<\/strong><\/b><\/p>\n","protected":false},"excerpt":{"rendered":"<p><span style=\"color: #000080;\"><strong>RADAR-SHOP.EU RECOMMANDATION LASER!<\/strong><\/span><\/p>\n<ul>\n<li>brouilleur laser pour l\u2019installation fixe<\/li>\n<li>avertit avant les controleur au laser<\/li>\n<li>brouille les controleur au laser<\/li>\n<li>installation: fixe<\/li>\n<\/ul>\n","protected":false},"featured_media":316,"comment_status":"open","ping_status":"closed","template":"","meta":[],"product_brand":[],"product_cat":[80,168,153],"product_tag":[],"class_list":{"0":"post-2055","1":"product","2":"type-product","3":"status-publish","4":"has-post-thumbnail","6":"product_cat-antilaser-fr-2","7":"product_cat-brouilleur-laser-eso","8":"product_cat-marques","10":"first","11":"instock","12":"taxable","13":"shipping-taxable","14":"purchasable","15":"product-type-simple"},"jetpack_sharing_enabled":true,"_links":{"self":[{"href":"https:\/\/www.radar-shop.eu\/fr\/wp-json\/wp\/v2\/product\/2055","targetHints":{"allow":["GET"]}}],"collection":[{"href":"https:\/\/www.radar-shop.eu\/fr\/wp-json\/wp\/v2\/product"}],"about":[{"href":"https:\/\/www.radar-shop.eu\/fr\/wp-json\/wp\/v2\/types\/product"}],"replies":[{"embeddable":true,"href":"https:\/\/www.radar-shop.eu\/fr\/wp-json\/wp\/v2\/comments?post=2055"}],"wp:featuredmedia":[{"embeddable":true,"href":"https:\/\/www.radar-shop.eu\/fr\/wp-json\/wp\/v2\/media\/316"}],"wp:attachment":[{"href":"https:\/\/www.radar-shop.eu\/fr\/wp-json\/wp\/v2\/media?parent=2055"}],"wp:term":[{"taxonomy":"product_brand","embeddable":true,"href":"https:\/\/www.radar-shop.eu\/fr\/wp-json\/wp\/v2\/product_brand?post=2055"},{"taxonomy":"product_cat","embeddable":true,"href":"https:\/\/www.radar-shop.eu\/fr\/wp-json\/wp\/v2\/product_cat?post=2055"},{"taxonomy":"product_tag","embeddable":true,"href":"https:\/\/www.radar-shop.eu\/fr\/wp-json\/wp\/v2\/product_tag?post=2055"}],"curies":[{"name":"wp","href":"https:\/\/api.w.org\/{rel}","templated":true}]}}