{"id":1654,"date":"2023-05-12T11:06:04","date_gmt":"2018-06-18T11:06:04","guid":{"rendered":"https:\/\/www.radar-shop.eu\/produkt\/unkategorisiert\/navty-p1-performance-tracker\/"},"modified":"2026-04-27T08:17:24","modified_gmt":"2026-04-27T06:17:24","slug":"navty-p1-performance-tracker","status":"publish","type":"product","link":"https:\/\/www.radar-shop.eu\/fr\/produit\/navty-p1-performance-tracker\/","title":{"rendered":"Navty P1 Performance"},"content":{"rendered":"<p style=\"text-align: center;\"><strong>NAVTY P1 \u2013 plus de s\u00e9curit\u00e9, de libert\u00e9 et de plaisir de conduire<\/strong><\/p>\n<p style=\"text-align: center;\"><span style=\"color: #000080;\">NOUVEAU : Mod\u00e8le 2022 avec nouveau firmware pour la France et sortie en langue fran\u00e7aise <\/span><\/p>\n<p><img loading=\"lazy\" decoding=\"async\" class=\"alignnone size-full wp-image-3033\" src=\"https:\/\/navty.com\/wp-content\/uploads\/2018\/07\/navtyp1-car.png\" sizes=\"auto, (max-width: 1920px) 100vw, 1920px\" srcset=\"https:\/\/navty.com\/wp-content\/uploads\/2018\/07\/navtyp1-car.png 1920w, https:\/\/navty.com\/wp-content\/uploads\/2018\/07\/navtyp1-car-300x211.png 300w, https:\/\/navty.com\/wp-content\/uploads\/2018\/07\/navtyp1-car-1024x719.png 1024w, https:\/\/navty.com\/wp-content\/uploads\/2018\/07\/navtyp1-car-768x540.png 768w, https:\/\/navty.com\/wp-content\/uploads\/2018\/07\/navtyp1-car-1536x1079.png 1536w, https:\/\/navty.com\/wp-content\/uploads\/2018\/07\/navtyp1-car-600x422.png 600w\" alt=\"navtyp1-performance detecteur de radar\" width=\"1920\" height=\"1349\" \/><\/p>\n<p><strong>NAVTY P1 \u00c9dition France \u2013 apporte votre exp\u00e9rience de conduite \u00e0 un nouveau niveau. Avec la P1, votre exp\u00e9rience routi\u00e8re sera plus s\u00fbre et vous m\u00e8nera plus de libert\u00e9 et de plaisir. Pourquoi?<\/strong><\/p>\n<ul>\n<li>NAVTY P1 montrera votre vitesse et votre sens de conduite pr\u00e9cis via le GPS pour plus de contr\u00f4le et vous aidera contre la survitesse incontr\u00f4l\u00e9e.<\/li>\n<li>La performance de vos voitures (0-100km \/ h ou 0-60mph) \u00e0 chaque fois que vous acc\u00e9l\u00e9rez \u2013 enti\u00e8rement automatis\u00e9 sans appuyer sur un bouton!<\/li>\n<li>Ajoutez et g\u00e9rez vos positions \/ sections personnelles dangereuses pour plus de s\u00e9curit\u00e9<\/li>\n<li>* Si vous aimez P1, vous pouvez \u00e9galement vous prot\u00e9ger contre les sites d\u2019accidents fr\u00e9quents, mais aussi des contr\u00f4les de section, des cam\u00e9ras \u00e0 lumi\u00e8re rouge et des limites de vitesse, en raison de notre base de donn\u00e9es internationale unique en temps r\u00e9el incluant des mises \u00e0 jour gratuites de la vie priv\u00e9e et des analyses de radar \u00e0 haute performance tr\u00e8s performantes, y compris K \/ KA et les plus r\u00e9cents syst\u00e8mes multaradar ou laser utilisant dans le monde entier.<\/li>\n<li>Au-dessus de la norme actuelle: P1 a \u00e9galement le syst\u00e8me de filtrage le plus avanc\u00e9 \u00e0 bord, ce qui permet de r\u00e9duire les fausses alertes au minimum par rapport \u00e0 la r\u00e9f\u00e9rence sur le march\u00e9 disponible avec 3-10 fois longue port\u00e9e exceptionnelle au-dessus de la technologie multaradar d\u2019aujourd\u2019hui!<\/li>\n<li>Livr\u00e9 \u00e0 vie GRATUIT NAVTY Firmware et base de donn\u00e9es Mises \u00e0 jour d\u2019acc\u00e8s \u2013 mises \u00e0 jour en quelques secondes et avec tous les syst\u00e8mes d\u2019exploitation (WIN \/ MacOS \/ Linux)<\/li>\n<li>Nous vous garantissons que vous adorerez le P1 \u2013 sinon? Vous recevrez votre argent dans les 30 jours!<\/li>\n<\/ul>\n<p>* REMARQUE: pour livrer notre NAVTY P1 dans le monde entier sans aucune limitation, cette option doit \u00eatre activ\u00e9e par le client individuellement avec notre mise \u00e0 jour du firmware de d\u00e9verrouillage (disponible gratuitement \u2013 les clients doivent prouver leurs restrictions l\u00e9gales locales, s\u2019il vous pla\u00eet).<\/p>\n<p><strong>Mesure de la performance<\/strong>\u00a0\u2013 obtenez par GPS la mesure exacte de votre vitesse et de votre performance de conduite. La mesure de l\u2019acc\u00e9l\u00e9ration (0-100 \/ 0-200 \/ 0-300 km\/h) est effectu\u00e9e \u00e0 tout moment et de mani\u00e8re tout \u00e0 fait automatique. Les donn\u00e9es ainsi mesur\u00e9es vous permettent de comparer les donn\u00e9es de votre v\u00e9hicule aux donn\u00e9es d\u2019usine ou \u00e0 d\u2019autres v\u00e9hicules.<\/p>\n<p><strong><img loading=\"lazy\" decoding=\"async\" class=\"alignright wp-image-3035\" src=\"https:\/\/navty.com\/wp-content\/uploads\/2018\/07\/NAVTY-section-control-scaled.jpg\" sizes=\"auto, (max-width: 550px) 100vw, 550px\" srcset=\"https:\/\/navty.com\/wp-content\/uploads\/2018\/07\/NAVTY-section-control-scaled.jpg 1709w, https:\/\/navty.com\/wp-content\/uploads\/2018\/07\/NAVTY-section-control-200x300.jpg 200w, https:\/\/navty.com\/wp-content\/uploads\/2018\/07\/NAVTY-section-control-684x1024.jpg 684w, https:\/\/navty.com\/wp-content\/uploads\/2018\/07\/NAVTY-section-control-768x1150.jpg 768w, https:\/\/navty.com\/wp-content\/uploads\/2018\/07\/NAVTY-section-control-1025x1536.jpg 1025w, https:\/\/navty.com\/wp-content\/uploads\/2018\/07\/NAVTY-section-control-1367x2048.jpg 1367w, https:\/\/navty.com\/wp-content\/uploads\/2018\/07\/NAVTY-section-control-600x899.jpg 600w\" alt=\"NAVTY P1 Avertissement de contr\u00f4le de la section\" width=\"550\" height=\"824\" \/>Avertissement POI et surveillance de la circulation en temps r\u00e9el<\/strong>\u00a0\u2013 gr\u00e2ce au logiciel embarqu\u00e9 gratuit P1R, des fonctions suppl\u00e9mentaires peuvent \u00eatre activ\u00e9es, par exemple, zones dangereuses, avertissement radar POI, technologie Multaradar 3D et d\u00e9tecteur de radars laser.<\/p>\n<p><strong>Zones dangereuses et surveillance de la circulation<\/strong>\u00a0\u2013 notre banque de donn\u00e9es vous informe dans toute l\u2019Europe des zones dangereuses et des points de surveillance de la circulation, tels que radars fixes \/ radars feu rouge \/ section control (contr\u00f4les de tron\u00e7on). Compl\u00e9tez et g\u00e9rez vos zones dangereuses personnelles pour encore plus de s\u00e9curit\u00e9.<\/p>\n<p><strong>D\u00e9tection en temps r\u00e9el des radars et radars laser<\/strong>\u00a0\u2013 avec le logiciel int\u00e9gr\u00e9 P1R, la fonction d\u2019avertissement en cas de radars et de radars laser est \u00e9galement activ\u00e9e sur le NAVTY P1. La toute derni\u00e8re technologie Multaradar 3D et les capteurs laser \u00e0 360\u00b0 d\u00e9tectent les radars de mani\u00e8re fiable. Le d\u00e9tecteur de radars NAVTY P1 dispose de l\u2019un des meilleurs syst\u00e8mes de filtres du march\u00e9, ce qui permet de r\u00e9duire au minimum les fausses alertes. En comparaison avec d\u2019autres appareils de r\u00e9f\u00e9rence, le NAVTY P1 atteint des d\u00e9lais de pr\u00e9alerte 10 fois meilleurs que les standards Multaradar actuels.<\/p>\n<p><strong>L\u00e9gal dans toute l\u2019Europe<\/strong>\u00a0\u2013 la d\u00e9tection des appareils de surveillance de la circulation n\u2019est pas autoris\u00e9e dans certains pays. Afin de pouvoir utiliser sans souci votre NAVTY pour mesurer votre performance dans toute l\u2019Europe, vous pouvez supprimer le logiciel int\u00e9gr\u00e9 suppl\u00e9mentaire P1R \u00e0 tout moment en un tour de main.<\/p>\n<p><strong>Mises \u00e0 jour<\/strong>\u00a0\u2013 Les mises \u00e0 jour de la banque de donn\u00e9es et du logiciel int\u00e9gr\u00e9 peuvent \u00eatre ex\u00e9cut\u00e9es simplement par cl\u00e9 US et sur tous les syst\u00e8mes Windows, MacOS et Linux. La mise \u00e0 jour de votre NAVTY est enti\u00e8rement automatique et s\u2019ex\u00e9cute en quelques secondes. La version NAVTY Premium vous procure \u00e0 vie un acc\u00e8s gratuit aux mises \u00e0 jour de tous nos logiciels int\u00e9gr\u00e9s et de toutes nos banques de donn\u00e9es.<\/p>\n<p><strong>Commandes et messages vocaux<\/strong>\u00a0\u2013 vous pouvez choisir la langue pour les r\u00e9glages et les annonces vocales parmi le fran\u00e7ais, l\u2019anglais, l\u2019espagnol ou l\u2019italien ou l\u2019allemand.<\/p>\n<p><strong>Garantie de satisfaction NAVTY<\/strong>\u00a0\u2013 Nous vous garantissons que vous allez aimer votre P1 ! C\u2019est pourquoi nous garantissons \u00e0 tout acheteur du P1 un d\u00e9lai de r\u00e9tractation prolong\u00e9 de 30 jours.<\/p>\n<p><strong>4 ans de garantie Premium<\/strong>\u00a0\u2013 Nous croyons en nos produits. M\u00eame apr\u00e8s une utilisation intensive pendant plusieurs ann\u00e9es, nous garantissons que votre NAVTY P1 Premium conservera ses pleines capacit\u00e9s de fonctionnement. Lors de l\u2019achat, vous obtenez de notre part 4 ans de garantie sur votre appareil. En cas de probl\u00e8me ou de panne, notre service de support est \u00e0 vos c\u00f4t\u00e9s.<\/p>\n","protected":false},"excerpt":{"rendered":"<p><strong>NAVTY P1 \u00c9dition France 2022 \u2013 Paquet premium<br \/>\n<\/strong><span style=\"color: #000080;\"><strong>RADAR-SHOP.EU fortement recommand\u00e9!<br \/>\n<\/strong><\/span><\/p>\n<p><strong><span style=\"color: #333399;\">Mod\u00e8le 2022 avec nouveau firmware pour la France et sortie en langue fran\u00e7aise!<\/span><\/strong><\/p>\n<p><strong>Le nouveau Navty P1<\/strong>\u00a0est un dispositif de suivi de vitesse professionnel compact qui vous permet de mesurer facilement l\u2019acc\u00e9l\u00e9ration et la vitesse exacte de votre v\u00e9hicule. Mais P1 offre beaucoup plus que le suivi.<\/p>\n<p><strong>Mises \u00e0 jour et soutien \u00e0 vie &amp; 4 ans de garantie<\/strong><\/p>\n<p><strong>Suivez votre performance d\u2019acc\u00e9l\u00e9ration:<\/strong>\u00a00-100 \/ 0-200 \/ 0-300 km\/h<\/p>\n<p><strong>Des possibilit\u00e9s<\/strong> telles que conserver vos propres marques, mieux organiser et m\u00e9moriser les objets et les positions dangereuses, et ainsi augmenter votre propre s\u00e9curit\u00e9, en particulier lors de longs trajets. Et plus de fonctionnalit\u00e9s de s\u00e9curit\u00e9 exceptionnelles avec notre firmware gratuit P1R \u2013 voir dans le support \u2013 commander d\u00e8s maintenant pour \u00e9viter des amendes. <img loading=\"lazy\" decoding=\"async\" title=\"Avertisseur radar ideal pour la France\" src=\"http:\/\/www.radar-shop.com\/out\/pictures\/wysiwigpro\/detecteur%20de%20radar%20pour%20France.jpg\" alt=\"Avertisseur radar ideal pour la France\" width=\"19\" height=\"13\" \/>\u00a0<img loading=\"lazy\" decoding=\"async\" title=\"Avertisseur radar ideal pour l Belqique\" src=\"http:\/\/www.radar-shop.com\/out\/pictures\/wysiwigpro\/detecteur%20de%20radar%20pour%20Belgique.jpg\" alt=\"Avertisseur radar ideal pour l Belqique\" width=\"21\" height=\"13\" \/>\u00a0<img loading=\"lazy\" decoding=\"async\" title=\"Avertisseur radar pour Suisse\" src=\"http:\/\/www.radar-shop.com\/out\/pictures\/wysiwigpro\/detecteur%20de%20radar%20pour%20Suisse.jpg\" alt=\"Avertisseur radar pour Suisse\" width=\"13\" height=\"13\" \/>\u00a0<img loading=\"lazy\" decoding=\"async\" title=\"Avertisseur radar ideal pour Luxembourg\" src=\"http:\/\/www.radar-shop.com\/out\/pictures\/wysiwigpro\/detecteur%20de%20radar%20pour%20Luxembourg.jpg\" alt=\"Avertisseur radar ideal pour Luxembourg\" width=\"20\" height=\"13\" \/>\u00a0<img loading=\"lazy\" decoding=\"async\" title=\"Avertisseur radar ideal pour l Europe\" src=\"http:\/\/www.radar-shop.com\/out\/pictures\/wysiwigpro\/detecteur_de_radar_pour%20Europe_EU.JPG\" alt=\"Avertisseur radar ideal pour l Europe\" width=\"17\" height=\"13\" \/><\/p>\n","protected":false},"featured_media":4444,"comment_status":"open","ping_status":"closed","template":"","meta":[],"product_brand":[],"product_cat":[156,72,610,196],"product_tag":[611,612,613],"class_list":{"0":"post-1654","1":"product","2":"type-product","3":"status-publish","4":"has-post-thumbnail","6":"product_cat-avertisseurs-radar-avec-gps","7":"product_cat-detecteurs-de-radar-portable","8":"product_cat-navty-fr-2","9":"product_cat-recommandes-anti-radar","10":"product_tag-performance-tracker-fr","11":"product_tag-vehicle-acceleration-fr","12":"product_tag-vehicle-speed-fr","14":"first","15":"instock","16":"sale","17":"taxable","18":"shipping-taxable","19":"purchasable","20":"product-type-simple"},"jetpack_sharing_enabled":true,"_links":{"self":[{"href":"https:\/\/www.radar-shop.eu\/fr\/wp-json\/wp\/v2\/product\/1654","targetHints":{"allow":["GET"]}}],"collection":[{"href":"https:\/\/www.radar-shop.eu\/fr\/wp-json\/wp\/v2\/product"}],"about":[{"href":"https:\/\/www.radar-shop.eu\/fr\/wp-json\/wp\/v2\/types\/product"}],"replies":[{"embeddable":true,"href":"https:\/\/www.radar-shop.eu\/fr\/wp-json\/wp\/v2\/comments?post=1654"}],"wp:featuredmedia":[{"embeddable":true,"href":"https:\/\/www.radar-shop.eu\/fr\/wp-json\/wp\/v2\/media\/4444"}],"wp:attachment":[{"href":"https:\/\/www.radar-shop.eu\/fr\/wp-json\/wp\/v2\/media?parent=1654"}],"wp:term":[{"taxonomy":"product_brand","embeddable":true,"href":"https:\/\/www.radar-shop.eu\/fr\/wp-json\/wp\/v2\/product_brand?post=1654"},{"taxonomy":"product_cat","embeddable":true,"href":"https:\/\/www.radar-shop.eu\/fr\/wp-json\/wp\/v2\/product_cat?post=1654"},{"taxonomy":"product_tag","embeddable":true,"href":"https:\/\/www.radar-shop.eu\/fr\/wp-json\/wp\/v2\/product_tag?post=1654"}],"curies":[{"name":"wp","href":"https:\/\/api.w.org\/{rel}","templated":true}]}}