{"id":14489,"date":"2018-03-13T15:34:04","date_gmt":"2018-03-13T13:34:04","guid":{"rendered":"https:\/\/www.radar-shop.eu\/product\/stinger-vip-gps-freedom-laser-eso-autovelox\/"},"modified":"2026-02-13T06:06:32","modified_gmt":"2026-02-13T04:06:32","slug":"stinger-vip-gps-freedom-laser-eso-autovelox","status":"publish","type":"product","link":"https:\/\/www.radar-shop.eu\/fr\/produit\/stinger-vip-gps-freedom-laser-eso-autovelox\/","title":{"rendered":"PAQUET PROFESSIONNEL (STINGER VIP)"},"content":{"rendered":"<h2><span style=\"color: #000080;\">PAQUET PROFESSIONNEL (STINGER VIP DE BASE)<\/span><br \/>\nSTINGER VIP RADAR +LASER +ESO\/AUTOVELOX PROTECTION COMPL\u00c8TE<\/h2>\n<p style=\"font-weight: 400;\"><strong>Le d\u00e9tecteur de radar Stinger VIP:<\/strong> Pour vous, seul un montage fixe entre en ligne de compte ? Vous attachez beaucoup d&rsquo;importance \u00e0 un grand professionnalisme, \u00e0 des performances de pointe absolues associ\u00e9es \u00e0 un grand confort d&rsquo;utilisation pour votre v\u00e9hicule haut de gamme et performant ? Vous appr\u00e9ciez toujours la haute qualit\u00e9 et ne souhaitez faire installer dans votre v\u00e9hicule qu&rsquo;un appareil de pointe de la classe premium absolue ? Alors, choisissez un appareil de la marque Stinger !<\/p>\n<p><strong>Vous trouverez une r\u00e9ponse \u00e0 la question de savoir ce qui rend les avertisseurs de radars Stinger si particuliers en cliquant sur l&rsquo;onglet suivant \u00ab\u00a0Pourquoi Stinger ?<\/strong><\/p>\n<p>Le syst\u00e8me Stinger VIP +GPS +Laser +eso se compose des produits suivants :<br \/>\nD\u00e9tecteur de radars Stinger VIP +GPS<br \/>\nbrouilleur laser Stinger Laser Analyzer +2 module avec la derni\u00e8re solution \u00e0 fibre optique invisible<br \/>\n2x Stinger eso 3.0 \/ optospeed jammer (pour la gauche et la droite &#8211; int\u00e9gr\u00e9 de mani\u00e8re cach\u00e9e dans un support de plaque d&rsquo;immatriculation)<\/p>\n<p>Vous n&rsquo;\u00eates pas s\u00fbr de savoir \u00e0 quoi ressemblera une installation cach\u00e9e dans votre v\u00e9hicule ?<br \/>\nRegardez les vid\u00e9os !<\/p>\n<p><iframe loading=\"lazy\" src=\"https:\/\/www.youtube.com\/embed\/0U3DSBzId6c?ecver=1\" width=\"780\" height=\"439\" frameborder=\"0\" allowfullscreen=\"allowfullscreen\"><\/iframe><\/p>\n<p style=\"font-weight: 400;\">L&rsquo;installation d&rsquo;un d\u00e9tecteur de radar par nos m\u00e9caniciens\/\u00e9lectriciens professionnels exp\u00e9riment\u00e9s, par exemple \u00e0 Heidelberg, est possible de mani\u00e8re tr\u00e8s flexible et discr\u00e8te (en r\u00e8gle g\u00e9n\u00e9rale le vendredi apr\u00e8s-midi, le week-end). Le temps d&rsquo;installation est g\u00e9n\u00e9ralement de 2 \u00e0 5 heures selon le syst\u00e8me souhait\u00e9, mais peut \u00eatre un peu plus long pour les voitures exotiques. Bien entendu, les techniciens discutent personnellement avec vous des possibilit\u00e9s d&rsquo;installation au pr\u00e9alable, afin que vous puissiez avoir un aper\u00e7u de ce \u00e0 quoi ressemblera la solution. Pendant l&rsquo;installation, vous pouvez prendre le temps de visiter la ville. De nombreux clients sont tr\u00e8s heureux de cette possibilit\u00e9. Les difficult\u00e9s ne peuvent survenir que dans de rares cas, par exemple lorsqu&rsquo;il n&rsquo;y a pas assez de place \u00e0 l&rsquo;avant du v\u00e9hicule ou que le seul d\u00e9montage des pi\u00e8ces de carrosserie prendrait des heures et n\u00e9cessiterait des outils sp\u00e9ciaux. Si vous \u00eates int\u00e9ress\u00e9 par la mise en relation pour le montage des appareils que vous avez command\u00e9s, veuillez ajouter ce point \u00e0 votre panier.<\/p>\n","protected":false},"excerpt":{"rendered":"<p><span style=\"color: #000080;\"><strong>PACKAGE PROFESSIONNEL (STINGER VIP)<\/strong><\/span><\/p>\n<p><strong>Le d\u00e9tecteur de radar Stinger VIP<\/strong> avec Freedom Laser et eso est l&rsquo;appareil de pointe absolu avec \u00e9cran LCD couleur. Ce paquet d&rsquo;avertisseur de radars \u00e0 montage fixe offre l&rsquo;avertissement \/ le brouillage radar &amp; laser, la protection par cellule photo\u00e9lectrique \/ eso 3.0. En plus de l&rsquo;avertisseur de radars, il offre \u00e9galement une base de donn\u00e9es des radars GPS int\u00e9gr\u00e9e et gratuite contre les radars fixes, les radars de vitesse et les lasers pour toute l&rsquo;Europe.<\/p>\n","protected":false},"featured_media":1008,"comment_status":"open","ping_status":"closed","template":"","meta":[],"product_brand":[],"product_cat":[157,105],"product_tag":[],"class_list":{"0":"post-14489","1":"product","2":"type-product","3":"status-publish","4":"has-post-thumbnail","6":"product_cat-de-luxe-solution-radar","7":"product_cat-stinger-radar-fr","9":"first","10":"instock","11":"sale","12":"taxable","13":"shipping-taxable","14":"purchasable","15":"product-type-simple"},"jetpack_sharing_enabled":true,"_links":{"self":[{"href":"https:\/\/www.radar-shop.eu\/fr\/wp-json\/wp\/v2\/product\/14489","targetHints":{"allow":["GET"]}}],"collection":[{"href":"https:\/\/www.radar-shop.eu\/fr\/wp-json\/wp\/v2\/product"}],"about":[{"href":"https:\/\/www.radar-shop.eu\/fr\/wp-json\/wp\/v2\/types\/product"}],"replies":[{"embeddable":true,"href":"https:\/\/www.radar-shop.eu\/fr\/wp-json\/wp\/v2\/comments?post=14489"}],"wp:featuredmedia":[{"embeddable":true,"href":"https:\/\/www.radar-shop.eu\/fr\/wp-json\/wp\/v2\/media\/1008"}],"wp:attachment":[{"href":"https:\/\/www.radar-shop.eu\/fr\/wp-json\/wp\/v2\/media?parent=14489"}],"wp:term":[{"taxonomy":"product_brand","embeddable":true,"href":"https:\/\/www.radar-shop.eu\/fr\/wp-json\/wp\/v2\/product_brand?post=14489"},{"taxonomy":"product_cat","embeddable":true,"href":"https:\/\/www.radar-shop.eu\/fr\/wp-json\/wp\/v2\/product_cat?post=14489"},{"taxonomy":"product_tag","embeddable":true,"href":"https:\/\/www.radar-shop.eu\/fr\/wp-json\/wp\/v2\/product_tag?post=14489"}],"curies":[{"name":"wp","href":"https:\/\/api.w.org\/{rel}","templated":true}]}}