{"id":11886,"date":"2022-07-26T10:58:21","date_gmt":"2022-12-19T14:06:24","guid":{"rendered":"https:\/\/www.radar-shop.eu\/product\/target-blu-eye-2\/"},"modified":"2025-10-10T19:41:08","modified_gmt":"2025-10-10T17:41:08","slug":"target-blu-eye-2","status":"publish","type":"product","link":"https:\/\/www.radar-shop.eu\/fr\/produit\/target-blu-eye-2\/","title":{"rendered":"Target Blu Eye 2"},"content":{"rendered":"<h2>Protection contre les accidents &amp; avertissement contre les v\u00e9hicules d&rsquo;intervention !<\/h2>\n<ul>\n<li>Parfait pour rep\u00e9rer les v\u00e9hicules d&rsquo;intervention camoufl\u00e9s l\u00e9galement<\/li>\n<li>Protection unique contre les v\u00e9hicules Provida<\/li>\n<li>Avertit lorsque des v\u00e9hicules d&rsquo;urgence s&rsquo;approchent<\/li>\n<li>D\u00e9tecte les voitures de police, les ambulances et les camions de pompiers qui utilisent le r\u00e9seau radio Tetra<\/li>\n<li>Pr\u00e9vient les collisions par l&rsquo;arri\u00e8re<\/li>\n<li>Augmente votre propre s\u00e9curit\u00e9<\/li>\n<li>Permet aux v\u00e9hicules d&rsquo;urgence d&rsquo;arriver plus rapidement sur le lieu de l&rsquo;accident<\/li>\n<li>Indique si un v\u00e9hicule d&rsquo;urgence ou de service est en approche<\/li>\n<li>L\u00e9gal ! Le Blu Eye n&rsquo;est pas un d\u00e9tecteur de radar !<\/li>\n<\/ul>\n<h2>Nouveaut\u00e9 mondiale<\/h2>\n<p>Faire de Target Blu Eye 2 un succ\u00e8s encore plus grand que son pr\u00e9d\u00e9cesseur et offrir \u00e0 vos clients encore plus de s\u00e9curit\u00e9 sur la route. Pour c\u00e9l\u00e9brer le lancement imminent du Target Blu Eye 2, Target a produit une vid\u00e9o de lancement sp\u00e9ciale.<\/p>\n<p>Le Blu Eye 2 est livr\u00e9 avec les \u00e9l\u00e9ments suivants :<\/p>\n<ul>\n<li>R\u00e9cepteur<\/li>\n<li>Tous les c\u00e2bles n\u00e9cessaires<\/li>\n<li>Antenne dip\u00f4le VCD<\/li>\n<li>\u00c9cran : soit un \u00e9cran miroir LED (inclus), soit un \u00e9cran LCD (au choix, moyennant un suppl\u00e9ment)<\/li>\n<\/ul>\n<p><img loading=\"lazy\" decoding=\"async\" class=\"alignnone size-full wp-image-6350\" src=\"https:\/\/radar-shop.com\/wp-content\/uploads\/2022\/07\/blu-eye-2-specs.png\" sizes=\"auto, (max-width: 564px) 100vw, 564px\" srcset=\"https:\/\/radar-shop.com\/wp-content\/uploads\/2022\/07\/blu-eye-2-specs.png 564w, https:\/\/radar-shop.com\/wp-content\/uploads\/2022\/07\/blu-eye-2-specs-300x224.png 300w\" alt=\"\" width=\"564\" height=\"422\" \/><\/p>\n<p>Le Blu Eye 2 de Target fonctionne avec une technologie de balayage brevet\u00e9e au niveau mondial &#8211; maintenant avec le support de 800 canaux pour toute l&rsquo;UE. Presque toutes les forces d&rsquo;intervention en Europe utilisent le r\u00e9seau radio TETRA\/BOS pour communiquer. Blu Eye utilise le nouveau r\u00e9seau radio num\u00e9rique (BOS) pour collecter des informations tout \u00e0 fait l\u00e9gales sur les v\u00e9hicules d&rsquo;intervention qui s&rsquo;approchent.<\/p>\n<h2>Blu Eye l\u00e9galement contre les amendes radars<\/h2>\n<p>Le Target Blu Eye intervient l\u00e0 o\u00f9 les d\u00e9tecteurs de radars ne peuvent souvent pas aider. Qu&rsquo;il s&rsquo;agisse de contr\u00f4les de police civils, de v\u00e9hicules Provida, de mesures de distances ou de mesures de barri\u00e8res lumineuses. Tous les nouveaux v\u00e9hicules d&rsquo;intervention ont une radio Tetra \u00e0 bord et peuvent \u00eatre d\u00e9tect\u00e9s par le Blu Eye. Et ce, m\u00eame en toute l\u00e9galit\u00e9 !<\/p>\n<h2>O\u00f9 Blu Eye fonctionne-t-il ?<\/h2>\n<p>Blu Eye est actuellement en avance sur son temps dans certains pays. Blu Eye ne peut donc fonctionner que l\u00e0 o\u00f9 la nouvelle couverture de r\u00e9seau num\u00e9rique pour les v\u00e9hicules d&rsquo;intervention exig\u00e9e par l&rsquo;UE est d\u00e9j\u00e0 d\u00e9velopp\u00e9e. En tant qu&rsquo;alternative parfaitement l\u00e9gale aux avertisseurs de radars traditionnels, le Blueye offre une bonne alternative ou un compl\u00e9ment optimal.<\/p>\n<h2>Mises \u00e0 jour<\/h2>\n<p>Blu Eye 2 peut bien s\u00fbr \u00eatre mis \u00e0 jour. Il peut \u00eatre adapt\u00e9 \u00e0 d&rsquo;\u00e9ventuelles modifications du r\u00e9seau Tetra\/BOS.<\/p>\n<section class=\"up-sells upsells products\"><\/section>\n","protected":false},"excerpt":{"rendered":"<ul>\n<li>NOUVEAUT\u00c9 2022 &#8211; Premi\u00e8re livraison \u00e0 partir d&rsquo;env. 09.2022<\/li>\n<li>Parfait pour rep\u00e9rer les v\u00e9hicules d&rsquo;intervention camoufl\u00e9s<\/li>\n<li>Seule protection contre les v\u00e9hicules de mesure dissimul\u00e9s<\/li>\n<li>Avertit lorsque des v\u00e9hicules d&rsquo;intervention s&rsquo;approchent<\/li>\n<li>D\u00e9tecte les voitures de police, les ambulances et les camions de pompiers<\/li>\n<li>L\u00e9gal ! Blueye n&rsquo;est pas un d\u00e9tecteur de radar<\/li>\n<\/ul>\n","protected":false},"featured_media":11532,"comment_status":"open","ping_status":"closed","template":"","meta":[],"product_brand":[],"product_cat":[158,159,196,122],"product_tag":[],"class_list":{"0":"post-11886","1":"product","2":"type-product","3":"status-publish","4":"has-post-thumbnail","6":"product_cat-detecteur-de-radar-installation-invisible","7":"product_cat-radar-accessoires","8":"product_cat-recommandes-anti-radar","9":"product_cat-track-technologies-target-fr","11":"first","12":"instock","13":"taxable","14":"shipping-taxable","15":"purchasable","16":"product-type-variable","17":"has-default-attributes"},"jetpack_sharing_enabled":true,"_links":{"self":[{"href":"https:\/\/www.radar-shop.eu\/fr\/wp-json\/wp\/v2\/product\/11886","targetHints":{"allow":["GET"]}}],"collection":[{"href":"https:\/\/www.radar-shop.eu\/fr\/wp-json\/wp\/v2\/product"}],"about":[{"href":"https:\/\/www.radar-shop.eu\/fr\/wp-json\/wp\/v2\/types\/product"}],"replies":[{"embeddable":true,"href":"https:\/\/www.radar-shop.eu\/fr\/wp-json\/wp\/v2\/comments?post=11886"}],"wp:featuredmedia":[{"embeddable":true,"href":"https:\/\/www.radar-shop.eu\/fr\/wp-json\/wp\/v2\/media\/11532"}],"wp:attachment":[{"href":"https:\/\/www.radar-shop.eu\/fr\/wp-json\/wp\/v2\/media?parent=11886"}],"wp:term":[{"taxonomy":"product_brand","embeddable":true,"href":"https:\/\/www.radar-shop.eu\/fr\/wp-json\/wp\/v2\/product_brand?post=11886"},{"taxonomy":"product_cat","embeddable":true,"href":"https:\/\/www.radar-shop.eu\/fr\/wp-json\/wp\/v2\/product_cat?post=11886"},{"taxonomy":"product_tag","embeddable":true,"href":"https:\/\/www.radar-shop.eu\/fr\/wp-json\/wp\/v2\/product_tag?post=11886"}],"curies":[{"name":"wp","href":"https:\/\/api.w.org\/{rel}","templated":true}]}}