{"id":1171,"date":"2017-03-16T20:15:57","date_gmt":"2018-03-16T20:15:57","guid":{"rendered":"https:\/\/www.radar-shop.eu\/produkt\/unkategorisiert\/1171\/"},"modified":"2023-02-04T23:37:03","modified_gmt":"2023-02-04T21:37:03","slug":"service-installation","status":"publish","type":"product","link":"https:\/\/www.radar-shop.eu\/fr\/produit\/service-installation\/","title":{"rendered":"SERVICE INSTALLATION"},"content":{"rendered":"<h2><span style=\"color: #000080;\">SERVICE INSTALLATION DETECTEURS DE RADAR<\/span><\/h2>\n<p style=\"font-weight: 400;\">\n<p style=\"font-weight: 400;\"><strong>Si cela vous int\u00e9resse, l\u2019installation de cet appareil par des m\u00e9caniciens automobiles professionnels et exp\u00e9riment\u00e9s est possible ici dans un atelier \u00e0 Heidelberg, discr\u00e8tement, et tr\u00e8s flexible au niveau des horaires (en g\u00e9n\u00e9ral le vendredi apr\u00e8s-midi, les weekends).<\/strong> Le temps habituel d\u2019installation est d\u2019environ 5 ou 6 heures mais aussi \u00eatre un peu plus long pour les voitures exotiques. Le technicien se met d\u2019accord avec vous au pr\u00e9alable sur les possibilit\u00e9s d\u2019installation de sorte que vous ayez une id\u00e9e de ce que sera le r\u00e9sultat. L\u2019atelier est \u00e0 Heidelberg (<a href=\"https:\/\/www.radar-auto.de\/fr\/\">RADAR-AUTO.DE<\/a>) et vous pouvez profiter de ce moment pour une visite de la ville. De nombreux clients se r\u00e9jouissent de cette possibilit\u00e9. Des difficult\u00e9s peuvent arriver dans les rares cas o\u00f9 par exemple il n\u2019y a pas assez de place \u00e0 l\u2019avant du v\u00e9hicule pour le detecteur de radar ou le seul d\u00e9montage de pi\u00e8ces de carrosserie prendrait des heures et un outillage sp\u00e9cial est n\u00e9cessaire.<\/p>\n<p style=\"font-weight: 400;\">Veuillez ajouter ce point dans votre panier d\u2019achats pour une offre individuelle d\u2019installation de l\u2019appareil demand\u00e9.<\/p>\n<p style=\"font-weight: 400;\"><b><strong>Vous voulez \u00eatre certains que l&rsquo;installation dissimul\u00e9e de votre d\u00e9tecteur de radars passe bien inaper\u00e7ue?<br \/>\nFaites-vous une id\u00e9e de nos d\u00e9tecteurs de radars \u00e0 travers nos vid\u00e9os de d\u00e9monstration!<\/strong><\/b><\/p>\n<p><iframe loading=\"lazy\" src=\"https:\/\/www.youtube.com\/embed\/YAhTynQdl8k?ecver=1\" width=\"780\" height=\"439\" frameborder=\"0\" allowfullscreen=\"allowfullscreen\"><\/iframe><\/p>\n<p><iframe loading=\"lazy\" src=\"https:\/\/www.youtube.com\/embed\/_9MutDC3w5c?ecver=1\" width=\"780\" height=\"439\" frameborder=\"0\" allowfullscreen=\"allowfullscreen\"><\/iframe><\/p>\n<p><iframe loading=\"lazy\" src=\"https:\/\/www.youtube.com\/embed\/ydaX_y56suo?ecver=1\" width=\"780\" height=\"439\" frameborder=\"0\" allowfullscreen=\"allowfullscreen\"><\/iframe><\/p>\n<p><iframe loading=\"lazy\" src=\"https:\/\/www.youtube.com\/embed\/NX5yUN2bAd8?ecver=1\" width=\"780\" height=\"439\" frameborder=\"0\" allowfullscreen=\"allowfullscreen\"><\/iframe><\/p>\n<p><iframe loading=\"lazy\" src=\"https:\/\/www.youtube.com\/embed\/l1Uagmjogv0?ecver=1\" width=\"780\" height=\"439\" frameborder=\"0\" allowfullscreen=\"allowfullscreen\"><\/iframe><\/p>\n<p><iframe loading=\"lazy\" src=\"https:\/\/www.youtube.com\/embed\/XDNiYDpsLg4?ecver=1\" width=\"780\" height=\"439\" frameborder=\"0\" allowfullscreen=\"allowfullscreen\"><\/iframe><\/p>\n<p><iframe loading=\"lazy\" src=\"https:\/\/www.youtube.com\/embed\/p_V_sDWp2kk?ecver=1\" width=\"780\" height=\"439\" frameborder=\"0\" allowfullscreen=\"allowfullscreen\"><\/iframe><\/p>\n<p><iframe loading=\"lazy\" src=\"https:\/\/www.youtube.com\/embed\/0U3DSBzId6c?ecver=1\" width=\"780\" height=\"439\" frameborder=\"0\" allowfullscreen=\"allowfullscreen\"><\/iframe><\/p>\n<p><iframe loading=\"lazy\" src=\"https:\/\/www.youtube.com\/embed\/NtM4ooiWB4c?ecver=1\" width=\"780\" height=\"439\" frameborder=\"0\" allowfullscreen=\"allowfullscreen\"><\/iframe><\/p>\n<p><iframe loading=\"lazy\" src=\"https:\/\/www.youtube.com\/embed\/fzuRxbFNzWU?ecver=1\" width=\"780\" height=\"439\" frameborder=\"0\" allowfullscreen=\"allowfullscreen\"><\/iframe><\/p>\n<p><iframe loading=\"lazy\" src=\"https:\/\/www.youtube.com\/embed\/syhjwK5g214?ecver=1\" width=\"780\" height=\"439\" frameborder=\"0\" allowfullscreen=\"allowfullscreen\"><\/iframe><\/p>\n<p><iframe loading=\"lazy\" src=\"https:\/\/www.youtube.com\/embed\/KuuVucwuMjY?ecver=1\" width=\"780\" height=\"439\" frameborder=\"0\" allowfullscreen=\"allowfullscreen\"><\/iframe><\/p>\n<p><iframe loading=\"lazy\" src=\"https:\/\/www.youtube.com\/embed\/v8111oODoDw?ecver=1\" width=\"780\" height=\"439\" frameborder=\"0\" allowfullscreen=\"allowfullscreen\"><\/iframe><\/p>\n<p><iframe loading=\"lazy\" src=\"https:\/\/www.youtube.com\/embed\/3sC3XO2CT_8?ecver=1\" width=\"780\" height=\"439\" frameborder=\"0\" allowfullscreen=\"allowfullscreen\"><\/iframe><\/p>\n<p><iframe loading=\"lazy\" src=\"https:\/\/www.youtube.com\/embed\/wvuloHyRQrQ?ecver=1\" width=\"780\" height=\"439\" frameborder=\"0\" allowfullscreen=\"allowfullscreen\"><\/iframe><\/p>\n<p><iframe loading=\"lazy\" src=\"https:\/\/www.youtube.com\/embed\/RcxnK8w23h0?ecver=1\" width=\"780\" height=\"439\" frameborder=\"0\" allowfullscreen=\"allowfullscreen\"><\/iframe><\/p>\n","protected":false},"excerpt":{"rendered":"<p>Sur demande, les d\u00e9tecteurs de radar &#8211; install\u00e9s par nos techniciens automobiles professionnels \u00e0 Heidelberg, en Allemagne. Le travail est effectu\u00e9 discr\u00e8tement et avec souplesse. Nous organisons un rendez-vous. Parlez-nous &#8211; installation discr\u00e8te du d\u00e9tecteur de radar et de brouilleur de laser selon vos souhaits.<\/p>\n","protected":false},"featured_media":613,"comment_status":"open","ping_status":"closed","template":"","meta":[],"product_brand":[],"product_cat":[157,158],"product_tag":[],"class_list":{"0":"post-1171","1":"product","2":"type-product","3":"status-publish","4":"has-post-thumbnail","6":"product_cat-de-luxe-solution-radar","7":"product_cat-detecteur-de-radar-installation-invisible","9":"first","10":"instock","11":"taxable","12":"shipping-taxable","13":"purchasable","14":"product-type-simple"},"jetpack_sharing_enabled":true,"_links":{"self":[{"href":"https:\/\/www.radar-shop.eu\/fr\/wp-json\/wp\/v2\/product\/1171","targetHints":{"allow":["GET"]}}],"collection":[{"href":"https:\/\/www.radar-shop.eu\/fr\/wp-json\/wp\/v2\/product"}],"about":[{"href":"https:\/\/www.radar-shop.eu\/fr\/wp-json\/wp\/v2\/types\/product"}],"replies":[{"embeddable":true,"href":"https:\/\/www.radar-shop.eu\/fr\/wp-json\/wp\/v2\/comments?post=1171"}],"wp:featuredmedia":[{"embeddable":true,"href":"https:\/\/www.radar-shop.eu\/fr\/wp-json\/wp\/v2\/media\/613"}],"wp:attachment":[{"href":"https:\/\/www.radar-shop.eu\/fr\/wp-json\/wp\/v2\/media?parent=1171"}],"wp:term":[{"taxonomy":"product_brand","embeddable":true,"href":"https:\/\/www.radar-shop.eu\/fr\/wp-json\/wp\/v2\/product_brand?post=1171"},{"taxonomy":"product_cat","embeddable":true,"href":"https:\/\/www.radar-shop.eu\/fr\/wp-json\/wp\/v2\/product_cat?post=1171"},{"taxonomy":"product_tag","embeddable":true,"href":"https:\/\/www.radar-shop.eu\/fr\/wp-json\/wp\/v2\/product_tag?post=1171"}],"curies":[{"name":"wp","href":"https:\/\/api.w.org\/{rel}","templated":true}]}}