{"id":11704,"date":"2019-08-03T10:53:17","date_gmt":"2022-08-03T08:53:20","guid":{"rendered":"https:\/\/www.radar-shop.eu\/?post_type=product&#038;p=11704"},"modified":"2023-04-04T10:26:20","modified_gmt":"2023-04-04T08:26:20","slug":"cordon-spirale-navty-et-chargeur-usb","status":"publish","type":"product","link":"https:\/\/www.radar-shop.eu\/fr\/produit\/cordon-spirale-navty-et-chargeur-usb\/","title":{"rendered":"Cordon spiral\u00e9 NAVTY et chargeur USB"},"content":{"rendered":"<p>C\u00e2ble de remplacement pour NAVTY P1 &#8211; (version compatible avec commutateur int\u00e9gr\u00e9 et port de chargement USB pour le Navty P1 \u00e0 connecter \u00e0 l\u2019allume-cigare.<\/p>\n<p>compatible avec:<\/p>\n<ul>\n<li>NAVTY P1<\/li>\n<\/ul>\n","protected":false},"excerpt":{"rendered":"<p><strong>C\u00e2ble de remplacement pour NAVTY P1<\/strong> &#8211; (version compatible avec commutateur int\u00e9gr\u00e9 et port de chargement USB pour le Navty P1 \u00e0 connecter \u00e0 l\u2019allume-cigare.<\/p>\n","protected":false},"featured_media":11717,"comment_status":"open","ping_status":"closed","template":"","meta":[],"product_brand":[],"product_cat":[610,159],"product_tag":[],"class_list":{"0":"post-11704","1":"product","2":"type-product","3":"status-publish","4":"has-post-thumbnail","6":"product_cat-navty-fr-2","7":"product_cat-radar-accessoires","9":"first","10":"instock","11":"taxable","12":"shipping-taxable","13":"purchasable","14":"product-type-simple"},"jetpack_sharing_enabled":true,"_links":{"self":[{"href":"https:\/\/www.radar-shop.eu\/fr\/wp-json\/wp\/v2\/product\/11704","targetHints":{"allow":["GET"]}}],"collection":[{"href":"https:\/\/www.radar-shop.eu\/fr\/wp-json\/wp\/v2\/product"}],"about":[{"href":"https:\/\/www.radar-shop.eu\/fr\/wp-json\/wp\/v2\/types\/product"}],"replies":[{"embeddable":true,"href":"https:\/\/www.radar-shop.eu\/fr\/wp-json\/wp\/v2\/comments?post=11704"}],"wp:featuredmedia":[{"embeddable":true,"href":"https:\/\/www.radar-shop.eu\/fr\/wp-json\/wp\/v2\/media\/11717"}],"wp:attachment":[{"href":"https:\/\/www.radar-shop.eu\/fr\/wp-json\/wp\/v2\/media?parent=11704"}],"wp:term":[{"taxonomy":"product_brand","embeddable":true,"href":"https:\/\/www.radar-shop.eu\/fr\/wp-json\/wp\/v2\/product_brand?post=11704"},{"taxonomy":"product_cat","embeddable":true,"href":"https:\/\/www.radar-shop.eu\/fr\/wp-json\/wp\/v2\/product_cat?post=11704"},{"taxonomy":"product_tag","embeddable":true,"href":"https:\/\/www.radar-shop.eu\/fr\/wp-json\/wp\/v2\/product_tag?post=11704"}],"curies":[{"name":"wp","href":"https:\/\/api.w.org\/{rel}","templated":true}]}}