{"id":11156,"date":"2023-01-18T12:01:09","date_gmt":"2022-01-18T15:01:10","guid":{"rendered":"https:\/\/www.radar-shop.eu\/?post_type=product&#038;p=11156"},"modified":"2025-12-09T00:12:23","modified_gmt":"2025-12-08T22:12:23","slug":"neoline-x-cop-9300s-dashcam-et-detecteur-radar","status":"publish","type":"product","link":"https:\/\/www.radar-shop.eu\/fr\/produit\/neoline-x-cop-9300s-dashcam-et-detecteur-radar\/","title":{"rendered":"Neoline X-COP 9300s Dashcam et d\u00e9tecteur radar"},"content":{"rendered":"<p><strong>AVERTISSEMENT RADAR &#8211;<\/strong> Le Neoline X-COP 9300 est la premi\u00e8re cam\u00e9ra de contr\u00f4le hybride au monde \u00e0 d\u00e9tecter les Multa Radar CD et CT. LE MODULE RADAR &#8211; Ce type de radars est largement utilis\u00e9 en Europe. Ces radars ont une structure de signal unique n\u00e9cessitant une plate-forme sp\u00e9cifique pour sa d\u00e9tection. Pour la commodit\u00e9 de l\u2019utilisateur, l\u2019appareil d\u00e9tecte le radar Multa dans une bande sp\u00e9ciale M afin de le pr\u00e9venir de ce radar.<\/p>\n<p><strong>FILTRE Z-SIGNATURE<\/strong> &#8211; Pour \u00e9liminer les fausses alertes, en particulier celles provenant des capteurs de d\u00e9tection de l&rsquo;angle mort des autres voitures, le d\u00e9veloppement de Neoline est utilis\u00e9 &#8211; filtre Z-signature. Contrairement aux technologies similaires, il n\u2019ya pas de faux blocage de vrais radars de police.<\/p>\n<p><strong>BASE DE DONNEES GPS DANS LE MONDE<\/strong> &#8211; Les appareils Neoline disposent d&rsquo;une base de donn\u00e9es de radars et d&rsquo;appareils photo int\u00e9gr\u00e9e qui contient des donn\u00e9es sur plus de cent mille radars dans le monde (Europe, Etats-Unis, Isra\u00ebl, Moyen-Orient, Turquie, Australie, etc.). La base de donn\u00e9es est mise \u00e0 jour r\u00e9guli\u00e8rement. sur neoline.com. L\u2019hybride int\u00e8gre des modules GPS et GLONASS int\u00e9gr\u00e9s pour une localisation rapide et pr\u00e9cise.<\/p>\n<p><strong>En cr\u00e9ant les Neoline X-COP 9300<\/strong>, nous avons tenu compte des limitations l\u00e9gales de diff\u00e9rents pays en ce qui concerne l&rsquo;utilisation des d\u00e9tecteurs de radar. Ainsi, l\u2019unit\u00e9 radar peut \u00eatre facilement d\u00e9connect\u00e9e par un simple mouvement de la main et l\u2019appareil continuera \u00e0 fonctionner en tant qu\u2019informateur GPS. De plus, le dispositif offre une protection tr\u00e8s efficace contre les dispositifs RDD Spectre 4 et Spectre Elite, largement utilis\u00e9s en Europe.<\/p>\n<p><strong>CAM\u00c9RAS DE CONTR\u00d4LE DE LA CIRCULATION<\/strong> &#8211; Neoline X-COP 9300s informe de toutes les cam\u00e9ras de contr\u00f4le de la circulation et vous avertit \u00e0 l&rsquo;avance des types de contr\u00f4le tels que: &#8211; Conduite dans une voie de transport public &#8211; Radars d\u00e9tectant \u00ab\u00e0 l&rsquo;arri\u00e8re\u00bb &#8211; Conduite dans les virages &#8211; Conduite dans les virages carrefour \/ feu tricolore &#8211; Conduite sur un passage pour pi\u00e9tons<\/p>\n<p><strong>QUALIT\u00c9 DE FILMAGE EXCEPTIONNELLE EN JOUR ET NUIT<\/strong> &#8211; Le puissant processeur Ambarella, les optiques en verre \u00e0 objectifs multiples et un capteur Sony fournissent une vid\u00e9o de haute qualit\u00e9. Un angle de vision large de 135 degr\u00e9s permet de loger quatre voies et un bord de route dans le cadre. Le mode nuit automatique aide \u00e0 voir tous les d\u00e9tails sur les sections sombres de la route. Le mode est activ\u00e9 en fonction des r\u00e9glages de l&rsquo;heure dans le menu.<\/p>\n<p><strong>UNIQUE EXD PLUS MODULE<\/strong> &#8211; L\u2019appareil est dot\u00e9 d\u2019un module ultrasensible int\u00e9gr\u00e9 EXD Plus, qui permet de d\u00e9tecter au maximum les radars de police dans les bandes K, Ka et M.L&rsquo;appareil est particuli\u00e8rement efficace en mode Turbo, avertissant des radars de faible puissance dirig\u00e9s vers le l\u2019arri\u00e8re de la voiture, tels que Gatso, Multanova 6F, Multa Radar, etc. Le mode Turbo s\u2019allume automatiquement d\u00e8s qu\u2019une vitesse donn\u00e9e est atteinte.<\/p>\n<p><strong>COMMANDE DE MOUVEMENT<\/strong> &#8211; Pour d\u00e9sactiver les alertes audio et vocales lorsque vous approchez du radar, vous devez simplement tenir la main devant l&rsquo;\u00e9cran hybride. La technologie Motion Control r\u00e9agit aux gestes et r\u00e9activera le son dans les 6 secondes suivant la notification.<\/p>\n<p><strong>SELECTION DE FREQUENCE<\/strong> &#8211; Le menu de l\u2019hybride contient une fonction de s\u00e9lection de fr\u00e9quence. En fonction du pays d&rsquo;utilisation, l&rsquo;hybride modifie les param\u00e8tres de d\u00e9tection dans diff\u00e9rentes gammes de fr\u00e9quences et \u00e9limine plus efficacement les faux signaux. Pour les utilisateurs exp\u00e9riment\u00e9s, un r\u00e9glage d\u00e9taill\u00e9 de l&rsquo;hybride est possible, pouvant aller jusqu&rsquo;\u00e0 la d\u00e9connexion de fr\u00e9quences K et Ka, en utilisant le fichier d\u2019installation.<\/p>\n<p><strong>NOUVEAU MODE X-COP<\/strong> &#8211; Le nouveau mode X-COP est \u00e9troitement li\u00e9 \u00e0 la commutation automatique des gammes de fr\u00e9quences, des modes de sensibilit\u00e9 et des filtres de r\u00e9ponses fausses, en fonction de la vitesse de la voiture.<\/p>\n<p><strong>TRAITEMENT INTELLIGENT DES APPAREILS PHOTO TRIP TRACK<\/strong> &#8211; Le traitement intelligent des appareils photo Track Track est une particularit\u00e9 des Neoline X-COP 9300. L&rsquo;algorithme install\u00e9 dans l&rsquo;hybride d\u00e9clenche une alerte lorsque vous quittez la zone surveill\u00e9e, avertit de la vitesse, traite correctement d&rsquo;autres points GPS dans la zone contr\u00f4l\u00e9e, etc.<\/p>\n<p><strong>\u00ca PARAM\u00c8TRES DE BANDE<\/strong> &#8211; Un utilisateur exp\u00e9riment\u00e9 peut r\u00e9gler la bande K en fonction de la connaissance des fr\u00e9quences de fonctionnement des radars de police dans la r\u00e9gion d&rsquo;utilisation.Large<\/p>\n<p>&#8211; Fr\u00e9quence de 23,900 \u00e0 24,250 GHz &#8211; r\u00e9glage standard pour la d\u00e9tection de tous les radars de police en bande K. &#8211; fr\u00e9quence de 24,050 \u00e0 24,195 GHz &#8211; pour r\u00e9duire le nombre de fausses r\u00e9ponses. Super fr\u00e9quence \u00e9troite &#8211; de 24,050 \u00e0 24,125 GHz &#8211; pour r\u00e9duire le nombre de fausses r\u00e9ponses.<\/p>\n","protected":false},"excerpt":{"rendered":"<p><strong>Dashcam et d\u00e9tecteur radar <\/strong><strong>&#8211; Neoline X-COP 9300s est la premi\u00e8re dashcam hybride au monde \u00e0 d\u00e9tecter le Multa Radar CD et le CT.<\/strong><\/p>\n<ul>\n<li>Vid\u00e9o claire avec le maximum de d\u00e9tails jour et nuit<\/li>\n<li>Mode intelligent pour la suppression de l&rsquo;\u00e9blouissement et de la lumi\u00e8re solaire (HDR)<\/li>\n<li>D\u00e9tection radar comprenant des bandes multaradaires<\/li>\n<li>Ajout \/ suppression de secteurs d&rsquo;alerte dangereux et de fausses alertes<\/li>\n<li>R\u00e9glage du rayon des secteurs d&rsquo;alerte dangereux et faux<\/li>\n<li>Mode silence \/ mode limite de vitesse<\/li>\n<li>Mode de stationnement<\/li>\n<li>\u00c9conomiseur d&rsquo;\u00e9cran avec indicateur de vitesse<\/li>\n<li>Modes de sensibilit\u00e9 Ville \/ Route \/ Turbo \/-\u0421\u041e\u0420<\/li>\n<li>Mise en sourdine automatique<\/li>\n<li>R\u00e9glage de la sensibilit\u00e9 du capteur G et de la d\u00e9tection de mouvement<\/li>\n<\/ul>\n","protected":false},"featured_media":11254,"comment_status":"open","ping_status":"closed","template":"","meta":[],"product_brand":[],"product_cat":[156,72,1122,196],"product_tag":[1123,1124,2729],"class_list":{"0":"post-11156","1":"product","2":"type-product","3":"status-publish","4":"has-post-thumbnail","6":"product_cat-avertisseurs-radar-avec-gps","7":"product_cat-detecteurs-de-radar-portable","8":"product_cat-neoline-fr","9":"product_cat-recommandes-anti-radar","10":"product_tag-dashcam-fr","11":"product_tag-dvr-fr","12":"product_tag-neoline-x-cop-9300-fr","14":"first","15":"instock","16":"sale","17":"taxable","18":"shipping-taxable","19":"purchasable","20":"product-type-simple"},"jetpack_sharing_enabled":true,"_links":{"self":[{"href":"https:\/\/www.radar-shop.eu\/fr\/wp-json\/wp\/v2\/product\/11156","targetHints":{"allow":["GET"]}}],"collection":[{"href":"https:\/\/www.radar-shop.eu\/fr\/wp-json\/wp\/v2\/product"}],"about":[{"href":"https:\/\/www.radar-shop.eu\/fr\/wp-json\/wp\/v2\/types\/product"}],"replies":[{"embeddable":true,"href":"https:\/\/www.radar-shop.eu\/fr\/wp-json\/wp\/v2\/comments?post=11156"}],"wp:featuredmedia":[{"embeddable":true,"href":"https:\/\/www.radar-shop.eu\/fr\/wp-json\/wp\/v2\/media\/11254"}],"wp:attachment":[{"href":"https:\/\/www.radar-shop.eu\/fr\/wp-json\/wp\/v2\/media?parent=11156"}],"wp:term":[{"taxonomy":"product_brand","embeddable":true,"href":"https:\/\/www.radar-shop.eu\/fr\/wp-json\/wp\/v2\/product_brand?post=11156"},{"taxonomy":"product_cat","embeddable":true,"href":"https:\/\/www.radar-shop.eu\/fr\/wp-json\/wp\/v2\/product_cat?post=11156"},{"taxonomy":"product_tag","embeddable":true,"href":"https:\/\/www.radar-shop.eu\/fr\/wp-json\/wp\/v2\/product_tag?post=11156"}],"curies":[{"name":"wp","href":"https:\/\/api.w.org\/{rel}","templated":true}]}}