{"id":468,"date":"2017-03-22T15:03:56","date_gmt":"2017-03-22T15:03:56","guid":{"rendered":"https:\/\/www.radar-shop.eu\/agb\/"},"modified":"2023-08-01T13:32:04","modified_gmt":"2023-08-01T11:32:04","slug":"agb","status":"publish","type":"page","link":"https:\/\/www.radar-shop.eu\/fr\/agb\/","title":{"rendered":"CGV"},"content":{"rendered":"<h1><span style=\"color: #000080;\">CGV<\/span><\/h1>\n<p><b><strong>Conditions g\u00e9n\u00e9rales de vente<\/strong><\/b><\/p>\n<p>Derni\u00e8re mise \u00e0 jour le 27 juin 2010<\/p>\n<p>&nbsp;<\/p>\n<p><b><strong>Article 1 : Pr\u00e9ambule<\/strong><\/b><\/p>\n<p>Les pr\u00e9sentes conditions g\u00e9n\u00e9rales de vente s&rsquo;appliquent de fa\u00e7on exclusive entre la soci\u00e9t\u00e9<\/p>\n<p>Radar Shop<br \/>\nWaldhofer Strasse 102<br \/>\n69123 Heidelberg<br \/>\nAllemagne<\/p>\n<p>(ci-apr\u00e8s \u00ab Nous \u00bb) et toute personne visitant ou effectuant un achat via le site www.radar-shop.EU (ci-apr\u00e8s \u00ab Vous \u00bb).<\/p>\n<p>Tout internaute peut prendre connaissance des Conditions g\u00e9n\u00e9rales de vente sur le site www.radar-shop.EU (ci-apr\u00e8s le \u00ab Site \u00bb). Ces Conditions g\u00e9n\u00e9rales de vente pouvant faire l&rsquo;objet de modifications, les conditions applicables sont celles en vigueur sur le Site \u00e0 la date de passation de votre commande.<\/p>\n<p><b><strong>Article 2 : Contrat<\/strong><\/b><\/p>\n<p>2.1 Conditions pour effectuer une commande<\/p>\n<p>Vous d\u00e9clarez \u00eatre \u00e2g\u00e9 d&rsquo;au moins 18 ans et avoir la capacit\u00e9 juridique ou \u00eatre titulaire d&rsquo;une autorisation parentale vous permettant d&rsquo;effectuer une commande sur le Site.<\/p>\n<p>Toute commande effectu\u00e9e sur le Site doit correspondre aux besoins normaux d&rsquo;un m\u00e9nage.<\/p>\n<p>2.2 Commande<\/p>\n<p>Apr\u00e8s avoir pass\u00e9 votre commande, Nous Vous adressons un e-mail Vous confirmant celle-ci. Nous vous informons de l&rsquo;envoi de vos articles.<\/p>\n<p>Vous avez n\u00e9anmoins la possibilit\u00e9 de modifier votre commande jusqu&rsquo;\u00e0 la date d&rsquo;envoi de vos articles.<\/p>\n<p><b><strong>Article 3 : Prix, disponibilit\u00e9 et livraison<\/strong><\/b><\/p>\n<p>Les prix affich\u00e9s sur le Site sont indiqu\u00e9s en euros toutes taxes d Allemagne comprises (TVA Allemagne et autres taxes applicables), hors participation aux frais de port, aux frais de traitement de votre commande et aux frais d&#8217;emballage cadeaux.<\/p>\n<p>Nous pouvons accepter vos commandes dans la limite des stocks disponibles. Nous Vous informons de la disponibilit\u00e9 des articles vendus sur le Site sur la page d&rsquo;information de chaque article. Si, en d\u00e9pit de notre vigilance, les articles sont indisponibles, Nous Vous en informerons par e-mail dans les meilleurs d\u00e9lais.<\/p>\n<p>(i) En cas d&rsquo;indisponibilit\u00e9 dans les d\u00e9lais indiqu\u00e9s, Nous Nous r\u00e9servons la possibilit\u00e9 de Vous proposer en remplacement un article d&rsquo;une qualit\u00e9 et d&rsquo;un prix \u00e9quivalent. Dans ce cas, les frais de retours cons\u00e9cutifs \u00e0 l&rsquo;exercice \u00e9ventuel du droit de r\u00e9tractation seront \u00e0 notre charge. Dans le cas o\u00f9 Nous ne pourrions pas Vous fournir un article de qualit\u00e9 et de prix \u00e9quivalent ou si Vous ne souhaitez pas cet article de qualit\u00e9 et de prix \u00e9quivalent, Vous pourrez annuler votre commande.<\/p>\n<p>(ii) En cas d&rsquo;indisponibilit\u00e9 permanente, et si Nous ne pouvons pas Vous fournir un article de qualit\u00e9 et de prix \u00e9quivalent, Votre commande sera annul\u00e9e automatiquement.<\/p>\n<p>Malgr\u00e9 tous nos efforts, il se peut qu&rsquo;un nombre restreint parmi les articles figurant sur Notre Site comporte une erreur de prix. Soyez assur\u00e9s cependant que Nous proc\u00e9dons \u00e0 la v\u00e9rification des prix lors de la proc\u00e9dure d&rsquo;envoi de votre article. Si le prix corrig\u00e9 est inf\u00e9rieur au prix affich\u00e9 sur le Site, Nous Vous appliquerons le prix le plus bas et Vous adresserons Votre article. Si le prix corrig\u00e9 est sup\u00e9rieur au prix affich\u00e9 sur le Site, Nous Vous en informerons et proc\u00e9derons \u00e0 l&rsquo;annulation de votre commande \u00e0 moins que Vous ne choisissiez d&rsquo;accepter la commande au nouveau prix.<\/p>\n<p><b><strong>Article 4 : Droits de douane<\/strong><\/b><\/p>\n<p>Toute commande pass\u00e9e sur le Site et livr\u00e9e en dehors de Alemagne pourra \u00eatre soumise \u00e0 des taxes \u00e9ventuelles et \u00e0 des droits de douane qui sont impos\u00e9s lorsque le colis parvient \u00e0 sa destination. Ces droits de douane et ces taxes \u00e9ventuels li\u00e9s \u00e0 la livraison d&rsquo;un article sont \u00e0 votre charge et rel\u00e8vent de votre responsabilit\u00e9. Nous ne sommes pas tenus de v\u00e9rifier et de Vous informer des droits de douane et taxes applicables. Pour les conna\u00eetre, Nous Vous conseillons de Vous renseigner aupr\u00e8s des autorit\u00e9s comp\u00e9tentes de votre pays.<\/p>\n<p><b><strong>Article 5 : Paiement<\/strong><\/b><\/p>\n<p>Vous pouvez effectuer le r\u00e8glement par carte de paiement, paiement anticipe,\u00a0Giropay, Sofort\u00fcberweisung.de ou contre remboursement.<\/p>\n<p>Les cartes \u00e9mises par des banques domicili\u00e9es hors de Alemagne doivent obligatoirement \u00eatre des cartes bancaires internationales.<\/p>\n<p>Dans le cas o\u00f9 Vous seriez en retard dans le paiement du prix, Nous serions en droit de r\u00e9clamer des int\u00e9r\u00eats de retard calcul\u00e9s sur la base du taux l\u00e9gal en vigueur et applicables \u00e0 compter du jour de la sommation de payer.<\/p>\n<p><b><strong>Article 6 : Retours<\/strong><\/b><\/p>\n<p>Merci de bien vouloir prendre connaissance de notre Politique de retours applicable aux articles que Nous vendons.<\/p>\n<p>Outre la possibilit\u00e9 de b\u00e9n\u00e9ficier du d\u00e9lai de 30 jours, conform\u00e9ment \u00e0 notre Politique de retours, Vous disposez du droit de r\u00e9tractation de 30 jours pr\u00e9vu par la loi pour Nous retourner les articles sans avoir \u00e0 justifier de motif.<\/p>\n<p>En cas de livraison d&rsquo;un article, non conforme \u00e0 votre commande ou endommag\u00e9 pendant le transport, merci de bien vouloir consulter notre Politique de retours.<\/p>\n<p>Si Nous acceptons de remplacer un produit endommag\u00e9 ou non-conforme \u00e0 Votre commande, Vous devrez Nous retourner ce produit dans les 30 jours suivant la date \u00e0 laquelle Nous vous avons confirm\u00e9 proc\u00e9der \u00e0 son remplacement. En cas de non-respect de Votre obligation de retour du produit endommag\u00e9 ou non-conforme dans ledit d\u00e9lai de 30 jours, Nous Nous r\u00e9servons le droit de d\u00e9biter sur la carte bancaire que vous avez utilis\u00e9 pour Votre commande un montant \u00e9quivalent au prix (auquel la TVA est ajout\u00e9e) du produit endommag\u00e9 ou non-conforme que Vous ne Nous avez pas retourn\u00e9. Dans ce cas, une seconde vente sous condition suspensive sera consid\u00e9r\u00e9e comme ayant \u00e9t\u00e9 r\u00e9alis\u00e9e par Nous. Cette condition suspensive sera satisfaite si \u00e0 l&rsquo;expiration du d\u00e9lai de 30 suivant la date \u00e0 laquelle Nous Vous avons adress\u00e9 un produit de remplacement, le produit endommag\u00e9 ou non-conforme ne Nous est pas retourn\u00e9.<\/p>\n<p>En cas de r\u00e9tractation et de retour, les frais de renvoi sont \u00e0 la charge de l&rsquo;acheteur.<\/p>\n<p><b><strong>Article 7 : R\u00e9serve de propri\u00e9t\u00e9<\/strong><\/b><\/p>\n<p>Les biens livr\u00e9s demeureront notre propri\u00e9t\u00e9 jusqu&rsquo;\u00e0 leur exp\u00e9dition lors de la remise au transporteur, une fois que Vous en avez acquitt\u00e9 le prix.<\/p>\n<p><b><strong>Article 8 : Garanties et responsabilit\u00e9<\/strong><\/b><\/p>\n<p>Vous b\u00e9n\u00e9ficiez des dispositions de la garantie l\u00e9gale des vices cach\u00e9s.<\/p>\n<p>Nous d\u00e9clinons toute responsabilit\u00e9 dans l&rsquo;hypoth\u00e8se o\u00f9 l&rsquo;article livr\u00e9 ne respecterait pas la l\u00e9gislation du pays de livraison autre que Alemagne.<\/p>\n<p>Nous Nous engageons \u00e0 apporter tous les soins en usage dans la profession pour la mise en \u0153uvre du service offert au client. N\u00e9anmoins, notre responsabilit\u00e9 ne pourra pas \u00eatre retenue en cas de manquement \u00e0 nos obligations contractuelles du fait d&rsquo;un cas fortuit ou d&rsquo;un cas de force majeure tel que d\u00e9fini par la jurisprudence rendue par les juridictions d\u2019 Alemagne.<\/p>\n<p>Notre responsabilit\u00e9 ne sera pas engag\u00e9e en cas de retard d\u00fb \u00e0 une rupture de stock chez l&rsquo;\u00e9diteur ou chez le fournisseur. En outre, en cas de diff\u00e9rences non substantielles entre les photos de pr\u00e9sentation des articles sur notre Site, textes et illustrations et les articles command\u00e9s, notre responsabilit\u00e9 ne sera pas engag\u00e9e.<\/p>\n<p>Nous mettons en \u0153uvre tous les moyens dont Nous disposons pour assurer les prestations objets des pr\u00e9sentes Conditions g\u00e9n\u00e9rales de vente. Nous sommes responsables de tout dommage direct et pr\u00e9visible au moment de l&rsquo;utilisation du Site ou de la conclusion du contrat de vente entre Nous et Vous. En aucun cas Nous n&rsquo;encourrons de responsabilit\u00e9 \u00e0 l&rsquo;\u00e9gard des professionnels pour pertes de b\u00e9n\u00e9fices, pertes commerciales, pertes de donn\u00e9es ou manque \u00e0 gagner ou tout autre dommage indirect ou qui n&rsquo;\u00e9tait pas pr\u00e9visible au moment de l&rsquo;utilisation du Site ou de la conclusion du contrat de vente entre Nous et Vous.<\/p>\n<p>La limitation de responsabilit\u00e9 vis\u00e9e ci-dessus est inapplicable en cas de dol ou de faute lourde de Notre part, en cas de dommages corporels ou de responsabilit\u00e9 du fait des produits d\u00e9fectueux, en cas d&rsquo;\u00e9viction et en cas de non conformit\u00e9 (y compris en raison de vices cach\u00e9s).<\/p>\n<p><b><strong>Article 9 : Licence d&rsquo;acc\u00e8s au Site<\/strong><\/b><\/p>\n<p>Nous Vous accordons une licence limit\u00e9e \u00e0 l&rsquo;acc\u00e8s et \u00e0 l&rsquo;utilisation du Site pour votre utilisation personnelle. En aucun cas Vous n&rsquo;\u00eates autoris\u00e9 \u00e0 t\u00e9l\u00e9charger ou \u00e0 modifier tout ou partie de ce Site sans Notre autorisation \u00e9crite et expresse. Cette licence ne Vous permet en aucun cas d&rsquo;utiliser, pour la vente ou pour toute autre utilisation commerciale ce Site ou son contenu (produits list\u00e9s, descriptions, prix, t\u00e9l\u00e9chargement ou copie des informations pour le compte d&rsquo;un autre commer\u00e7ant, utilisation de donn\u00e9es, logiciels, extraits sonores, graphismes, images, textes, photographies, outils).<\/p>\n<p>Ce Site ou toute partie de ce Site ne doit en aucun cas \u00eatre reproduit, copi\u00e9, vendu ou exploit\u00e9 pour des raisons commerciales sans notre autorisation expresse et \u00e9crite.<\/p>\n<p>Vous ne devez pas utiliser des techniques permettant de copier une marque, un logo ou toute autre information (notamment images, texte, maquettes) dont Nous sommes propri\u00e9taires sans notre accord express et \u00e9crit. Vous ne devez pas utiliser les meta tags ou tout autre texte \u00ab cach\u00e9 \u00bb contenant notre nom, notre marque ou celui des soci\u00e9t\u00e9s de notre groupe sans notre accord express et \u00e9crit. Toute utilisation non autoris\u00e9e mettra fin \u00e0 la licence que Nous Vous avons accord\u00e9e.<\/p>\n<p>Nous Vous autorisons, \u00e0 titre non exclusif et r\u00e9vocable, \u00e0 cr\u00e9er un lien hypertexte pointant sur la page d&rsquo;accueil du Site \u00e0 la condition que ce lien ne puisse Nous cr\u00e9er ou cr\u00e9er \u00e0 l&rsquo;encontre des soci\u00e9t\u00e9s de notre groupe, ou \u00e0 nos produits ou services, un caract\u00e8re mensonger, faux, p\u00e9joratif ou pouvant Nous porter pr\u00e9judice. En aucun cas la cr\u00e9ation de ce lien hypertexte ne pourra engager notre responsabilit\u00e9, \u00e0 quelque titre que ce soit, sur le contenu de votre site. Toute utilisation dans votre lien de notre logo, de notre marque ou de nos graphismes n\u00e9cessite notre autorisation expresse et \u00e9crite.<\/p>\n<p><b><strong>Article 10 : Protection des donn\u00e9es personnelles<\/strong><\/b><\/p>\n<p>Nous Nous engageons \u00e0 prot\u00e9ger les donn\u00e9es qui Vous sont personnelles. Toutes les donn\u00e9es personnelles Vous concernant que Nous avons recueillies sont trait\u00e9es avec la plus stricte confidentialit\u00e9, conform\u00e9ment aux dispositions de notre politique de protection des donn\u00e9es personnelles. Vous pouvez consulter notre politique de Protection de vos donn\u00e9es personnelles.<\/p>\n<p><b><strong>Article 11 : Droit applicable et juridiction comp\u00e9tente<\/strong><\/b><\/p>\n<p>Les pr\u00e9sentes conditions g\u00e9n\u00e9rales de vente sont soumises au droit Allemagnes et \u00e0 la Convention de Vienne sur les contrats de vente internationale de marchandises. Tous les litiges relatifs \u00e0 la relation commerciale existant entre Vous et Nous sont soumis \u00e0 la comp\u00e9tence non exclusive des juridictions d\u2019Allemagne.<\/p>\n<p><b><strong>Article 12 : Identification<\/strong><\/b><\/p>\n<p>Radar Shop<\/p>\n<p>Waldhofer Strasse 102<\/p>\n<p>69123 Heidelberg<\/p>\n<p>Allemagne<\/p>\n<p>Num\u00e9ro de TVA intracommunautaire : DE 254 787 251<\/p>\n<p><b><strong>Exclusion de responsabilit\u00e9<\/strong><\/b><\/p>\n<ol>\n<li><b><strong> Contenu de l\u2019offre en ligne<\/strong><\/b><\/li>\n<\/ol>\n<p>L\u2019auteur ne donne aucune garantie sur l\u2019actualit\u00e9, la justesse, la globalit\u00e9 ou la qualit\u00e9 des informations disponibles. Les exigences de responsabilit\u00e9 contre l\u2019auteur se r\u00e9f\u00e9rant \u00e0 des dommages d\u2019ordre mat\u00e9riel ou id\u00e9ologique caus\u00e9s par l\u2019utilisation ou la non utilisation des informations propos\u00e9es ou par l\u2019utilisation d\u2019informations erron\u00e9es ou incompl\u00e8tes sont totalement exclues, tant que du c\u00f4t\u00e9 de l\u2019auteur on ne peut prouver une culpabilit\u00e9 volontaire ou due \u00e0 une grossi\u00e8re n\u00e9gligence. Toutes les offres sont sans engagement de notre part. L\u2019auteur se r\u00e9serve express\u00e9ment le droit de modifier des parties de pages ou toute l\u2019offre sans avis pr\u00e9alable, de faire des ajouts, d\u2019effacer ou d\u2019arr\u00eater temporairement ou d\u00e9finitivement la publication.<\/p>\n<ol start=\"2\">\n<li><b><strong> Renvois et liens<\/strong><\/b><\/li>\n<\/ol>\n<p>En cas de renvois directs ou indirects sur des sites Internet externes (\u00ab\u00a0Links\u00a0\u00bb) se trouvant en dehors du secteur de responsabilit\u00e9 de l\u2019auteur, une responsabilit\u00e9 ne pourrait entrer en vigueur que dans le cas o\u00f9 l\u2019auteur a connaissance des contenus et qu\u2019il lui serait techniquement ou raisonnablement possible d\u2019emp\u00eacher l\u2019utilisation des contenus ill\u00e9gaux. L\u2019auteur d\u00e9clare par la pr\u00e9sente qu\u2019au moment de la mise en lien, il n\u2019y avait aucun contenu ill\u00e9gal reconnaissable sur les pages accessibles en lien. L\u2019auteur n\u2019a aucune influence sur la composition actuelle et future, les contenus ou les droits d\u2019auteur des sites en lien ou sur lesquels il y a un renvoi. Pour cette raison, il se distance de ce fait express\u00e9ment de tous les contenus de tous les sites en lien\/en renvoi qui ont \u00e9t\u00e9 modifi\u00e9s apr\u00e8s la mise en lien. Cette constatation est valable pour tous les liens et renvois cit\u00e9s dans la propre offre Internet ainsi que pour les inscriptions externes dans les livres d\u2019h\u00f4tes, forums de discussion et listes de mailings mis en place par l\u2019auteur. Seul le fournisseur de la page sur laquelle le renvoi a \u00e9t\u00e9 fait \u2013 et non pas celui qui renvoie seulement sur chaque publication \u2013 est responsable des contenus ill\u00e9gaux, erron\u00e9s ou incomplets et particuli\u00e8rement pour les dommages \u00e9manant de l\u2019utilisation ou la non utilisation de telles informations propos\u00e9es.<\/p>\n<ol start=\"3\">\n<li><b><strong> Droits d\u2019auteur et de marquage<\/strong><\/b><\/li>\n<\/ol>\n<p>L\u2019auteur s\u2019engage \u00e0 respecter dans toutes les publications les droits d\u2019auteur des graphiques, des documents sonores, des s\u00e9quences vid\u00e9o et des textes utilis\u00e9s, et pr\u00e9f\u00e8re utiliser ses propres graphiques, documents sonores, s\u00e9quences vid\u00e9o et textes ou des graphiques, documents sonores, s\u00e9quences vid\u00e9o et textes libres de droit. Toutes les marques cit\u00e9es &#8211; et \u00e9ventuellement prot\u00e9g\u00e9es par des tiers \u2013 dans l\u2019offre Internet sont soumises sans limite aux dispositions de chaque droit de marquage en vigueur et des droits de d\u00e9tention de chaque propri\u00e9taire inscrit. Le simple fait de nommer ne permet pas de tirer la conclusion que des marques ne sont pas prot\u00e9g\u00e9es par des droits ! Le Copyright pour les objets publi\u00e9s, r\u00e9alis\u00e9s par l\u2019auteur lui-m\u00eame reste du c\u00f4t\u00e9 de l\u2019auteur. Une copie ou une utilisation de tels graphiques, documents sonores, s\u00e9quences vid\u00e9o et textes dans d\u2019autres publications \u00e9lectroniques ou imprim\u00e9es est strictement interdite sans l\u2019accord expresse de l\u2019auteur.<\/p>\n<ol start=\"4\">\n<li><b><strong> Protection des donn\u00e9es<\/strong><\/b><\/li>\n<\/ol>\n<p>Tant qu\u2019\u00e0 l\u2019int\u00e9rieur de l\u2019offre Internet il y a la possibilit\u00e9 de rentrer des donn\u00e9es personnelles et commerciales (adresses e-mail, nom, adresses), alors l\u2019abandon de ces donn\u00e9es de la part de l\u2019utilisateur se fait sur la base du volontariat. L\u2019utilisation et le paiement de tous les services propos\u00e9s \u2013 tant que ceci est techniquement et raisonnablement possible \u2013 sont autoris\u00e9s m\u00eame sans indication de telles donn\u00e9es ou en indiquant des donn\u00e9es anonymes ou un pseudonyme.<\/p>\n<ol start=\"5\">\n<li><b><strong> Efficacit\u00e9 l\u00e9gale de cette exclusion de responsabilit\u00e9<\/strong><\/b><\/li>\n<\/ol>\n<p>Cette exclusion de responsabilit\u00e9 doit \u00eatre consid\u00e9r\u00e9e comme partie de l\u2019offre Internet \u00e0 partir de laquelle le renvoi sur cette page s\u2019est fait. Si des formulations (partielles ou totales) de ce texte ne devaient pas ou plus du tout ou plus compl\u00e8tement correspondre \u00e0 l\u2019esprit de la loi, les autres parties de ce document ne sont en rien touch\u00e9es dans leur contenu et leur validit\u00e9.<\/p>\n","protected":false},"excerpt":{"rendered":"<p>CGV Conditions g\u00e9n\u00e9rales de vente Derni\u00e8re mise \u00e0 jour le 27 juin 2010 &nbsp; Article 1 : Pr\u00e9ambule Les pr\u00e9sentes conditions g\u00e9n\u00e9rales de vente s&rsquo;appliquent de fa\u00e7on exclusive entre la soci\u00e9t\u00e9 Radar Shop Waldhofer Strasse 102 69123 Heidelberg Allemagne (ci-apr\u00e8s \u00ab Nous \u00bb) et toute personne visitant ou effectuant un achat via le site www.radar-shop.EU [&hellip;]<\/p>\n","protected":false},"author":1,"featured_media":0,"parent":0,"menu_order":0,"comment_status":"closed","ping_status":"closed","template":"","meta":{"footnotes":""},"yst_prominent_words":[929,845,447,850,445],"class_list":["post-468","page","type-page","status-publish","hentry"],"jetpack_sharing_enabled":true,"_links":{"self":[{"href":"https:\/\/www.radar-shop.eu\/fr\/wp-json\/wp\/v2\/pages\/468","targetHints":{"allow":["GET"]}}],"collection":[{"href":"https:\/\/www.radar-shop.eu\/fr\/wp-json\/wp\/v2\/pages"}],"about":[{"href":"https:\/\/www.radar-shop.eu\/fr\/wp-json\/wp\/v2\/types\/page"}],"author":[{"embeddable":true,"href":"https:\/\/www.radar-shop.eu\/fr\/wp-json\/wp\/v2\/users\/1"}],"replies":[{"embeddable":true,"href":"https:\/\/www.radar-shop.eu\/fr\/wp-json\/wp\/v2\/comments?post=468"}],"version-history":[{"count":2,"href":"https:\/\/www.radar-shop.eu\/fr\/wp-json\/wp\/v2\/pages\/468\/revisions"}],"predecessor-version":[{"id":14768,"href":"https:\/\/www.radar-shop.eu\/fr\/wp-json\/wp\/v2\/pages\/468\/revisions\/14768"}],"wp:attachment":[{"href":"https:\/\/www.radar-shop.eu\/fr\/wp-json\/wp\/v2\/media?parent=468"}],"wp:term":[{"taxonomy":"yst_prominent_words","embeddable":true,"href":"https:\/\/www.radar-shop.eu\/fr\/wp-json\/wp\/v2\/yst_prominent_words?post=468"}],"curies":[{"name":"wp","href":"https:\/\/api.w.org\/{rel}","templated":true}]}}