{"id":3204,"date":"2019-10-01T12:41:34","date_gmt":"2019-10-01T10:41:34","guid":{"rendered":"https:\/\/www.radar-shop.eu\/imprint\/"},"modified":"2020-09-07T14:26:09","modified_gmt":"2020-09-07T12:26:09","slug":"imprint","status":"publish","type":"page","link":"https:\/\/www.radar-shop.eu\/fr\/imprint\/","title":{"rendered":"Mentions l\u00e9gales"},"content":{"rendered":"<h1 class=\"pageHead\"><span style=\"color: #003366;\">BESOIN DE CONSEILS SUR<br \/>\nLES D\u00c9TECTEURS DE RADAR?<\/span><\/h1>\n<p><strong>Vous pouvez imm\u00e9diatement passer commande pour detecteur<\/strong> et avertisseur radar contre contr\u00f4les mobiles, radars de feu rouge, radars mobiles, radars double face, cabines-radars et radars-tron\u00e7ons sur notre site online. Nous r\u00e9pondons \u00e9galement \u00e0 toutes demandes d&rsquo;offres faite par courriel :\u00a0<a href=\"mailto:france@radar-shop.eu\">france@radar-shop.eu<\/a>.<\/p>\n<p>Nous r\u00e9pondons \u00e9galement volontiers \u00e0 toutes demandes d&rsquo;offres commerciales et \u00e0 toutes propositions pouvant d\u00e9boucher sur une coop\u00e9ration durable. A ce titre, nous serions int\u00e9ress\u00e9s \u00e0 travailler en collaboration avec un r\u00e9seau local de partenaires comp\u00e9tents qui peuvent en toute confidentialit\u00e9 installer des d\u00e9tecteurs dans les v\u00e9hicules de nos clients.<\/p>\n<p>&nbsp;<\/p>\n<h3><strong>Contactez-nous:<\/strong><\/h3>\n<div class=\"wpforms-container wpforms-container-full\" id=\"wpforms-7306\"><form id=\"wpforms-form-7306\" class=\"wpforms-validate wpforms-form\" data-formid=\"7306\" method=\"post\" enctype=\"multipart\/form-data\" action=\"\/fr\/wp-json\/wp\/v2\/pages\/3204\" data-token=\"db5b6eab63d94db694cb53c5f36b0a25\" data-token-time=\"1776506446\"><noscript class=\"wpforms-error-noscript\">Veuillez activer JavaScript dans votre navigateur pour remplir ce formulaire.<\/noscript><div class=\"wpforms-field-container\"><div id=\"wpforms-7306-field_0-container\" class=\"wpforms-field wpforms-field-name\" data-field-id=\"0\"><label class=\"wpforms-field-label\" for=\"wpforms-7306-field_0\">Nom <span class=\"wpforms-required-label\">*<\/span><\/label><input type=\"text\" id=\"wpforms-7306-field_0\" class=\"wpforms-field-medium wpforms-field-required\" name=\"wpforms[fields][0]\" required><\/div><div id=\"wpforms-7306-field_1-container\" class=\"wpforms-field wpforms-field-email\" data-field-id=\"1\"><label class=\"wpforms-field-label\" for=\"wpforms-7306-field_1\">E-mail <span class=\"wpforms-required-label\">*<\/span><\/label><input type=\"email\" id=\"wpforms-7306-field_1\" class=\"wpforms-field-medium wpforms-field-required\" name=\"wpforms[fields][1]\" spellcheck=\"false\" required><\/div><div id=\"wpforms-7306-field_4-container\" class=\"wpforms-field wpforms-field-number\" data-field-id=\"4\"><label class=\"wpforms-field-label\" for=\"wpforms-7306-field_4\">Num\u00e9ro de commande ou de facture (facultatif)<\/label><input type=\"number\" id=\"wpforms-7306-field_4\" class=\"wpforms-field-medium\" name=\"wpforms[fields][4]\" step=\"any\" ><\/div><div id=\"wpforms-7306-field_2-container\" class=\"wpforms-field wpforms-field-textarea\" data-field-id=\"2\"><label class=\"wpforms-field-label\" for=\"wpforms-7306-field_2\">Votre message <span class=\"wpforms-required-label\">*<\/span><\/label><textarea id=\"wpforms-7306-field_2\" class=\"wpforms-field-medium wpforms-field-required\" name=\"wpforms[fields][2]\" required><\/textarea><\/div><\/div><!-- .wpforms-field-container --><div class=\"wpforms-recaptcha-container wpforms-is-recaptcha wpforms-is-recaptcha-type-v3\" ><input type=\"hidden\" name=\"wpforms[recaptcha]\" value=\"\"><\/div><div class=\"wpforms-submit-container\" ><input type=\"hidden\" name=\"wpforms[id]\" value=\"7306\"><input type=\"hidden\" name=\"page_title\" value=\"\"><input type=\"hidden\" name=\"page_url\" value=\"https:\/\/www.radar-shop.eu\/fr\/wp-json\/wp\/v2\/pages\/3204\"><input type=\"hidden\" name=\"url_referer\" value=\"\"><button type=\"submit\" name=\"wpforms[submit]\" id=\"wpforms-submit-7306\" class=\"wpforms-submit\" data-alt-text=\"Envoyer...\" data-submit-text=\"Soumettre\" aria-live=\"assertive\" value=\"wpforms-submit\">Soumettre<\/button><\/div><\/form><\/div>  <!-- .wpforms-container -->\n<p><strong>Pour toute autre demande<\/strong>, veuillez choisir une des options suivantes:<\/p>\n<table>\n<tbody>\n<tr>\n<td><\/td>\n<td><\/td>\n<\/tr>\n<tr>\n<td>par fax:<\/td>\n<td>+49 &#8211; 6221 &#8211; 619098<\/td>\n<\/tr>\n<tr>\n<td>par E-mail:<\/td>\n<td><a href=\"mailto:france@radar-shop.eu\">france@radar-shop.eu<\/a><\/td>\n<\/tr>\n<tr valign=\"top\">\n<td><\/td>\n<td><a href=\"mailto:reseller@radar-shop.eu\">reseller@radar-shop.eu<\/a>\u00a0(pour les revendeurs)<\/td>\n<\/tr>\n<tr>\n<td valign=\"top\">par la poste:<\/td>\n<td>RADAR SHOP EU<\/p>\n<p>Waldhofer Str. 102<br \/>\nD-69123 Heidelberg<br \/>\nAllemagne<\/td>\n<\/tr>\n<\/tbody>\n<\/table>\n","protected":false},"excerpt":{"rendered":"<p>BESOIN DE CONSEILS SUR LES D\u00c9TECTEURS DE RADAR? Vous pouvez imm\u00e9diatement passer commande pour detecteur et avertisseur radar contre contr\u00f4les mobiles, radars de feu rouge, radars mobiles, radars double face, cabines-radars et radars-tron\u00e7ons sur notre site online. Nous r\u00e9pondons \u00e9galement \u00e0 toutes demandes d&rsquo;offres faite par courriel :\u00a0france@radar-shop.eu. Nous r\u00e9pondons \u00e9galement volontiers \u00e0 toutes demandes [&hellip;]<\/p>\n","protected":false},"author":14,"featured_media":0,"parent":0,"menu_order":0,"comment_status":"closed","ping_status":"closed","template":"","meta":{"footnotes":""},"yst_prominent_words":[441,436,450,447,449,440,445,439,434,442,448,252,446,438,444,443,437,432],"class_list":["post-3204","page","type-page","status-publish","hentry"],"jetpack_sharing_enabled":false,"_links":{"self":[{"href":"https:\/\/www.radar-shop.eu\/fr\/wp-json\/wp\/v2\/pages\/3204","targetHints":{"allow":["GET"]}}],"collection":[{"href":"https:\/\/www.radar-shop.eu\/fr\/wp-json\/wp\/v2\/pages"}],"about":[{"href":"https:\/\/www.radar-shop.eu\/fr\/wp-json\/wp\/v2\/types\/page"}],"author":[{"embeddable":true,"href":"https:\/\/www.radar-shop.eu\/fr\/wp-json\/wp\/v2\/users\/14"}],"replies":[{"embeddable":true,"href":"https:\/\/www.radar-shop.eu\/fr\/wp-json\/wp\/v2\/comments?post=3204"}],"version-history":[{"count":0,"href":"https:\/\/www.radar-shop.eu\/fr\/wp-json\/wp\/v2\/pages\/3204\/revisions"}],"wp:attachment":[{"href":"https:\/\/www.radar-shop.eu\/fr\/wp-json\/wp\/v2\/media?parent=3204"}],"wp:term":[{"taxonomy":"yst_prominent_words","embeddable":true,"href":"https:\/\/www.radar-shop.eu\/fr\/wp-json\/wp\/v2\/yst_prominent_words?post=3204"}],"curies":[{"name":"wp","href":"https:\/\/api.w.org\/{rel}","templated":true}]}}