{"id":5061,"date":"2023-05-12T11:06:04","date_gmt":"2020-08-09T09:06:04","guid":{"rendered":"https:\/\/www.radar-shop.eu\/product\/navty-p1-performance-tracker-radar-detector\/"},"modified":"2026-04-12T05:12:49","modified_gmt":"2026-04-12T03:12:49","slug":"navty-p1-suorituskyvynseuranta-tutkanpaljastin","status":"publish","type":"product","link":"https:\/\/www.radar-shop.eu\/fi\/tuote\/navty-p1-suorituskyvynseuranta-tutkanpaljastin\/","title":{"rendered":"Navty P1 Suorituskyky &#8211; Premium Edition"},"content":{"rendered":"<h3 style=\"text-align: center;\">NAVTY P1 &#8211; parantaa suorituskyky\u00e4si ja turvallisuutta.<br \/>\nSakkojen ennaltaehk\u00e4isy ja ajokortin suojaus<\/h3>\n<p>&nbsp;<\/p>\n<p><img loading=\"lazy\" decoding=\"async\" class=\"size-full wp-image-9208\" src=\"https:\/\/www.radar-shop.eu\/wp-content\/uploads\/navtyp1-car.png\" alt=\"Navty P1 Performance Tutkanpaljastin\" width=\"1920\" height=\"1349\" srcset=\"https:\/\/www.radar-shop.eu\/wp-content\/uploads\/navtyp1-car.png 1920w, https:\/\/www.radar-shop.eu\/wp-content\/uploads\/navtyp1-car-300x211.png 300w, https:\/\/www.radar-shop.eu\/wp-content\/uploads\/navtyp1-car-1024x719.png 1024w, https:\/\/www.radar-shop.eu\/wp-content\/uploads\/navtyp1-car-768x540.png 768w, https:\/\/www.radar-shop.eu\/wp-content\/uploads\/navtyp1-car-1536x1079.png 1536w, https:\/\/www.radar-shop.eu\/wp-content\/uploads\/navtyp1-car-555x390.png 555w\" sizes=\"auto, (max-width: 1920px) 100vw, 1920px\" \/><\/p>\n<h3><\/h3>\n<h3 style=\"text-align: center;\">\/\/\/\/ 0-100 km\/h &#8211; 2.9s<\/h3>\n<p><strong>NAVTY P1 Suorituskyvyn mittaaminen<\/strong> vastaanottaa tarkan nopeuden ja kilometrilukeman GPS-teknologian avulla. Kiihtyvyys mitataan (0-100 \/ 0-200 \/ 0-300 km\/h &amp; 0- 60\/ 120\/ 180mph) aina, t\u00e4ysin automaattisesti. Tarkkojen mittausten avulla voit verrata ajoneuvosi tietoja tehdastietoihin tai muihin ajoneuvoihin.<\/p>\n<h3 style=\"text-align: center;\">Suojelu. Pienempi onnettomuusriski.<br \/>\nAjokortin ja sakkojen ehk\u00e4isy.<\/h3>\n<p>&nbsp;<\/p>\n<h4>Turvallisuus sinulle &amp; ajokorttisi<\/h4>\n<p><img loading=\"lazy\" decoding=\"async\" class=\"alignright wp-image-3087\" src=\"https:\/\/navty.com\/wp-content\/uploads\/2017\/05\/NAVTY-section-control-1025x1536-1.png\" alt=\"NAVTY-jakson-valvonnan-varoitus\" width=\"581\" height=\"870\" \/><\/p>\n<p><strong>Vaaralliset alueet ja reaaliaikainen liikenteen seuranta<\/strong> &#8211; ilmaiseksi saatavilla olevan P1R-firmaohjelmiston avulla voit aktivoida muita varoituksia, kuten vaaralliset alueet, POI-nopeusvalvontakamerah\u00e4lytykset, 3D Multaradar -tekniikan ja laserhavainnon.<\/p>\n<p><strong>POI-varoitus ja liikenteen seuranta<\/strong> &#8211; Uusin ja jatkuvasti p\u00e4ivitett\u00e4v\u00e4 tietokantamme ilmoittaa sinulle vaarallisista alueista ja liikenteen valvontapisteist\u00e4, kuten pysyvist\u00e4 nopeusloukuista \/ liikennevalojen kameroista \/ osavalvonnasta &#8211; maailmanlaajuisesti. Voit my\u00f6s lis\u00e4t\u00e4 ja hallita omia vaarallisia paikkoja yksil\u00f6llisen turvallisuuden takaamiseksi.<\/p>\n<p><strong>Laillinen kaikkialla &#8211; lain kunnioittaminen<\/strong> &#8211; Koska kunnioitamme eurooppalaisia lakeja, toimitamme laitteemme vain hyv\u00e4ksytyll\u00e4 laiteohjelmistolla (ilman tutkatoimintoja). Sinulla ei taatusti ole mit\u00e4\u00e4n ongelmia, kun ostat tutkanilmaisimen rajoitetusta maasta. Voit helposti ladata, asentaa ja poistaa ilmaisen P1R-firmware-ohjelmistomme milloin tahansa maihin, joissa tutka- &amp; laserhavaitseminen ja POI-varoitusten havaitseminen on sallittua 10 sekunnin kuluessa.<\/p>\n<h4><\/h4>\n<h4>Korkean suorituskyvyn havaitseminen<\/h4>\n<p><strong>Vapaasti saatavilla oleva P1R-ohjelmistomme mahdollistaa my\u00f6s reaaliaikaisen korkean suorituskyvyn tutka- ja laservaroituksen<\/strong> &#8211; Luokkansa suurimman tutka-antennin ansiosta jopa uusimmat ja havaitsemattomat pienitehoiset Multaradar-mittausj\u00e4rjestelm\u00e4t antavat oikea-aikaisen ja luotettavan varoituksen. Muihin vertailulaitteisiin verrattuna NAVTY P1:n varhainen h\u00e4lytysaika on jopa 10-kertainen nykyiseen Multaradar-standardiin verrattuna!<\/p>\n<p><strong>Uusimmat 3D MultaRadar- ja 360\u00b0-laseranturit<\/strong> &#8211; antavat luotettavat h\u00e4lytykset nopeuskameroista. (segmentoitu K-kaista, segmentoitu KA-kaista, X-kaista, Multaradar MRCD, Multaradar MRCT, Gatso RT3-tutka, Gatso RT4-tutka, 360\u00b0-laser)..<\/p>\n<p><strong>Aloittelijan tila<\/strong> &#8211; Etk\u00f6 osaa k\u00e4ytt\u00e4\u00e4 tutkanpaljastinta? Suositelluilla asetuksilla voit k\u00e4ytt\u00e4\u00e4 P1-tutkaa muutamassa sekunnissa sen j\u00e4lkeen, kun olet aktivoinut P1R-firmware-ohjelmiston USB-tikun kautta.<\/p>\n<p><strong>PRO-ominaisuudet<\/strong> &#8211; Asiantuntijoille ja harrastajille P1 tarjoaa my\u00f6s tarkan kaistataajuusmittauksen, mutta my\u00f6s usean tutkah\u00e4lytyksen samanaikaisesti sek\u00e4 tutka-alueiden segmentoinnin optimoitua suorituskyky\u00e4 varten.<\/p>\n<p><strong>Luokkansa paras tutkan syv\u00e4suodatustekniikka<\/strong> &#8211; NAVTY P1:ss\u00e4 on yksi parhaista suodattimista, joka minimoi v\u00e4\u00e4ri\u00e4 h\u00e4lytyksi\u00e4. T\u00e4m\u00e4 tarkoittaa, ett\u00e4 voit v\u00e4ltt\u00e4\u00e4 v\u00e4\u00e4ri\u00e4 h\u00e4lytyksi\u00e4 esimerkiksi kuolleen kulman peilitutkalta tai muilta laitteilta, jotka k\u00e4ytt\u00e4v\u00e4t samoja taajuuksia kuin oikea tutka. Kilpailijoihin verrattuna NAVTY P1 voi v\u00e4hent\u00e4\u00e4 v\u00e4\u00e4ri\u00e4 h\u00e4lytyksi\u00e4 jopa 50 % vertailuarvosta.<\/p>\n<h4>RDD Stealth<\/h4>\n<p><strong>RDD (tutkailmaisimet) Turvallisuus mukana.<\/strong> Navty P1:t\u00e4 ei voi paikantaa elektronisesti tutkailmaisimella (RDD).<\/p>\n<p><img loading=\"lazy\" decoding=\"async\" class=\"alignleft wp-image-3081\" src=\"https:\/\/navty.com\/wp-content\/uploads\/2017\/05\/NAVTY-P1-Graphic-blacklogo.png\" alt=\"NAVTY P1 suorituskyky\" width=\"758\" height=\"536\" \/><\/p>\n<h4 style=\"padding-top: 20px;\">Suunnittelu ja valvonta<\/h4>\n<p><strong>NAVTYn hiilenmusta muotoilu<\/strong>&#8211; on suunniteltu k\u00e4ytett\u00e4v\u00e4ksi kaikissa autoissa ilman h\u00e4iri\u00f6tekij\u00f6it\u00e4.<\/p>\n<p><strong>Intuitiivinen k\u00e4ytt\u00f6 ja \u00e4\u00e4niviestit<\/strong> &#8211; P1:n valikkoasetukset ja ohjaus ovat saatavilla englanniksi, saksaksi, ranskaksi, espanjaksi tai italiaksi. Muuten P1 on kaikkein intuitiivisin laite: vain 4 isoa ohjauspainiketta ja \u00e4\u00e4ni-ilmoituksia on silti helppo k\u00e4ytt\u00e4\u00e4 j\u00e4tt\u00e4m\u00e4tt\u00e4 silmi\u00e4si pois ajamisesta.<\/p>\n<h4>Tulevaisuudenkest\u00e4v\u00e4<\/h4>\n<p><strong>Elinik\u00e4iset p\u00e4ivitykset mukana<\/strong> &#8211; NAVTY-tietokanta ja laiteohjelmisto voidaan p\u00e4ivitt\u00e4\u00e4 helposti muutamassa sekunnissa USB-tikun kautta. P\u00e4ivitys toimii kaikissa Windows-, MacOS- ja Linux-j\u00e4rjestelmiss\u00e4. P1 Premium -version my\u00f6t\u00e4 saat ilmaisen t\u00e4yden k\u00e4ytt\u00f6oikeuden kaikkiin tietokanta- ja laiteohjelmistop\u00e4ivityksiin sek\u00e4 premium-tukemme elinik\u00e4iseksi.<\/p>\n<h4>NAVTY-takuu<\/h4>\n<p><strong>NAVTY-tyytyv\u00e4isyystakuu<\/strong> &#8211; takaamme, ett\u00e4 tulet rakastamaan P1:t\u00e4si ! Siksi tarjoamme jokaiselle P1-asiakkaalle 30 p\u00e4iv\u00e4n pidennetyn peruutusajan.<\/p>\n<p><strong>4 vuoden NAVTY premium-takuu<\/strong> &#8211; uskomme tuotteisiimme. Jopa ja vuosien intensiivisen k\u00e4yt\u00f6n j\u00e4lkeen takaamme NAVTY P1 Premium -laitteesi t\u00e4yden suorituskyvyn. Ostoksesi sis\u00e4lt\u00e4\u00e4 4 vuoden takuun laitteellesi. Tukemme auttaa ongelmien tai vikojen kanssa.<\/p>\n<p><img loading=\"lazy\" decoding=\"async\" class=\"alignnone size-full wp-image-3046\" src=\"https:\/\/navty.com\/wp-content\/uploads\/2017\/05\/NAVTY-P1-Bentley-2-scaled.jpg\" alt=\"NAVTY P1 Bentley tutkanpaljastin\" width=\"2560\" height=\"1691\" \/><\/p>\n","protected":false},"excerpt":{"rendered":"<p>4 in 1: 3D-tutka, tutka, tutka, laser, GPS POI -tutkanilmaisin<br \/>\n<span class=\"dotted-product-details\"><a href=\"https:\/\/www.radar-shop.eu\/fi\/speed-radar-camera-detector-comparison\/\"><strong>PARAS TUTKANPALJASTIN OSTO-OPAS<\/strong><\/a><br \/>\n<\/span><span style=\"color: #000080;\"><strong>RADAR-SHOP.EU SUOSITUS!<\/strong><\/span><\/p>\n<p><b>+ 48 kuukauden takuu<\/b><br \/>\n<b>+ Elinik\u00e4iset p\u00e4ivitykset ilmaiseksi<\/b><br \/>\n<b>+ Suorituskyvyn seuranta:<\/b><br \/>\n0\u2013100\/200\/300 km\/h &amp; 0\u201360\/120\/180mph<br \/>\n<b>+ Reaaliaikainen tutkan tunnistus*<\/b><br \/>\nK \/ KA \/ X \/ MRCD \/ MRCT \/ GATSO RT3 \/ GATSO RT4<br \/>\n<b>+ 360\u00b0 laser &amp; POI-varoitus maailmanlaajuisesti*<\/b><br \/>\n<b>+ RDD-suojaus<\/b><br \/>\n(*k\u00e4ytt\u00e4j\u00e4n aktivoitavissa ilmaisella P1R-firmwarella)<\/p>\n","protected":false},"featured_media":5070,"comment_status":"open","ping_status":"closed","template":"","meta":[],"product_brand":[],"product_cat":[2155,2156,2157,2100],"product_tag":[2158,2159,2160],"class_list":{"0":"post-5061","1":"product","2":"type-product","3":"status-publish","4":"has-post-thumbnail","6":"product_cat-gps-tutkanpaljastin","7":"product_cat-navty-fi","8":"product_cat-suositellut-ilmaisimet","9":"product_cat-tutkanpaljastimet-mobil","10":"product_tag-performance-tracker-fi","11":"product_tag-vehicle-acceleration-fi","12":"product_tag-vehicle-speed-fi","14":"first","15":"instock","16":"sale","17":"taxable","18":"shipping-taxable","19":"purchasable","20":"product-type-simple"},"jetpack_sharing_enabled":true,"_links":{"self":[{"href":"https:\/\/www.radar-shop.eu\/fi\/wp-json\/wp\/v2\/product\/5061","targetHints":{"allow":["GET"]}}],"collection":[{"href":"https:\/\/www.radar-shop.eu\/fi\/wp-json\/wp\/v2\/product"}],"about":[{"href":"https:\/\/www.radar-shop.eu\/fi\/wp-json\/wp\/v2\/types\/product"}],"replies":[{"embeddable":true,"href":"https:\/\/www.radar-shop.eu\/fi\/wp-json\/wp\/v2\/comments?post=5061"}],"wp:featuredmedia":[{"embeddable":true,"href":"https:\/\/www.radar-shop.eu\/fi\/wp-json\/wp\/v2\/media\/5070"}],"wp:attachment":[{"href":"https:\/\/www.radar-shop.eu\/fi\/wp-json\/wp\/v2\/media?parent=5061"}],"wp:term":[{"taxonomy":"product_brand","embeddable":true,"href":"https:\/\/www.radar-shop.eu\/fi\/wp-json\/wp\/v2\/product_brand?post=5061"},{"taxonomy":"product_cat","embeddable":true,"href":"https:\/\/www.radar-shop.eu\/fi\/wp-json\/wp\/v2\/product_cat?post=5061"},{"taxonomy":"product_tag","embeddable":true,"href":"https:\/\/www.radar-shop.eu\/fi\/wp-json\/wp\/v2\/product_tag?post=5061"}],"curies":[{"name":"wp","href":"https:\/\/api.w.org\/{rel}","templated":true}]}}