{"id":14933,"date":"2021-11-05T17:43:15","date_gmt":"2021-11-05T15:43:15","guid":{"rendered":"https:\/\/www.radar-shop.eu\/product\/uniden-r4-eu-extreme-long-range-tutkanpaljastin\/"},"modified":"2021-11-05T17:43:15","modified_gmt":"2021-11-05T15:43:15","slug":"uniden-r4-eu-extreme-long-range-tutkanpaljastin","status":"publish","type":"product","link":"https:\/\/www.radar-shop.eu\/fi\/tuote\/uniden-r4-eu-extreme-long-range-tutkanpaljastin\/","title":{"rendered":"Uniden R4 EU Extreme Long Range -tutkanpaljastin"},"content":{"rendered":"<p><strong>Uusi Uniden R4 EU<\/strong> on t\u00e4ysin uusi 2022-alusta, jonka kantama on paljon suurempi. Siin\u00e4 on uusi Auto Mute Memory -ominaisuus, joka automaattisesti lukitsee v\u00e4\u00e4r\u00e4t h\u00e4lytyspaikat. R4:ss\u00e4 on my\u00f6s markkinoiden paras K-kaistasuodatin, joka tarjoaa v\u00e4hiten v\u00e4\u00e4ri\u00e4 h\u00e4lytyksi\u00e4 kuolleen kulman valvontalaitteista ja muiden ajoneuvojen K-kaista-antureista. Kun tarvitset parasta mahdollista tietoa ilman melua, Unidenin R4 Extreme vie sinut kilometrien p\u00e4\u00e4h\u00e4n.<\/p>\n<h3>Uniden R4 Tuotteen yleiskatsaus<\/h3>\n<ul>\n<li>\u00c4\u00e4rimm\u00e4isen kantaman lasertutkatunnistus<\/li>\n<li>Kahden LNA:n (Low Noise Amplifier) rakenne.<\/li>\n<li>Digitaalinen signaaliprosessori<\/li>\n<li>Sis\u00e4\u00e4nrakennettu GPS punaisia valoja ja nopeuskameroiden sijainteja varten (USA\/KANADA\/UUTUUS my\u00f6s Euroopassa!).<\/li>\n<li>Eritt\u00e4in kirkas, helppolukuinen, moniv\u00e4rinen OLED-n\u00e4ytt\u00f6.<\/li>\n<li>MRCD\/MRCT (h\u00e4lytysprioriteetti: Laser, MRCD, Ka, K, X) mukautettavilla \u00e4\u00e4nimerkkeill\u00e4.<\/li>\n<li>Punaisen valon kamerah\u00e4lytys<\/li>\n<li>Nopeuskamerah\u00e4lytys<\/li>\n<li>Automaattinen mykistysmuisti &#8211; Lukitsee automaattisesti v\u00e4\u00e4r\u00e4t h\u00e4lytyspaikat.<\/li>\n<li>Kehittyneet K\/KA-kaistan suodattimet<\/li>\n<li>\u00c4\u00e4ni-ilmoitukset<\/li>\n<li>GATSO-tunnistus<\/li>\n<li>Quiet Ride (nopeuteen perustuva automaattinen mykistys)<\/li>\n<li>Automaattinen himmennys<\/li>\n<li>M\u00f6rk\u00f6\u00e4\u00e4ni, muokattavissa, h\u00e4lytykset<\/li>\n<li>Tutka-alueen taajuusn\u00e4ytt\u00f6 (nykyinen nopeus, akun j\u00e4nnite, korkeus, kello).<\/li>\n<li>Laseraseen tunnistus<\/li>\n<li>Spectre Elite huomaamaton<\/li>\n<li>MAX-nopeusvaroitusj\u00e4rjestelm\u00e4<\/li>\n<li>Mukana imukiinnike (yksi ja kaksi)<\/li>\n<li>Kantolaukku mukana<\/li>\n<li>Savukesovitin, jossa on mykistysn\u00e4pp\u00e4in, USB-portti, datakaapeli ja kauko-ohjain (lis\u00e4varuste).<\/li>\n<li>P\u00e4ivitett\u00e4v\u00e4 laiteohjelma<\/li>\n<\/ul>\n<h3>Uniden R4 Box sis\u00e4lt\u00e4\u00e4<\/h3>\n<ul>\n<li>Uniden R4 -tutkanpaljastin<\/li>\n<li>12V DC-virtajohto RJ11-liittimell\u00e4 (mykistysn\u00e4pp\u00e4in, valinnainen et\u00e4n\u00e4pp\u00e4imist\u00f6, USB-portti).<\/li>\n<li>USB-Micro-USB-datakaapeli<\/li>\n<li>R4 Tuulilasin kiinnike (1 imukuppi).<\/li>\n<li>R4 Tuulilasin kiinnike (2 imukuppia)<\/li>\n<li>Koukku- ja silmukkakiinnitysteippi<\/li>\n<li>Uniden R4 -k\u00e4ytt\u00f6opas (englanti, espanja, ranska)<\/li>\n<li>Kova vetoketjullinen kantolaukku<\/li>\n<\/ul>\n<h3>Uniden R4 vs. Valentine One Gen2 &#8211; vertailuarvostelu vortexilta (ENGLISH)<\/h3>\n<p><iframe loading=\"lazy\" title=\"YouTube video player\" src=\"https:\/\/www.youtube.com\/embed\/TUfTzKGpDbE\" width=\"1266\" height=\"712\" frameborder=\"0\" allowfullscreen=\"allowfullscreen\"><\/iframe><\/p>\n","protected":false},"excerpt":{"rendered":"<p>4 in 1: 3D-tutka, tutka, tutka, laser, GPS POI -tutkanilmaisin<\/p>\n<p>Uniden R4 EURO &#8211; USA:n ja Kanadan ykk\u00f6nen<\/p>\n<ul>\n<li>\u00c4\u00e4rimm\u00e4isen kantaman lasertutkatunnistus<\/li>\n<li>Kahden LNA:n (Low Noise Amplifier) rakenne.<\/li>\n<li>360 asteen digitaalinen signaaliprosessori<\/li>\n<li>GPS ja punaisia valoja osoittava kamerah\u00e4lytys (EU)<\/li>\n<\/ul>\n","protected":false},"featured_media":10777,"comment_status":"open","ping_status":"closed","template":"","meta":[],"product_brand":[],"product_cat":[2100,2661],"product_tag":[2781],"class_list":{"0":"post-14933","1":"product","2":"type-product","3":"status-publish","4":"has-post-thumbnail","6":"product_cat-tutkanpaljastimet-mobil","7":"product_cat-uniden-fi","8":"product_tag-nopeus-tutka-kamera-ilmaisin","10":"first","11":"onbackorder","12":"sale","13":"taxable","14":"shipping-taxable","15":"purchasable","16":"product-type-simple"},"jetpack_sharing_enabled":true,"_links":{"self":[{"href":"https:\/\/www.radar-shop.eu\/fi\/wp-json\/wp\/v2\/product\/14933","targetHints":{"allow":["GET"]}}],"collection":[{"href":"https:\/\/www.radar-shop.eu\/fi\/wp-json\/wp\/v2\/product"}],"about":[{"href":"https:\/\/www.radar-shop.eu\/fi\/wp-json\/wp\/v2\/types\/product"}],"replies":[{"embeddable":true,"href":"https:\/\/www.radar-shop.eu\/fi\/wp-json\/wp\/v2\/comments?post=14933"}],"wp:featuredmedia":[{"embeddable":true,"href":"https:\/\/www.radar-shop.eu\/fi\/wp-json\/wp\/v2\/media\/10777"}],"wp:attachment":[{"href":"https:\/\/www.radar-shop.eu\/fi\/wp-json\/wp\/v2\/media?parent=14933"}],"wp:term":[{"taxonomy":"product_brand","embeddable":true,"href":"https:\/\/www.radar-shop.eu\/fi\/wp-json\/wp\/v2\/product_brand?post=14933"},{"taxonomy":"product_cat","embeddable":true,"href":"https:\/\/www.radar-shop.eu\/fi\/wp-json\/wp\/v2\/product_cat?post=14933"},{"taxonomy":"product_tag","embeddable":true,"href":"https:\/\/www.radar-shop.eu\/fi\/wp-json\/wp\/v2\/product_tag?post=14933"}],"curies":[{"name":"wp","href":"https:\/\/api.w.org\/{rel}","templated":true}]}}