{"id":11902,"date":"2022-07-26T10:58:21","date_gmt":"2022-07-26T08:58:21","guid":{"rendered":"https:\/\/www.radar-shop.eu\/product\/blu-eye-2-track-technologies\/"},"modified":"2025-09-20T22:00:37","modified_gmt":"2025-09-20T20:00:37","slug":"blu-eye-2-track-technologies","status":"publish","type":"product","link":"https:\/\/www.radar-shop.eu\/fi\/tuote\/blu-eye-2-track-technologies\/","title":{"rendered":"Blu eye\u00a02 (Track Technologies)"},"content":{"rendered":"<h2>EI OLE EN\u00c4\u00c4 YLL\u00c4TYS:<br \/>\nH\u00c4T\u00c4AJONEUVOJEN L\u00c4HESTYMISEST\u00c4 VAROITETAAN REAALIAIKAISESTI!<\/h2>\n<p style=\"font-weight: 400;\">Tavoitteena on, ett\u00e4 Blu Eye 2 on viel\u00e4 suurempi menestys kuin edelt\u00e4j\u00e4ns\u00e4 ja ett\u00e4 asiakkaasi ovat entist\u00e4kin turvallisempia liikenteess\u00e4.<\/p>\n<p><strong>Target Blu Eye 2:<\/strong> n tulevan k\u00e4ytt\u00f6\u00f6noton kunniaksi olemme tuottaneet erityisen esittelyvideon.<\/p>\n<p>Blu Eye 2:ssa on vakiona seuraavat komponentit:<\/p>\n<ul>\n<li style=\"font-weight: 400;\">Vastaanotin<\/li>\n<li style=\"font-weight: 400;\">Kaikki tarvittavat kaapelit<\/li>\n<li style=\"font-weight: 400;\">VCD-dipoliantenni<\/li>\n<li style=\"font-weight: 400;\">N\u00e4ytt\u00f6: valittavissa on joko LED-peilin\u00e4ytt\u00f6 tai LCD-n\u00e4ytt\u00f6.<\/li>\n<\/ul>\n<p>&nbsp;<\/p>\n<p><iframe loading=\"lazy\" title=\"Target Blu Eye 2 | Know what&#039;s out there!\" width=\"980\" height=\"551\" src=\"https:\/\/www.youtube.com\/embed\/wL_51qcCAXE?feature=oembed\" frameborder=\"0\" allow=\"accelerometer; autoplay; clipboard-write; encrypted-media; gyroscope; picture-in-picture\" allowfullscreen><\/iframe><\/p>\n<p><strong>Blu Eye 2<\/strong> on ainutlaatuinen ja maailmanlaajuisesti patentoitu liikenneturvallisuusj\u00e4rjestelm\u00e4, joka varoittaa sinua etuk\u00e4teen, kun l\u00e4hestyt h\u00e4t\u00e4ajoneuvoa, vaikka kyseisess\u00e4 ajoneuvossa ei olisi sireeni\u00e4 ja sinist\u00e4 valoa. Blu Eye varoittaa sinua akustisella ja visuaalisella h\u00e4lytyksell\u00e4. Signaalin voimakkuus ohjausn\u00e4yt\u00f6ss\u00e4 n\u00e4ytt\u00e4\u00e4 ensi silm\u00e4yksell\u00e4, onko h\u00e4t\u00e4ajoneuvo l\u00e4hestym\u00e4ss\u00e4 vai et\u00e4\u00e4ntym\u00e4ss\u00e4.<\/p>\n<p><strong>Blu Eye perustuu TETRA-tekniikkaan<\/strong>, joka tunnetaan Yhdistyneess\u00e4 kuningaskunnassa Airwave-verkkona ja jota k\u00e4ytet\u00e4\u00e4n usein eri pelastuspalvelujen v\u00e4liseen viestint\u00e4\u00e4n. T\u00e4m\u00e4n edistyksellisen tekniikan ansiosta Blu Eye antaa ennakkovaroituksen l\u00e4hestyvist\u00e4 pelastuspalveluista, kuten poliisiajoneuvoista (merkityt ja merkitsem\u00e4tt\u00f6m\u00e4t), poliisimoottoripy\u00f6rist\u00e4, ambulansseista ja paloautoista. Monissa maissa j\u00e4rjestelm\u00e4 toimii l\u00e4hes kaikkialla, my\u00f6s monissa Saksan osavaltioissa.<\/p>\n<h2>Target Blu Eye 2:n edut<\/h2>\n<p><img loading=\"lazy\" decoding=\"async\" class=\"aligncenter size-full wp-image-11510\" src=\"https:\/\/www.radar-shop.eu\/wp-content\/uploads\/blu-eye-2-specs.png\" alt=\"\" width=\"564\" height=\"422\" srcset=\"https:\/\/www.radar-shop.eu\/wp-content\/uploads\/blu-eye-2-specs.png 564w, https:\/\/www.radar-shop.eu\/wp-content\/uploads\/blu-eye-2-specs-300x224.png 300w, https:\/\/www.radar-shop.eu\/wp-content\/uploads\/blu-eye-2-specs-555x415.png 555w\" sizes=\"auto, (max-width: 564px) 100vw, 564px\" \/><\/p>\n<ul>\n<li>Varoittaa sinua etuk\u00e4teen l\u00e4hestyvist\u00e4 pelastuspalveluista, kuten merkityist\u00e4 ja merkitsem\u00e4tt\u00f6mist\u00e4 poliisiautoista, ambulansseista ja paloautoista.<\/li>\n<li>Est\u00e4\u00e4 arvaamattomat ja vaaralliset man\u00f6\u00f6verit.<\/li>\n<li>Lis\u00e4\u00e4 omaa ja muiden tienk\u00e4ytt\u00e4jien turvallisuutta.<\/li>\n<li>Ehk\u00e4isee aineellisia ja henkil\u00f6vahinkoja.<\/li>\n<li>Mahdollistaa nopeamman kaistan h\u00e4t\u00e4ajoneuvoille.<\/li>\n<li>Ilmaisee, onko h\u00e4t\u00e4ajoneuvo l\u00e4hestym\u00e4ss\u00e4 vai et\u00e4\u00e4ntym\u00e4ss\u00e4.<\/li>\n<li>Lis\u00e4\u00e4 rentoa ja mukavaa ajotapaa.<\/li>\n<li>Eritt\u00e4in k\u00e4ytt\u00e4j\u00e4yst\u00e4v\u00e4llinen.<\/li>\n<li>Kompakti koko ja helppo asentaa.<\/li>\n<\/ul>\n<h3>Target Blu Eye 2: Perustuu Tetra-teknologiaan.<\/h3>\n<p>Innovatiivinen ja uusi liikenneturvallisuusj\u00e4rjestelm\u00e4. Blu Eye koostuu keskusyksik\u00f6st\u00e4, ohjausn\u00e4yt\u00f6st\u00e4 ja ulkoisesta antennista. J\u00e4rjestelm\u00e4 perustuu paineaaltoverkkoon (TETRA). Kun h\u00e4t\u00e4palvelu, esim. poliisiauto, on l\u00e4hell\u00e4, sinua varoitetaan etuk\u00e4teen akustisella ja visuaalisella h\u00e4lytyksell\u00e4.<\/p>\n<p>Akustiset varoitukset Maasi h\u00e4t\u00e4palveluiden viestint\u00e4j\u00e4rjestelm\u00e4 tuottaa nelj\u00e4nlaisia viestint\u00e4kuvioita . Blu Eye tunnistaa kaikki nelj\u00e4 mallia ja tuottaa nelj\u00e4 erilaista \u00e4\u00e4nimerkki\u00e4. Kaikki signaalit ilmoittavat h\u00e4t\u00e4palvelun l\u00e4sn\u00e4olosta alueellasi. Lis\u00e4tietoja on k\u00e4ytt\u00f6oppaassa .<\/p>\n<p>Visuaaliset varoitukset \u00c4\u00e4nimerkkien lis\u00e4ksi laite tuottaa my\u00f6s visuaalisia varoituksia k\u00e4ytt\u00e4en signaalin voimakkuutta ohjausn\u00e4yt\u00f6ss\u00e4. Kun h\u00e4t\u00e4ajoneuvo l\u00e4hestyy mist\u00e4 tahansa suunnasta, signaalin voimakkuus antaa sinulle arvion et\u00e4isyydest\u00e4 sinun ja h\u00e4t\u00e4ajoneuvon v\u00e4lill\u00e4. Lis\u00e4tietoja on k\u00e4ytt\u00f6oppaassa.<\/p>\n<p><strong>Herkkyystilat:<\/strong> Blueye Control Display -ohjausn\u00e4yt\u00f6st\u00e4 voidaan valita kaksi herkkyystasoa:<\/p>\n<p>1. Highway-tila : T\u00e4ss\u00e4 tilassa Blu Eye tarjoaa korkeimman herkkyyden, jonka j\u00e4rjestelm\u00e4 voi havaita h\u00e4t\u00e4palveluille pitk\u00e4ll\u00e4 et\u00e4isyydell\u00e4.<\/p>\n<p>2. Kaupunkitila : T\u00e4ss\u00e4 tilassa Blu Eye tarjoaa alhaisemman herkkyyden. T\u00e4t\u00e4 tilaa suositellaan k\u00e4ytett\u00e4v\u00e4ksi kaupunkialueilla.<\/p>\n<p>Blu Eyen tunnistusalue vaihtelee muutamasta sadasta metrist\u00e4 noin kilometriin. Kantama riippuu valitusta herkkyystilasta ja ymp\u00e4rist\u00f6olosuhteista.<\/p>\n","protected":false},"excerpt":{"rendered":"<ul>\n<li>Varoittaa sinua etuk\u00e4teen l\u00e4hestyvist\u00e4 pelastuspalveluista, kuten merkityist\u00e4 ja merkitsem\u00e4tt\u00f6mist\u00e4 poliisiautoista, ambulansseista ja paloautoista.<\/li>\n<li>Est\u00e4\u00e4 arvaamattomat ja vaaralliset man\u00f6\u00f6verit.<\/li>\n<li>Lis\u00e4\u00e4 omaa ja muiden tienk\u00e4ytt\u00e4jien turvallisuutta.<\/li>\n<li>Ehk\u00e4isee aineellisia ja henkil\u00f6vahinkoja.<\/li>\n<li>Mahdollistaa nopeamman kaistan h\u00e4t\u00e4ajoneuvoille.<\/li>\n<li>Ilmaisee, onko h\u00e4t\u00e4ajoneuvo l\u00e4hestym\u00e4ss\u00e4 vai et\u00e4\u00e4ntym\u00e4ss\u00e4.<\/li>\n<li>Lis\u00e4\u00e4 rentoa ja mukavaa ajotapaa.<\/li>\n<li>Eritt\u00e4in k\u00e4ytt\u00e4j\u00e4yst\u00e4v\u00e4llinen.<\/li>\n<li>Kompakti koko ja helppo asentaa.<\/li>\n<\/ul>\n","protected":false},"featured_media":11531,"comment_status":"open","ping_status":"closed","template":"","meta":[],"product_brand":[],"product_cat":[2287,2157,2225,2307],"product_tag":[],"class_list":{"0":"post-11902","1":"product","2":"type-product","3":"status-publish","4":"has-post-thumbnail","6":"product_cat-custom-asennus-ilmaisimet","7":"product_cat-suositellut-ilmaisimet","8":"product_cat-track-technologies-target-en-fi","9":"product_cat-tutkatarvikkeet","11":"first","12":"instock","13":"taxable","14":"shipping-taxable","15":"purchasable","16":"product-type-variable","17":"has-default-attributes"},"jetpack_sharing_enabled":true,"_links":{"self":[{"href":"https:\/\/www.radar-shop.eu\/fi\/wp-json\/wp\/v2\/product\/11902","targetHints":{"allow":["GET"]}}],"collection":[{"href":"https:\/\/www.radar-shop.eu\/fi\/wp-json\/wp\/v2\/product"}],"about":[{"href":"https:\/\/www.radar-shop.eu\/fi\/wp-json\/wp\/v2\/types\/product"}],"replies":[{"embeddable":true,"href":"https:\/\/www.radar-shop.eu\/fi\/wp-json\/wp\/v2\/comments?post=11902"}],"wp:featuredmedia":[{"embeddable":true,"href":"https:\/\/www.radar-shop.eu\/fi\/wp-json\/wp\/v2\/media\/11531"}],"wp:attachment":[{"href":"https:\/\/www.radar-shop.eu\/fi\/wp-json\/wp\/v2\/media?parent=11902"}],"wp:term":[{"taxonomy":"product_brand","embeddable":true,"href":"https:\/\/www.radar-shop.eu\/fi\/wp-json\/wp\/v2\/product_brand?post=11902"},{"taxonomy":"product_cat","embeddable":true,"href":"https:\/\/www.radar-shop.eu\/fi\/wp-json\/wp\/v2\/product_cat?post=11902"},{"taxonomy":"product_tag","embeddable":true,"href":"https:\/\/www.radar-shop.eu\/fi\/wp-json\/wp\/v2\/product_tag?post=11902"}],"curies":[{"name":"wp","href":"https:\/\/api.w.org\/{rel}","templated":true}]}}