{"id":11567,"date":"2023-06-12T12:06:21","date_gmt":"2023-06-12T10:06:21","guid":{"rendered":"https:\/\/www.radar-shop.eu\/?post_type=product&#038;p=11567"},"modified":"2024-11-27T04:05:11","modified_gmt":"2024-11-27T02:05:11","slug":"uniden-r8","status":"publish","type":"product","link":"https:\/\/www.radar-shop.eu\/fi\/tuote\/uniden-r8\/","title":{"rendered":"Uniden R8"},"content":{"rendered":"<div class=\"list-row\">\n<p class=\"product-description\"><strong>Uniden R8<\/strong> on uusin lis\u00e4ys alan puhutuimpaan tutkanpaljastinperheeseen. Sen kaksoisantennin ansiosta R8 havaitsee uhat kaikista nelj\u00e4st\u00e4 suunnasta ja antaa \u00e4\u00e4nih\u00e4lytyksi\u00e4 uhan suunnasta. Se jopa n\u00e4ytt\u00e4\u00e4 kunkin suunnan, taajuusalueen ja signaalin voimakkuuden. T\u00e4ydellisyys on juuri parantunut.<\/p>\n<\/div>\n<h3 class=\"list-row\">Uniden R8-sarjan \u00e4\u00e4rimm\u00e4isen pitk\u00e4n kantaman tutka- ja laserilmaisimen ominaisuudet<br \/>\n<img loading=\"lazy\" decoding=\"async\" class=\" wp-image-11596 alignright\" src=\"https:\/\/www.radar-shop.eu\/wp-content\/uploads\/Uniden-R8-whatsinside.webp\" alt=\"\" width=\"591\" height=\"455\" srcset=\"https:\/\/www.radar-shop.eu\/wp-content\/uploads\/Uniden-R8-whatsinside.webp 3400w, https:\/\/www.radar-shop.eu\/wp-content\/uploads\/Uniden-R8-whatsinside-300x231.webp 300w, https:\/\/www.radar-shop.eu\/wp-content\/uploads\/Uniden-R8-whatsinside-1024x788.webp 1024w, https:\/\/www.radar-shop.eu\/wp-content\/uploads\/Uniden-R8-whatsinside-768x591.webp 768w, https:\/\/www.radar-shop.eu\/wp-content\/uploads\/Uniden-R8-whatsinside-1536x1183.webp 1536w, https:\/\/www.radar-shop.eu\/wp-content\/uploads\/Uniden-R8-whatsinside-2048x1577.webp 2048w, https:\/\/www.radar-shop.eu\/wp-content\/uploads\/Uniden-R8-whatsinside-555x427.webp 555w\" sizes=\"auto, (max-width: 591px) 100vw, 591px\" \/><\/h3>\n<div class=\"list-row\">\n<ul>\n<li>360\u00b0-tunnistus<br \/>\nR8:n kaksoisantennin ansiosta R8 havaitsee uhat kaikista nelj\u00e4st\u00e4 suunnasta.<br \/>\nMRCD\/MRCT (h\u00e4lytysprioriteetti: Laser, MRCD, Ka, K, X) muokattavilla \u00e4\u00e4nimerkkeill\u00e4<br \/>\nKaksi antennia n\u00e4ytt\u00e4\u00e4 laserin suunnan<br \/>\n\u00c4\u00e4ni-ilmoitukset<br \/>\nTutka-alueen taajuusn\u00e4yt\u00f6t<br \/>\nGPS punaisia valoja ja nopeuskameroiden sijainteja varten (EUROOPPA sis. elinik\u00e4iset p\u00e4ivitykset).<br \/>\nJopa 2 000 GPS-lukitusta<br \/>\nHelppolukuinen OLED-n\u00e4ytt\u00f6<br \/>\nK\u00e4ytt\u00e4j\u00e4n merkkiasetus ja \u00e4\u00e4ni-ilmoitus<br \/>\nKehittyneet K- ja Ka-kaistan suodattimet<br \/>\nSpectre I ja IV havaitsematta<br \/>\nN\u00e4ytt\u00e4\u00e4 signaalin voimakkuuden ja ajoneuvon akun j\u00e4nnitteen<br \/>\nMax. Nopeusvaroitusj\u00e4rjestelm\u00e4<br \/>\nPunaisen valon kamerapisteen poisto<br \/>\nX-, K-, MRCD-, Ka- ja Laser-kaistan valittavissa olevat h\u00e4lytys\u00e4\u00e4net.<br \/>\nM\u00f6rk\u00f6\u00e4\u00e4ni (h\u00e4lytys\u00e4\u00e4net 1-5)<br \/>\nX-, K- ja Ka-kaistan k\u00e4ytt\u00e4j\u00e4n m\u00e4\u00e4rittelem\u00e4t herkkyystasot<br \/>\nAutomaattisen mykistyksen \u00e4\u00e4nenvoimakkuuden tasot (Pois p\u00e4\u00e4lt\u00e4, K\u00e4yt\u00f6ss\u00e4: 0 &#8211; 5)<br \/>\nKa-taajuuden \u00e4\u00e4nih\u00e4lytys<br \/>\nAutomaattinen himmennys<br \/>\nYlinopeush\u00e4lytys Mykistys<br \/>\nTutkan nuolet kertovat, mist\u00e4 suunnasta uhka on tulossa<br \/>\n360\u00b0 lasertunnistus<br \/>\nSuuri ultrakirkas OLED-n\u00e4ytt\u00f6 p\u00e4iv\u00e4ll\u00e4 ja y\u00f6ll\u00e4<br \/>\nGPS-punavalokameratunnistus<br \/>\n\u00c4\u00e4nih\u00e4lytykset<br \/>\n50 % nopeampi prosessori<\/li>\n<\/ul>\n<\/div>\n<h3>Mit\u00e4 laatikossa on<\/h3>\n<div class=\"list-row\">\n<ul>\n<li>R8-tutkanpaljastin<\/li>\n<li>12V DC virtajohto RJ11-liittimell\u00e4<\/li>\n<li>Tuulilasin kiinnitysteline (1 kuppi)<\/li>\n<li>Tuulilasin kiinnitysteline (2 kuppia)<\/li>\n<li>Neopreeniholkki<\/li>\n<li>Kantolaukku<\/li>\n<\/ul>\n<h3>Unidenin k\u00e4ytt\u00f6opas<\/h3>\n<p><a href=\"https:\/\/www.radar-shop.eu\/wp-content\/uploads\/Uniden-R8-User-Manual.pdf\">Uniden R8 User Manual PDF<\/a><\/p>\n<h3>Uniden R8\u00a0 -esittely Vortexilt\u00e4<\/h3>\n<\/div>\n<p><iframe loading=\"lazy\" title=\"Uniden R8 Introduction\" width=\"980\" height=\"551\" src=\"https:\/\/www.youtube.com\/embed\/jp8X6YrKgPc?start=1&#038;feature=oembed\" frameborder=\"0\" allow=\"accelerometer; autoplay; clipboard-write; encrypted-media; gyroscope; picture-in-picture\" allowfullscreen><\/iframe><\/p>\n<h3><\/h3>\n<h3 class=\"list-row\">Uniden R8 &#8211; Parhaat huippuluokan tutkanpaljastimet 2022<\/h3>\n<div class=\"list-row\">\n<p><iframe loading=\"lazy\" title=\"Best High End Radar Detectors of 2022\" width=\"980\" height=\"551\" src=\"https:\/\/www.youtube.com\/embed\/vqh09dqQ2mM?start=238&#038;feature=oembed\" frameborder=\"0\" allow=\"accelerometer; autoplay; clipboard-write; encrypted-media; gyroscope; picture-in-picture\" allowfullscreen><\/iframe><\/p>\n<h3>Uniden R7 vs. Valentine One Gen2 arvostelu<\/h3>\n<p>Vortex (www.vortexradar.com), joka on yksi parhaista tutka- ja ilmaisinjuttujen youtube-bloggaajista, testasi ja arvioi Uniden R7:\u00e4\u00e4 verrattuna upouuteen Valentine One Gen2:een.<\/p>\n<\/div>\n<div class=\"list-row\">\n<p><iframe loading=\"lazy\" src=\"https:\/\/www.youtube.com\/embed\/tHRxgc1Btfc?list=RDQM1ovYpyYs3f8\" width=\"964\" height=\"542\" frameborder=\"0\" allowfullscreen=\"allowfullscreen\"><\/iframe><\/p>\n<blockquote class=\"wp-embedded-content\" data-secret=\"9pIV7xSva6\"><p><a href=\"https:\/\/www.radar-shop.eu\/fi\/radar-detector-setup-tutorial\/\">Radar Detector Setup Tutorial<\/a><\/p><\/blockquote>\n<p><iframe loading=\"lazy\" class=\"wp-embedded-content\" sandbox=\"allow-scripts\" security=\"restricted\" style=\"position: absolute; clip: rect(1px, 1px, 1px, 1px);\" title=\"&#8221;Radar Detector Setup Tutorial&#8221; &#8212; RADAR SHOP\" src=\"https:\/\/www.radar-shop.eu\/fi\/radar-detector-setup-tutorial\/embed\/#?secret=9pIV7xSva6\" data-secret=\"9pIV7xSva6\" width=\"600\" height=\"338\" frameborder=\"0\" marginwidth=\"0\" marginheight=\"0\" scrolling=\"no\"><\/iframe><\/p>\n<p>https:\/\/www.radar-shop.eu\/best-speed-camera-detector\/<\/p>\n<p>&nbsp;<\/p>\n<\/div>\n<h3>UNIDEN &#8211; usein kysytyt kysymykset tutkanpaljastimesta<\/h3>\n<p>\u00c4\u00e4ni- ja visuaaliset varoitukset &#8211; Yleisin \u00e4\u00e4nivaroitus on sarja &#8221;piippauksia&#8221; tai &#8221;braps&#8221;, jotka nopeutuvat tutkal\u00e4hdett\u00e4 l\u00e4hestytt\u00e4ess\u00e4. N\u00e4kyv\u00e4t h\u00e4lytykset voivat olla joko signaalin voimakkuuden digitaalinen n\u00e4ytt\u00f6 tai sarja LED-valoja. Monissa ilmaisimissa on nyky\u00e4\u00e4n aakkosnumeerisia LED-valoja, jotka voivat n\u00e4ytt\u00e4\u00e4 havaitun kaistan tyypin ja sen voimakkuuden.<\/p>\n<p>Automaattinen mykistys &#8211; Korvaa jatkuvan \u00e4\u00e4nih\u00e4lytyksen yhdell\u00e4 h\u00e4lytyksell\u00e4, jota seuraa napsautus. T\u00e4m\u00e4 voi s\u00e4ilytt\u00e4\u00e4 mielenterveytesi pidempien tutkakohtaamisten aikana ja ilmoittaa samalla tutkan l\u00e4sn\u00e4olosta.<\/p>\n<p>City\/Highway-kytkin (City\/Highway Modes) &#8211; Auttaa eliminoimaan v\u00e4\u00e4ri\u00e4 h\u00e4lytyksi\u00e4, jotka johtuvat kaupunkialueilla esiintyvist\u00e4 muista kuin poliisin X-taajuusalueiden p\u00e4\u00e4st\u00f6ist\u00e4, joita tyypillisesti aiheuttavat tien l\u00e4hell\u00e4 sijaitsevien kauppojen automaattiset ovenavaajat. T\u00e4m\u00e4 onnistuu yleens\u00e4 v\u00e4hent\u00e4m\u00e4ll\u00e4 ilmaisimen herkkyytt\u00e4, koska kyky &#8221;n\u00e4hd\u00e4&#8221; pitki\u00e4 matkoja ei ole kriittinen kaupunkikaduilla. Joissakin ilmaisimissa on useita herkkyysasetuksia kaupunkiajoa varten.<\/p>\n<p>Himmennetty\/pime\u00e4 tila &#8211; T\u00e4m\u00e4 toiminto himment\u00e4\u00e4 tai poistaa h\u00e4lytysten ja hallintalaitteiden valaistuksen, jotta ilmaisin pysyy huomaamattomana y\u00f6ll\u00e4 ajettaessa.<\/p>\n<p>GPS &#8211; GPS-tekniikalla varustetut tutkailmaisimet eiv\u00e4t tarjoa k\u00e4\u00e4nn\u00f6s kerrallaan -navigointia. Sen sijaan ne k\u00e4ytt\u00e4v\u00e4t GPS-satelliitteja ajoneuvon nopeuden seurantaan ja antavat varoituksia, kun nopeus ylitt\u00e4\u00e4 k\u00e4ytt\u00e4j\u00e4n m\u00e4\u00e4rittelem\u00e4n rajan. Niiden avulla k\u00e4ytt\u00e4j\u00e4 voi my\u00f6s merkit\u00e4 paikat, joissa on tunnettuja tutkanvalvonta-alueita (&#8221;nopeusloukkuja&#8221;) tai joissa on usein v\u00e4\u00e4ri\u00e4 h\u00e4lytyksi\u00e4, jolloin ilmaisin voi joko l\u00e4hett\u00e4\u00e4 varoituksen ennen kyseisten alueiden l\u00e4hestymist\u00e4 tai j\u00e4tt\u00e4\u00e4 v\u00e4\u00e4r\u00e4t h\u00e4lytykset huomiotta paluuk\u00e4ynneill\u00e4.<\/p>\n<p>Jotkin GPS:ll\u00e4 varustetut ilmaisimet voivat my\u00f6s k\u00e4ytt\u00e4\u00e4 liikenne- ja punaisia valoja valvovien kameroiden tietokantaa, jolloin ilmaisin voi antaa varoituksen, kun kameroita on l\u00e4hell\u00e4.<\/p>\n<p>K-kaista &#8211; Yleisimmin k\u00e4ytetty tutkataajuusalue: 24,05-24,25 GHz. K-kaista tuli markkinoille vuonna 1978. Ensimm\u00e4isi\u00e4 K-kaistan k\u00e4sik\u00e4ytt\u00f6isi\u00e4 tutkalaitteita voitiin k\u00e4ytt\u00e4\u00e4 vain paikallaan. My\u00f6hemmin otettiin k\u00e4ytt\u00f6\u00f6n &#8221;pulssimuotoinen&#8221; versio, jota voitiin k\u00e4ytt\u00e4\u00e4 paikallaan olevasta tai liikkuvasta ajoneuvosta k\u00e4sin.<\/p>\n<p>K-kaistan tutka-aaltojen aallonpituus on suhteellisen pieni. Poliisin tutkalaitteissa k\u00e4ytetyll\u00e4 tehotasolla K-kaistalla on noin 1,5 kilometrin tehoalue. Maastosta riippuen (kulman takana, kukkulan takana jne.) K-kaistan aallot voidaan havaita 1\/4 mailin ja 2 mailin v\u00e4liselt\u00e4 et\u00e4isyydelt\u00e4.<\/p>\n<p>Ka-kaista &#8211; Vuonna 987 FCC osoitti poliisitutkak\u00e4ytt\u00f6\u00f6n taajuuden viel\u00e4 toisella kaistalla, Ka-kaistalla. Ka-kaista sis\u00e4lt\u00e4\u00e4 Ka-kaistan, Ka-laajakaistan ja Ka-superlaajakaistan. Ka:n my\u00f6t\u00e4 otettiin k\u00e4ytt\u00f6\u00f6n valokuvaustutkat (tunnetaan my\u00f6s nimell\u00e4 &#8221;photo-cop&#8221;). Photo-cop-j\u00e4rjestelm\u00e4 toimii 34,3 GHz:n taajuudella, ja siin\u00e4 yhdistyv\u00e4t Ka-kaistan tutka ja automaattinen kamera (ks. j\u00e4ljemp\u00e4n\u00e4 kuvatutka).<\/p>\n<p>FCC laajensi my\u00f6hemmin Ka-kaistan tutkan k\u00e4ytt\u00f6\u00e4 34,2-35,2 GHz:n taajuusalueelle. T\u00e4m\u00e4 tunnettiin nimell\u00e4 Ka Wide-Band.<\/p>\n<p>&#8221;Kytt\u00e4\u00e4j\u00e4n&#8221; tutka-aseiden k\u00e4ytt\u00f6\u00f6notto nosti havaitsemispelin panoksia. Kaikista aiemmista aseista poiketen Stalker-tutka voidaan lisensoida FCC:n mukaan mille tahansa taajuudelle Ka-kaistalla 33,4-36,0 GHz:n v\u00e4lill\u00e4, joten vain X-, K- ja valokuvatutkalle suunnitellut ilmaisimet eiv\u00e4t voi havaita sit\u00e4. Stalker-aseita k\u00e4ytet\u00e4\u00e4n yli puolessa maata.<\/p>\n<p>Laser &#8211; Poliisilaser k\u00e4ytt\u00e4\u00e4 nopeuden havaitsemiseen tutkan radioaaltojen sijasta laservalopulsseja. Laser-nopeusase on p\u00e4\u00e4tynyt osavaltioiden ja paikallispoliisien k\u00e4siin ainakin puolessa maata.<\/p>\n<p>Laserpistoolin edut ovat vakuuttavat: laservalons\u00e4de on paljon kapeampi kuin tutkas\u00e4de, mik\u00e4 mahdollistaa tietyn ajoneuvon tarkemman paikantamisen, ja nopeuslukeman saamiseen kuluva aika on alle puoli sekuntia, kun se tutkalla on 2-3 sekuntia.<\/p>\n<p>My\u00f6s haittapuolet on otettava huomioon: laseraseet ovat eritt\u00e4in kalliita, niit\u00e4 ei voi k\u00e4ytt\u00e4\u00e4 liikkuvasta ajoneuvosta tai lasin takaa, ja tarkka t\u00e4ht\u00e4\u00e4minen edellytt\u00e4\u00e4 jalustaa tai eritt\u00e4in vakaata k\u00e4tt\u00e4.<\/p>\n<p>Vaikka alun perin v\u00e4itettiinkin, ett\u00e4 laseraseiden energia ei ole havaittavissa, se on havaittavissa. Kun lasers\u00e4de et\u00e4\u00e4ntyy laserpistoolista, se laajenee ja on helpompi havaita. Ajoneuvojen nopeudet mitataan yleens\u00e4 noin 1 000 jalan (1\/5 mailin) et\u00e4isyydelt\u00e4; t\u00e4ll\u00e4 et\u00e4isyydell\u00e4 lasers\u00e4de on yli 3 jalan levyinen.<\/p>\n<p>Valokuvatutka (Photo Cop) &#8211; Valokuvatutkassa yhdistyv\u00e4t Ka-taajuustutka ja automaattinen kamera. Kamera k\u00e4ynnistyy, kun ajoneuvo l\u00e4hestyy ennalta m\u00e4\u00e4ritetyll\u00e4 nopeudella tai sit\u00e4 nopeammin. Valokuvassa n\u00e4kyv\u00e4t ajoneuvon etuosa, rekisterikilpi, kuljettajan kasvot sek\u00e4 p\u00e4iv\u00e4m\u00e4\u00e4r\u00e4, paikka ja kellonaika. Laite voi kellottaa ja kuvata jopa 200 ajoneuvoa tunnissa. V\u00e4itettyj\u00e4 ylinopeutta ajavia ei pys\u00e4ytet\u00e4. Filmi k\u00e4sitell\u00e4\u00e4n, ja ajoneuvon rekister\u00f6idylle omistajalle l\u00e4hetet\u00e4\u00e4n sakko, jossa h\u00e4nt\u00e4 kehotetaan maksamaan sakko tai saapumaan oikeuteen.<\/p>\n<p>Photo copin tehollinen kantama on 120-300 jalkaa, ja se l\u00e4hett\u00e4\u00e4 jatkuvaa signaalia, mik\u00e4 on plussaa tutkanpaljastimille. Et\u00e4isyys, jolla se voidaan havaita, vaihtelee ilmaisimen Ka-kaistan herkkyyden mukaan. Paremmat ilmaisimet pystyv\u00e4t yleens\u00e4 havaitsemaan photo-cop-j\u00e4rjestelm\u00e4n 1\/4-1\/2 mailin p\u00e4\u00e4st\u00e4.<\/p>\n<p>Vain kourallinen kaupunkeja k\u00e4ytt\u00e4\u00e4 valokuvatutkaa. Alan l\u00e4hteet ennustivat laajaa kiinnostusta ja k\u00e4yt\u00f6n laajentumista, mutta n\u00e4in ei ole k\u00e4ynyt. Oikeudelliset kiistat ja kalliit kustannukset ovat saaneet virkamiehet pit\u00e4m\u00e4\u00e4n kiinni perinteisemmist\u00e4 nopeudenvalvontamenetelmist\u00e4.<\/p>\n<p>POP-tila &#8211; POP-tilassa voidaan havaita tutkien lyhyit\u00e4 nopeuspurkauksia, jotka ovat liian nopeita monille muille ilmaisimille. Voit kytke\u00e4 POP-tilan p\u00e4\u00e4lle ja pois p\u00e4\u00e4lt\u00e4 valikkoj\u00e4rjestelm\u00e4ss\u00e4.<\/p>\n<p>Pulssitutka &#8211; Alkuper\u00e4isen K-kaistaisen tutka-aseen parannus. Pulssitutkaa voidaan k\u00e4ytt\u00e4\u00e4 sek\u00e4 liikkuvasta ajoneuvosta ett\u00e4 paikallaan olevasta paikasta k\u00e4sin. Pulssitutkatykit l\u00e4hett\u00e4v\u00e4t energiapurkauksen kahden sekunnin v\u00e4lein.<\/p>\n<p>Valikoivuus &#8211; Ilmaisimen kyky havaita poliisin tutka ja j\u00e4tt\u00e4\u00e4 huomiotta esimerkiksi automaattiset autotallin ovenavaajat ja mikroaallot, jotka voivat toimia l\u00e4heisill\u00e4 naapuritaajuuksilla. Hyv\u00e4ss\u00e4 tutkanilmaisimessa on korkea valikoivuus ja suuri herkkyys.<\/p>\n<p>Herkkyys &#8211; Ilmaisimen kyky havaita tutka. Useimmat tutkanpaljastinvalmistajat lis\u00e4\u00e4v\u00e4t herkkyytt\u00e4 lis\u00e4tess\u00e4\u00e4n ominaisuuksia ja noustessaan tuotesarjassa yl\u00f6sp\u00e4in.<\/p>\n<p>&#8221;Stalker&#8221;-tutka-ase &#8211; K\u00e4dess\u00e4 pidett\u00e4v\u00e4, kiinte\u00e4 tutka-ase, joka voidaan asettaa toimimaan miss\u00e4 tahansa Ka-kaistalla 33,4-36,0 GHz:n taajuusalueella. Tutkanilmaisimien on pystytt\u00e4v\u00e4 skannaamaan taajuusalue havaitakseen sen. N\u00e4it\u00e4 kutsutaan Super Wide-Band Detectors &#8211; viimeisimm\u00e4n sukupolven tutkanilmaisimiksi, jotka on erityisesti suunniteltu havaitsemaan X-, K- ja koko Ka-kaistan taajuudet.<\/p>\n<p>Superheterodyne &#8211; Termi superheterodyne viittaa langattomien viestint\u00e4- tai l\u00e4hetyslaitteiden, erityisesti radiovastaanottimien, suunnittelu- ja rakentamismenetelm\u00e4\u00e4n, jossa paikallisesti tuotettu taajuus yhdistet\u00e4\u00e4n kantoaaltotaajuuteen, jotta saadaan demoduloitua ja vahvistettua yli\u00e4\u00e4nisignaali. Joskus t\u00e4t\u00e4 tekniikkaa k\u00e4ytt\u00e4v\u00e4\u00e4 vastaanotinta kutsutaan nimell\u00e4 &#8221;superheterodyne&#8221; tai &#8221;superhet&#8221;.<\/p>\n<p>Tekstin\u00e4ytt\u00f6 &#8211; Tekstin\u00e4yt\u00f6ss\u00e4 kerrotaan, mink\u00e4lainen nopeudenhavaintomuoto on kyseess\u00e4.<\/p>\n<p>VG-2\/Spectre Radar Detector Detection (RDD) &#8211; Voit ajatella, ett\u00e4 VG-2 on lainvalvontaviranomaisten vastaisku tutkanilmaisimille. VG-2 tunnistaa ajoneuvot, joissa on k\u00e4yt\u00f6ss\u00e4 olevat tutkanilmaisimet, etsim\u00e4ll\u00e4 tutkanilmaisimien viritysoskillaattoreiden l\u00e4hett\u00e4mi\u00e4 taajuuksia. Onneksi useimmat ilmaisimet tarjoavat jonkinlaisen suojan t\u00e4t\u00e4 tekniikkaa vastaan. Ilmaisimet, joissa on VG-2-suojaus, ovat suojattuja VG-2:lta keskeytt\u00e4m\u00e4tt\u00e4 tutka- ja lasersuojausta. Toiset ilmaisimet vain antavat varoituksen ja sammuvat automaattisesti, kun ne havaitsevat VG-2-signaaleja.<\/p>\n<p>Spectre RDD pyyhk\u00e4isee laajemman spektrin kuin VG-2 ja kattaa my\u00f6s useita taajuusalueita, mik\u00e4 vaikeuttaa sen kiert\u00e4mist\u00e4. Sit\u00e4 k\u00e4ytet\u00e4\u00e4n p\u00e4\u00e4asiassa alueilla, joilla tutkanilmaisimet ovat laittomia, tai hy\u00f6tyajoneuvojen ilmaisimien j\u00e4ljitt\u00e4miseen. Vain kourallinen ilmaisimia v\u00e4itt\u00e4\u00e4 nyky\u00e4\u00e4n olevansa t\u00e4ysin n\u00e4kym\u00e4tt\u00f6mi\u00e4 sek\u00e4 Spectre- ett\u00e4 VG-2 RDD -tutkille.<\/p>\n<p>X-kaista &#8211; Ensimm\u00e4inen poliisin tutkalle varattu taajuuskaista: 10,5-10,55 GHz. X-taajuustutka on per\u00e4isin 1950-luvulta, ja se on helpoin havaita matalamman taajuutensa ja suuremman tehonsa vuoksi. Maastosta, l\u00e4mp\u00f6tilasta ja ilmankosteudesta riippuen X-kaistatutka voidaan havaita 2-4 mailin et\u00e4isyydelt\u00e4, mutta se voi kuitenkin mitata nopeuden tarkasti vain enint\u00e4\u00e4n 1\/2 mailin et\u00e4isyydelt\u00e4.<\/p>\n<p>Valitettavasti poliisin tutka ei ole ainoa X-kaistasignaalien l\u00e4hde. Autotallin ovenavaajat, mikroaaltoh\u00e4lyttimet, mikroaaltomastot ja muut korkean teknologian laitteet voivat huijata tutkanilmaisinta antamaan X-kaistah\u00e4lytyksen. T\u00e4t\u00e4 &#8221;v\u00e4\u00e4ristely\u00e4&#8221; vastaan k\u00e4ytet\u00e4\u00e4n suodattimia ja redundanttia n\u00e4ytteenottoa.<\/p>\n","protected":false},"excerpt":{"rendered":"<p>T\u00e4ysin uusi Uniden R8 on uusin lis\u00e4ys alan puhutuimpaan tutkanilmaisimien sarjaan. Sen kaksoisantennin ansiosta Uniden R8 havaitsee uhat kaikista nelj\u00e4st\u00e4 suunnasta ja antaa \u00e4\u00e4nih\u00e4lytyksen uhan suunnasta. Se jopa n\u00e4ytt\u00e4\u00e4 kunkin suunnan, taajuusalueen ja signaalin voimakkuuden. T\u00e4ydellisyys on juuri parantunut!<\/p>\n<p>GPS-TEKNOLOGIA &#8211; GPS:n avulla R8 voi muistaa ja mykist\u00e4\u00e4 tavalliset v\u00e4\u00e4r\u00e4t h\u00e4lytykset (kuten v\u00e4hitt\u00e4iskauppojen automaattiovet) s\u00e4\u00e4nn\u00f6llisesti ajamillasi reiteill\u00e4, joten sinun ei koskaan tarvitse kuunnella samaa v\u00e4\u00e4r\u00e4\u00e4 h\u00e4lytyst\u00e4 kahta kertaa.<br \/>\nSUURI MONIV\u00c4RINEN OLED-N\u00c4YTT\u00d6 &#8211; on helppolukuinen ja mahdollistaa useamman hy\u00f6dyllisen tiedon n\u00e4ytt\u00e4misen kerralla, mukaan lukien jopa 4 signaalia samanaikaisesti. T\u00e4m\u00e4 parantaa yleist\u00e4 tilannetietoisuuttasi.<br \/>\n\u00c4\u00c4NIVAROITUKSET &#8211; \u00c4\u00e4nivaroitukset mahdollistavat handsfree-k\u00e4yt\u00f6n ja tarjoavat selke\u00e4n viestinn\u00e4n. \u00c4\u00e4nivaroitukset ovat ohjelmoitavissa ajotyylillesi sopiviksi, joten voit pit\u00e4\u00e4 katseesi tiess\u00e4 ilman h\u00e4iri\u00f6tekij\u00f6it\u00e4.<\/p>\n","protected":false},"featured_media":11634,"comment_status":"open","ping_status":"closed","template":"","meta":[],"product_brand":[],"product_cat":[2100,2661],"product_tag":[],"class_list":{"0":"post-11567","1":"product","2":"type-product","3":"status-publish","4":"has-post-thumbnail","6":"product_cat-tutkanpaljastimet-mobil","7":"product_cat-uniden-fi","9":"first","10":"onbackorder","11":"sale","12":"taxable","13":"shipping-taxable","14":"purchasable","15":"product-type-simple"},"jetpack_sharing_enabled":true,"_links":{"self":[{"href":"https:\/\/www.radar-shop.eu\/fi\/wp-json\/wp\/v2\/product\/11567","targetHints":{"allow":["GET"]}}],"collection":[{"href":"https:\/\/www.radar-shop.eu\/fi\/wp-json\/wp\/v2\/product"}],"about":[{"href":"https:\/\/www.radar-shop.eu\/fi\/wp-json\/wp\/v2\/types\/product"}],"replies":[{"embeddable":true,"href":"https:\/\/www.radar-shop.eu\/fi\/wp-json\/wp\/v2\/comments?post=11567"}],"wp:featuredmedia":[{"embeddable":true,"href":"https:\/\/www.radar-shop.eu\/fi\/wp-json\/wp\/v2\/media\/11634"}],"wp:attachment":[{"href":"https:\/\/www.radar-shop.eu\/fi\/wp-json\/wp\/v2\/media?parent=11567"}],"wp:term":[{"taxonomy":"product_brand","embeddable":true,"href":"https:\/\/www.radar-shop.eu\/fi\/wp-json\/wp\/v2\/product_brand?post=11567"},{"taxonomy":"product_cat","embeddable":true,"href":"https:\/\/www.radar-shop.eu\/fi\/wp-json\/wp\/v2\/product_cat?post=11567"},{"taxonomy":"product_tag","embeddable":true,"href":"https:\/\/www.radar-shop.eu\/fi\/wp-json\/wp\/v2\/product_tag?post=11567"}],"curies":[{"name":"wp","href":"https:\/\/api.w.org\/{rel}","templated":true}]}}