{"id":4623,"date":"2019-10-01T12:41:34","date_gmt":"2019-10-01T10:41:34","guid":{"rendered":"https:\/\/www.radar-shop.eu\/imprint\/"},"modified":"2020-09-07T14:25:03","modified_gmt":"2020-09-07T12:25:03","slug":"imprint","status":"publish","type":"page","link":"https:\/\/www.radar-shop.eu\/fi\/imprint\/","title":{"rendered":"Imprint"},"content":{"rendered":"<h3><strong>Contact us here:<\/strong><\/h3>\n<div class=\"wpforms-container wpforms-container-full\" id=\"wpforms-7306\"><form id=\"wpforms-form-7306\" class=\"wpforms-validate wpforms-form\" data-formid=\"7306\" method=\"post\" enctype=\"multipart\/form-data\" action=\"\/fi\/wp-json\/wp\/v2\/pages\/4623\" data-token=\"db5b6eab63d94db694cb53c5f36b0a25\" data-token-time=\"1776507915\"><noscript class=\"wpforms-error-noscript\">Please enable JavaScript in your browser to complete this form.<\/noscript><div class=\"wpforms-field-container\"><div id=\"wpforms-7306-field_0-container\" class=\"wpforms-field wpforms-field-name\" data-field-id=\"0\"><label class=\"wpforms-field-label\" for=\"wpforms-7306-field_0\">Nimi <span class=\"wpforms-required-label\">*<\/span><\/label><input type=\"text\" id=\"wpforms-7306-field_0\" class=\"wpforms-field-medium wpforms-field-required\" name=\"wpforms[fields][0]\" required><\/div><div id=\"wpforms-7306-field_1-container\" class=\"wpforms-field wpforms-field-email\" data-field-id=\"1\"><label class=\"wpforms-field-label\" for=\"wpforms-7306-field_1\">S\u00e4hk\u00f6posti <span class=\"wpforms-required-label\">*<\/span><\/label><input type=\"email\" id=\"wpforms-7306-field_1\" class=\"wpforms-field-medium wpforms-field-required\" name=\"wpforms[fields][1]\" spellcheck=\"false\" required><\/div><div id=\"wpforms-7306-field_4-container\" class=\"wpforms-field wpforms-field-number\" data-field-id=\"4\"><label class=\"wpforms-field-label\" for=\"wpforms-7306-field_4\">Tilauksen tai laskun numero (valinnainen)<\/label><input type=\"number\" id=\"wpforms-7306-field_4\" class=\"wpforms-field-medium\" name=\"wpforms[fields][4]\" step=\"any\" ><\/div><div id=\"wpforms-7306-field_2-container\" class=\"wpforms-field wpforms-field-textarea\" data-field-id=\"2\"><label class=\"wpforms-field-label\" for=\"wpforms-7306-field_2\">Viestisi <span class=\"wpforms-required-label\">*<\/span><\/label><textarea id=\"wpforms-7306-field_2\" class=\"wpforms-field-medium wpforms-field-required\" name=\"wpforms[fields][2]\" required><\/textarea><\/div><\/div><!-- .wpforms-field-container --><div class=\"wpforms-recaptcha-container wpforms-is-recaptcha wpforms-is-recaptcha-type-v3\" ><input type=\"hidden\" name=\"wpforms[recaptcha]\" value=\"\"><\/div><div class=\"wpforms-submit-container\" ><input type=\"hidden\" name=\"wpforms[id]\" value=\"7306\"><input type=\"hidden\" name=\"page_title\" value=\"\"><input type=\"hidden\" name=\"page_url\" value=\"https:\/\/www.radar-shop.eu\/fi\/wp-json\/wp\/v2\/pages\/4623\"><input type=\"hidden\" name=\"url_referer\" value=\"\"><button type=\"submit\" name=\"wpforms[submit]\" id=\"wpforms-submit-7306\" class=\"wpforms-submit\" data-alt-text=\"L\u00e4hett\u00e4\u00e4...\" data-submit-text=\"L\u00e4het\u00e4\" aria-live=\"assertive\" value=\"wpforms-submit\">L\u00e4het\u00e4<\/button><\/div><\/form><\/div>  <!-- .wpforms-container -->\n<p><strong>For other inquiries<\/strong> of all kinds please choose for contact\u00a0one of the following options:<\/p>\n<table>\n<tbody>\n<tr>\n<td>by phone:<\/td>\n<td>+49-3886-714 99 99 (Mon-Fri 8.00 &#8211; 17.00)<\/td>\n<\/tr>\n<tr>\n<td><\/td>\n<\/tr>\n<tr valign=\"top\">\n<td>by E-mail<\/td>\n<td><a href=\"mailto:reseller@radar-shop.eu\">reseller@radar-shop.eu<\/a>\u00a0(for dealer requests)<\/td>\n<\/tr>\n<tr>\n<td valign=\"top\">by postal service:<\/td>\n<td>RADAR SHOP EU<br \/>\nWaldhofer Str. 102<br \/>\nD-69123 Heidelberg<br \/>\nGermany<br \/>\nhttps:\/\/www.radar-shop.eu<\/td>\n<\/tr>\n<\/tbody>\n<\/table>\n<p>&nbsp;<\/p>\n<p>&nbsp;<\/p>\n","protected":false},"excerpt":{"rendered":"<p>Contact us here: For other inquiries of all kinds please choose for contact\u00a0one of the following options: by phone: +49-3886-714 99 99 (Mon-Fri 8.00 &#8211; 17.00) by E-mail reseller@radar-shop.eu\u00a0(for dealer requests) by postal service: RADAR SHOP EU Waldhofer Str. 102 D-69123 Heidelberg Germany https:\/\/www.radar-shop.eu &nbsp; &nbsp;<\/p>\n","protected":false},"author":14,"featured_media":0,"parent":0,"menu_order":0,"comment_status":"closed","ping_status":"closed","template":"","meta":{"footnotes":""},"yst_prominent_words":[1424,1837,1359,1564,1513],"class_list":["post-4623","page","type-page","status-publish","hentry"],"jetpack_sharing_enabled":true,"_links":{"self":[{"href":"https:\/\/www.radar-shop.eu\/fi\/wp-json\/wp\/v2\/pages\/4623","targetHints":{"allow":["GET"]}}],"collection":[{"href":"https:\/\/www.radar-shop.eu\/fi\/wp-json\/wp\/v2\/pages"}],"about":[{"href":"https:\/\/www.radar-shop.eu\/fi\/wp-json\/wp\/v2\/types\/page"}],"author":[{"embeddable":true,"href":"https:\/\/www.radar-shop.eu\/fi\/wp-json\/wp\/v2\/users\/14"}],"replies":[{"embeddable":true,"href":"https:\/\/www.radar-shop.eu\/fi\/wp-json\/wp\/v2\/comments?post=4623"}],"version-history":[{"count":0,"href":"https:\/\/www.radar-shop.eu\/fi\/wp-json\/wp\/v2\/pages\/4623\/revisions"}],"wp:attachment":[{"href":"https:\/\/www.radar-shop.eu\/fi\/wp-json\/wp\/v2\/media?parent=4623"}],"wp:term":[{"taxonomy":"yst_prominent_words","embeddable":true,"href":"https:\/\/www.radar-shop.eu\/fi\/wp-json\/wp\/v2\/yst_prominent_words?post=4623"}],"curies":[{"name":"wp","href":"https:\/\/api.w.org\/{rel}","templated":true}]}}